{"id":889,"date":"2016-09-03T15:17:39","date_gmt":"2016-09-03T15:17:39","guid":{"rendered":"http:\/\/moverdb.com\/?page_id=889"},"modified":"2026-01-08T15:20:33","modified_gmt":"2026-01-08T15:20:33","slug":"pss-removals","status":"publish","type":"page","link":"https:\/\/moverdb.com\/sv\/pss-removals\/","title":{"rendered":"PSS International Removals: Flyttj\u00e4nster och recensioner"},"content":{"rendered":"<p>PSS <a href=\"https:\/\/moverdb.com\/sv\/international-removals\/\" data-internallinksmanager029f6b8e52c=\"27\" title=\"36 b\u00e4sta internationella flyttfirmor i Storbritannien\">Internationella flyttar<\/a> har flyttat m\u00e4nniskor utomlands i \u00f6ver 34 \u00e5r. Nedan listas de olika tj\u00e4nster som de erbjuder.<\/p>\n<p><strong>Internationella flyttar<\/strong><\/p>\n<ul>\n<li> Skr\u00e4ddarsydda tj\u00e4nster till de flesta l\u00e4nder<\/li>\n<li> Utpekad samordnare f\u00f6r internationella flyttningar<\/li>\n<li> Professionella packare eller sj\u00e4lvpackning<\/li>\n<li> D\u00f6rr till d\u00f6rr service<\/li>\n<li> F\u00f6rs\u00e4kring som ordnas<\/li>\n<li> R\u00e5dgivning om alla aspekter av destinationslandet<\/li>\n<\/ul>\n<p><strong>Migrationstj\u00e4nster<\/strong><br \/>\n<strong>Tullinformation\/dokumentation<\/strong><\/p>\n<p><strong><a href=\"https:\/\/moverdb.com\/sv\/container-transport\/\">Internationell frakt<\/a><\/strong><\/p>\n<ul>\n<li> Sj\u00f6frakt eller expressluftfrakt<\/li>\n<li> F\u00f6rs\u00e4kring som ordnas<\/li>\n<\/ul>\n<p><strong>Express Overseas Parcel Service<\/strong><\/p>\n<ul>\n<li> Expressleveranser fr\u00e5n d\u00f6rr till d\u00f6rr f\u00f6r br\u00e5dskande varor<\/li>\n<\/ul>\n<p><strong>\u00d6verskottsbagage<\/strong><\/p>\n<ul>\n<li> V\u00e4gfrakt (inom Europa) Sj\u00f6frakt eller expressluftfrakt<\/li>\n<li> Sj\u00e4lvf\u00f6rpackning<\/li>\n<li> Packat f\u00f6r dig<\/li>\n<li> F\u00f6rs\u00e4kring som ordnas<\/li>\n<\/ul>\n<p><strong><a href=\"https:\/\/moverdb.com\/sv\/car-transport-shipping\/\" data-internallinksmanager029f6b8e52c=\"2\" title=\"2026 Internationella offerter f\u00f6r biltransport och fordonsfrakt\">Biltransporter<\/a><\/strong><\/p>\n<ul>\n<li> Skicka bilen separat<\/li>\n<li> Skicka bilen i samma container som dina tillh\u00f6righeter<\/li>\n<li> F\u00f6rs\u00e4kring som ordnas<\/li>\n<\/ul>\n<h2>PSS International Removals f\u00f6retagsprofil<\/h2>\n<p>PSS International Removals har arbetat med utlandsflyttar i \u00f6ver 34 \u00e5r. F\u00f6retaget koncentrerar sig p\u00e5 flyttar utomlands och utf\u00f6r inte flyttar inom EU. <a href=\"https:\/\/moverdb.com\/sv\/moving-to-the-uk\/\" data-internallinksmanager029f6b8e52c=\"93\" title=\"Flyttar du till Storbritannien? 2026 Levnadskostnader och flyttningstips\">STORBRITANNIEN<\/a>. <\/p>\n<p>PSS International Removals transporterar f\u00f6rem\u00e5l fr\u00e5n en enda kartong till ett stort hush\u00e5ll eller till och med stora f\u00f6retagsflyttar. Ingen flytt \u00e4r f\u00f6r komplicerad eller f\u00f6r stor eller liten.<\/p>\n<p>Alla medarbetare \u00e4r utbildade i exportf\u00f6rfaranden och de samarbetar endast med de b\u00e4sta professionella flyttf\u00f6retagen utomlands f\u00f6r att kunna leverera de skr\u00e4ddarsydda tj\u00e4nster de lovar. De \u00e4r en av Storbritanniens st\u00f6rsta <a href=\"https:\/\/moverdb.com\/sv\/internationella-flyttar\/\">internationella flyttfirmor<\/a> och flyttade 4 536 kunder utomlands under 2015.<\/p>\n<p>PSS International har f\u00f6ljande ackrediteringar och anslutningar:<\/p>\n<ul>\n<li> <a href=\"https:\/\/moverdb.com\/sv\/british-association-of-removers\/\">Den brittiska sammanslutningen av flyttfirmor<\/a> (<a href=\"https:\/\/moverdb.com\/sv\/british-association-of-removers\/\" data-internallinksmanager029f6b8e52c=\"9\" title=\"British Association of Removers (BAR) f\u00f6rklaras\">BAR<\/a>)<\/li>\n<li> <a href=\"https:\/\/moverdb.com\/sv\/bar-overseas\/\">Den brittiska sammanslutningen av flyttfirmor utomlands<\/a><\/li>\n<li> <a href=\"https:\/\/moverdb.com\/sv\/fidi-faim\/\">FIDI<\/a><\/li>\n<li> <a href=\"https:\/\/moverdb.com\/sv\/fidi-faim\/\" data-internallinksmanager029f6b8e52c=\"16\" title=\"FIDI &amp; FAIM (FIDI Accredited International Mover) f\u00f6rklaras\">FAIM<\/a><\/li>\n<\/ul>\n<p><strong>PSS International Removals Recensioner<\/strong><\/p>\n<p><strong>Positivt<\/strong><\/p>\n<ul>\n<li> <em>\"Alla var s\u00e5 hj\u00e4lpsamma och verkligen professionella. Jag kunde inte f\u00f6rest\u00e4lla mig att den h\u00e4r dagen kunde ha g\u00e5tt b\u00e4ttre och smidigare. Jag var s\u00e5 stressad och de lyckades muntra upp mig. <a href=\"https:\/\/moverdb.com\/sv\/moving-to-the-united-states\/\" data-internallinksmanager029f6b8e52c=\"94\" title=\"Flyttar du till USA? 2026 Levnadskostnader och flyttningstips\">oss<\/a> upp. Verkligen professionella och trevliga, v\u00e4nliga m\u00e4nniskor.Jag \u00e4r verkligen imponerad.\"<\/em> - Ania via <a href=\"https:\/\/www.pssremovals.com\/reviews\" target=\"_blank\" rel=\"noopener\">PSS Removals kundomd\u00f6men<\/a><\/li>\n<li> <em>\"Vi anv\u00e4nde PSS efter en rekommendation fr\u00e5n v\u00e4nner. Vi hade en 20-fotscontainer f\u00f6r exklusiv anv\u00e4ndning f\u00f6r att <a href=\"https:\/\/moverdb.com\/sv\/moving-to-australia\/living-in-australia\/\" data-internallinksmanager029f6b8e52c=\"240\" title=\"21 hemligheter om att bo i Australien som du b\u00f6r k\u00e4nna till innan du flyttar\">Australien<\/a>. Teamet som kom och packade v\u00e5rt hus var fantastiskt - de arbetade s\u00e5 snabbt. Det fanns tillf\u00e4llen n\u00e4r v\u00e5ra tillh\u00f6righeter var p\u00e5 v\u00e4g d\u00e4r jag fick panik \u00f6ver vad som skulle g\u00e5 s\u00f6nder eller skadas, men v\u00e5ra saker kom fram f\u00f6rra veckan och allt ser ut som det gjorde n\u00e4r de packades.\"<\/em> - Zoe via <a href=\"http:\/\/www.mymovingreviews.com\/movers\/pss-international-removals-1788#57593\" target=\"_blank\" rel=\"noopener\">MyMovingReviews.com<\/a> <\/li>\n<li> <em>\"Fr\u00e5n b\u00f6rjan till slut kunde jag inte vara mer n\u00f6jd med tj\u00e4nsten eftersom de hade en utm\u00e4rkt organisation och var hj\u00e4lpsamma och v\u00e4nliga under hela tiden, vilket s\u00e4ger n\u00e5got med tanke p\u00e5 att vi f\u00f6rmodligen var de mest oorganiserade och stressade m\u00e4nniskor som n\u00e5gonsin flyttat.\"<\/em> - Michelle via <a href=\"http:\/\/www.removalreviews.co.uk\/movingreviews\/good-company-8764\" target=\"_blank\" rel=\"noopener\">Omd\u00f6men om flyttning<\/a> <\/li>\n<\/ul>\n<p><strong>Negativ<\/strong><\/p>\n<ul>\n<li> <em>\"Jag hade beg\u00e4rt att f\u00e5 flytta hush\u00e5llsartiklar fr\u00e5n Storbritannien till USA. \u00c4ven om jag hade gett ett mycket kort varsel och inte riktigt fyllde i blanketterna i tid \u00e4r jag INTE GLAD \u00f6ver att bli debiterad 400 US-dollar extra p\u00e5 destinationen f\u00f6r den slumpm\u00e4ssiga r\u00f6ntgenskanningen i tullen och den f\u00f6rsenade ankomsten efter fyra m\u00e5nader, vilket inkluderar lagringsperioden.\"<\/em> - Sanjay via <a href=\"http:\/\/www.mymovingreviews.com\/movers\/pss-international-removals-1788#57002\" target=\"_blank\" rel=\"noopener\">MyMovingReviews.com<\/a><\/li>\n<li> \"<em>F\u00f6retaget \u00e4r bara till f\u00f6r att ber\u00f6va folk deras pengar!!!!!!\"<\/em> - Amir via <a href=\"http:\/\/www.removalreviews.co.uk\/movingreviews\/straight-up-con-6619\" target=\"_blank\" rel=\"noopener\">Omd\u00f6men om flyttning<\/a> <\/li>\n<\/ul>\n<div itemprop=\"review\" itemscope itemtype=\"http:\/\/schema.org\/Review\">\n<span itemprop=\"author\" itemscope=\"\" itemtype=\"http:\/\/schema.org\/Organization\"><span itemprop=\"name\">MoverDB.com<\/span><\/span> Webbplatsgranskning p\u00e5 n\u00e4tet f\u00f6r <span itemprop=\"itemreviewed\" itemscope=\"\" itemtype=\"http:\/\/schema.org\/Brand\"><span itemprop=\"name\">PSS International Removals<\/span><\/span>:<\/p>\n<ol>\n<li> Tydliga kontaktuppgifter p\u00e5 webbplatsen (inklusive telefonnummer): <strong>Ja<\/strong><\/li>\n<li> L\u00e4tt att f\u00e5 <a href=\"https:\/\/moverdb.com\/sv\/citat\/\">offerter f\u00f6r internationella flyttningar<\/a>? (Formul\u00e4r f\u00f6r beg\u00e4ran om uppskattning online): <strong>Ja<\/strong><\/li>\n<li> Tydlig information p\u00e5 webbplatsen: <strong>Ja,<\/strong> massor av detaljerad information om varje destination.<\/li>\n<li> Medlemskap i internationellt erk\u00e4nda flyttorganisationer: <strong>Ja<\/strong>, se ovan.<\/li>\n<li> F\u00f6rteckning \u00f6ver kunder och\/eller tidigare kundreferenser: <strong>Ja,<\/strong> De har en sida med kundrecensioner och f\u00e5r i allm\u00e4nhet positiva recensioner p\u00e5 andra webbplatser.<\/li>\n<\/ol>\n<div itemprop=\"reviewRating\" itemscope itemtype=\"http:\/\/schema.org\/Rating\"><meta itemprop=\"worstRating\" content = \"0\" \/><meta itemprop=\"bestRating\" content=\"5\" \/><meta itemprop=\"ratingValue\" content=\"5\"><\/div>\n<p><strong>Sammanfattande betyg: 5\/5<\/strong><br \/>\n<strong>Datum f\u00f6r granskning:<\/strong> <span itemprop=\"datePublished\" content=\"2016-09-03\">03\/09\/2016<\/span>\n<\/div>\n<p>Mer om <a href=\"https:\/\/moverdb.com\/sv\/flyttfirmor\/\">internationella flyttfirmor<\/a> och v\u00e5r <a href=\"https:\/\/moverdb.com\/sv\/recensioner\/\">granskningsprocess.<\/a>.<\/p>\n<p><strong>Webbplats:<\/strong> <a href=\"https:\/\/www.pssremovals.com\" target=\"_blank\" rel=\"noopener\">https:\/\/www.pssremovals.com<\/a>.<\/p>","protected":false},"excerpt":{"rendered":"<p>PSS International Removals has been moving people abroad for over 34 years. Listed below are the various services they offer. International Removals Bespoke service to most countries Designated international move co-ordinator Professional packers or self-pack option Door to door service Insurance arranged Advice on every aspect of destination country Migration Services Customs Information\/Documentation International Shipping [&hellip;]<\/p>\n","protected":false},"author":1,"featured_media":0,"parent":0,"menu_order":0,"comment_status":"closed","ping_status":"closed","template":"","meta":{"_genesis_hide_title":false,"_genesis_hide_breadcrumbs":false,"_genesis_hide_singular_image":false,"_genesis_hide_footer_widgets":false,"_genesis_custom_body_class":"","_genesis_custom_post_class":"","_genesis_layout":"","footnotes":""},"class_list":{"0":"post-889","1":"page","2":"type-page","3":"status-publish","5":"entry"},"_links":{"self":[{"href":"https:\/\/moverdb.com\/sv\/wp-json\/wp\/v2\/pages\/889","targetHints":{"allow":["GET"]}}],"collection":[{"href":"https:\/\/moverdb.com\/sv\/wp-json\/wp\/v2\/pages"}],"about":[{"href":"https:\/\/moverdb.com\/sv\/wp-json\/wp\/v2\/types\/page"}],"author":[{"embeddable":true,"href":"https:\/\/moverdb.com\/sv\/wp-json\/wp\/v2\/users\/1"}],"replies":[{"embeddable":true,"href":"https:\/\/moverdb.com\/sv\/wp-json\/wp\/v2\/comments?post=889"}],"version-history":[{"count":4,"href":"https:\/\/moverdb.com\/sv\/wp-json\/wp\/v2\/pages\/889\/revisions"}],"predecessor-version":[{"id":6230,"href":"https:\/\/moverdb.com\/sv\/wp-json\/wp\/v2\/pages\/889\/revisions\/6230"}],"wp:attachment":[{"href":"https:\/\/moverdb.com\/sv\/wp-json\/wp\/v2\/media?parent=889"}],"curies":[{"name":"wp","href":"https:\/\/api.w.org\/{rel}","templated":true}]}}