{"id":8886,"date":"2023-04-27T14:39:29","date_gmt":"2023-04-27T14:39:29","guid":{"rendered":"https:\/\/moverdb.com\/?page_id=8886"},"modified":"2026-01-08T15:30:11","modified_gmt":"2026-01-08T15:30:11","slug":"moving-companies-nepal","status":"publish","type":"page","link":"https:\/\/moverdb.com\/sv\/moving-companies\/moving-companies-nepal\/","title":{"rendered":"De b\u00e4sta internationella flyttf\u00f6retagen i Nepal"},"content":{"rendered":"<p>&nbsp;<\/p>\n<p>Om du planerar att flytta inom, till eller fr\u00e5n Nepal kan du ha nytta av tj\u00e4nsterna fr\u00e5n en <a href=\"https:\/\/moverdb.com\/sv\/moving-companies\/\" data-internallinksmanager029f6b8e52c=\"79\" title=\"Topp 25 internationella flyttfirmor p\u00e5 n\u00e4tet\">flyttfirma<\/a> eftersom de kan minska arbetsb\u00f6rdan och stressen i samband med flytten. Nedan har vi sammanst\u00e4llt en lista \u00f6ver Nepalbaserade <a href=\"https:\/\/moverdb.com\/sv\/international-removals\/\" data-internallinksmanager029f6b8e52c=\"27\" title=\"36 b\u00e4sta internationella flyttfirmor i Storbritannien\">flyttfirmor<\/a> som \u00e4r medlemmar i <a href=\"https:\/\/moverdb.com\/sv\/iam\/\" data-internallinksmanager029f6b8e52c=\"23\" title=\"International Association of Movers (IAM) f\u00f6rklaras\">Internationella sammanslutningen av flyttfirmor<\/a> (IAM) och\/eller <a href=\"https:\/\/moverdb.com\/sv\/fidi-faim\/\" data-internallinksmanager029f6b8e52c=\"16\" title=\"FIDI &amp; FAIM (FIDI Accredited International Mover) f\u00f6rklaras\">FIDI<\/a> Accredited International Mover (FAIM) som kan hj\u00e4lpa dig med din flytt.<\/p>\n<h2><strong>Atlas internationella flyttningar<\/strong><\/h2>\n<p><img loading=\"lazy\" decoding=\"async\" class=\"alignnone size-full wp-image-8764\" src=\"https:\/\/moverdb.com\/wp-content\/uploads\/Atlas-International-Relocation-international-moving-company.png\" alt=\"Atlas International Relocation internationell flyttfirma\" width=\"1440\" height=\"679\" data-wp-pid=\"8764\" srcset=\"https:\/\/moverdb.com\/wp-content\/uploads\/Atlas-International-Relocation-international-moving-company.png 1440w, https:\/\/moverdb.com\/wp-content\/uploads\/Atlas-International-Relocation-international-moving-company-300x141.png 300w, https:\/\/moverdb.com\/wp-content\/uploads\/Atlas-International-Relocation-international-moving-company-1024x483.png 1024w, https:\/\/moverdb.com\/wp-content\/uploads\/Atlas-International-Relocation-international-moving-company-18x8.png 18w, https:\/\/moverdb.com\/wp-content\/uploads\/Atlas-International-Relocation-international-moving-company-600x283.png 600w\" sizes=\"auto, (max-width: 1440px) 100vw, 1440px\" \/><\/p>\n<ul>\n<li>Nationella flyttningar<\/li>\n<li>Internationella flyttningar<\/li>\n<li>Hush\u00e5llsflyttar<\/li>\n<li>Flyttning av kontor<\/li>\n<li>Projektlogistik<\/li>\n<li>F\u00f6rpackningstj\u00e4nster<\/li>\n<li>Arrangemang av transporter<\/li>\n<li>Tullf\u00f6rmedling<\/li>\n<li>Transport av husdjur och fordon<\/li>\n<li>F\u00f6rvaringsutrymmen<\/li>\n<\/ul>\n<p>Atlas International Relocations \u00e4r ett flyttf\u00f6retag i Kathmandu som erbjuder nationella och internationella flyttar f\u00f6r hush\u00e5ll och kontor. De \u00e4r medlemmar i IAM och har 40 \u00e5rs erfarenhet, vilket ger dem tillg\u00e5ng till ett internationellt n\u00e4tverk av flyttfirmor som st\u00f6der dem.<\/p>\n<p>Atlas International Relocations erbjuder ett kostnadsfritt bes\u00f6k p\u00e5 plats f\u00f6r att bed\u00f6ma dina behov och tillhandah\u00e5ller en konsult som hj\u00e4lper dig. De tillhandah\u00e5ller en professionell f\u00f6rpackningstj\u00e4nst med hj\u00e4lp av h\u00f6gkvalitativt f\u00f6rpackningsmaterial och avancerade f\u00f6rpackningssystem f\u00f6r att garantera en s\u00e4ker transport. De ordnar transport av dina tillh\u00f6righeter i en av sina lastbilar eller en container och hj\u00e4lper dig att packa upp och placera dina f\u00f6rem\u00e5l p\u00e5 din destination.<\/p>\n<p>Webbplats: <a href=\"http:\/\/www.atlaspackersnepal.com\" target=\"_blank\" rel=\"noopener\">http:\/\/www.atlaspackersnepal.com<\/a><\/p>","protected":false},"excerpt":{"rendered":"<p>&nbsp; If you are planning on moving within, to or from Nepal then you may benefit from the services of a moving company as they can reduce the workload and stress of your move. Below we have compiled a list of Nepal based removal companies that are members of the International Association of Movers (IAM) [&hellip;]<\/p>\n","protected":false},"author":4,"featured_media":0,"parent":190,"menu_order":0,"comment_status":"closed","ping_status":"closed","template":"","meta":{"_genesis_hide_title":false,"_genesis_hide_breadcrumbs":false,"_genesis_hide_singular_image":false,"_genesis_hide_footer_widgets":false,"_genesis_custom_body_class":"","_genesis_custom_post_class":"","_genesis_layout":"","footnotes":""},"class_list":{"0":"post-8886","1":"page","2":"type-page","3":"status-publish","5":"entry","6":"has-post-thumbnail"},"_links":{"self":[{"href":"https:\/\/moverdb.com\/sv\/wp-json\/wp\/v2\/pages\/8886","targetHints":{"allow":["GET"]}}],"collection":[{"href":"https:\/\/moverdb.com\/sv\/wp-json\/wp\/v2\/pages"}],"about":[{"href":"https:\/\/moverdb.com\/sv\/wp-json\/wp\/v2\/types\/page"}],"author":[{"embeddable":true,"href":"https:\/\/moverdb.com\/sv\/wp-json\/wp\/v2\/users\/4"}],"replies":[{"embeddable":true,"href":"https:\/\/moverdb.com\/sv\/wp-json\/wp\/v2\/comments?post=8886"}],"version-history":[{"count":1,"href":"https:\/\/moverdb.com\/sv\/wp-json\/wp\/v2\/pages\/8886\/revisions"}],"predecessor-version":[{"id":8887,"href":"https:\/\/moverdb.com\/sv\/wp-json\/wp\/v2\/pages\/8886\/revisions\/8887"}],"up":[{"embeddable":true,"href":"https:\/\/moverdb.com\/sv\/wp-json\/wp\/v2\/pages\/190"}],"wp:attachment":[{"href":"https:\/\/moverdb.com\/sv\/wp-json\/wp\/v2\/media?parent=8886"}],"curies":[{"name":"wp","href":"https:\/\/api.w.org\/{rel}","templated":true}]}}