{"id":888,"date":"2016-08-31T21:15:38","date_gmt":"2016-08-31T21:15:38","guid":{"rendered":"http:\/\/moverdb.com\/?page_id=888"},"modified":"2026-01-08T14:47:24","modified_gmt":"2026-01-08T14:47:24","slug":"abels-removals","status":"publish","type":"page","link":"https:\/\/moverdb.com\/sv\/abels-removals\/","title":{"rendered":"Abels flyttj\u00e4nster: Internationell flyttning: Recensioner"},"content":{"rendered":"<p>Abels Moving Services har sitt s\u00e4te i Brandon, Suffolk, men har \u00e4ven anl\u00e4ggningar i <a href=\"https:\/\/moverdb.com\/sv\/moving-to-london\/\">London<\/a>, <a href=\"\" data-internallinksmanager029f6b8e52c=\"37\" title=\"Cambridge\">Cambridge<\/a> och Lutterworth, men betj\u00e4nar hela regionen <a href=\"https:\/\/moverdb.com\/sv\/moving-to-the-uk\/\" data-internallinksmanager029f6b8e52c=\"93\" title=\"Flyttar du till Storbritannien? 2026 Levnadskostnader och flyttningstips\">STORBRITANNIEN<\/a>. <\/p>\n<p>F\u00f6retaget erbjuder sina kunder m\u00e5nga avsiktliga flyttj\u00e4nster som listas nedan. D\u00e4r f\u00f6ljer ocks\u00e5 en f\u00f6retagsprofil och f\u00f6retagsrecensioner.<\/p>\n<p><strong>Internationella flyttar<\/strong><\/p>\n<ul>\n<li> Luftfrakt f\u00f6r sm\u00e5 volymer<\/li>\n<li> Sj\u00f6frakt f\u00f6r stora volymer<\/li>\n<li> Fullst\u00e4ndig flyttledning finns tillg\u00e4nglig<\/li>\n<li> Avl\u00e4gsnande av husdjur<\/li>\n<li> Borttagning av bilar<\/li>\n<li> D\u00f6rr till d\u00f6rr service<\/li>\n<li> V\u00e4lutbildade packare<\/li>\n<li> F\u00f6rpackningsmaterial av h\u00f6g kvalitet<\/li>\n<li> Tullbist\u00e5nd<\/li>\n<li> Leverans och uppackning<\/li>\n<li> Information om flyttning<\/li>\n<li> F\u00f6rs\u00e4kring som ordnas<\/li>\n<li> St\u00e4dservice<\/li>\n<li> Tr\u00e4dg\u00e5rdsservice<\/li>\n<\/ul>\n<p><strong>Flyttj\u00e4nster<\/strong><\/p>\n<ul>\n<li> Guider f\u00f6r omlokalisering av l\u00e4nder finns tillg\u00e4ngliga f\u00f6r 60 l\u00e4nder<\/li>\n<li> Inledande behovsbed\u00f6mning<\/li>\n<li> Orientering - shopping, underh\u00e5llning, bankverksamhet, fritidsanl\u00e4ggningar<\/li>\n<li> \u00d6versikt \u00f6ver utbildning<\/li>\n<li> \u00d6versikt \u00f6ver fastigheten<\/li>\n<li> Uthyrning av m\u00f6bler<\/li>\n<li> Anslutning f\u00f6r allm\u00e4nnyttiga tj\u00e4nster<\/li>\n<li> St\u00e4dservice<\/li>\n<li> Tr\u00e4dg\u00e5rdsservice<\/li>\n<\/ul>\n<p><strong>Europeiska flyttar<\/strong><\/p>\n<ul>\n<li> D\u00f6rr till d\u00f6rr service<\/li>\n<li> Allt pappersarbete utf\u00f6rs av Abels<\/li>\n<li> Packning och uppackning<\/li>\n<li> Specialiserat f\u00f6rpackningsmaterial<\/li>\n<li> Kort- och l\u00e5ngtidsf\u00f6rvaring<\/li>\n<li> Personlig assistenttj\u00e4nst - allting och allting<\/li>\n<li> Guider f\u00f6r flyttning<\/li>\n<li> St\u00e4dservice<\/li>\n<li> Tr\u00e4dg\u00e5rdsservice<\/li>\n<\/ul>\n<p><strong>F\u00f6rpackningstj\u00e4nster<\/strong><\/p>\n<ul>\n<li> Sk\u00f6ra f\u00f6rem\u00e5l, inklusive kristall, <a href=\"https:\/\/moverdb.com\/sv\/moving-to-china\/\" data-internallinksmanager029f6b8e52c=\"357\" title=\"Flytta till Kina? 2026 Levnadskostnader och tips om omlokalisering\">Kina<\/a>, glas etc.<\/li>\n<li> M\u00e5lningar, bilder<\/li>\n<li> Kl\u00e4der<\/li>\n<li> Antika m\u00f6bler, f\u00f6rem\u00e5l av h\u00f6gt v\u00e4rde<\/li>\n<li> Inneh\u00e5llet i sk\u00e5p i allm\u00e4nhet<\/li>\n<\/ul>\n<p><strong>Lagring<\/strong><\/p>\n<ul>\n<li> L\u00e5ng och kort sikt<\/li>\n<li> Lagring i Storbritannien, Europa och utomlands<\/li>\n<li> Byggd f\u00f6r \u00e4ndam\u00e5let<\/li>\n<li> Optimal milj\u00f6<\/li>\n<li> Strikta brandkontroller<\/li>\n<li> \u00d6vervakningskameror (CCTV)<\/li>\n<li> St\u00e4ndig n\u00e4rvaro av s\u00e4kerhet<\/li>\n<li> Beh\u00e5llare f\u00f6rseglade vid h\u00e4mtning<\/li>\n<li> Mjuka m\u00f6bler f\u00f6rvaras i idealiska temperaturf\u00f6rh\u00e5llanden<\/li>\n<li> Lagring av filer och arkiv<\/li>\n<li> F\u00f6rvaring f\u00f6r studenter<\/li>\n<\/ul>\n<p><strong>Specialisttj\u00e4nster<\/strong><\/p>\n<ul>\n<li> F\u00f6retags- och kommersiella flyttar<\/li>\n<li> Dokumenttj\u00e4nster<\/li>\n<li> Tj\u00e4nster avseende m\u00f6bler, inredning och utrustning<\/li>\n<li> Detaljhandel och hemleverans<\/li>\n<li> Tj\u00e4nster f\u00f6r installation av m\u00f6bler<\/li>\n<li> Installationsl\u00f6sningar f\u00f6r inredningsarkitekter och fastighetsutvecklare<\/li>\n<\/ul>\n<h2>Abels Moving Services f\u00f6retagsprofil<\/h2>\n<p>Abels Moving Services b\u00f6rjade som ett familjef\u00f6retag 1958 genom att leverera varor till butiker. F\u00f6retaget har vuxit sedan dess och har nu 1 500 servicecenter i 56 l\u00e4nder runt om i v\u00e4rlden. <\/p>\n<p>F\u00f6retaget tilldelades en kunglig fullmakt av Hennes Majest\u00e4t drottningen 1989 som tack f\u00f6r deras tj\u00e4nster till kronan, bland annat f\u00f6r att de flyttade alla prins Charles och prinsessan Dianas br\u00f6llopspresenter 1981. <\/p>\n<p>Abels Moving Services \u00e4r stolta \u00f6ver sina specialbyggda, milj\u00f6v\u00e4nliga lastbilar. De tror p\u00e5 att ge tillbaka till samh\u00e4llet och st\u00f6der olika v\u00e4lg\u00f6renhetsorganisationer i hela v\u00e4rlden. <\/p>\n<p>De tror starkt p\u00e5 att inte ha n\u00e5gra problem med kunderna och tror att ett leende r\u00e4cker l\u00e5ngt.<\/p>\n<p>Abels Moving Services har f\u00f6ljande anslutningar och ackrediteringar:<\/p>\n<ul>\n<li> Kunglig fullmakt till Hennes Majest\u00e4t Drottningen<\/li>\n<li> <a href=\"https:\/\/moverdb.com\/sv\/fidi-faim\/\">FIDI<\/a><\/li>\n<li> <a href=\"https:\/\/moverdb.com\/sv\/fidi-faim\/\" data-internallinksmanager029f6b8e52c=\"16\" title=\"FIDI &amp; FAIM (FIDI Accredited International Mover) f\u00f6rklaras\">FAIM<\/a><\/li>\n<li> Investerare i m\u00e4nniskor<\/li>\n<li> <a href=\"https:\/\/moverdb.com\/sv\/british-association-of-removers\/\">Den brittiska sammanslutningen av flyttfirmor<\/a> (<a href=\"https:\/\/moverdb.com\/sv\/british-association-of-removers\/\" data-internallinksmanager029f6b8e52c=\"9\" title=\"British Association of Removers (BAR) f\u00f6rklaras\">BAR<\/a>)<\/li>\n<li> <a href=\"https:\/\/moverdb.com\/sv\/bar-overseas\/\">BAR Overseas Group<\/a><\/li>\n<li> Myndigheten f\u00f6r finansiella tj\u00e4nster<\/li>\n<li> <a href=\"https:\/\/moverdb.com\/sv\/fedemac\/\">Federation of European Movers Association (sammanslutning av europeiska flyttfirmor)<\/a> (<a href=\"https:\/\/moverdb.com\/sv\/fedemac\/\" data-internallinksmanager029f6b8e52c=\"15\" title=\"Federation of European Movers Association (FEDEMAC) f\u00f6rklaras\">FEDEMAC<\/a>)<\/li>\n<li> Internationell \u00f6msesidig f\u00f6rs\u00e4kring f\u00f6r flyttfirmor (IMMI)<\/li>\n<li> BS EN ISO 9001<\/li>\n<\/ul>\n<h2>Abels flyttj\u00e4nster<\/h2>\n<p><strong>Positivt:<\/strong><\/p>\n<ul>\n<li> <em>\"Flyttgrupperna i b\u00e5da \u00e4ndar var fantastiska - kompetenta, arbetade stabilt och helt enkelt trevliga att ha att g\u00f6ra med, verkligen hj\u00e4lpsamma ut\u00f6ver vad som var absolut n\u00f6dv\u00e4ndigt.\"<\/em> - Jenson via <a href=\"http:\/\/www.abels.co.uk\/reviews\/\" target=\"_blank\" rel=\"noopener\">Abels sida med kundomd\u00f6men<\/a>.<\/li>\n<li> <em>\"Alla som jag hade kontakt med p\u00e5 Abels, antingen via telefon, e-post eller personligen, var mycket hj\u00e4lpsamma, v\u00e4nliga och effektiva.Jag skulle definitivt anv\u00e4nda dem igen och tvekar inte att rekommendera dem till andra.\"<\/em> Ms Pledge via <a href=\"http:\/\/moveaide.com\/movers\/abels-moving-cambrige-uk-mover-reviews\" target=\"_blank\" rel=\"noopener\">MoveAide<\/a><\/li>\n<li> <em>\"Vi ville bara meddela att vi \u00e4r mycket n\u00f6jda med att v\u00e5r flytt nu \u00e4r slutf\u00f6rd.\"<\/em> - via <a href=\"http:\/\/removal-company-reviews.com\/view-removal-company-review.php?c=Abels%20Moving%20Services%20Ltd&#038;id=384\" target=\"_blank\" rel=\"noopener\">Recensioner av flyttfirmor<\/a><\/li>\n<\/ul>\n<p><strong>Negativt:<\/strong><\/p>\n<ul>\n<li> <em>\"Fruktansv\u00e4rd kommunikation om on\u00f6diga f\u00f6rseningar. Du kommer att frukta att alla dina livstillbeh\u00f6r har f\u00f6rsvunnit.\"<\/em> - Jeanie C. via <a href=\"https:\/\/www.yelp.co.uk\/biz\/abels-moving-services-ltd-brandon-2?hrid=qZqRG6iZsRo2GEP-XgQefQ&#038;utm_campaign=www_review_share_popup&#038;utm_medium=copy_link&#038;utm_source=(direct)\" target=\"_blank\" rel=\"noopener\">Yelp<\/a><\/li>\n<li> <em>\"Om du inte \u00e4r drottning kommer de inte att bry sig s\u00e4rskilt mycket om dig.\"<\/em> - Simon via <a href=\"http:\/\/www.removalreviews.co.uk\/movingreviews\/far-from-their-advertising-image-7304\" target=\"_blank\" rel=\"noopener\">Omd\u00f6men om flyttning<\/a><\/li>\n<li> <em>\"D\u00e5lig service i alla led med d\u00e5lig kommunikation mellan b\u00e5de kund och <a href=\"https:\/\/moverdb.com\/sv\/flytta-till-singapore\/\">Singapore<\/a> och brittiska laget.\"<\/em> - Mr Crapper via <a href=\"http:\/\/moveaide.com\/movers\/abels-moving-cambrige-uk-mover-reviews\" target=\"_blank\" rel=\"noopener\">MoveAide<\/a><\/li>\n<\/li> <\/li>.\n<\/ul>\n<div itemprop=\"review\" itemscope itemtype=\"http:\/\/schema.org\/Review\">\n<span itemprop=\"author\" itemscope=\"\" itemtype=\"http:\/\/schema.org\/Organization\"><span itemprop=\"name\">MoverDB.com<\/span><\/span> Webbplatsgranskning p\u00e5 n\u00e4tet f\u00f6r <span itemprop=\"itemreviewed\" itemscope=\"\" itemtype=\"http:\/\/schema.org\/Brand\"><span itemprop=\"name\">Abels flyttj\u00e4nster<\/span><\/span>:<\/p>\n<ol>\n<li> Tydliga kontaktuppgifter p\u00e5 webbplatsen (inklusive telefonnummer): <strong>Ja<\/strong><\/li>\n<li> L\u00e4tt att f\u00e5 <a href=\"https:\/\/moverdb.com\/sv\/citat\/\">offerter f\u00f6r internationella flyttningar<\/a>? (Formul\u00e4r f\u00f6r beg\u00e4ran om uppskattning online): <strong>Ja<\/strong><\/li>\n<li> Tydlig information p\u00e5 webbplatsen: <strong>Ja,<\/strong> en anst\u00e4ndig m\u00e4ngd information p\u00e5 webbplatsen om deras tj\u00e4nster, \u00e4ven om vissa <\/li>\n<li> Medlemskap i internationellt erk\u00e4nda flyttorganisationer: <strong>Ja<\/strong>, se ovan.<\/li>\n<li> F\u00f6rteckning \u00f6ver kunder och\/eller tidigare kundreferenser: <strong>Ja<\/strong> Det finns positiva kundomd\u00f6men p\u00e5 webbplatsen.<\/li>\n<\/ol>\n<div itemprop=\"reviewRating\" itemscope itemtype=\"http:\/\/schema.org\/Rating\"><meta itemprop=\"worstRating\" content = \"0\" \/><meta itemprop=\"bestRating\" content=\"5\" \/><meta itemprop=\"ratingValue\" content=\"4.5\"><\/div>\n<p><strong>Sammanfattande betyg: 4.5\/5<\/strong><br \/>\n<strong>Datum f\u00f6r granskning:<\/strong> <span itemprop=\"datePublished\" content=\"2016-08-31\">31\/08\/2016<\/span>\n<\/div>\n<p>Mer om <a href=\"https:\/\/moverdb.com\/sv\/internationella-flyttar\/\">internationella flyttningar<\/a> och v\u00e5r <a href=\"https:\/\/moverdb.com\/sv\/recensioner\/\">granskningsprocess.<\/a>.<\/p>\n<p><strong>Webbplats:<\/strong> <a href=\"http:\/\/www.abels.co.uk\" target=\"_blank\" rel=\"noopener\">http:\/\/www.abels.co.uk<\/a><\/p>","protected":false},"excerpt":{"rendered":"<p>Abels Moving Services is based in Brandon, Suffolk but has facilities in London, Cambridge and Lutterworth but serves the whole of the UK. It offers its clients many intentional moving services which are listed below. There also follows a company profile and company reviews. International Moves Airfreight for small volumes Sea freight for large volumes [&hellip;]<\/p>\n","protected":false},"author":1,"featured_media":0,"parent":0,"menu_order":0,"comment_status":"closed","ping_status":"closed","template":"","meta":{"_genesis_hide_title":false,"_genesis_hide_breadcrumbs":false,"_genesis_hide_singular_image":false,"_genesis_hide_footer_widgets":false,"_genesis_custom_body_class":"","_genesis_custom_post_class":"","_genesis_layout":"","footnotes":""},"class_list":{"0":"post-888","1":"page","2":"type-page","3":"status-publish","5":"entry"},"_links":{"self":[{"href":"https:\/\/moverdb.com\/sv\/wp-json\/wp\/v2\/pages\/888","targetHints":{"allow":["GET"]}}],"collection":[{"href":"https:\/\/moverdb.com\/sv\/wp-json\/wp\/v2\/pages"}],"about":[{"href":"https:\/\/moverdb.com\/sv\/wp-json\/wp\/v2\/types\/page"}],"author":[{"embeddable":true,"href":"https:\/\/moverdb.com\/sv\/wp-json\/wp\/v2\/users\/1"}],"replies":[{"embeddable":true,"href":"https:\/\/moverdb.com\/sv\/wp-json\/wp\/v2\/comments?post=888"}],"version-history":[{"count":8,"href":"https:\/\/moverdb.com\/sv\/wp-json\/wp\/v2\/pages\/888\/revisions"}],"predecessor-version":[{"id":6166,"href":"https:\/\/moverdb.com\/sv\/wp-json\/wp\/v2\/pages\/888\/revisions\/6166"}],"wp:attachment":[{"href":"https:\/\/moverdb.com\/sv\/wp-json\/wp\/v2\/media?parent=888"}],"curies":[{"name":"wp","href":"https:\/\/api.w.org\/{rel}","templated":true}]}}