{"id":8424,"date":"2023-04-27T14:46:03","date_gmt":"2023-04-27T14:46:03","guid":{"rendered":"https:\/\/moverdb.com\/?page_id=8424"},"modified":"2026-01-08T15:24:47","modified_gmt":"2026-01-08T15:24:47","slug":"moving-companies-malta","status":"publish","type":"page","link":"https:\/\/moverdb.com\/sv\/moving-companies\/moving-companies-malta\/","title":{"rendered":"4 b\u00e4sta internationella flyttfirmor p\u00e5 Malta"},"content":{"rendered":"<p>N\u00e4r du planerar en flytt, blir du d\u00e5 r\u00e4dd n\u00e4r du t\u00e4nker p\u00e5 hur m\u00e5nga uppgifter du m\u00e5ste utf\u00f6ra och hur mycket du m\u00e5ste packa? Du kan g\u00f6ra ditt liv enklare genom att anlita en <a href=\"https:\/\/moverdb.com\/sv\/moving-companies\/\" data-internallinksmanager029f6b8e52c=\"79\" title=\"Topp 25 internationella flyttfirmor p\u00e5 n\u00e4tet\">flyttfirma<\/a> f\u00f6r att organisera din transport, pappersarbete och packa dina tillh\u00f6righeter. Nedan har vi sammanst\u00e4llt en lista \u00f6ver maltesiska <a href=\"https:\/\/moverdb.com\/sv\/international-removals\/\" data-internallinksmanager029f6b8e52c=\"27\" title=\"36 b\u00e4sta internationella flyttfirmor i Storbritannien\">flyttfirmor<\/a> som \u00e4r medlemmar i <a href=\"https:\/\/moverdb.com\/sv\/iam\/\" data-internallinksmanager029f6b8e52c=\"23\" title=\"International Association of Movers (IAM) f\u00f6rklaras\">Internationella sammanslutningen av flyttfirmor<\/a> (IAM) och\/eller <a href=\"https:\/\/moverdb.com\/sv\/fidi-faim\/\" data-internallinksmanager029f6b8e52c=\"16\" title=\"FIDI &amp; FAIM (FIDI Accredited International Mover) f\u00f6rklaras\">FIDI<\/a> Accredited International Mover (FAIM) som kan hj\u00e4lpa dig med din flytt.<\/p>\n<div id=\"ez-toc-container\" class=\"ez-toc-v2_0_82_2 ez-toc-wrap-left counter-hierarchy ez-toc-counter ez-toc-transparent ez-toc-container-direction\">\n<div class=\"ez-toc-title-container\">\n<p class=\"ez-toc-title\" style=\"cursor:inherit\">Avsnitt<\/p>\n<span class=\"ez-toc-title-toggle\"><a href=\"#\" class=\"ez-toc-pull-right ez-toc-btn ez-toc-btn-xs ez-toc-btn-default ez-toc-toggle\" aria-label=\"V\u00e4xla till inneh\u00e5llsf\u00f6rteckning\"><span class=\"ez-toc-js-icon-con\"><span class=\"\"><span class=\"eztoc-hide\" style=\"display:none;\">V\u00e4xel<\/span><span class=\"ez-toc-icon-toggle-span\"><svg style=\"fill: #999;color:#999\" xmlns=\"http:\/\/www.w3.org\/2000\/svg\" class=\"list-377408\" width=\"20px\" height=\"20px\" viewbox=\"0 0 24 24\" fill=\"none\"><path d=\"M6 6H4v2h2V6zm14 0H8v2h12V6zM4 11h2v2H4v-2zm16 0H8v2h12v-2zM4 16h2v2H4v-2zm16 0H8v2h12v-2z\" fill=\"currentColor\"><\/path><\/svg><svg style=\"fill: #999;color:#999\" class=\"arrow-unsorted-368013\" xmlns=\"http:\/\/www.w3.org\/2000\/svg\" width=\"10px\" height=\"10px\" viewbox=\"0 0 24 24\" version=\"1.2\" baseprofile=\"tiny\"><path d=\"M18.2 9.3l-6.2-6.3-6.2 6.3c-.2.2-.3.4-.3.7s.1.5.3.7c.2.2.4.3.7.3h11c.3 0 .5-.1.7-.3.2-.2.3-.5.3-.7s-.1-.5-.3-.7zM5.8 14.7l6.2 6.3 6.2-6.3c.2-.2.3-.5.3-.7s-.1-.5-.3-.7c-.2-.2-.4-.3-.7-.3h-11c-.3 0-.5.1-.7.3-.2.2-.3.5-.3.7s.1.5.3.7z\"\/><\/svg><\/span><\/span><\/span><\/a><\/span><\/div>\n<nav><ul class='ez-toc-list ez-toc-list-level-1 eztoc-toggle-hide-by-default' ><li class='ez-toc-page-1 ez-toc-heading-level-2'><a class=\"ez-toc-link ez-toc-heading-1\" href=\"https:\/\/moverdb.com\/sv\/moving-companies\/moving-companies-malta\/#1_Cube_Relocations\" >1. Flyttning av kuber<\/a><\/li><li class='ez-toc-page-1 ez-toc-heading-level-2'><a class=\"ez-toc-link ez-toc-heading-2\" href=\"https:\/\/moverdb.com\/sv\/moving-companies\/moving-companies-malta\/#2_DOM_Transport\" >2. DOM Transport<\/a><\/li><li class='ez-toc-page-1 ez-toc-heading-level-2'><a class=\"ez-toc-link ez-toc-heading-3\" href=\"https:\/\/moverdb.com\/sv\/moving-companies\/moving-companies-malta\/#3_Express_Trailers\" >3. Express sl\u00e4pvagnar<\/a><\/li><li class='ez-toc-page-1 ez-toc-heading-level-2'><a class=\"ez-toc-link ez-toc-heading-4\" href=\"https:\/\/moverdb.com\/sv\/moving-companies\/moving-companies-malta\/#4_Transpak\" >4. Transpak<\/a><\/li><li class='ez-toc-page-1 ez-toc-heading-level-2'><a class=\"ez-toc-link ez-toc-heading-5\" href=\"https:\/\/moverdb.com\/sv\/moving-companies\/moving-companies-malta\/#Other_Useful_Guides_to_Malta\" >Andra anv\u00e4ndbara guider till Malta<\/a><\/li><\/ul><\/nav><\/div>\n<h2><span class=\"ez-toc-section\" id=\"1_Cube_Relocations\"><\/span><strong>1. Flyttning av kuber<\/strong><span class=\"ez-toc-section-end\"><\/span><\/h2>\n<p><img loading=\"lazy\" decoding=\"async\" class=\"alignnone size-full wp-image-8301\" src=\"https:\/\/moverdb.com\/wp-content\/uploads\/Cube-Relocations-international-moving-company.png\" alt=\"Cube Relocations internationellt flyttf\u00f6retag\" width=\"1440\" height=\"680\" data-wp-pid=\"8301\" srcset=\"https:\/\/moverdb.com\/wp-content\/uploads\/Cube-Relocations-international-moving-company.png 1440w, https:\/\/moverdb.com\/wp-content\/uploads\/Cube-Relocations-international-moving-company-300x142.png 300w, https:\/\/moverdb.com\/wp-content\/uploads\/Cube-Relocations-international-moving-company-1024x484.png 1024w, https:\/\/moverdb.com\/wp-content\/uploads\/Cube-Relocations-international-moving-company-18x9.png 18w, https:\/\/moverdb.com\/wp-content\/uploads\/Cube-Relocations-international-moving-company-600x283.png 600w\" sizes=\"auto, (max-width: 1440px) 100vw, 1440px\" \/><\/p>\n<ul>\n<li>Nationella flyttningar<\/li>\n<li>Internationella flyttar<\/li>\n<li>Flyttning av bost\u00e4der<\/li>\n<li>F\u00f6retagsflyttar<\/li>\n<li>Skr\u00e4ddarsydd d\u00f6rr-till-d\u00f6rr-tj\u00e4nst<\/li>\n<li>F\u00f6rpackningstj\u00e4nst<\/li>\n<li>Transport p\u00e5 v\u00e4g, med flyg och till sj\u00f6ss<\/li>\n<li>Transport av fordon<\/li>\n<li>F\u00f6rs\u00e4kring<\/li>\n<li>Lagring<\/li>\n<\/ul>\n<p>Cube Relocations \u00e4r ett internationellt flyttf\u00f6retag som grundades 2007 och \u00e4r baserat i Ghaxaq. De erbjuder nationella och internationella flyttar till privat- och f\u00f6retagskunder som st\u00f6ds av sina internationella sammanslutningar. De \u00e4r medlemmar i IAM med 15 \u00e5rs erfarenhet.<\/p>\n<p>Cube Relocations erbjuder en skr\u00e4ddarsydd flytttj\u00e4nst som motsvarar dina behov och kan leverera d\u00f6rr-till-d\u00f6rr-service. De erbjuder en packningstj\u00e4nst med en fullt utbildad personal som anv\u00e4nder material och l\u00e5dor av h\u00f6gsta kvalitet. De ordnar sj\u00f6-, v\u00e4g- eller flygfrakt med tullklarering. Vid ankomsten packar de upp, st\u00e4ller upp dina m\u00f6bler och tar bort allt skr\u00e4p.<\/p>\n<p>Webbplats: <a href=\"http:\/\/www.cuberelocations.com\" target=\"_blank\" rel=\"noopener\">http:\/\/www.cuberelocations.com<\/a><\/p>\n<h2><span class=\"ez-toc-section\" id=\"2_DOM_Transport\"><\/span><strong>2. DOM Transport<\/strong><span class=\"ez-toc-section-end\"><\/span><\/h2>\n<p><img loading=\"lazy\" decoding=\"async\" class=\"alignnone size-full wp-image-8305\" src=\"https:\/\/moverdb.com\/wp-content\/uploads\/DOM-Transport-international-moving-company.png\" alt=\"DOM Transport internationell flyttfirma\" width=\"1440\" height=\"680\" data-wp-pid=\"8305\" srcset=\"https:\/\/moverdb.com\/wp-content\/uploads\/DOM-Transport-international-moving-company.png 1440w, https:\/\/moverdb.com\/wp-content\/uploads\/DOM-Transport-international-moving-company-300x142.png 300w, https:\/\/moverdb.com\/wp-content\/uploads\/DOM-Transport-international-moving-company-1024x484.png 1024w, https:\/\/moverdb.com\/wp-content\/uploads\/DOM-Transport-international-moving-company-18x9.png 18w, https:\/\/moverdb.com\/wp-content\/uploads\/DOM-Transport-international-moving-company-600x283.png 600w\" sizes=\"auto, (max-width: 1440px) 100vw, 1440px\" \/><\/p>\n<ul>\n<li>Lokala och nationella flyttningar<\/li>\n<li>Internationella flyttar<\/li>\n<li>Hush\u00e5llsflyttar<\/li>\n<li>Kontors- och f\u00f6retagsflyttar<\/li>\n<li>D\u00f6rr-till-d\u00f6rr-tj\u00e4nster<\/li>\n<li>F\u00f6rpackningstj\u00e4nst<\/li>\n<li>V\u00e4g-, sj\u00f6- och luftfrakt<\/li>\n<li>Tullst\u00f6d<\/li>\n<li>F\u00f6rs\u00e4kring<\/li>\n<li>F\u00f6rvaringsutrymmen<\/li>\n<\/ul>\n<p>DOM Transport \u00e4r ett flyttf\u00f6retag som grundades i b\u00f6rjan av 1930-talet i Qormi och erbjuder nationella och internationella flyttj\u00e4nster. De har ett p\u00e5litligt utl\u00e4ndskt n\u00e4tverk av partners \u00f6ver hela v\u00e4rlden som hj\u00e4lper dem med internationella flyttar. De \u00e4r medlemmar i IAM med 91 \u00e5rs erfarenhet.<\/p>\n<p>DOM Transport erbjuder ett bes\u00f6k av en besiktningsman f\u00f6r att bed\u00f6ma dina flyttbehov och ge en offert. De erbjuder en d\u00f6rr-till-d\u00f6rr-tj\u00e4nst som inkluderar f\u00f6rs\u00e4kring och alla tj\u00e4nster. De erbjuder en packningstj\u00e4nst med en erfaren bes\u00e4ttning som packar dina tillh\u00f6righeter p\u00e5 ett s\u00e4kert s\u00e4tt och sammanst\u00e4ller en packlista. De anv\u00e4nder sig av p\u00e5litliga speditionsf\u00f6retag som erbjuder hel- eller dellast och samlastningsalternativ.<\/p>\n<p>Webbplats: <a href=\"http:\/\/www.domtransportmalta.com\" target=\"_blank\" rel=\"noopener\">http:\/\/www.domtransportmalta.com<\/a><\/p>\n<h2><span class=\"ez-toc-section\" id=\"3_Express_Trailers\"><\/span><strong>3. Express sl\u00e4pvagnar<\/strong><span class=\"ez-toc-section-end\"><\/span><\/h2>\n<p><img loading=\"lazy\" decoding=\"async\" class=\"alignnone size-full wp-image-8312\" src=\"https:\/\/moverdb.com\/wp-content\/uploads\/Express-Trailers-international-moving-company.png\" alt=\"Express Trailers internationellt flyttf\u00f6retag\" width=\"1440\" height=\"680\" data-wp-pid=\"8312\" srcset=\"https:\/\/moverdb.com\/wp-content\/uploads\/Express-Trailers-international-moving-company.png 1440w, https:\/\/moverdb.com\/wp-content\/uploads\/Express-Trailers-international-moving-company-300x142.png 300w, https:\/\/moverdb.com\/wp-content\/uploads\/Express-Trailers-international-moving-company-1024x484.png 1024w, https:\/\/moverdb.com\/wp-content\/uploads\/Express-Trailers-international-moving-company-18x9.png 18w, https:\/\/moverdb.com\/wp-content\/uploads\/Express-Trailers-international-moving-company-600x283.png 600w\" sizes=\"auto, (max-width: 1440px) 100vw, 1440px\" \/><\/p>\n<ul>\n<li>Nationella transporter<\/li>\n<li>Internationella transporter<\/li>\n<li>F\u00f6retagstj\u00e4nster<\/li>\n<li>Frakt av personliga tillh\u00f6righeter<\/li>\n<li>En lastbilsflotta med fordonssp\u00e5rning<\/li>\n<li>D\u00f6rr-till-d\u00f6rr-tj\u00e4nster<\/li>\n<li>Transport p\u00e5 v\u00e4g, till sj\u00f6ss och i luften<\/li>\n<li>Tullklarering<\/li>\n<li>Biltransporter<\/li>\n<li>S\u00e4ker lagring<\/li>\n<\/ul>\n<p>Express Trailers \u00e4r ett transport- och logistikf\u00f6retag som \u00e4r baserat i Luqa. De erbjuder distribution och transport i <a href=\"https:\/\/moverdb.com\/sv\/moving-to-malta\/\" data-internallinksmanager029f6b8e52c=\"433\" title=\"Ska du flytta till Malta? 2026 Levnadskostnader och tips om flytt\">Malta<\/a> och frakttj\u00e4nster internationellt. De har internationella allianser med utl\u00e4ndska distributionsn\u00e4tverk f\u00f6r att leverera sina tj\u00e4nster \u00f6ver hela v\u00e4rlden. De \u00e4r medlemmar i IAM med 45 \u00e5rs erfarenhet.<\/p>\n<p>Express Trailers erbjuder en d\u00f6rr-till-d\u00f6rr-tj\u00e4nst f\u00f6r transport av varor inom, till och fr\u00e5n Malta, inklusive tullklarering och NSO-deklarationer f\u00f6r import och export. De erbjuder hel- och dellast samt samlastning p\u00e5 sina v\u00e4gtransporter. Sj\u00f6fraktalternativen omfattar mindre \u00e4n containerlaster och fulla containerlaster. De erbjuder direktleveranser f\u00f6r flygfrakt.<\/p>\n<p>Webbplats: <a href=\"http:\/\/www.expressgroup.com\" target=\"_blank\" rel=\"noopener\">http:\/\/www.expressgroup.com<\/a><\/p>\n<h2><span class=\"ez-toc-section\" id=\"4_Transpak\"><\/span><strong>4. Transpak<\/strong><span class=\"ez-toc-section-end\"><\/span><\/h2>\n<p><img loading=\"lazy\" decoding=\"async\" class=\"alignnone size-full wp-image-8377\" src=\"https:\/\/moverdb.com\/wp-content\/uploads\/Transpak-international-moving-company.png\" alt=\"Transpak internationell flyttfirma\" width=\"1440\" height=\"673\" data-wp-pid=\"8377\" srcset=\"https:\/\/moverdb.com\/wp-content\/uploads\/Transpak-international-moving-company.png 1440w, https:\/\/moverdb.com\/wp-content\/uploads\/Transpak-international-moving-company-300x140.png 300w, https:\/\/moverdb.com\/wp-content\/uploads\/Transpak-international-moving-company-1024x479.png 1024w, https:\/\/moverdb.com\/wp-content\/uploads\/Transpak-international-moving-company-18x8.png 18w, https:\/\/moverdb.com\/wp-content\/uploads\/Transpak-international-moving-company-600x280.png 600w\" sizes=\"auto, (max-width: 1440px) 100vw, 1440px\" \/><\/p>\n<ul>\n<li>Nationella flyttningar<\/li>\n<li>Internationella flyttar<\/li>\n<li>Hush\u00e5llsflyttar<\/li>\n<li>Aff\u00e4rsr\u00f6relser<\/li>\n<li>F\u00f6rpackningstj\u00e4nster<\/li>\n<li>F\u00f6rpackningar av h\u00f6g kvalitet<\/li>\n<li>Arrangemang av transporter<\/li>\n<li>Hantering av konstverk<\/li>\n<li>Transport av fordon<\/li>\n<li>F\u00f6rs\u00e4kring<\/li>\n<\/ul>\n<p>Transpak \u00e4r ett flyttf\u00f6retag som grundades 1976 och erbjuder internationella packnings- och transportl\u00f6sningar. De har ett n\u00e4tverk av agenter \u00f6ver hela v\u00e4rlden som hj\u00e4lper dem att betj\u00e4na sina kunder som flyttar till eller fr\u00e5n Malta. De \u00e4r medlemmar i IAM med 47 \u00e5rs erfarenhet.<\/p>\n<p>Transpak erbjuder avancerade produkter och tekniker f\u00f6r s\u00e4ker transport av dina f\u00f6rem\u00e5l. De kan tillverka f\u00f6rpackningsmaterial av h\u00f6g kvalitet som omfattar packkartonger och tr\u00e4l\u00e5dor samt skyddsmaterial. De kan flytta olika typer av varor, inklusive hush\u00e5llsartiklar, antikviteter, konstverk och fordon.<\/p>\n<p>Webbplats: <a href=\"http:\/\/www.transpakmalta.com\" target=\"_blank\" rel=\"noopener\">http:\/\/www.transpakmalta.com<\/a><\/p>\n<h2><span class=\"ez-toc-section\" id=\"Other_Useful_Guides_to_Malta\"><\/span>Andra anv\u00e4ndbara guider till Malta <span class=\"ez-toc-section-end\"><\/span><\/h2>\n<ul>\n<li> <a href=\"https:\/\/moverdb.com\/sv\/container-transport\/malta\/\">2024 Sj\u00f6frakt Containerfraktpriser till och fr\u00e5n Malta<\/a><\/li>\n<li> <a href=\"https:\/\/moverdb.com\/sv\/moving-to-malta\/\">Flyttar du till Malta? 2026 Levnadskostnader och tips om flytt<\/a><\/li>\n<li> <a href=\"https:\/\/moverdb.com\/sv\/moving-to-malta\/living-in-malta\/\">21 hemligheter om att bo p\u00e5 Malta att veta innan du flyttar<\/a><\/li>\n<\/ul>","protected":false},"excerpt":{"rendered":"<p>When you are planning a move does it fill you with dread thinking about the number of tasks you will need to do and the packing? You can make your life easier by employing a moving company to organise your transport, paperwork and pack your belongings. Below we have compiled a list of Maltese removal [&hellip;]<\/p>\n","protected":false},"author":4,"featured_media":0,"parent":190,"menu_order":0,"comment_status":"closed","ping_status":"closed","template":"","meta":{"_genesis_hide_title":false,"_genesis_hide_breadcrumbs":false,"_genesis_hide_singular_image":false,"_genesis_hide_footer_widgets":false,"_genesis_custom_body_class":"","_genesis_custom_post_class":"","_genesis_layout":"","footnotes":""},"class_list":{"0":"post-8424","1":"page","2":"type-page","3":"status-publish","5":"entry","6":"has-post-thumbnail"},"_links":{"self":[{"href":"https:\/\/moverdb.com\/sv\/wp-json\/wp\/v2\/pages\/8424","targetHints":{"allow":["GET"]}}],"collection":[{"href":"https:\/\/moverdb.com\/sv\/wp-json\/wp\/v2\/pages"}],"about":[{"href":"https:\/\/moverdb.com\/sv\/wp-json\/wp\/v2\/types\/page"}],"author":[{"embeddable":true,"href":"https:\/\/moverdb.com\/sv\/wp-json\/wp\/v2\/users\/4"}],"replies":[{"embeddable":true,"href":"https:\/\/moverdb.com\/sv\/wp-json\/wp\/v2\/comments?post=8424"}],"version-history":[{"count":3,"href":"https:\/\/moverdb.com\/sv\/wp-json\/wp\/v2\/pages\/8424\/revisions"}],"predecessor-version":[{"id":18368,"href":"https:\/\/moverdb.com\/sv\/wp-json\/wp\/v2\/pages\/8424\/revisions\/18368"}],"up":[{"embeddable":true,"href":"https:\/\/moverdb.com\/sv\/wp-json\/wp\/v2\/pages\/190"}],"wp:attachment":[{"href":"https:\/\/moverdb.com\/sv\/wp-json\/wp\/v2\/media?parent=8424"}],"curies":[{"name":"wp","href":"https:\/\/api.w.org\/{rel}","templated":true}]}}