{"id":8414,"date":"2023-04-27T14:48:39","date_gmt":"2023-04-27T14:48:39","guid":{"rendered":"https:\/\/moverdb.com\/?page_id=8414"},"modified":"2026-01-08T15:30:05","modified_gmt":"2026-01-08T15:30:05","slug":"moving-companies-madagascar","status":"publish","type":"page","link":"https:\/\/moverdb.com\/sv\/moving-companies\/moving-companies-madagascar\/","title":{"rendered":"B\u00e4sta internationella flyttfirmor i Madagaskar"},"content":{"rendered":"<p>Planerar du att flytta ditt hem eller ditt f\u00f6retag inom, till eller fr\u00e5n Madagaskar? D\u00e5 kanske du vill anlita en <a href=\"https:\/\/moverdb.com\/sv\/moving-companies\/\" data-internallinksmanager029f6b8e52c=\"79\" title=\"Topp 25 internationella flyttfirmor p\u00e5 n\u00e4tet\">flyttfirma<\/a> f\u00f6r att l\u00e4tta p\u00e5 belastningen och stressen. Nedan har vi sammanst\u00e4llt en lista \u00f6ver Madagaskar-baserade <a href=\"https:\/\/moverdb.com\/sv\/international-removals\/\" data-internallinksmanager029f6b8e52c=\"27\" title=\"36 b\u00e4sta internationella flyttfirmor i Storbritannien\">flyttfirmor<\/a> som \u00e4r medlemmar i <a href=\"https:\/\/moverdb.com\/sv\/iam\/\" data-internallinksmanager029f6b8e52c=\"23\" title=\"International Association of Movers (IAM) f\u00f6rklaras\">Internationella sammanslutningen av flyttfirmor<\/a> (IAM) och\/eller <a href=\"https:\/\/moverdb.com\/sv\/fidi-faim\/\" data-internallinksmanager029f6b8e52c=\"16\" title=\"FIDI &amp; FAIM (FIDI Accredited International Mover) f\u00f6rklaras\">FIDI<\/a> Accredited International Mover (FAIM) som kan hj\u00e4lpa dig med din flytt.<\/p>\n<h2><strong>Worldwide Movers Afrika<\/strong><\/h2>\n<p><img loading=\"lazy\" decoding=\"async\" class=\"alignnone size-full wp-image-6012\" src=\"https:\/\/moverdb.com\/wp-content\/uploads\/Worldwide-Movers-Africa-international-moving-company.png\" alt=\"Worldwide Movers Afrika internationellt flyttf\u00f6retag\" width=\"1440\" height=\"681\" data-wp-pid=\"6012\" srcset=\"https:\/\/moverdb.com\/wp-content\/uploads\/Worldwide-Movers-Africa-international-moving-company.png 1440w, https:\/\/moverdb.com\/wp-content\/uploads\/Worldwide-Movers-Africa-international-moving-company-300x142.png 300w, https:\/\/moverdb.com\/wp-content\/uploads\/Worldwide-Movers-Africa-international-moving-company-1024x484.png 1024w, https:\/\/moverdb.com\/wp-content\/uploads\/Worldwide-Movers-Africa-international-moving-company-18x9.png 18w, https:\/\/moverdb.com\/wp-content\/uploads\/Worldwide-Movers-Africa-international-moving-company-600x284.png 600w\" sizes=\"auto, (max-width: 1440px) 100vw, 1440px\" \/><\/p>\n<ul>\n<li>Lokala flyttningar<\/li>\n<li>Internationella flyttningar<\/li>\n<li>Hush\u00e5llsflyttar<\/li>\n<li>Flyttning av kontor<\/li>\n<li>F\u00f6rpackningstj\u00e4nst<\/li>\n<li>Transporter p\u00e5 v\u00e4g, i luften och till sj\u00f6ss<\/li>\n<li>Tullklarering<\/li>\n<li>Flyttning av husdjur<\/li>\n<li>F\u00f6rs\u00e4kring<\/li>\n<li>Lagring<\/li>\n<\/ul>\n<p>Worldwide Movers Africa \u00e4r ett internationellt flyttf\u00f6retag som grundades i Tanzania 1993. De har nu verksamhetsst\u00e4llen i 16 afrikanska l\u00e4nder, inklusive Madagaskar. De har v\u00e4letablerade globala relationer som hj\u00e4lper dem att leverera tj\u00e4nster utanf\u00f6r sina omr\u00e5den. De \u00e4r medlemmar i IAM med 20 \u00e5rs erfarenhet.<\/p>\n<p>Worldwide Movers Africa erbjuder lokala och internationella flyttj\u00e4nster f\u00f6r hush\u00e5ll och kontor. De tillhandah\u00e5ller flyttj\u00e4nster som omfattar s\u00e4ker packning och kassef\u00f6rvaring av dina \u00e4godelar, transport p\u00e5 v\u00e4g, i luften eller till sj\u00f6ss med tullklarering. De erbjuder ytterligare tj\u00e4nster som flyttning av husdjur, f\u00f6rvaringsm\u00f6jligheter och f\u00f6rs\u00e4kringar.<\/p>\n<p>Webbplats: <a href=\"http:\/\/www.worldwidemoversafrica.com\/\" target=\"_blank\" rel=\"noopener\">http:\/\/www.worldwidemoversafrica.com\/<\/a><\/p>","protected":false},"excerpt":{"rendered":"<p>Are you planning on moving home or your business within, to or from Madagascar? Then you may want to engage a moving company to help lighten the load and stress. Below we have compiled a list of Madagascar based removal companies that are members of the International Association of Movers (IAM) and\/or FIDI Accredited International [&hellip;]<\/p>\n","protected":false},"author":4,"featured_media":0,"parent":190,"menu_order":0,"comment_status":"closed","ping_status":"closed","template":"","meta":{"_genesis_hide_title":false,"_genesis_hide_breadcrumbs":false,"_genesis_hide_singular_image":false,"_genesis_hide_footer_widgets":false,"_genesis_custom_body_class":"","_genesis_custom_post_class":"","_genesis_layout":"","footnotes":""},"class_list":{"0":"post-8414","1":"page","2":"type-page","3":"status-publish","5":"entry"},"_links":{"self":[{"href":"https:\/\/moverdb.com\/sv\/wp-json\/wp\/v2\/pages\/8414","targetHints":{"allow":["GET"]}}],"collection":[{"href":"https:\/\/moverdb.com\/sv\/wp-json\/wp\/v2\/pages"}],"about":[{"href":"https:\/\/moverdb.com\/sv\/wp-json\/wp\/v2\/types\/page"}],"author":[{"embeddable":true,"href":"https:\/\/moverdb.com\/sv\/wp-json\/wp\/v2\/users\/4"}],"replies":[{"embeddable":true,"href":"https:\/\/moverdb.com\/sv\/wp-json\/wp\/v2\/comments?post=8414"}],"version-history":[{"count":1,"href":"https:\/\/moverdb.com\/sv\/wp-json\/wp\/v2\/pages\/8414\/revisions"}],"predecessor-version":[{"id":8415,"href":"https:\/\/moverdb.com\/sv\/wp-json\/wp\/v2\/pages\/8414\/revisions\/8415"}],"up":[{"embeddable":true,"href":"https:\/\/moverdb.com\/sv\/wp-json\/wp\/v2\/pages\/190"}],"wp:attachment":[{"href":"https:\/\/moverdb.com\/sv\/wp-json\/wp\/v2\/media?parent=8414"}],"curies":[{"name":"wp","href":"https:\/\/api.w.org\/{rel}","templated":true}]}}