{"id":8406,"date":"2023-04-27T14:50:58","date_gmt":"2023-04-27T14:50:58","guid":{"rendered":"https:\/\/moverdb.com\/?page_id=8406"},"modified":"2026-01-08T15:30:03","modified_gmt":"2026-01-08T15:30:03","slug":"moving-companies-libya","status":"publish","type":"page","link":"https:\/\/moverdb.com\/sv\/moving-companies\/moving-companies-libya\/","title":{"rendered":"B\u00e4sta internationella flyttfirmor i Libyen"},"content":{"rendered":"<p>N\u00e4r du flyttar hem och\/eller kontor kan det vara en hektisk tid med mycket att hantera, s\u00e4rskilt om du flyttar utomlands. Det \u00e4r h\u00e4r som en <a href=\"https:\/\/moverdb.com\/sv\/moving-companies\/\" data-internallinksmanager029f6b8e52c=\"79\" title=\"Topp 25 internationella flyttfirmor p\u00e5 n\u00e4tet\">flyttfirma<\/a> kan hj\u00e4lpa till att ta p\u00e5 sig en stor del av f\u00f6rvaltningen och uppgifterna. Nedan har vi sammanst\u00e4llt en lista \u00f6ver Libyenbaserade <a href=\"https:\/\/moverdb.com\/sv\/international-removals\/\" data-internallinksmanager029f6b8e52c=\"27\" title=\"36 b\u00e4sta internationella flyttfirmor i Storbritannien\">flyttfirmor<\/a> som \u00e4r medlemmar i <a href=\"https:\/\/moverdb.com\/sv\/iam\/\" data-internallinksmanager029f6b8e52c=\"23\" title=\"International Association of Movers (IAM) f\u00f6rklaras\">Internationella sammanslutningen av flyttfirmor<\/a> (IAM) och\/eller <a href=\"https:\/\/moverdb.com\/sv\/fidi-faim\/\" data-internallinksmanager029f6b8e52c=\"16\" title=\"FIDI &amp; FAIM (FIDI Accredited International Mover) f\u00f6rklaras\">FIDI<\/a> Accredited International Mover (FAIM) som kan hj\u00e4lpa dig med din flytt.<\/p>\n<h2><strong>Hudhud Worldwide Logistics<\/strong><\/h2>\n<p><img loading=\"lazy\" decoding=\"async\" class=\"alignnone size-full wp-image-8326\" src=\"https:\/\/moverdb.com\/wp-content\/uploads\/Hudhud-Worldwide-Logistics-international-moving-company.png\" alt=\"Hudhud Worldwide Logistics internationell flyttfirma\" width=\"1440\" height=\"681\" data-wp-pid=\"8326\" srcset=\"https:\/\/moverdb.com\/wp-content\/uploads\/Hudhud-Worldwide-Logistics-international-moving-company.png 1440w, https:\/\/moverdb.com\/wp-content\/uploads\/Hudhud-Worldwide-Logistics-international-moving-company-300x142.png 300w, https:\/\/moverdb.com\/wp-content\/uploads\/Hudhud-Worldwide-Logistics-international-moving-company-1024x484.png 1024w, https:\/\/moverdb.com\/wp-content\/uploads\/Hudhud-Worldwide-Logistics-international-moving-company-18x9.png 18w, https:\/\/moverdb.com\/wp-content\/uploads\/Hudhud-Worldwide-Logistics-international-moving-company-600x284.png 600w\" sizes=\"auto, (max-width: 1440px) 100vw, 1440px\" \/><\/p>\n<ul>\n<li><a href=\"https:\/\/moverdb.com\/sv\/container-shipping\/\" data-internallinksmanager029f6b8e52c=\"3\" title=\"Diagram \u00f6ver internationella containerfraktpriser: April 2026\">Internationell frakt<\/a><\/li>\n<li>F\u00f6retagets frakt<\/li>\n<li>Skr\u00e4ddarsydda tj\u00e4nster<\/li>\n<li>V\u00e4g-, luft- och sj\u00f6frakt<\/li>\n<li>Sp\u00e5rning av f\u00f6rs\u00e4ndelser<\/li>\n<li>Val av transportbeh\u00e5llare<\/li>\n<li>Tullklarering<\/li>\n<li>St\u00f6d f\u00f6r pappersarbete och efterlevnad<\/li>\n<li>F\u00f6rs\u00e4kring<\/li>\n<li>F\u00f6rvaringsutrymmen<\/li>\n<\/ul>\n<p>Hudhud Worldwide Logistics \u00e4r ett f\u00f6retag som erbjuder frakt- och transporttj\u00e4nster och som har varit verksamt i \u00f6ver tio \u00e5r och \u00e4r baserat i Tripoli, Benghazi, Misurata och andra st\u00f6rre st\u00e4der. De har ett n\u00e4tverk av agenter och transportf\u00f6retag som st\u00f6djer dem n\u00e4r de levererar sina tj\u00e4nster \u00f6ver hela v\u00e4rlden. De \u00e4r medlemmar i IAM med 15 \u00e5rs erfarenhet.<\/p>\n<p>Hudhud Worldwide Logistics erbjuder d\u00f6rr-till-d\u00f6rr-l\u00f6sningar som \u00e4r skr\u00e4ddarsydda f\u00f6r dina behov. De erbjuder sj\u00f6frakt med ett urval av 20', 40', open top, flat rack och break bulk med tullklarering. De erbjuder luftfrakt med fullst\u00e4ndig sp\u00e5rningstj\u00e4nst, pappershantering och tullklarering.<\/p>\n<p>Webbplats: <a href=\"http:\/\/www.hudhudlogistics.com\" target=\"_blank\" rel=\"noopener\">http:\/\/www.hudhudlogistics.com<\/a><\/p>","protected":false},"excerpt":{"rendered":"<p>When you are moving home and\/or offices it can be a busy time with lots to manage particularly if you are moving abroad. This is where a moving company can assist in helping take on a lot of the management and tasks. Below we have compiled a list of Libya based removal companies that are [&hellip;]<\/p>\n","protected":false},"author":4,"featured_media":0,"parent":190,"menu_order":0,"comment_status":"closed","ping_status":"closed","template":"","meta":{"_genesis_hide_title":false,"_genesis_hide_breadcrumbs":false,"_genesis_hide_singular_image":false,"_genesis_hide_footer_widgets":false,"_genesis_custom_body_class":"","_genesis_custom_post_class":"","_genesis_layout":"","footnotes":""},"class_list":{"0":"post-8406","1":"page","2":"type-page","3":"status-publish","5":"entry","6":"has-post-thumbnail"},"_links":{"self":[{"href":"https:\/\/moverdb.com\/sv\/wp-json\/wp\/v2\/pages\/8406","targetHints":{"allow":["GET"]}}],"collection":[{"href":"https:\/\/moverdb.com\/sv\/wp-json\/wp\/v2\/pages"}],"about":[{"href":"https:\/\/moverdb.com\/sv\/wp-json\/wp\/v2\/types\/page"}],"author":[{"embeddable":true,"href":"https:\/\/moverdb.com\/sv\/wp-json\/wp\/v2\/users\/4"}],"replies":[{"embeddable":true,"href":"https:\/\/moverdb.com\/sv\/wp-json\/wp\/v2\/comments?post=8406"}],"version-history":[{"count":1,"href":"https:\/\/moverdb.com\/sv\/wp-json\/wp\/v2\/pages\/8406\/revisions"}],"predecessor-version":[{"id":8407,"href":"https:\/\/moverdb.com\/sv\/wp-json\/wp\/v2\/pages\/8406\/revisions\/8407"}],"up":[{"embeddable":true,"href":"https:\/\/moverdb.com\/sv\/wp-json\/wp\/v2\/pages\/190"}],"wp:attachment":[{"href":"https:\/\/moverdb.com\/sv\/wp-json\/wp\/v2\/media?parent=8406"}],"curies":[{"name":"wp","href":"https:\/\/api.w.org\/{rel}","templated":true}]}}