{"id":8404,"date":"2023-04-27T14:48:01","date_gmt":"2023-04-27T14:48:01","guid":{"rendered":"https:\/\/moverdb.com\/?page_id=8404"},"modified":"2026-01-08T15:23:47","modified_gmt":"2026-01-08T15:23:47","slug":"moving-companies-lesotho","status":"publish","type":"page","link":"https:\/\/moverdb.com\/sv\/moving-companies\/moving-companies-lesotho\/","title":{"rendered":"2 b\u00e4sta internationella flyttfirmor i Lesotho"},"content":{"rendered":"<p>En flytt kan vara en stressig tid, oavsett om du flyttar ditt hem eller ditt f\u00f6retag, och stressniv\u00e5n \u00f6kar n\u00e4r du flyttar l\u00e4nder. Det \u00e4r d\u00e4rf\u00f6r som s\u00e5 m\u00e5nga anlitar en <a href=\"https:\/\/moverdb.com\/sv\/moving-companies\/\" data-internallinksmanager029f6b8e52c=\"79\" title=\"Topp 25 internationella flyttfirmor p\u00e5 n\u00e4tet\">flyttfirma<\/a>. Nedan har vi sammanst\u00e4llt en lista \u00f6ver Lesotho-baserade <a href=\"https:\/\/moverdb.com\/sv\/international-removals\/\" data-internallinksmanager029f6b8e52c=\"27\" title=\"36 b\u00e4sta internationella flyttfirmor i Storbritannien\">flyttfirmor<\/a> som \u00e4r medlemmar i <a href=\"https:\/\/moverdb.com\/sv\/iam\/\" data-internallinksmanager029f6b8e52c=\"23\" title=\"International Association of Movers (IAM) f\u00f6rklaras\">Internationella sammanslutningen av flyttfirmor<\/a> (IAM) och\/eller <a href=\"https:\/\/moverdb.com\/sv\/fidi-faim\/\" data-internallinksmanager029f6b8e52c=\"16\" title=\"FIDI &amp; FAIM (FIDI Accredited International Mover) f\u00f6rklaras\">FIDI<\/a> Accredited International Mover (FAIM) som kan hj\u00e4lpa dig med din flytt.<\/p>\n<h2><strong>1. Stuttaford Van Lines<\/strong><\/h2>\n<p><img loading=\"lazy\" decoding=\"async\" class=\"alignnone size-full wp-image-8368\" src=\"https:\/\/moverdb.com\/wp-content\/uploads\/Stuttaford-Van-Lines-international-moving-company.png\" alt=\"Stuttaford Van Lines internationellt flyttf\u00f6retag\" width=\"1440\" height=\"680\" data-wp-pid=\"8368\" srcset=\"https:\/\/moverdb.com\/wp-content\/uploads\/Stuttaford-Van-Lines-international-moving-company.png 1440w, https:\/\/moverdb.com\/wp-content\/uploads\/Stuttaford-Van-Lines-international-moving-company-300x142.png 300w, https:\/\/moverdb.com\/wp-content\/uploads\/Stuttaford-Van-Lines-international-moving-company-1024x484.png 1024w, https:\/\/moverdb.com\/wp-content\/uploads\/Stuttaford-Van-Lines-international-moving-company-18x9.png 18w, https:\/\/moverdb.com\/wp-content\/uploads\/Stuttaford-Van-Lines-international-moving-company-600x283.png 600w\" sizes=\"auto, (max-width: 1440px) 100vw, 1440px\" \/><\/p>\n<ul>\n<li>Nationella flyttningar<\/li>\n<li>Internationella flyttar<\/li>\n<li>Flyttning av bost\u00e4der<\/li>\n<li>Aff\u00e4rsr\u00f6relser<\/li>\n<li>Skr\u00e4ddarsydda tj\u00e4nster<\/li>\n<li>F\u00f6rpackningstj\u00e4nst<\/li>\n<li>Flyttning av fordon och husdjur<\/li>\n<li>Hantering av konst<\/li>\n<li>F\u00f6rs\u00e4kring<\/li>\n<li>Kort- och l\u00e5ngtidsf\u00f6rvaring<\/li>\n<\/ul>\n<p>Stuttaford Van Lines \u00e4r en flyttfirma som betj\u00e4nat familjer och f\u00f6retag sedan mitten av 1800-talet med filialer \u00f6ver hela <a href=\"https:\/\/moverdb.com\/sv\/moving-to-south-africa\/\" data-internallinksmanager029f6b8e52c=\"347\" title=\"Flytta till Sydafrika? 2026 Levnadskostnader och tips om flytt\">Sydafrika<\/a> inklusive Masero, Lesotho. De \u00e4r medlemmar i IAM med 47 \u00e5rs erfarenhet och detta ger dem tillg\u00e5ng till ett internationellt n\u00e4tverk av flyttfirmor som kan hj\u00e4lpa dem,<\/p>\n<p>Stuffaford Van Lines hj\u00e4lper dig att noggrant planera och f\u00f6rbereda din flytt. De kommer att tilldela dig en enda kontaktperson som hj\u00e4lper dig genom varje steg. De tillhandah\u00e5ller en packningstj\u00e4nst som inkluderar anv\u00e4ndning av h\u00f6gkvalitativa f\u00f6rpackningar och skyddande \u00f6verdrag, de kommer att m\u00e4rka alla kartonger och g\u00f6ra en inventering.<\/p>\n<p>Webbplats: <a href=\"http:\/\/www.stuttafordvanlines.co.za\" target=\"_blank\" rel=\"noopener\">http:\/\/www.stuttafordvanlines.co.za<\/a><\/p>\n<h2><strong>2. S\u00e4ker logistik<\/strong><\/h2>\n<p><img loading=\"lazy\" decoding=\"async\" class=\"alignnone size-full wp-image-8371\" src=\"https:\/\/moverdb.com\/wp-content\/uploads\/Sure-Logistics-international-moving-company.png\" alt=\"Sure Logistics internationell flyttfirma\" width=\"1440\" height=\"678\" data-wp-pid=\"8371\" srcset=\"https:\/\/moverdb.com\/wp-content\/uploads\/Sure-Logistics-international-moving-company.png 1440w, https:\/\/moverdb.com\/wp-content\/uploads\/Sure-Logistics-international-moving-company-300x141.png 300w, https:\/\/moverdb.com\/wp-content\/uploads\/Sure-Logistics-international-moving-company-1024x482.png 1024w, https:\/\/moverdb.com\/wp-content\/uploads\/Sure-Logistics-international-moving-company-18x8.png 18w, https:\/\/moverdb.com\/wp-content\/uploads\/Sure-Logistics-international-moving-company-600x283.png 600w\" sizes=\"auto, (max-width: 1440px) 100vw, 1440px\" \/><\/p>\n<ul>\n<li>Lokala flyttningar<\/li>\n<li>Flyttningar utomlands<\/li>\n<li>Flyttningar till hemmet<\/li>\n<li>Flyttning av kontor<\/li>\n<li>Flyttj\u00e4nster<\/li>\n<li>Skr\u00e4ddarsydd flytttj\u00e4nst<\/li>\n<li>Arrangemang av transporter<\/li>\n<li>Alternativ f\u00f6r beh\u00e5llare<\/li>\n<li><a href=\"https:\/\/moverdb.com\/sv\/car-transport-shipping\/\" data-internallinksmanager029f6b8e52c=\"2\" title=\"2026 Internationella offerter f\u00f6r biltransport och fordonsfrakt\">Transport av fordon<\/a><\/li>\n<li>S\u00e4ker kort- och l\u00e5ngtidslagring<\/li>\n<\/ul>\n<p>Sure Logistics \u00e4r ett specialiserat logistikf\u00f6retag som erbjuder en rad transporttj\u00e4nster och l\u00f6sningar f\u00f6r leveranskedjan och \u00e4r baserat i Masero. De samarbetar med internationella flyttpartners f\u00f6r att leverera sina tj\u00e4nster till andra l\u00e4nder. De \u00e4r medlemmar i IAM med nio \u00e5rs erfarenhet.<\/p>\n<p>Sure Logistics erbjuder flyttj\u00e4nster inom, till och fr\u00e5n Lesotho f\u00f6r hem och f\u00f6retag som \u00e4r skr\u00e4ddarsydda f\u00f6r att uppfylla dina behov. De erbjuder ocks\u00e5 flyttj\u00e4nster som ger HR-st\u00f6d till anst\u00e4llda och specialiserade globala mobilitetspaket i \u00f6ver 150 l\u00e4nder. De transporterar dina \u00e4godelar p\u00e5 ett s\u00e4kert s\u00e4tt och kan erbjuda b\u00e5de full last och mindre \u00e4n en containerlast.<\/p>\n<p>Webbplats: <a href=\"http:\/\/www.surelogistics.co.ls\" target=\"_blank\" rel=\"noopener\">http:\/\/www.surelogistics.co.ls<\/a><\/p>","protected":false},"excerpt":{"rendered":"<p>Moving can be a stressful time whether you are moving your home or your business, and the stress level increases when you are moving countries. This is why so many people employ the services of a moving company. Below we have compiled a list of Lesotho based removal companies that are members of the International [&hellip;]<\/p>\n","protected":false},"author":4,"featured_media":0,"parent":190,"menu_order":0,"comment_status":"closed","ping_status":"closed","template":"","meta":{"_genesis_hide_title":false,"_genesis_hide_breadcrumbs":false,"_genesis_hide_singular_image":false,"_genesis_hide_footer_widgets":false,"_genesis_custom_body_class":"","_genesis_custom_post_class":"","_genesis_layout":"","footnotes":""},"class_list":{"0":"post-8404","1":"page","2":"type-page","3":"status-publish","5":"entry","6":"has-post-thumbnail"},"_links":{"self":[{"href":"https:\/\/moverdb.com\/sv\/wp-json\/wp\/v2\/pages\/8404","targetHints":{"allow":["GET"]}}],"collection":[{"href":"https:\/\/moverdb.com\/sv\/wp-json\/wp\/v2\/pages"}],"about":[{"href":"https:\/\/moverdb.com\/sv\/wp-json\/wp\/v2\/types\/page"}],"author":[{"embeddable":true,"href":"https:\/\/moverdb.com\/sv\/wp-json\/wp\/v2\/users\/4"}],"replies":[{"embeddable":true,"href":"https:\/\/moverdb.com\/sv\/wp-json\/wp\/v2\/comments?post=8404"}],"version-history":[{"count":2,"href":"https:\/\/moverdb.com\/sv\/wp-json\/wp\/v2\/pages\/8404\/revisions"}],"predecessor-version":[{"id":8418,"href":"https:\/\/moverdb.com\/sv\/wp-json\/wp\/v2\/pages\/8404\/revisions\/8418"}],"up":[{"embeddable":true,"href":"https:\/\/moverdb.com\/sv\/wp-json\/wp\/v2\/pages\/190"}],"wp:attachment":[{"href":"https:\/\/moverdb.com\/sv\/wp-json\/wp\/v2\/media?parent=8404"}],"curies":[{"name":"wp","href":"https:\/\/api.w.org\/{rel}","templated":true}]}}