{"id":8402,"date":"2023-04-27T14:51:30","date_gmt":"2023-04-27T14:51:30","guid":{"rendered":"https:\/\/moverdb.com\/?page_id=8402"},"modified":"2026-01-08T15:29:28","modified_gmt":"2026-01-08T15:29:28","slug":"moving-companies-lebanon","status":"publish","type":"page","link":"https:\/\/moverdb.com\/sv\/moving-companies\/moving-companies-lebanon\/","title":{"rendered":"7 b\u00e4sta internationella flyttfirmor i Libanon"},"content":{"rendered":"<p>Bara tanken p\u00e5 att flytta ditt hem eller f\u00f6retag kan vara stressig och komplicerad om du planerar att flytta utomlands, och det \u00e4r d\u00e5 som en <a href=\"https:\/\/moverdb.com\/sv\/moving-companies\/\" data-internallinksmanager029f6b8e52c=\"79\" title=\"Topp 25 internationella flyttfirmor p\u00e5 n\u00e4tet\">flyttfirma<\/a> kan hj\u00e4lpa till genom att l\u00e4tta p\u00e5 b\u00f6rdan. Nedan har vi sammanst\u00e4llt en lista \u00f6ver Libanonbaserade <a href=\"https:\/\/moverdb.com\/sv\/international-removals\/\" data-internallinksmanager029f6b8e52c=\"27\" title=\"36 b\u00e4sta internationella flyttfirmor i Storbritannien\">flyttfirmor<\/a> som \u00e4r medlemmar i <a href=\"https:\/\/moverdb.com\/sv\/iam\/\" data-internallinksmanager029f6b8e52c=\"23\" title=\"International Association of Movers (IAM) f\u00f6rklaras\">Internationella sammanslutningen av flyttfirmor<\/a> (IAM) och\/eller <a href=\"https:\/\/moverdb.com\/sv\/fidi-faim\/\" data-internallinksmanager029f6b8e52c=\"16\" title=\"FIDI &amp; FAIM (FIDI Accredited International Mover) f\u00f6rklaras\">FIDI<\/a> Accredited International Mover (FAIM) som kan hj\u00e4lpa dig med din flytt.<\/p>\n<div id=\"ez-toc-container\" class=\"ez-toc-v2_0_82_2 ez-toc-wrap-left counter-hierarchy ez-toc-counter ez-toc-transparent ez-toc-container-direction\">\n<div class=\"ez-toc-title-container\">\n<p class=\"ez-toc-title\" style=\"cursor:inherit\">Avsnitt<\/p>\n<span class=\"ez-toc-title-toggle\"><a href=\"#\" class=\"ez-toc-pull-right ez-toc-btn ez-toc-btn-xs ez-toc-btn-default ez-toc-toggle\" aria-label=\"V\u00e4xla till inneh\u00e5llsf\u00f6rteckning\"><span class=\"ez-toc-js-icon-con\"><span class=\"\"><span class=\"eztoc-hide\" style=\"display:none;\">V\u00e4xel<\/span><span class=\"ez-toc-icon-toggle-span\"><svg style=\"fill: #999;color:#999\" xmlns=\"http:\/\/www.w3.org\/2000\/svg\" class=\"list-377408\" width=\"20px\" height=\"20px\" viewbox=\"0 0 24 24\" fill=\"none\"><path d=\"M6 6H4v2h2V6zm14 0H8v2h12V6zM4 11h2v2H4v-2zm16 0H8v2h12v-2zM4 16h2v2H4v-2zm16 0H8v2h12v-2z\" fill=\"currentColor\"><\/path><\/svg><svg style=\"fill: #999;color:#999\" class=\"arrow-unsorted-368013\" xmlns=\"http:\/\/www.w3.org\/2000\/svg\" width=\"10px\" height=\"10px\" viewbox=\"0 0 24 24\" version=\"1.2\" baseprofile=\"tiny\"><path d=\"M18.2 9.3l-6.2-6.3-6.2 6.3c-.2.2-.3.4-.3.7s.1.5.3.7c.2.2.4.3.7.3h11c.3 0 .5-.1.7-.3.2-.2.3-.5.3-.7s-.1-.5-.3-.7zM5.8 14.7l6.2 6.3 6.2-6.3c.2-.2.3-.5.3-.7s-.1-.5-.3-.7c-.2-.2-.4-.3-.7-.3h-11c-.3 0-.5.1-.7.3-.2.2-.3.5-.3.7s.1.5.3.7z\"\/><\/svg><\/span><\/span><\/span><\/a><\/span><\/div>\n<nav><ul class='ez-toc-list ez-toc-list-level-1 eztoc-toggle-hide-by-default' ><li class='ez-toc-page-1 ez-toc-heading-level-2'><a class=\"ez-toc-link ez-toc-heading-1\" href=\"https:\/\/moverdb.com\/sv\/moving-companies\/moving-companies-lebanon\/#1_I-Movers\" >1. I-Movers<\/a><\/li><li class='ez-toc-page-1 ez-toc-heading-level-2'><a class=\"ez-toc-link ez-toc-heading-2\" href=\"https:\/\/moverdb.com\/sv\/moving-companies\/moving-companies-lebanon\/#2_Adam_International_Movers\" >2. Adam International Movers<\/a><\/li><li class='ez-toc-page-1 ez-toc-heading-level-2'><a class=\"ez-toc-link ez-toc-heading-3\" href=\"https:\/\/moverdb.com\/sv\/moving-companies\/moving-companies-lebanon\/#3_Orbit_International_Forwarders\" >3. Orbit International Forwarders<\/a><\/li><li class='ez-toc-page-1 ez-toc-heading-level-2'><a class=\"ez-toc-link ez-toc-heading-4\" href=\"https:\/\/moverdb.com\/sv\/moving-companies\/moving-companies-lebanon\/#4_All_Transportation_Agency\" >4. Alla transportbyr\u00e5er<\/a><\/li><li class='ez-toc-page-1 ez-toc-heading-level-2'><a class=\"ez-toc-link ez-toc-heading-5\" href=\"https:\/\/moverdb.com\/sv\/moving-companies\/moving-companies-lebanon\/#5_Beirut_Express\" >5. Beirut Express<\/a><\/li><li class='ez-toc-page-1 ez-toc-heading-level-2'><a class=\"ez-toc-link ez-toc-heading-6\" href=\"https:\/\/moverdb.com\/sv\/moving-companies\/moving-companies-lebanon\/#6_Domex\" >6. Domex<\/a><\/li><li class='ez-toc-page-1 ez-toc-heading-level-2'><a class=\"ez-toc-link ez-toc-heading-7\" href=\"https:\/\/moverdb.com\/sv\/moving-companies\/moving-companies-lebanon\/#7_BCC_Logistics\" >7. BCC Logistics<\/a><\/li><\/ul><\/nav><\/div>\n<h2><span class=\"ez-toc-section\" id=\"1_I-Movers\"><\/span><strong>1. I-Movers<\/strong><span class=\"ez-toc-section-end\"><\/span><\/h2>\n<p><img loading=\"lazy\" decoding=\"async\" class=\"alignnone size-full wp-image-8327\" src=\"https:\/\/moverdb.com\/wp-content\/uploads\/I-Movers-international-moving-company.png\" alt=\"I-Movers internationellt flyttf\u00f6retag\" width=\"1440\" height=\"680\" data-wp-pid=\"8327\" srcset=\"https:\/\/moverdb.com\/wp-content\/uploads\/I-Movers-international-moving-company.png 1440w, https:\/\/moverdb.com\/wp-content\/uploads\/I-Movers-international-moving-company-300x142.png 300w, https:\/\/moverdb.com\/wp-content\/uploads\/I-Movers-international-moving-company-1024x484.png 1024w, https:\/\/moverdb.com\/wp-content\/uploads\/I-Movers-international-moving-company-18x9.png 18w, https:\/\/moverdb.com\/wp-content\/uploads\/I-Movers-international-moving-company-600x283.png 600w\" sizes=\"auto, (max-width: 1440px) 100vw, 1440px\" \/><\/p>\n<ul>\n<li>Lokala flyttningar<\/li>\n<li>Internationella flyttar<\/li>\n<li>Hush\u00e5llsflyttar<\/li>\n<li>F\u00f6retagsflyttar<\/li>\n<li>Skr\u00e4ddarsydd service<\/li>\n<li>Professionell f\u00f6rpackningstj\u00e4nst<\/li>\n<li>Luft- och sj\u00f6transporter<\/li>\n<li>Tullarbete<\/li>\n<li><a href=\"https:\/\/moverdb.com\/sv\/car-transport-shipping\/\" data-internallinksmanager029f6b8e52c=\"2\" title=\"2026 Internationella offerter f\u00f6r biltransport och fordonsfrakt\">Transport av fordon<\/a><\/li>\n<li>F\u00f6rvaringsalternativ<\/li>\n<\/ul>\n<p>I-Movers \u00e4r ett internationellt flyttf\u00f6retag som v\u00e4nder sig till hush\u00e5ll och f\u00f6retag och \u00e4r baserat i Beirut. De \u00e4r medlemmar i IAM med \u00e5tta \u00e5rs erfarenhet och detta medlemskap ger dem tillg\u00e5ng till ett internationellt n\u00e4tverk av flyttfirmor.<\/p>\n<p>I-Movers erbjuder en virtuell unders\u00f6kning f\u00f6r att \u00f6ka snabbheten och effektiviteten. De erbjuder en skr\u00e4ddarsydd flytttj\u00e4nst med en dedikerad flyttledare som sk\u00f6ter din flytt. De erbjuder en f\u00f6rpackningstj\u00e4nst som anv\u00e4nder f\u00f6rstklassigt f\u00f6rpackningsmaterial och v\u00e4lutbildade team av packare som ocks\u00e5 \u00e4r f\u00f6rs\u00e4krade mot alla risker. De tillhandah\u00e5ller ett sp\u00e5rningssystem f\u00f6r flyg- och sj\u00f6transporter och hj\u00e4lper till med pappersarbetet, inklusive tullklarering.<\/p>\n<p>Webbplats: <a href=\"http:\/\/www.i-movers.com\" target=\"_blank\" rel=\"noopener\">http:\/\/www.i-movers.com<\/a><\/p>\n<h2><span class=\"ez-toc-section\" id=\"2_Adam_International_Movers\"><\/span><strong>2. Adam International Movers<\/strong><span class=\"ez-toc-section-end\"><\/span><\/h2>\n<p><img loading=\"lazy\" decoding=\"async\" class=\"alignnone size-full wp-image-8279\" src=\"https:\/\/moverdb.com\/wp-content\/uploads\/Adam-International-Movers-company.png\" alt=\"F\u00f6retaget Adam International Movers\" width=\"1440\" height=\"679\" data-wp-pid=\"8279\" srcset=\"https:\/\/moverdb.com\/wp-content\/uploads\/Adam-International-Movers-company.png 1440w, https:\/\/moverdb.com\/wp-content\/uploads\/Adam-International-Movers-company-300x141.png 300w, https:\/\/moverdb.com\/wp-content\/uploads\/Adam-International-Movers-company-1024x483.png 1024w, https:\/\/moverdb.com\/wp-content\/uploads\/Adam-International-Movers-company-18x8.png 18w, https:\/\/moverdb.com\/wp-content\/uploads\/Adam-International-Movers-company-600x283.png 600w\" sizes=\"auto, (max-width: 1440px) 100vw, 1440px\" \/><\/p>\n<ul>\n<li>Nationella flyttningar<\/li>\n<li>Internationella flyttar<\/li>\n<li>Hush\u00e5llsflyttar<\/li>\n<li>Flyttning av kontor<\/li>\n<li>Anpassningsbara offerter som \u00e4r budgetv\u00e4nliga<\/li>\n<li>Professionell f\u00f6rpackningstj\u00e4nst<\/li>\n<li>Transport p\u00e5 v\u00e4g, med flyg eller till sj\u00f6ss<\/li>\n<li>Tullklarering<\/li>\n<li>F\u00f6rs\u00e4kring<\/li>\n<li>F\u00f6rvaringsutrymmen<\/li>\n<\/ul>\n<p>Adam International Movers \u00e4r ett f\u00f6retag som erbjuder f\u00f6rpacknings- och flyttj\u00e4nster f\u00f6r privatpersoner, hem och kontor med kontor i Beirut, Libanon och Armenien. De har ett n\u00e4tverk av agenter och spedit\u00f6rer \u00f6ver hela v\u00e4rlden f\u00f6r att st\u00f6dja dem i deras internationella tj\u00e4nster. De \u00e4r medlemmar i IAM med sex \u00e5rs erfarenhet.<\/p>\n<p>Adam International Movers erbjuder en unders\u00f6kning f\u00f6re flytten f\u00f6r att f\u00f6rst\u00e5 dina flyttbehov och ge dig en offert. De erbjuder en professionell f\u00f6rpackningstj\u00e4nst som levereras av utbildad personal som anv\u00e4nder den senaste tekniken och f\u00f6rpackningsmaterial av h\u00f6g kvalitet. De sk\u00f6ter transporten av dina tillh\u00f6righeter p\u00e5 v\u00e4g, i luften eller till sj\u00f6ss samt tullklarering om det beh\u00f6vs.<\/p>\n<p>Webbplats: <a href=\"http:\/\/www.adam-movers.com\" target=\"_blank\" rel=\"noopener\">http:\/\/www.adam-movers.com<\/a><\/p>\n<h2><span class=\"ez-toc-section\" id=\"3_Orbit_International_Forwarders\"><\/span><strong>3. Orbit International Forwarders<\/strong><span class=\"ez-toc-section-end\"><\/span><\/h2>\n<p><img loading=\"lazy\" decoding=\"async\" class=\"alignnone size-full wp-image-8351\" src=\"https:\/\/moverdb.com\/wp-content\/uploads\/Orbit-International-Forwarders-Lebanon-moving-company.png\" alt=\"Orbit International Forwarders Libanon flyttfirma\" width=\"1440\" height=\"679\" data-wp-pid=\"8351\" srcset=\"https:\/\/moverdb.com\/wp-content\/uploads\/Orbit-International-Forwarders-Lebanon-moving-company.png 1440w, https:\/\/moverdb.com\/wp-content\/uploads\/Orbit-International-Forwarders-Lebanon-moving-company-300x141.png 300w, https:\/\/moverdb.com\/wp-content\/uploads\/Orbit-International-Forwarders-Lebanon-moving-company-1024x483.png 1024w, https:\/\/moverdb.com\/wp-content\/uploads\/Orbit-International-Forwarders-Lebanon-moving-company-18x8.png 18w, https:\/\/moverdb.com\/wp-content\/uploads\/Orbit-International-Forwarders-Lebanon-moving-company-600x283.png 600w\" sizes=\"auto, (max-width: 1440px) 100vw, 1440px\" \/><\/p>\n<ul>\n<li>Lokala och nationella flyttningar<\/li>\n<li>Flyttningar \u00f6ver hela v\u00e4rlden<\/li>\n<li>Hush\u00e5llsflyttar<\/li>\n<li>Flyttning av f\u00f6retag<\/li>\n<li>D\u00f6rr-till-d\u00f6rr-tj\u00e4nster<\/li>\n<li>F\u00f6rpackningstj\u00e4nst<\/li>\n<li>Land-, sj\u00f6- eller luftfrakt<\/li>\n<li>Bearbetning av konst och konsthantverk<\/li>\n<li>Transport av motorfordon<\/li>\n<li>F\u00f6rvaringsutrymmen<\/li>\n<\/ul>\n<p>Orbit International Forwarders \u00e4r ett f\u00f6rpacknings- och flyttf\u00f6retag som grundades 1983. De har nio platser i Europa och Asien, inklusive Beirut i Libanon. De arbetar med \u00f6ver tusen utvalda agenter i n\u00e4stan alla l\u00e4nder i v\u00e4rlden f\u00f6r att leverera sina tj\u00e4nster internationellt. De \u00e4r medlemmar i IAM med 26 \u00e5rs erfarenhet.<\/p>\n<p>Orbit International Forwarders erbjuder en personlig d\u00f6rr-till-d\u00f6rr-f\u00f6rflyttningstj\u00e4nst som b\u00f6rjar med en inledande unders\u00f6kning. De erbjuder en h\u00f6gkvalitativ f\u00f6rpackningstj\u00e4nst f\u00f6r att skydda dina tillh\u00f6righeter och tillhandah\u00e5ller l\u00e5dor f\u00f6r \u00f6mt\u00e5liga f\u00f6rem\u00e5l. De erbjuder ytterligare tj\u00e4nster som omfattar transport av motorfordon, hantering av konst, logistik f\u00f6r utst\u00e4llningar, logistik f\u00f6r media och underh\u00e5llning samt lagringsm\u00f6jligheter.<\/p>\n<p>Webbplats: <a href=\"http:\/\/www.orbitlb.com\" target=\"_blank\" rel=\"noopener\">http:\/\/www.orbitlb.com<\/a><\/p>\n<h2><span class=\"ez-toc-section\" id=\"4_All_Transportation_Agency\"><\/span><strong>4. Alla transportbyr\u00e5er<\/strong><span class=\"ez-toc-section-end\"><\/span><\/h2>\n<p><img loading=\"lazy\" decoding=\"async\" class=\"alignnone size-full wp-image-8285\" src=\"https:\/\/moverdb.com\/wp-content\/uploads\/All-Transportation-Agency-international-moving-company.png\" alt=\"Alla transportbyr\u00e5er internationella flyttfirmor\" width=\"1440\" height=\"680\" data-wp-pid=\"8285\" srcset=\"https:\/\/moverdb.com\/wp-content\/uploads\/All-Transportation-Agency-international-moving-company.png 1440w, https:\/\/moverdb.com\/wp-content\/uploads\/All-Transportation-Agency-international-moving-company-300x142.png 300w, https:\/\/moverdb.com\/wp-content\/uploads\/All-Transportation-Agency-international-moving-company-1024x484.png 1024w, https:\/\/moverdb.com\/wp-content\/uploads\/All-Transportation-Agency-international-moving-company-18x9.png 18w, https:\/\/moverdb.com\/wp-content\/uploads\/All-Transportation-Agency-international-moving-company-600x283.png 600w\" sizes=\"auto, (max-width: 1440px) 100vw, 1440px\" \/><\/p>\n<ul>\n<li>Nationella flyttningar<\/li>\n<li>Internationella flyttar<\/li>\n<li>Hush\u00e5llsflyttar<\/li>\n<li>Kommersiella projekt<\/li>\n<li>D\u00f6rr-till-d\u00f6rr-tj\u00e4nster<\/li>\n<li>Professionell f\u00f6rpackningstj\u00e4nst<\/li>\n<li>Land-, sj\u00f6- och lufttransporter<\/li>\n<li>Tullklarering<\/li>\n<li>Bearbetning av konst och konsthantverk<\/li>\n<li>S\u00e4ker lagring<\/li>\n<\/ul>\n<p>All Transportation Agency \u00e4r ett clearing- och speditionsf\u00f6retag som grundades 1985 och har sitt s\u00e4te i Beirut. De har \u00e4ven kontor i Tripoli, Saida och Tyr. De \u00e4r medlemmar i IAM vilket ger dem tillg\u00e5ng till ett internationellt n\u00e4tverk av flyttfirmor som kan hj\u00e4lpa dem att tillhandah\u00e5lla tj\u00e4nster internationellt.<\/p>\n<p>All Transportation Agency tillhandah\u00e5ller en d\u00f6rr-till-d\u00f6rr-tj\u00e4nst f\u00f6r hush\u00e5ll som flyttar inom, till eller fr\u00e5n Libanon. De erbjuder en professionell f\u00f6rpackningstj\u00e4nst f\u00f6r att skydda dina \u00e4godelar, inklusive en specialisttj\u00e4nst f\u00f6r konstverk. Deras packningstj\u00e4nst omfattar \u00e4ven demontering och montering av m\u00f6bler samt m\u00e4rkning av l\u00e5dorna.<\/p>\n<p>Webbplats: <a href=\"http:\/\/www.ata-lebanon.com\" target=\"_blank\" rel=\"noopener\">http:\/\/www.ata-lebanon.com<\/a><\/p>\n<h2><span class=\"ez-toc-section\" id=\"5_Beirut_Express\"><\/span><strong>5. Beirut Express<\/strong><span class=\"ez-toc-section-end\"><\/span><\/h2>\n<p><img loading=\"lazy\" decoding=\"async\" class=\"alignnone size-full wp-image-8293\" src=\"https:\/\/moverdb.com\/wp-content\/uploads\/Beirut-Express-international-moving-company.png\" alt=\"Beirut Express internationell flyttfirma\" width=\"1440\" height=\"681\" data-wp-pid=\"8293\" srcset=\"https:\/\/moverdb.com\/wp-content\/uploads\/Beirut-Express-international-moving-company.png 1440w, https:\/\/moverdb.com\/wp-content\/uploads\/Beirut-Express-international-moving-company-300x142.png 300w, https:\/\/moverdb.com\/wp-content\/uploads\/Beirut-Express-international-moving-company-1024x484.png 1024w, https:\/\/moverdb.com\/wp-content\/uploads\/Beirut-Express-international-moving-company-18x9.png 18w, https:\/\/moverdb.com\/wp-content\/uploads\/Beirut-Express-international-moving-company-600x284.png 600w\" sizes=\"auto, (max-width: 1440px) 100vw, 1440px\" \/><\/p>\n<ul>\n<li>Lokala flyttningar<\/li>\n<li>Internationella flyttningar<\/li>\n<li>Flyttning av hush\u00e5ll<\/li>\n<li>Flyttning av kontor<\/li>\n<li>Professionell f\u00f6rpackningstj\u00e4nst<\/li>\n<li>F\u00f6rpackningsmaterial av h\u00f6g kvalitet<\/li>\n<li>Luft- och sj\u00f6frakt<\/li>\n<li>Tullklarering<\/li>\n<li>Transport av fordon<\/li>\n<li>Resor och biljettf\u00f6rs\u00e4ljning<\/li>\n<\/ul>\n<p>Beirut Express \u00e4r en lokal och internationell flyttfirma som har varit verksam i 56 \u00e5r och \u00e4r baserad i Beirut. De har ett v\u00e4rldsomsp\u00e4nnande n\u00e4tverk av associerade f\u00f6retag och ackrediterade agenter och \u00e4r medlemmar i IAM.<\/p>\n<p>Beirut Express erbjuder flyttj\u00e4nster f\u00f6r hush\u00e5ll, f\u00f6retag och f\u00f6retag som g\u00f6r flytten s\u00e5 smidig som m\u00f6jligt. De tillhandah\u00e5ller en professionell f\u00f6rpackningstj\u00e4nst med en utbildad bes\u00e4ttning som anv\u00e4nder h\u00f6gskyddsteknik f\u00f6r att skydda dina tillh\u00f6righeter under transporten. De ordnar transitering av dina tillh\u00f6righeter med flyg- och sj\u00f6frakt och hj\u00e4lper till med tullklarering.<\/p>\n<p>Webbplats: <a href=\"http:\/\/www.beirutexpress.com\" target=\"_blank\" rel=\"noopener\">http:\/\/www.beirutexpress.com<\/a><\/p>\n<h2><span class=\"ez-toc-section\" id=\"6_Domex\"><\/span><strong>6. Domex<\/strong><span class=\"ez-toc-section-end\"><\/span><\/h2>\n<p><img loading=\"lazy\" decoding=\"async\" class=\"alignnone size-full wp-image-8306\" src=\"https:\/\/moverdb.com\/wp-content\/uploads\/Domex-international-moving-company.png\" alt=\"Domex internationellt flyttf\u00f6retag\" width=\"1440\" height=\"681\" data-wp-pid=\"8306\" srcset=\"https:\/\/moverdb.com\/wp-content\/uploads\/Domex-international-moving-company.png 1440w, https:\/\/moverdb.com\/wp-content\/uploads\/Domex-international-moving-company-300x142.png 300w, https:\/\/moverdb.com\/wp-content\/uploads\/Domex-international-moving-company-1024x484.png 1024w, https:\/\/moverdb.com\/wp-content\/uploads\/Domex-international-moving-company-18x9.png 18w, https:\/\/moverdb.com\/wp-content\/uploads\/Domex-international-moving-company-600x284.png 600w\" sizes=\"auto, (max-width: 1440px) 100vw, 1440px\" \/><\/p>\n<ul>\n<li>Internationella flyttar<\/li>\n<li>Hush\u00e5llsflyttar<\/li>\n<li>Flyttning av kontor<\/li>\n<li>D\u00f6rr-till-d\u00f6rr-tj\u00e4nster<\/li>\n<li>F\u00f6rpackningstj\u00e4nst<\/li>\n<li>F\u00f6rpackningsmaterial av h\u00f6g kvalitet<\/li>\n<li>Tullklarering<\/li>\n<li>Hantering av konst<\/li>\n<li>F\u00f6rs\u00e4kring<\/li>\n<li>F\u00f6rvaringsutrymmen<\/li>\n<\/ul>\n<p>Domex \u00e4r ett flytt- och lagringsf\u00f6retag som tillhandah\u00e5ller internationella tj\u00e4nster till och fr\u00e5n Libanon och \u00e4r baserat i Beirut. De samarbetar med utvalda flyttfirmor runt om i v\u00e4rlden f\u00f6r att leverera tj\u00e4nster utanf\u00f6r Libanon och \u00e4r medlemmar i IAM.<\/p>\n<p>Domex erbjuder en d\u00f6rr-till-d\u00f6rr-tj\u00e4nst till hush\u00e5ll och kontor. De erbjuder en f\u00f6rpackningstj\u00e4nst som anv\u00e4nder h\u00f6gkvalitativt f\u00f6rpackningsmaterial f\u00f6r att skydda dina f\u00f6rem\u00e5l och utbildad personal. De erbjuder ocks\u00e5 en s\u00e4rskild tj\u00e4nst f\u00f6r \u00f6mt\u00e5liga f\u00f6rem\u00e5l och konstverk. De organiserar den l\u00e4mpligaste rutten och transporten med hj\u00e4lp av sj\u00f6- och luftfrakt och hj\u00e4lper dig med tullklarering.<\/p>\n<p>Webbplats: <a href=\"http:\/\/www.domexco.net\" target=\"_blank\" rel=\"noopener\">http:\/\/www.domexco.net<\/a><\/p>\n<h2><span class=\"ez-toc-section\" id=\"7_BCC_Logistics\"><\/span><strong>7. BCC Logistics<\/strong><span class=\"ez-toc-section-end\"><\/span><\/h2>\n<p><img loading=\"lazy\" decoding=\"async\" class=\"alignnone size-full wp-image-7673\" src=\"https:\/\/moverdb.com\/wp-content\/uploads\/BCC-Logistics-international-moving-company.png\" alt=\"BCC Logistics internationell flyttfirma\" width=\"1440\" height=\"634\" data-wp-pid=\"7673\" srcset=\"https:\/\/moverdb.com\/wp-content\/uploads\/BCC-Logistics-international-moving-company.png 1440w, https:\/\/moverdb.com\/wp-content\/uploads\/BCC-Logistics-international-moving-company-300x132.png 300w, https:\/\/moverdb.com\/wp-content\/uploads\/BCC-Logistics-international-moving-company-1024x451.png 1024w, https:\/\/moverdb.com\/wp-content\/uploads\/BCC-Logistics-international-moving-company-18x8.png 18w, https:\/\/moverdb.com\/wp-content\/uploads\/BCC-Logistics-international-moving-company-600x264.png 600w\" sizes=\"auto, (max-width: 1440px) 100vw, 1440px\" \/><\/p>\n<ul>\n<li>Nationella flyttningar<\/li>\n<li>Internationella flyttar<\/li>\n<li>Flyttning av bost\u00e4der<\/li>\n<li>F\u00f6retagsflyttar<\/li>\n<li>D\u00f6rr-till-d\u00f6rr-tj\u00e4nster<\/li>\n<li>F\u00f6rpackningstj\u00e4nst<\/li>\n<li>Land-, sj\u00f6- och luftfrakt<\/li>\n<li>Tullklarering<\/li>\n<li>Bearbetning av konst och konsthantverk<\/li>\n<li>F\u00f6rvaringsutrymmen<\/li>\n<\/ul>\n<p>BCC Logistics \u00e4r ett Beirut-baserat globalt speditionsf\u00f6retag som grundades 1993, med anl\u00e4ggningar i <a href=\"https:\/\/moverdb.com\/sv\/moving-to-qatar\/\" data-internallinksmanager029f6b8e52c=\"334\" title=\"Ska du flytta till Qatar? 2026 Levnadskostnader &amp; Tips f\u00f6r flytt\">Qatar<\/a>, <a href=\"https:\/\/moverdb.com\/sv\/moving-companies\/moving-companies-iraq\/\" data-internallinksmanager029f6b8e52c=\"314\" title=\"2 b\u00e4sta internationella flyttfirmor i Irak\">Irak<\/a> och <a href=\"https:\/\/moverdb.com\/sv\/moving-to-saudi-arabia\/\" data-internallinksmanager029f6b8e52c=\"319\" title=\"Flyttar du till Saudiarabien? 2026 Levnadskostnader och flyttningstips\">Saudiarabien<\/a>. De har goda f\u00f6rbindelser med internationella flyttfirmor, vilket g\u00f6r att de kan erbjuda tj\u00e4nster \u00f6ver hela v\u00e4rlden. De \u00e4r medlemmar i IAM och ackrediterade av FIDI.<\/p>\n<p>BCC Logistics erbjuder en flytttj\u00e4nst fr\u00e5n d\u00f6rr till d\u00f6rr med en enda kontaktpunkt. De tillhandah\u00e5ller en f\u00f6rpackningstj\u00e4nst med kvalitetsf\u00f6rpackningsmaterial och erbjuder containerf\u00f6rs\u00e4ndelser till sj\u00f6ss och trev\u00e4ggsemballage f\u00f6r flygtransporter med tullformaliteter. De hj\u00e4lper till med packning, uppackning och uppst\u00e4llning av m\u00f6bler. De erbjuder \u00e4ven hantering av tunga f\u00f6rem\u00e5l, fordonstransporter och f\u00f6rs\u00e4kringar.<\/p>\n<p>Webbplats: <a href=\"http:\/\/www.bcclogistics.com\/\" target=\"_blank\" rel=\"noopener\">http:\/\/www.bcclogistics.com\/<\/a><\/p>","protected":false},"excerpt":{"rendered":"<p>Just thinking about moving your home or business can be stressful and seem complicated if you are planning on moving abroad, which is where a moving company can assist by lightening the load. Below we have compiled a list of Lebanon based removal companies that are members of the International Association of Movers (IAM) and\/or [&hellip;]<\/p>\n","protected":false},"author":4,"featured_media":0,"parent":190,"menu_order":0,"comment_status":"closed","ping_status":"closed","template":"","meta":{"_genesis_hide_title":false,"_genesis_hide_breadcrumbs":false,"_genesis_hide_singular_image":false,"_genesis_hide_footer_widgets":false,"_genesis_custom_body_class":"","_genesis_custom_post_class":"","_genesis_layout":"","footnotes":""},"class_list":{"0":"post-8402","1":"page","2":"type-page","3":"status-publish","5":"entry","6":"has-post-thumbnail"},"_links":{"self":[{"href":"https:\/\/moverdb.com\/sv\/wp-json\/wp\/v2\/pages\/8402","targetHints":{"allow":["GET"]}}],"collection":[{"href":"https:\/\/moverdb.com\/sv\/wp-json\/wp\/v2\/pages"}],"about":[{"href":"https:\/\/moverdb.com\/sv\/wp-json\/wp\/v2\/types\/page"}],"author":[{"embeddable":true,"href":"https:\/\/moverdb.com\/sv\/wp-json\/wp\/v2\/users\/4"}],"replies":[{"embeddable":true,"href":"https:\/\/moverdb.com\/sv\/wp-json\/wp\/v2\/comments?post=8402"}],"version-history":[{"count":1,"href":"https:\/\/moverdb.com\/sv\/wp-json\/wp\/v2\/pages\/8402\/revisions"}],"predecessor-version":[{"id":8403,"href":"https:\/\/moverdb.com\/sv\/wp-json\/wp\/v2\/pages\/8402\/revisions\/8403"}],"up":[{"embeddable":true,"href":"https:\/\/moverdb.com\/sv\/wp-json\/wp\/v2\/pages\/190"}],"wp:attachment":[{"href":"https:\/\/moverdb.com\/sv\/wp-json\/wp\/v2\/media?parent=8402"}],"curies":[{"name":"wp","href":"https:\/\/api.w.org\/{rel}","templated":true}]}}