{"id":8390,"date":"2023-04-27T14:54:37","date_gmt":"2023-04-27T14:54:37","guid":{"rendered":"https:\/\/moverdb.com\/?page_id=8390"},"modified":"2026-01-08T15:29:21","modified_gmt":"2026-01-08T15:29:21","slug":"moving-companies-jordan","status":"publish","type":"page","link":"https:\/\/moverdb.com\/sv\/moving-companies\/moving-companies-jordan\/","title":{"rendered":"6 b\u00e4sta internationella flyttfirmor i Jordanien"},"content":{"rendered":"<p>Flyttar du ditt hem eller ditt f\u00f6retag? D\u00e5 kanske organisationen och pappersarbetet b\u00f6rjar skr\u00e4mma dig, s\u00e5 du kanske vill ha hj\u00e4lp av en <a href=\"https:\/\/moverdb.com\/sv\/moving-companies\/\" data-internallinksmanager029f6b8e52c=\"79\" title=\"Topp 25 internationella flyttfirmor p\u00e5 n\u00e4tet\">flyttfirma<\/a>. Om du vill flytta inom, till eller fr\u00e5n Jordanien har vi sammanst\u00e4llt en lista \u00f6ver f\u00f6ljande <a href=\"https:\/\/moverdb.com\/sv\/international-removals\/\" data-internallinksmanager029f6b8e52c=\"27\" title=\"36 b\u00e4sta internationella flyttfirmor i Storbritannien\">flyttfirmor<\/a> som \u00e4r medlemmar i <a href=\"https:\/\/moverdb.com\/sv\/iam\/\" data-internallinksmanager029f6b8e52c=\"23\" title=\"International Association of Movers (IAM) f\u00f6rklaras\">Internationella sammanslutningen av flyttfirmor<\/a> (IAM) och\/eller <a href=\"https:\/\/moverdb.com\/sv\/fidi-faim\/\" data-internallinksmanager029f6b8e52c=\"16\" title=\"FIDI &amp; FAIM (FIDI Accredited International Mover) f\u00f6rklaras\">FIDI<\/a> Accredited International Mover (FAIM) som kan hj\u00e4lpa dig med din flytt.<\/p>\n<div id=\"ez-toc-container\" class=\"ez-toc-v2_0_82_2 ez-toc-wrap-left counter-hierarchy ez-toc-counter ez-toc-transparent ez-toc-container-direction\">\n<div class=\"ez-toc-title-container\">\n<p class=\"ez-toc-title\" style=\"cursor:inherit\">Avsnitt<\/p>\n<span class=\"ez-toc-title-toggle\"><a href=\"#\" class=\"ez-toc-pull-right ez-toc-btn ez-toc-btn-xs ez-toc-btn-default ez-toc-toggle\" aria-label=\"V\u00e4xla till inneh\u00e5llsf\u00f6rteckning\"><span class=\"ez-toc-js-icon-con\"><span class=\"\"><span class=\"eztoc-hide\" style=\"display:none;\">V\u00e4xel<\/span><span class=\"ez-toc-icon-toggle-span\"><svg style=\"fill: #999;color:#999\" xmlns=\"http:\/\/www.w3.org\/2000\/svg\" class=\"list-377408\" width=\"20px\" height=\"20px\" viewbox=\"0 0 24 24\" fill=\"none\"><path d=\"M6 6H4v2h2V6zm14 0H8v2h12V6zM4 11h2v2H4v-2zm16 0H8v2h12v-2zM4 16h2v2H4v-2zm16 0H8v2h12v-2z\" fill=\"currentColor\"><\/path><\/svg><svg style=\"fill: #999;color:#999\" class=\"arrow-unsorted-368013\" xmlns=\"http:\/\/www.w3.org\/2000\/svg\" width=\"10px\" height=\"10px\" viewbox=\"0 0 24 24\" version=\"1.2\" baseprofile=\"tiny\"><path d=\"M18.2 9.3l-6.2-6.3-6.2 6.3c-.2.2-.3.4-.3.7s.1.5.3.7c.2.2.4.3.7.3h11c.3 0 .5-.1.7-.3.2-.2.3-.5.3-.7s-.1-.5-.3-.7zM5.8 14.7l6.2 6.3 6.2-6.3c.2-.2.3-.5.3-.7s-.1-.5-.3-.7c-.2-.2-.4-.3-.7-.3h-11c-.3 0-.5.1-.7.3-.2.2-.3.5-.3.7s.1.5.3.7z\"\/><\/svg><\/span><\/span><\/span><\/a><\/span><\/div>\n<nav><ul class='ez-toc-list ez-toc-list-level-1 eztoc-toggle-hide-by-default' ><li class='ez-toc-page-1 ez-toc-heading-level-2'><a class=\"ez-toc-link ez-toc-heading-1\" href=\"https:\/\/moverdb.com\/sv\/moving-companies\/moving-companies-jordan\/#1_CML_Safe_Pak\" >1. CML Safe Pak<\/a><\/li><li class='ez-toc-page-1 ez-toc-heading-level-2'><a class=\"ez-toc-link ez-toc-heading-2\" href=\"https:\/\/moverdb.com\/sv\/moving-companies\/moving-companies-jordan\/#2_Jirpac\" >2. Jirpac<\/a><\/li><li class='ez-toc-page-1 ez-toc-heading-level-2'><a class=\"ez-toc-link ez-toc-heading-3\" href=\"https:\/\/moverdb.com\/sv\/moving-companies\/moving-companies-jordan\/#3_Jordanian_Coast_Cargo_Service\" >3. Jordanian Coast Cargo Service<\/a><\/li><li class='ez-toc-page-1 ez-toc-heading-level-2'><a class=\"ez-toc-link ez-toc-heading-4\" href=\"https:\/\/moverdb.com\/sv\/moving-companies\/moving-companies-jordan\/#4_Levant_Express\" >4. Levant Express<\/a><\/li><li class='ez-toc-page-1 ez-toc-heading-level-2'><a class=\"ez-toc-link ez-toc-heading-5\" href=\"https:\/\/moverdb.com\/sv\/moving-companies\/moving-companies-jordan\/#5_Logistimania\" >5. Logistimania<\/a><\/li><li class='ez-toc-page-1 ez-toc-heading-level-2'><a class=\"ez-toc-link ez-toc-heading-6\" href=\"https:\/\/moverdb.com\/sv\/moving-companies\/moving-companies-jordan\/#6_Naouri_Group\" >6. Naouri-gruppen<\/a><\/li><\/ul><\/nav><\/div>\n<h2><span class=\"ez-toc-section\" id=\"1_CML_Safe_Pak\"><\/span><strong>1. CML Safe Pak<\/strong><span class=\"ez-toc-section-end\"><\/span><\/h2>\n<p><img loading=\"lazy\" decoding=\"async\" class=\"alignnone size-full wp-image-8391\" src=\"https:\/\/moverdb.com\/wp-content\/uploads\/CML-Safe-Pak-international-moving-company.png\" alt=\"CML Safe Pak internationell flyttfirma\" width=\"1440\" height=\"667\" data-wp-pid=\"8391\" srcset=\"https:\/\/moverdb.com\/wp-content\/uploads\/CML-Safe-Pak-international-moving-company.png 1440w, https:\/\/moverdb.com\/wp-content\/uploads\/CML-Safe-Pak-international-moving-company-300x139.png 300w, https:\/\/moverdb.com\/wp-content\/uploads\/CML-Safe-Pak-international-moving-company-1024x474.png 1024w, https:\/\/moverdb.com\/wp-content\/uploads\/CML-Safe-Pak-international-moving-company-18x8.png 18w, https:\/\/moverdb.com\/wp-content\/uploads\/CML-Safe-Pak-international-moving-company-600x278.png 600w\" sizes=\"auto, (max-width: 1440px) 100vw, 1440px\" \/><\/p>\n<ul>\n<li>Lokala och nationella flyttningar<\/li>\n<li>Internationella flyttningar<\/li>\n<li>Flyttning av bost\u00e4der<\/li>\n<li>Samordnare f\u00f6r flyttning<\/li>\n<li>F\u00f6rpackningstj\u00e4nst<\/li>\n<li>Land-, sj\u00f6- och lufttransporter<\/li>\n<li>Tullklarering<\/li>\n<li>Transport av s\u00e4llskapsdjur<\/li>\n<li>Reng\u00f6ringstj\u00e4nster<\/li>\n<li>S\u00e4ker lagring<\/li>\n<\/ul>\n<p>CML Safe Pak \u00e4r ett f\u00f6retag f\u00f6r flytt-, logistik- och frakttj\u00e4nster som har hj\u00e4lpt m\u00e4nniskor att flytta sedan 1992 och \u00e4r baserat i Amman. De \u00e4r medlemmar i <a href=\"https:\/\/moverdb.com\/sv\/harmony-relocation-network\/\" data-internallinksmanager029f6b8e52c=\"20\" title=\"F\u00f6rklaring av Harmony Relocation Network (HRN)\">Harmony Relocation Network<\/a> och IAM med 31 \u00e5rs erfarenhet och \u00e4r ackrediterade av FIDI. Dessa f\u00f6reningar ger dem tillg\u00e5ng till ett internationellt n\u00e4tverk av flyttfirmor.<\/p>\n<p>CML Safe Pak erbjuder en konsultation f\u00f6re flytten med en flyttkonsult f\u00f6r att bed\u00f6ma dina behov. Flyttkoordinatorn sk\u00f6ter all logistik f\u00f6r din flytt, inklusive pappersarbete och tullklarering. De erbjuder ytterligare tj\u00e4nster som omfattar flyttst\u00e4dning, flyttst\u00e4dning, flyttning av konst och antikviteter samt transport av husdjur.<\/p>\n<p>Webbplats: <a href=\"http:\/\/www.cml-jo.com\" target=\"_blank\" rel=\"noopener\">http:\/\/www.cml-jo.com<\/a><\/p>\n<h2><span class=\"ez-toc-section\" id=\"2_Jirpac\"><\/span><strong>2. Jirpac<\/strong><span class=\"ez-toc-section-end\"><\/span><\/h2>\n<p><img loading=\"lazy\" decoding=\"async\" class=\"alignnone size-full wp-image-8333\" src=\"https:\/\/moverdb.com\/wp-content\/uploads\/Jirpac-international-moving-company.png\" alt=\"Jirpac internationell flyttfirma\" width=\"1440\" height=\"679\" data-wp-pid=\"8333\" srcset=\"https:\/\/moverdb.com\/wp-content\/uploads\/Jirpac-international-moving-company.png 1440w, https:\/\/moverdb.com\/wp-content\/uploads\/Jirpac-international-moving-company-300x141.png 300w, https:\/\/moverdb.com\/wp-content\/uploads\/Jirpac-international-moving-company-1024x483.png 1024w, https:\/\/moverdb.com\/wp-content\/uploads\/Jirpac-international-moving-company-18x8.png 18w, https:\/\/moverdb.com\/wp-content\/uploads\/Jirpac-international-moving-company-600x283.png 600w\" sizes=\"auto, (max-width: 1440px) 100vw, 1440px\" \/><\/p>\n<ul>\n<li>Nationella flyttningar<\/li>\n<li>Internationella flyttar<\/li>\n<li>Hush\u00e5llsflyttar<\/li>\n<li>Flyttning av anst\u00e4llda<\/li>\n<li>F\u00f6retags- och kontorsflyttar<\/li>\n<li>F\u00f6rpackningstj\u00e4nst<\/li>\n<li>Land-, sj\u00f6- och lufttransporter<\/li>\n<li>Tullf\u00f6rmedling<\/li>\n<li>F\u00f6rs\u00e4kring<\/li>\n<li>S\u00e4kra f\u00f6rvaringsutrymmen<\/li>\n<\/ul>\n<p>Jirpac \u00e4r ett internationellt flytt- och f\u00f6rpackningsf\u00f6retag som grundades 1978 och har sitt s\u00e4te i Amman. De har ett n\u00e4tverk av korrespondenter \u00f6ver hela v\u00e4rlden i 170 l\u00e4nder som hj\u00e4lper dem att tillhandah\u00e5lla tj\u00e4nster internationellt. De \u00e4r medlemmar i IAM med 45 \u00e5rs erfarenhet.<\/p>\n<p>Jirpac erbjuder nationella och internationella flyttj\u00e4nster till hush\u00e5ll och organisationer. De erbjuder en f\u00f6rpackningstj\u00e4nst som tillhandah\u00e5ller en m\u00e4ngd olika f\u00f6rpackningsmaterial och kartonger f\u00f6r att skydda dina tillh\u00f6righeter under transporten som uppfyller internationella standarder. De erbjuder transport p\u00e5 land, i luften och till sj\u00f6ss med tullklareringstj\u00e4nster.<\/p>\n<p>Webbplats: <a href=\"http:\/\/www.jirpac.com\" target=\"_blank\" rel=\"noopener\">http:\/\/www.jirpac.com<\/a><\/p>\n<h2><span class=\"ez-toc-section\" id=\"3_Jordanian_Coast_Cargo_Service\"><\/span><strong>3. Jordanian Coast Cargo Service<\/strong><span class=\"ez-toc-section-end\"><\/span><\/h2>\n<p><img loading=\"lazy\" decoding=\"async\" class=\"alignnone size-full wp-image-8334\" src=\"https:\/\/moverdb.com\/wp-content\/uploads\/Jordanian-Coast-Cargo-Services-international-moving-company.png\" alt=\"Jordanian Coast Cargo Services internationell flyttfirma\" width=\"1440\" height=\"677\" data-wp-pid=\"8334\" srcset=\"https:\/\/moverdb.com\/wp-content\/uploads\/Jordanian-Coast-Cargo-Services-international-moving-company.png 1440w, https:\/\/moverdb.com\/wp-content\/uploads\/Jordanian-Coast-Cargo-Services-international-moving-company-300x141.png 300w, https:\/\/moverdb.com\/wp-content\/uploads\/Jordanian-Coast-Cargo-Services-international-moving-company-1024x481.png 1024w, https:\/\/moverdb.com\/wp-content\/uploads\/Jordanian-Coast-Cargo-Services-international-moving-company-18x8.png 18w, https:\/\/moverdb.com\/wp-content\/uploads\/Jordanian-Coast-Cargo-Services-international-moving-company-600x282.png 600w\" sizes=\"auto, (max-width: 1440px) 100vw, 1440px\" \/><\/p>\n<ul>\n<li>Nationella flyttningar<\/li>\n<li>Internationella flyttningar<\/li>\n<li>Hush\u00e5llsflyttar<\/li>\n<li>Kommersiella tj\u00e4nster<\/li>\n<li>D\u00f6rr-till-d\u00f6rr-tj\u00e4nster<\/li>\n<li>Professionell f\u00f6rpackningstj\u00e4nst<\/li>\n<li>Land-, luft- och sj\u00f6transporter<\/li>\n<li>Tullklarering<\/li>\n<li>Transport av fordon och husdjur<\/li>\n<li>S\u00e4ker kort- och l\u00e5ngtidslagring<\/li>\n<\/ul>\n<p>Jordanian Coast Cargo Services \u00e4r ett sj\u00f6fartsf\u00f6retag, <a href=\"https:\/\/moverdb.com\/sv\/freight-forwarder\/\" data-internallinksmanager029f6b8e52c=\"17\" title=\"Guide f\u00f6r internationella kostnader och f\u00f6retag f\u00f6r spedit\u00f6rer och NVOCC\">spedit\u00f6r<\/a> och lagerf\u00f6retag som erbjuder flyttj\u00e4nster och diplomatiska flyttar. F\u00f6retaget grundades \u00e5r 2000 och har sitt s\u00e4te i Amman. De samarbetar med internationella organisationer f\u00f6r att tillhandah\u00e5lla sina tj\u00e4nster \u00f6ver hela v\u00e4rlden. De \u00e4r medlemmar i IAM med 23 \u00e5rs erfarenhet.<\/p>\n<p>Jordanian Coast Cargo Services erbjuder en d\u00f6rr-till-d\u00f6rr-tj\u00e4nst med h\u00f6gt kvalificerade packare som anv\u00e4nder h\u00f6gkvalitativt f\u00f6rpackningsmaterial och l\u00e5dor f\u00f6r att flytta dina tillh\u00f6righeter p\u00e5 ett s\u00e4kert s\u00e4tt. De ordnar transport med tullklarering, detta kan ske land-, luft- eller sj\u00f6v\u00e4gen i mindre \u00e4n containerlaster och hela containerlaster.<\/p>\n<p>Webbplats: <a href=\"http:\/\/www.jordaniancoastco.com\" target=\"_blank\" rel=\"noopener\">http:\/\/www.jordaniancoastco.com<\/a><\/p>\n<h2><span class=\"ez-toc-section\" id=\"4_Levant_Express\"><\/span><strong>4. Levant Express<\/strong><span class=\"ez-toc-section-end\"><\/span><\/h2>\n<p><img loading=\"lazy\" decoding=\"async\" class=\"alignnone size-full wp-image-8392\" src=\"https:\/\/moverdb.com\/wp-content\/uploads\/Levant-Express-international-moving-company.png\" alt=\"Levant Express internationell flyttfirma\" width=\"1440\" height=\"683\" data-wp-pid=\"8392\" srcset=\"https:\/\/moverdb.com\/wp-content\/uploads\/Levant-Express-international-moving-company.png 1440w, https:\/\/moverdb.com\/wp-content\/uploads\/Levant-Express-international-moving-company-300x142.png 300w, https:\/\/moverdb.com\/wp-content\/uploads\/Levant-Express-international-moving-company-1024x486.png 1024w, https:\/\/moverdb.com\/wp-content\/uploads\/Levant-Express-international-moving-company-18x9.png 18w, https:\/\/moverdb.com\/wp-content\/uploads\/Levant-Express-international-moving-company-600x285.png 600w\" sizes=\"auto, (max-width: 1440px) 100vw, 1440px\" \/><\/p>\n<ul>\n<li>Nationella flyttningar<\/li>\n<li>Internationella flyttningar<\/li>\n<li>Flyttning av hush\u00e5ll<\/li>\n<li>Inledande unders\u00f6kning<\/li>\n<li>F\u00f6rpackningstj\u00e4nst<\/li>\n<li>Inventarief\u00f6rteckning<\/li>\n<li>Transporter p\u00e5 land, till sj\u00f6ss och i luften<\/li>\n<li>Tullklarering<\/li>\n<li>F\u00f6rs\u00e4kring<\/li>\n<li>F\u00f6rvaringsutrymmen<\/li>\n<\/ul>\n<p>Levant Express \u00e4r en leverant\u00f6r av helhetsl\u00f6sningar f\u00f6r leveranskedjan som erbjuder flyttj\u00e4nster. De bildades 1930 och har anl\u00e4ggningar i Jordanien och <a href=\"https:\/\/moverdb.com\/sv\/moving-companies\/moving-companies-lebanon\/\" data-internallinksmanager029f6b8e52c=\"302\" title=\"7 b\u00e4sta internationella flyttfirmor i Libanon\">Libanon<\/a>. De \u00e4r medlemmar i IAM med 93 \u00e5rs erfarenhet, vilket ger dem tillg\u00e5ng till ett internationellt n\u00e4tverk av flyttfirmor som st\u00f6der dem.<\/p>\n<p>Levant Express erbjuder en unders\u00f6kning f\u00f6re flytten f\u00f6r att uppskatta volymen av din flytt och skapa en offert. De tillhandah\u00e5ller en f\u00f6rpackningstj\u00e4nst som skyddar dina tillh\u00f6righeter under transporten med hj\u00e4lp av det l\u00e4mpligaste f\u00f6rpackningsmaterialet, inklusive kartonger och l\u00e5dor. Alla f\u00f6rpackningar m\u00e4rks och en inventarief\u00f6rteckning uppr\u00e4ttas.<\/p>\n<p>Webbplats: <a href=\"http:\/\/www.levantexpress.net\" target=\"_blank\" rel=\"noopener\">http:\/\/www.levantexpress.net<\/a><\/p>\n<h2><span class=\"ez-toc-section\" id=\"5_Logistimania\"><\/span><strong>5. <\/strong><strong>Logistimania<\/strong><span class=\"ez-toc-section-end\"><\/span><\/h2>\n<p><img loading=\"lazy\" decoding=\"async\" class=\"alignnone size-full wp-image-8337\" src=\"https:\/\/moverdb.com\/wp-content\/uploads\/Logistimania-international-moving-company.png\" alt=\"Logistimania internationell flyttfirma\" width=\"1440\" height=\"676\" data-wp-pid=\"8337\" srcset=\"https:\/\/moverdb.com\/wp-content\/uploads\/Logistimania-international-moving-company.png 1440w, https:\/\/moverdb.com\/wp-content\/uploads\/Logistimania-international-moving-company-300x141.png 300w, https:\/\/moverdb.com\/wp-content\/uploads\/Logistimania-international-moving-company-1024x481.png 1024w, https:\/\/moverdb.com\/wp-content\/uploads\/Logistimania-international-moving-company-18x8.png 18w, https:\/\/moverdb.com\/wp-content\/uploads\/Logistimania-international-moving-company-600x282.png 600w\" sizes=\"auto, (max-width: 1440px) 100vw, 1440px\" \/><\/p>\n<ul>\n<li>Nationella flyttningar<\/li>\n<li>Internationella flyttar<\/li>\n<li>Flyttning av hush\u00e5ll<\/li>\n<li>Kommersiell last<\/li>\n<li>D\u00f6rr-till-d\u00f6rr-tj\u00e4nster<\/li>\n<li>Professionell f\u00f6rpackningstj\u00e4nst<\/li>\n<li>F\u00f6rpackningsmaterial av h\u00f6g kvalitet<\/li>\n<li>Transport med flyg, b\u00e5t och v\u00e4g<\/li>\n<li>Tullklarering<\/li>\n<li>F\u00f6rvaringsutrymmen<\/li>\n<\/ul>\n<p>Logistimania \u00e4r ett internationellt flytt- och speditionsf\u00f6retag som grundades i Stockholm, men de har \u00e4ven en filial i Amman, Jordanien. De har l\u00e5ngsiktiga relationer med rederier, fraktbolag och lastbilsleverant\u00f6rer f\u00f6r att leverera sina tj\u00e4nster \u00f6ver hela v\u00e4rlden och de \u00e4r \u00e4ven medlemmar i IAM.<\/p>\n<p>Logistimania erbjuder flytt- och flyttj\u00e4nster fr\u00e5n d\u00f6rr till d\u00f6rr. De erbjuder en professionell f\u00f6rpackningstj\u00e4nst som anv\u00e4nder f\u00f6rpackningsmaterial av h\u00f6g kvalitet f\u00f6r att skydda dina f\u00f6rem\u00e5l under transporten. De ordnar transport med flyg, b\u00e5t och v\u00e4g med tullklarering om det beh\u00f6vs. De hj\u00e4lper till med att packa upp dina f\u00f6rem\u00e5l vid ankomsten.<\/p>\n<p>Webbplats: <a href=\"http:\/\/www.logistimania.com\" target=\"_blank\" rel=\"noopener\">http:\/\/www.logistimania.com<\/a><\/p>\n<h2><span class=\"ez-toc-section\" id=\"6_Naouri_Group\"><\/span><strong>6. Naouri-gruppen<\/strong><span class=\"ez-toc-section-end\"><\/span><\/h2>\n<p><img loading=\"lazy\" decoding=\"async\" class=\"alignnone size-full wp-image-8347\" src=\"https:\/\/moverdb.com\/wp-content\/uploads\/Naouri-Group-international-moving-company.png\" alt=\"Naouri Group internationell flyttfirma\" width=\"1440\" height=\"680\" data-wp-pid=\"8347\" srcset=\"https:\/\/moverdb.com\/wp-content\/uploads\/Naouri-Group-international-moving-company.png 1440w, https:\/\/moverdb.com\/wp-content\/uploads\/Naouri-Group-international-moving-company-300x142.png 300w, https:\/\/moverdb.com\/wp-content\/uploads\/Naouri-Group-international-moving-company-1024x484.png 1024w, https:\/\/moverdb.com\/wp-content\/uploads\/Naouri-Group-international-moving-company-18x9.png 18w, https:\/\/moverdb.com\/wp-content\/uploads\/Naouri-Group-international-moving-company-600x283.png 600w\" sizes=\"auto, (max-width: 1440px) 100vw, 1440px\" \/><\/p>\n<ul>\n<li>Nationella flyttningar<\/li>\n<li>Internationella flyttar<\/li>\n<li>F\u00f6retagets leveranser<\/li>\n<li>Enskilda s\u00e4ndningar<\/li>\n<li>Projekt som skickas vidare<\/li>\n<li>Skr\u00e4ddarsydd service<\/li>\n<li>Transport p\u00e5 v\u00e4g, till sj\u00f6ss och i luften<\/li>\n<li>Grupperingsalternativ<\/li>\n<li>Tullklarering<\/li>\n<li>Containerterminal<\/li>\n<\/ul>\n<p>Naouri Group \u00e4r ett speditions- och logistikf\u00f6retag som grundades 1994 och har sitt s\u00e4te i Amman med verksamhet \u00e4ven i <a href=\"https:\/\/moverdb.com\/sv\/moving-companies\/moving-companies-iraq\/\" data-internallinksmanager029f6b8e52c=\"314\" title=\"2 b\u00e4sta internationella flyttfirmor i Irak\">Irak<\/a> och Palestina. De \u00e4r medlemmar i IAM med 13 \u00e5rs erfarenhet och \u00e4r ackrediterade av FIDI. Dessa sammanslutningar ger dem tillg\u00e5ng till ett internationellt n\u00e4tverk av agenter som hj\u00e4lper dem att leverera tj\u00e4nster utomlands.<\/p>\n<p>Naouri Group erbjuder skr\u00e4ddarsydda tj\u00e4nster f\u00f6r att uppfylla dina krav och h\u00e4vdar att de \u00e4r en av Jordaniens ledande logistikgrupper. De erbjuder en rad olika transport- och speditionstj\u00e4nster som omfattar v\u00e4g-, luft- och sj\u00f6fartstj\u00e4nster samt samlastningsalternativ f\u00f6r mindre \u00e4n containerlaster.<\/p>\n<p>Webbplats: <a href=\"http:\/\/www.naouri.com\" target=\"_blank\" rel=\"noopener\">http:\/\/www.naouri.com<\/a><\/p>","protected":false},"excerpt":{"rendered":"<p>Are you moving home or your business? Then the organisation and paperwork may be starting to daunt you, so you may want the assistance of a moving company. If you are looking to move within, to or from Jordan we have compiled the below list of removal companies that are members of the International Association [&hellip;]<\/p>\n","protected":false},"author":4,"featured_media":0,"parent":190,"menu_order":0,"comment_status":"closed","ping_status":"closed","template":"","meta":{"_genesis_hide_title":false,"_genesis_hide_breadcrumbs":false,"_genesis_hide_singular_image":false,"_genesis_hide_footer_widgets":false,"_genesis_custom_body_class":"","_genesis_custom_post_class":"","_genesis_layout":"","footnotes":""},"class_list":{"0":"post-8390","1":"page","2":"type-page","3":"status-publish","5":"entry","6":"has-post-thumbnail"},"_links":{"self":[{"href":"https:\/\/moverdb.com\/sv\/wp-json\/wp\/v2\/pages\/8390","targetHints":{"allow":["GET"]}}],"collection":[{"href":"https:\/\/moverdb.com\/sv\/wp-json\/wp\/v2\/pages"}],"about":[{"href":"https:\/\/moverdb.com\/sv\/wp-json\/wp\/v2\/types\/page"}],"author":[{"embeddable":true,"href":"https:\/\/moverdb.com\/sv\/wp-json\/wp\/v2\/users\/4"}],"replies":[{"embeddable":true,"href":"https:\/\/moverdb.com\/sv\/wp-json\/wp\/v2\/comments?post=8390"}],"version-history":[{"count":1,"href":"https:\/\/moverdb.com\/sv\/wp-json\/wp\/v2\/pages\/8390\/revisions"}],"predecessor-version":[{"id":8393,"href":"https:\/\/moverdb.com\/sv\/wp-json\/wp\/v2\/pages\/8390\/revisions\/8393"}],"up":[{"embeddable":true,"href":"https:\/\/moverdb.com\/sv\/wp-json\/wp\/v2\/pages\/190"}],"wp:attachment":[{"href":"https:\/\/moverdb.com\/sv\/wp-json\/wp\/v2\/media?parent=8390"}],"curies":[{"name":"wp","href":"https:\/\/api.w.org\/{rel}","templated":true}]}}