{"id":7779,"date":"2023-04-27T14:57:32","date_gmt":"2023-04-27T14:57:32","guid":{"rendered":"https:\/\/moverdb.com\/?page_id=7779"},"modified":"2026-01-08T15:29:20","modified_gmt":"2026-01-08T15:29:20","slug":"moving-companies-israel","status":"publish","type":"page","link":"https:\/\/moverdb.com\/sv\/moving-companies\/moving-companies-israel\/","title":{"rendered":"6 b\u00e4sta internationella flyttfirmor i Israel"},"content":{"rendered":"<p>Det kan vara stressigt att flytta sitt hem eller f\u00f6retag, s\u00e5 det \u00e4r viktigt att anlita en <a href=\"https:\/\/moverdb.com\/sv\/moving-companies\/\" data-internallinksmanager029f6b8e52c=\"79\" title=\"Topp 25 internationella flyttfirmor p\u00e5 n\u00e4tet\">flyttfirma<\/a> kan minska arbetsb\u00f6rdan och underl\u00e4tta flytten. Nedan har vi d\u00e4rf\u00f6r sammanst\u00e4llt en lista \u00f6ver <a href=\"https:\/\/moverdb.com\/sv\/moving-to-israel\/\" data-internallinksmanager029f6b8e52c=\"333\" title=\"Flytta till Israel? 2026 Levnadskostnader och tips om flytt\">Israel<\/a> . <a href=\"https:\/\/moverdb.com\/sv\/international-removals\/\" data-internallinksmanager029f6b8e52c=\"27\" title=\"36 b\u00e4sta internationella flyttfirmor i Storbritannien\">flyttfirmor<\/a> som \u00e4r medlemmar i <a href=\"https:\/\/moverdb.com\/sv\/iam\/\" data-internallinksmanager029f6b8e52c=\"23\" title=\"International Association of Movers (IAM) f\u00f6rklaras\">Internationella sammanslutningen av flyttfirmor<\/a> (IAM) och\/eller <a href=\"https:\/\/moverdb.com\/sv\/fidi-faim\/\" data-internallinksmanager029f6b8e52c=\"16\" title=\"FIDI &amp; FAIM (FIDI Accredited International Mover) f\u00f6rklaras\">FIDI<\/a> Accredited International Mover (FAIM) som kan hj\u00e4lpa dig med din flytt till, fr\u00e5n eller inom Israel.<\/p>\n<div id=\"ez-toc-container\" class=\"ez-toc-v2_0_82_2 ez-toc-wrap-left counter-hierarchy ez-toc-counter ez-toc-transparent ez-toc-container-direction\">\n<div class=\"ez-toc-title-container\">\n<p class=\"ez-toc-title\" style=\"cursor:inherit\">Avsnitt<\/p>\n<span class=\"ez-toc-title-toggle\"><a href=\"#\" class=\"ez-toc-pull-right ez-toc-btn ez-toc-btn-xs ez-toc-btn-default ez-toc-toggle\" aria-label=\"V\u00e4xla till inneh\u00e5llsf\u00f6rteckning\"><span class=\"ez-toc-js-icon-con\"><span class=\"\"><span class=\"eztoc-hide\" style=\"display:none;\">V\u00e4xel<\/span><span class=\"ez-toc-icon-toggle-span\"><svg style=\"fill: #999;color:#999\" xmlns=\"http:\/\/www.w3.org\/2000\/svg\" class=\"list-377408\" width=\"20px\" height=\"20px\" viewbox=\"0 0 24 24\" fill=\"none\"><path d=\"M6 6H4v2h2V6zm14 0H8v2h12V6zM4 11h2v2H4v-2zm16 0H8v2h12v-2zM4 16h2v2H4v-2zm16 0H8v2h12v-2z\" fill=\"currentColor\"><\/path><\/svg><svg style=\"fill: #999;color:#999\" class=\"arrow-unsorted-368013\" xmlns=\"http:\/\/www.w3.org\/2000\/svg\" width=\"10px\" height=\"10px\" viewbox=\"0 0 24 24\" version=\"1.2\" baseprofile=\"tiny\"><path d=\"M18.2 9.3l-6.2-6.3-6.2 6.3c-.2.2-.3.4-.3.7s.1.5.3.7c.2.2.4.3.7.3h11c.3 0 .5-.1.7-.3.2-.2.3-.5.3-.7s-.1-.5-.3-.7zM5.8 14.7l6.2 6.3 6.2-6.3c.2-.2.3-.5.3-.7s-.1-.5-.3-.7c-.2-.2-.4-.3-.7-.3h-11c-.3 0-.5.1-.7.3-.2.2-.3.5-.3.7s.1.5.3.7z\"\/><\/svg><\/span><\/span><\/span><\/a><\/span><\/div>\n<nav><ul class='ez-toc-list ez-toc-list-level-1 eztoc-toggle-hide-by-default' ><li class='ez-toc-page-1 ez-toc-heading-level-2'><a class=\"ez-toc-link ez-toc-heading-1\" href=\"https:\/\/moverdb.com\/sv\/moving-companies\/moving-companies-israel\/#1_Globus_Relocation\" >1. Flyttning av Globus<\/a><\/li><li class='ez-toc-page-1 ez-toc-heading-level-2'><a class=\"ez-toc-link ez-toc-heading-2\" href=\"https:\/\/moverdb.com\/sv\/moving-companies\/moving-companies-israel\/#2_Infinity_Pack_Ship\" >2. Infinity Pack &amp; Ship<\/a><\/li><li class='ez-toc-page-1 ez-toc-heading-level-2'><a class=\"ez-toc-link ez-toc-heading-3\" href=\"https:\/\/moverdb.com\/sv\/moving-companies\/moving-companies-israel\/#3_Ocean\" >3. Ocean<\/a><\/li><li class='ez-toc-page-1 ez-toc-heading-level-2'><a class=\"ez-toc-link ez-toc-heading-4\" href=\"https:\/\/moverdb.com\/sv\/moving-companies\/moving-companies-israel\/#4_Sonigo\" >4. Sonigo<\/a><\/li><li class='ez-toc-page-1 ez-toc-heading-level-2'><a class=\"ez-toc-link ez-toc-heading-5\" href=\"https:\/\/moverdb.com\/sv\/moving-companies\/moving-companies-israel\/#5_A_Univers_Transit\" >5. A. Univers Transit<\/a><\/li><li class='ez-toc-page-1 ez-toc-heading-level-2'><a class=\"ez-toc-link ez-toc-heading-6\" href=\"https:\/\/moverdb.com\/sv\/moving-companies\/moving-companies-israel\/#6_Teamnet\" >6. Teamnet<\/a><\/li><li class='ez-toc-page-1 ez-toc-heading-level-2'><a class=\"ez-toc-link ez-toc-heading-7\" href=\"https:\/\/moverdb.com\/sv\/moving-companies\/moving-companies-israel\/#Other_Useful_Guides_to_Israel\" >Andra anv\u00e4ndbara guider till Israel<\/a><\/li><\/ul><\/nav><\/div>\n<h2><span class=\"ez-toc-section\" id=\"1_Globus_Relocation\"><\/span><strong>1. Flyttning av Globus<\/strong><span class=\"ez-toc-section-end\"><\/span><\/h2>\n<p><img loading=\"lazy\" decoding=\"async\" class=\"alignnone size-full wp-image-7699\" src=\"https:\/\/moverdb.com\/wp-content\/uploads\/Globus-Relocation-international-moving-company.png\" alt=\"Globus Relocation internationell flyttfirma\" width=\"1440\" height=\"681\" data-wp-pid=\"7699\" srcset=\"https:\/\/moverdb.com\/wp-content\/uploads\/Globus-Relocation-international-moving-company.png 1440w, https:\/\/moverdb.com\/wp-content\/uploads\/Globus-Relocation-international-moving-company-300x142.png 300w, https:\/\/moverdb.com\/wp-content\/uploads\/Globus-Relocation-international-moving-company-1024x484.png 1024w, https:\/\/moverdb.com\/wp-content\/uploads\/Globus-Relocation-international-moving-company-18x9.png 18w, https:\/\/moverdb.com\/wp-content\/uploads\/Globus-Relocation-international-moving-company-600x284.png 600w\" sizes=\"auto, (max-width: 1440px) 100vw, 1440px\" \/><\/p>\n<ul>\n<li>Internationella flyttar<\/li>\n<li>Personliga flyttningar<\/li>\n<li>Kommersiella flyttar<\/li>\n<li>Flyttj\u00e4nster<\/li>\n<li>D\u00f6rr-till-d\u00f6rr-tj\u00e4nster<\/li>\n<li>Hj\u00e4lp med packning<\/li>\n<li>Avancerade och anpassade f\u00f6rpackningsmaterial<\/li>\n<li>Transporter p\u00e5 land, till sj\u00f6ss och i luften<\/li>\n<li>F\u00f6rs\u00e4kring<\/li>\n<li>S\u00e4ker lagring<\/li>\n<\/ul>\n<p>Globus Relocation \u00e4r ett internationellt f\u00f6retag som erbjuder f\u00f6rpackningar och <a href=\"https:\/\/moverdb.com\/sv\/shipping-companies\/\" data-internallinksmanager029f6b8e52c=\"4\" title=\"Topp 10 internationella containerrederier\">rederi<\/a> som grundades 2014 och har sitt s\u00e4te i Ashdod. De \u00e4r medlemmar i IAM och \u00e4r ackrediterade av FIDI. Dessa medlemskap eller ackrediterade ger dem tillg\u00e5ng till ett internationellt n\u00e4tverk av agenter.<\/p>\n<p>Globus Relocation skickar en av sina specialister f\u00f6r att hj\u00e4lpa dig under hela flytten. De erbjuder en d\u00f6rr-till-d\u00f6rr-tj\u00e4nst med avancerat f\u00f6rpackningsmaterial och skr\u00e4ddarsydda f\u00f6rpackningsl\u00f6sningar som passar alla f\u00f6rem\u00e5l. De ordnar transporten av dina tillh\u00f6righeter p\u00e5 marken, till sj\u00f6ss eller med flyg. De erbjuder ytterligare flyttj\u00e4nster som inkluderar arbetsvisum, hem- och skols\u00f6kning, m\u00f6beluthyrning, ankomsttj\u00e4nster och st\u00e4dtj\u00e4nster.<\/p>\n<p>Webbplats: <a href=\"http:\/\/www.globus-relocation.com\" target=\"_blank\" rel=\"noopener\">http:\/\/www.globus-relocation.com<\/a><\/p>\n<h2><span class=\"ez-toc-section\" id=\"2_Infinity_Pack_Ship\"><\/span><strong>2. Infinity Pack &amp; Ship<\/strong><span class=\"ez-toc-section-end\"><\/span><\/h2>\n<p><img loading=\"lazy\" decoding=\"async\" class=\"alignnone size-full wp-image-7707\" src=\"https:\/\/moverdb.com\/wp-content\/uploads\/Infinity-Pack-Ship-international-moving-company.png\" alt=\"Infinity Pack &amp; Ship internationell flyttfirma\" width=\"1440\" height=\"680\" data-wp-pid=\"7707\" srcset=\"https:\/\/moverdb.com\/wp-content\/uploads\/Infinity-Pack-Ship-international-moving-company.png 1440w, https:\/\/moverdb.com\/wp-content\/uploads\/Infinity-Pack-Ship-international-moving-company-300x142.png 300w, https:\/\/moverdb.com\/wp-content\/uploads\/Infinity-Pack-Ship-international-moving-company-1024x484.png 1024w, https:\/\/moverdb.com\/wp-content\/uploads\/Infinity-Pack-Ship-international-moving-company-18x9.png 18w, https:\/\/moverdb.com\/wp-content\/uploads\/Infinity-Pack-Ship-international-moving-company-600x283.png 600w\" sizes=\"auto, (max-width: 1440px) 100vw, 1440px\" \/><\/p>\n<ul>\n<li>Nationella flyttningar<\/li>\n<li>Internationella flyttar<\/li>\n<li>Flyttning av bost\u00e4der<\/li>\n<li>Kommersiella s\u00e4ndningar<\/li>\n<li>D\u00f6rr-till-d\u00f6rr eller d\u00f6rr-till-d\u00f6rr<a href=\"https:\/\/moverdb.com\/sv\/top-49-container-ports\/\" data-internallinksmanager029f6b8e52c=\"80\" title=\"Topp 49 st\u00f6rsta och mest trafikerade containerhamnar 2025\">port<\/a> service<\/li>\n<li>Hj\u00e4lp med packning<\/li>\n<li>V\u00e4g-, sj\u00f6- och lufttransporttj\u00e4nster<\/li>\n<li>Tullklarering<\/li>\n<li>F\u00f6rs\u00e4kring<\/li>\n<li>Kort- till l\u00e5ngtidsf\u00f6rvaring<\/li>\n<\/ul>\n<p>Infinity Pack &amp; Ship \u00e4r ett flytt- och logistikf\u00f6retag som grundades 2005 i Jerusalem. De samarbetar med ett internationellt n\u00e4tverk av flytt- och logistikf\u00f6retag f\u00f6r att leverera sina tj\u00e4nster. De \u00e4r medlemmar i IAM med 16 \u00e5rs erfarenhet.<\/p>\n<p>Infinity Pack &amp; Ship erbjuder en kostnadsfri unders\u00f6kning i hemmet och sk\u00f6ter allt pappersarbete f\u00f6r din flytt, inklusive tullklarering. De tillhandah\u00e5ller ett professionellt packningsteam som packar dina tillh\u00f6righeter p\u00e5 ett s\u00e4kert s\u00e4tt. De erbjuder en m\u00e4ngd olika transportalternativ, inklusive v\u00e4gtransporter som t.ex. slutna luftkuddar, sl\u00e4pvagnar och kylning, flygfrakt och sj\u00f6frakt som t.ex. fulla eller mindre \u00e4n containerlaster.<\/p>\n<p>Webbplats: <a href=\"http:\/\/infinitypack.co.il\" target=\"_blank\" rel=\"noopener\">http:\/\/infinitypack.co.il<\/a><\/p>\n<h2><span class=\"ez-toc-section\" id=\"3_Ocean\"><\/span><strong>3. <\/strong><strong>Ocean<\/strong><span class=\"ez-toc-section-end\"><\/span><\/h2>\n<p><img loading=\"lazy\" decoding=\"async\" class=\"alignnone size-full wp-image-7731\" src=\"https:\/\/moverdb.com\/wp-content\/uploads\/Ocean-international-moving-company.png\" alt=\"Internationellt flyttf\u00f6retag Ocean\" width=\"1440\" height=\"682\" data-wp-pid=\"7731\" srcset=\"https:\/\/moverdb.com\/wp-content\/uploads\/Ocean-international-moving-company.png 1440w, https:\/\/moverdb.com\/wp-content\/uploads\/Ocean-international-moving-company-300x142.png 300w, https:\/\/moverdb.com\/wp-content\/uploads\/Ocean-international-moving-company-1024x485.png 1024w, https:\/\/moverdb.com\/wp-content\/uploads\/Ocean-international-moving-company-18x9.png 18w, https:\/\/moverdb.com\/wp-content\/uploads\/Ocean-international-moving-company-600x284.png 600w\" sizes=\"auto, (max-width: 1440px) 100vw, 1440px\" \/><\/p>\n<ul>\n<li>Internationella flyttar<\/li>\n<li>Hush\u00e5llsflyttar<\/li>\n<li>Flyttj\u00e4nster<\/li>\n<li>Kundansvarig som st\u00f6djer dig<\/li>\n<li>F\u00f6rpackningstj\u00e4nst<\/li>\n<li>Transport p\u00e5 v\u00e4g, till sj\u00f6ss och i luften<\/li>\n<li>Tullklarering<\/li>\n<li>Sp\u00e5rning av f\u00f6rs\u00e4ndelsen<\/li>\n<li>Ackrediterad av FIDI<\/li>\n<li>Globala lagringstj\u00e4nster<\/li>\n<\/ul>\n<p>Ocean \u00e4r ett flyttf\u00f6retag som \u00e4r baserat i Kibbutz Yakum. De samarbetar med internationella partner f\u00f6r att tillhandah\u00e5lla flytt- och omlokaliseringstj\u00e4nster internationellt. De \u00e4r medlemmar i IAM med 79 \u00e5rs erfarenhet och \u00e4r ackrediterade av FIDI.<\/p>\n<p>Ocean tillhandah\u00e5ller en flyttledare som hj\u00e4lper dig under hela flytten och skapar en transportplan. De tillhandah\u00e5ller en v\u00e4rderingsman som bed\u00f6mer dina behov och uppr\u00e4ttar en plan f\u00f6r vad som ska transporteras med flyg, till sj\u00f6ss eller i bagage. Deras flyttj\u00e4nster omfattar bland annat att hitta ett hem och skolor, acklimatiseringstj\u00e4nster, tillf\u00e4lligt boende, m\u00f6beluthyrning, arbetsvisum, spr\u00e5kinl\u00e4rning och lagringsl\u00f6sningar.<\/p>\n<p>Webbplats: <a href=\"http:\/\/www.ocean-il.co.il\" target=\"_blank\" rel=\"noopener\">http:\/\/www.ocean-il.co.il<\/a><\/p>\n<h2><span class=\"ez-toc-section\" id=\"4_Sonigo\"><\/span><strong>4. Sonigo<\/strong><span class=\"ez-toc-section-end\"><\/span><\/h2>\n<p><img loading=\"lazy\" decoding=\"async\" class=\"alignnone size-full wp-image-7750\" src=\"https:\/\/moverdb.com\/wp-content\/uploads\/Sonigo-international-moving-company.png\" alt=\"Sonigo internationell flyttfirma\" width=\"1440\" height=\"679\" data-wp-pid=\"7750\" srcset=\"https:\/\/moverdb.com\/wp-content\/uploads\/Sonigo-international-moving-company.png 1440w, https:\/\/moverdb.com\/wp-content\/uploads\/Sonigo-international-moving-company-300x141.png 300w, https:\/\/moverdb.com\/wp-content\/uploads\/Sonigo-international-moving-company-1024x483.png 1024w, https:\/\/moverdb.com\/wp-content\/uploads\/Sonigo-international-moving-company-18x8.png 18w, https:\/\/moverdb.com\/wp-content\/uploads\/Sonigo-international-moving-company-600x283.png 600w\" sizes=\"auto, (max-width: 1440px) 100vw, 1440px\" \/><\/p>\n<ul>\n<li>Lokala och nationella flyttningar<\/li>\n<li>Internationella flyttar och omlokaliseringar<\/li>\n<li>Hush\u00e5llsflyttar<\/li>\n<li>Kommersiella flyttar<\/li>\n<li>D\u00f6rr-till-d\u00f6rr-tj\u00e4nster<\/li>\n<li>F\u00f6rpackningstj\u00e4nst<\/li>\n<li>Tullklarering<\/li>\n<li>Hantering av konst<\/li>\n<li>F\u00f6rs\u00e4kring<\/li>\n<li>Kort- och l\u00e5ngtidsf\u00f6rvaring<\/li>\n<\/ul>\n<p>Sonigo \u00e4r en <a href=\"https:\/\/moverdb.com\/sv\/container-shipping\/\" data-internallinksmanager029f6b8e52c=\"3\" title=\"Diagram \u00f6ver internationella containerfraktpriser: April 2026\">Internationell frakt<\/a> f\u00f6retag i Gan Yavne som har varit verksamt sedan 1986 och erbjuder f\u00f6rpacknings- och transporttj\u00e4nster f\u00f6r hush\u00e5ll och f\u00f6retag. De har ett globalt n\u00e4tverk av handplockade internationella speditionsagenter som st\u00f6der dem. De \u00e4r medlemmar i IAM med 36 \u00e5rs erfarenhet och \u00e4r ackrediterade av FIDI.<\/p>\n<p>Sonigo erbjuder flytt- och flyttj\u00e4nster fr\u00e5n d\u00f6rr till d\u00f6rr som b\u00f6rjar med en unders\u00f6kning i hemmet f\u00f6r att bed\u00f6ma behoven och ge en offert. De erbjuder en professionell packningstj\u00e4nst, f\u00e4rdigst\u00e4llande av dokumentation och arrangemang av transport. Deras flyttj\u00e4nster omfattar visum, skatter\u00e5dgivning, hem- och skols\u00f6kning, m\u00f6beluthyrning, ankomsttj\u00e4nster, orienteringstj\u00e4nster och hj\u00e4lp med f\u00f6rs\u00f6rjningsfr\u00e5gor.<\/p>\n<p>Webbplats: <a href=\"http:\/\/www.sonigo.com\" target=\"_blank\" rel=\"noopener\">http:\/\/www.sonigo.com<\/a><\/p>\n<h2><span class=\"ez-toc-section\" id=\"5_A_Univers_Transit\"><\/span><strong>5. A. Univers Transit<\/strong><span class=\"ez-toc-section-end\"><\/span><\/h2>\n<p><img loading=\"lazy\" decoding=\"async\" class=\"alignnone size-full wp-image-7654\" src=\"https:\/\/moverdb.com\/wp-content\/uploads\/A-Univers-Transit-international-moving-company.png\" alt=\"Ett internationellt flyttf\u00f6retag fr\u00e5n Univers Transit\" width=\"1440\" height=\"691\" data-wp-pid=\"7654\" srcset=\"https:\/\/moverdb.com\/wp-content\/uploads\/A-Univers-Transit-international-moving-company.png 1440w, https:\/\/moverdb.com\/wp-content\/uploads\/A-Univers-Transit-international-moving-company-300x144.png 300w, https:\/\/moverdb.com\/wp-content\/uploads\/A-Univers-Transit-international-moving-company-1024x491.png 1024w, https:\/\/moverdb.com\/wp-content\/uploads\/A-Univers-Transit-international-moving-company-18x9.png 18w, https:\/\/moverdb.com\/wp-content\/uploads\/A-Univers-Transit-international-moving-company-600x288.png 600w\" sizes=\"auto, (max-width: 1440px) 100vw, 1440px\" \/><\/p>\n<ul>\n<li>Internationella flyttar<\/li>\n<li>Hush\u00e5llsflyttar<\/li>\n<li>Kommersiella flyttar<\/li>\n<li>Flyttj\u00e4nster<\/li>\n<li>D\u00f6rr-till-d\u00f6rr-tj\u00e4nster<\/li>\n<li>Professionell f\u00f6rpackning<\/li>\n<li>Luft- och sj\u00f6transporter<\/li>\n<li>Fullg\u00f6rande av pappersarbete<\/li>\n<li>S\u00f6kning i hem och skola<\/li>\n<li>S\u00e4ker lagring<\/li>\n<\/ul>\n<p>Univers Transit \u00e4r ett frakt-, transport- och flyttf\u00f6retag som \u00e4ven erbjuder f\u00f6rpacknings- och f\u00f6rvaringsl\u00f6sningar och grundades i slutet av 1980-talet. De har kontor i Tel Aviv, Ashdod och Haifa. De \u00e4r medlemmar i IAM med 28 \u00e5rs erfarenhet och \u00e4r ackrediterade av FIDI.<\/p>\n<p>Univers Transit erbjuder flytt- och flyttj\u00e4nster fr\u00e5n d\u00f6rr till d\u00f6rr som b\u00f6rjar med ett samr\u00e5dsm\u00f6te f\u00f6r att bed\u00f6ma dina behov och skapa en flyttplan. De tillhandah\u00e5ller professionella f\u00f6rpackningstj\u00e4nster och l\u00e4mpliga l\u00e5dor f\u00f6r dina tillh\u00f6righeter. De lastar containrar och l\u00e5dor f\u00f6r transport och tar dem till flygplatsen eller hamnen f\u00f6r leverans.<\/p>\n<p>Webbplats: <a href=\"http:\/\/www.univers-transit.co.il\" target=\"_blank\" rel=\"noopener\">http:\/\/www.univers-transit.co.il<\/a><\/p>\n<h2><span class=\"ez-toc-section\" id=\"6_Teamnet\"><\/span><strong>6. Teamnet<\/strong><span class=\"ez-toc-section-end\"><\/span><\/h2>\n<p><img loading=\"lazy\" decoding=\"async\" class=\"alignnone size-full wp-image-7752\" src=\"https:\/\/moverdb.com\/wp-content\/uploads\/Teamnet-international-moving-company.png\" alt=\"Teamnet internationellt flyttf\u00f6retag\" width=\"1440\" height=\"685\" data-wp-pid=\"7752\" srcset=\"https:\/\/moverdb.com\/wp-content\/uploads\/Teamnet-international-moving-company.png 1440w, https:\/\/moverdb.com\/wp-content\/uploads\/Teamnet-international-moving-company-300x143.png 300w, https:\/\/moverdb.com\/wp-content\/uploads\/Teamnet-international-moving-company-1024x487.png 1024w, https:\/\/moverdb.com\/wp-content\/uploads\/Teamnet-international-moving-company-18x9.png 18w, https:\/\/moverdb.com\/wp-content\/uploads\/Teamnet-international-moving-company-600x285.png 600w\" sizes=\"auto, (max-width: 1440px) 100vw, 1440px\" \/><\/p>\n<ul>\n<li>Internationella flyttar<\/li>\n<li>Personliga flyttningar<\/li>\n<li>Kommersiella s\u00e4ndningar<\/li>\n<li>Flyttj\u00e4nster<\/li>\n<li>D\u00f6rr-till-d\u00f6rr-tj\u00e4nster<\/li>\n<li>F\u00f6rpackningstj\u00e4nster<\/li>\n<li>Ordnande av frakt eller flygfrakt<\/li>\n<li>Tullformaliteter<\/li>\n<li>F\u00f6rs\u00e4kring<\/li>\n<li>F\u00f6rvaringsutrymmen<\/li>\n<\/ul>\n<p>Teamnet \u00e4r ett flyttf\u00f6retag i Haifa. De erbjuder en rad tj\u00e4nster till privatpersoner och f\u00f6retag som transporterar varor till eller fr\u00e5n Israel. De arbetar med ett n\u00e4tverk av internationella agenter f\u00f6r att tillhandah\u00e5lla tj\u00e4nster utanf\u00f6r Israel och \u00e4r medlemmar i IAM.<\/p>\n<p>Teamnet erbjuder en d\u00f6rr-till-d\u00f6rr flytt- och omlokaliseringstj\u00e4nst f\u00f6r utg\u00e5ende och inkommande kunder till Israel. De erbjuder en konsultation i hemmet f\u00f6r att utv\u00e4rdera dina flyttbehov. De skapar en detaljerad plan och tillhandah\u00e5ller en packningstj\u00e4nst med avancerat f\u00f6rpackningsmaterial som l\u00e4mpar sig f\u00f6r sj\u00f6- eller flygtransport. De sk\u00f6ter myndigheterna och tullformaliteterna.<\/p>\n<p>Webbplats: <a href=\"http:\/\/www.en.team-net.co.il\" target=\"_blank\" rel=\"noopener\">http:\/\/www.en.team-net.co.il<\/a><\/p>\n<h2><span class=\"ez-toc-section\" id=\"Other_Useful_Guides_to_Israel\"><\/span>Andra anv\u00e4ndbara guider till Israel<span class=\"ez-toc-section-end\"><\/span><\/h2>\n<ul>\n<li> <a href=\"https:\/\/moverdb.com\/sv\/container-transport\/israel\/\">2024 Sj\u00f6frakt Containerfraktpriser till och fr\u00e5n Israel<\/a><\/li>\n<li> <a href=\"https:\/\/moverdb.com\/sv\/moving-to-israel\/\">Flytta till Israel? 2026 Levnadskostnader och tips om flytt<\/a><\/li>\n<li> <a href=\"https:\/\/moverdb.com\/sv\/moving-to-israel\/best-places-to-live-israel\/\">13 b\u00e4sta platserna att bo p\u00e5 i Israel<\/a><\/li>\n<li> <a href=\"https:\/\/moverdb.com\/sv\/moving-to-israel\/living-in-israel\/\">21 hemligheter om att bo i Israel att veta innan du flyttar<\/a><\/li>\n<\/ul>","protected":false},"excerpt":{"rendered":"<p>Moving your home or business can be stressful so employing the services of a moving company could reduce the workload and ease the move. So below we have compiled a list of Israel based removal companies that are members of the International Association of Movers (IAM) and\/or FIDI Accredited International Mover (FAIM) who could assist [&hellip;]<\/p>\n","protected":false},"author":4,"featured_media":0,"parent":190,"menu_order":0,"comment_status":"closed","ping_status":"closed","template":"","meta":{"_genesis_hide_title":false,"_genesis_hide_breadcrumbs":false,"_genesis_hide_singular_image":false,"_genesis_hide_footer_widgets":false,"_genesis_custom_body_class":"","_genesis_custom_post_class":"","_genesis_layout":"","footnotes":""},"class_list":{"0":"post-7779","1":"page","2":"type-page","3":"status-publish","5":"entry","6":"has-post-thumbnail"},"_links":{"self":[{"href":"https:\/\/moverdb.com\/sv\/wp-json\/wp\/v2\/pages\/7779","targetHints":{"allow":["GET"]}}],"collection":[{"href":"https:\/\/moverdb.com\/sv\/wp-json\/wp\/v2\/pages"}],"about":[{"href":"https:\/\/moverdb.com\/sv\/wp-json\/wp\/v2\/types\/page"}],"author":[{"embeddable":true,"href":"https:\/\/moverdb.com\/sv\/wp-json\/wp\/v2\/users\/4"}],"replies":[{"embeddable":true,"href":"https:\/\/moverdb.com\/sv\/wp-json\/wp\/v2\/comments?post=7779"}],"version-history":[{"count":4,"href":"https:\/\/moverdb.com\/sv\/wp-json\/wp\/v2\/pages\/7779\/revisions"}],"predecessor-version":[{"id":17076,"href":"https:\/\/moverdb.com\/sv\/wp-json\/wp\/v2\/pages\/7779\/revisions\/17076"}],"up":[{"embeddable":true,"href":"https:\/\/moverdb.com\/sv\/wp-json\/wp\/v2\/pages\/190"}],"wp:attachment":[{"href":"https:\/\/moverdb.com\/sv\/wp-json\/wp\/v2\/media?parent=7779"}],"curies":[{"name":"wp","href":"https:\/\/api.w.org\/{rel}","templated":true}]}}