{"id":7764,"date":"2023-04-27T14:59:23","date_gmt":"2023-04-27T14:59:23","guid":{"rendered":"https:\/\/moverdb.com\/?page_id=7764"},"modified":"2026-01-08T15:23:45","modified_gmt":"2026-01-08T15:23:45","slug":"moving-companies-iraq","status":"publish","type":"page","link":"https:\/\/moverdb.com\/sv\/moving-companies\/moving-companies-iraq\/","title":{"rendered":"2 b\u00e4sta internationella flyttfirmor i Irak"},"content":{"rendered":"<p>Det \u00e4r aldrig enkelt att flytta hem eller f\u00f6retag, s\u00e5 det kan vara till stor hj\u00e4lp att f\u00e5 hj\u00e4lp, s\u00e4rskilt om du flyttar mellan olika l\u00e4nder. Om du flyttar inom, till eller fr\u00e5n Irak har vi sammanst\u00e4llt en lista \u00f6ver f\u00f6ljande <a href=\"https:\/\/moverdb.com\/sv\/international-removals\/\" data-internallinksmanager029f6b8e52c=\"27\" title=\"36 b\u00e4sta internationella flyttfirmor i Storbritannien\">flyttfirmor<\/a> som \u00e4r medlemmar i <a href=\"https:\/\/moverdb.com\/sv\/iam\/\" data-internallinksmanager029f6b8e52c=\"23\" title=\"International Association of Movers (IAM) f\u00f6rklaras\">Internationella sammanslutningen av flyttfirmor<\/a> (IAM) och\/eller <a href=\"https:\/\/moverdb.com\/sv\/fidi-faim\/\" data-internallinksmanager029f6b8e52c=\"16\" title=\"FIDI &amp; FAIM (FIDI Accredited International Mover) f\u00f6rklaras\">FIDI<\/a> Accredited International Mover (FAIM) som kan hj\u00e4lpa dig med din flytt.<\/p>\n<h2><strong>1. BCC Logistics<\/strong><\/h2>\n<p><img loading=\"lazy\" decoding=\"async\" class=\"alignnone size-full wp-image-7673\" src=\"https:\/\/moverdb.com\/wp-content\/uploads\/BCC-Logistics-international-moving-company.png\" alt=\"BCC Logistics internationell flyttfirma\" width=\"1440\" height=\"634\" data-wp-pid=\"7673\" srcset=\"https:\/\/moverdb.com\/wp-content\/uploads\/BCC-Logistics-international-moving-company.png 1440w, https:\/\/moverdb.com\/wp-content\/uploads\/BCC-Logistics-international-moving-company-300x132.png 300w, https:\/\/moverdb.com\/wp-content\/uploads\/BCC-Logistics-international-moving-company-1024x451.png 1024w, https:\/\/moverdb.com\/wp-content\/uploads\/BCC-Logistics-international-moving-company-18x8.png 18w, https:\/\/moverdb.com\/wp-content\/uploads\/BCC-Logistics-international-moving-company-600x264.png 600w\" sizes=\"auto, (max-width: 1440px) 100vw, 1440px\" \/><\/p>\n<ul>\n<li>Nationella flyttningar<\/li>\n<li>Internationella flyttar<\/li>\n<li>Hush\u00e5llsflyttar<\/li>\n<li>F\u00f6retags-, diplomat- och milit\u00e4rf\u00f6rflyttningar<\/li>\n<li>Flyttj\u00e4nster fr\u00e5n d\u00f6rr till d\u00f6rr<\/li>\n<li>F\u00f6rpackningstj\u00e4nst<\/li>\n<li>V\u00e4g-, sj\u00f6- och luftfrakt<\/li>\n<li>Tullklarering<\/li>\n<li>Bearbetning av konst och konsthantverk<\/li>\n<li>F\u00f6rvaringsutrymmen<\/li>\n<\/ul>\n<p>BCC Logistics \u00e4r ett globalt speditionsf\u00f6retag som grundades 1993 i <a href=\"https:\/\/moverdb.com\/sv\/moving-companies\/moving-companies-lebanon\/\" data-internallinksmanager029f6b8e52c=\"302\" title=\"7 b\u00e4sta internationella flyttfirmor i Libanon\">Libanon<\/a> med kontor i <a href=\"https:\/\/moverdb.com\/sv\/moving-to-qatar\/\" data-internallinksmanager029f6b8e52c=\"334\" title=\"Ska du flytta till Qatar? 2026 Levnadskostnader &amp; Tips f\u00f6r flytt\">Qatar<\/a>, Irak och <a href=\"https:\/\/moverdb.com\/sv\/moving-to-saudi-arabia\/\" data-internallinksmanager029f6b8e52c=\"319\" title=\"Flyttar du till Saudiarabien? 2026 Levnadskostnader och flyttningstips\">Saudiarabien<\/a>. Det irakiska kontoret i Erbil \u00f6ppnades 2008. De har ett internationellt n\u00e4tverk av agenter som st\u00f6der deras globala insatser. De \u00e4r medlemmar i IAM med 15 \u00e5rs erfarenhet.<\/p>\n<p>BCC Logistics erbjuder en d\u00f6rr-till-d\u00f6rr flytttj\u00e4nst f\u00f6r nationella och internationella flyttar. De erbjuder en f\u00f6rpackningstj\u00e4nst med containerf\u00f6rs\u00e4ndelser till sj\u00f6ss, triwalls f\u00f6r flygtransporter och lyftvagnar av tr\u00e4. De packar upp och st\u00e4ller upp m\u00f6bler och tar bort eventuella f\u00f6rpackningsrester. De ordnar transport p\u00e5 land, i luften eller till sj\u00f6ss med tullformaliteter.<\/p>\n<p>Webbplats: <a href=\"http:\/\/www.bcclogistics.com\" target=\"_blank\" rel=\"noopener\">http:\/\/www.bcclogistics.com<\/a><\/p>\n<h2><strong>2. Paxton<\/strong><\/h2>\n<p><img loading=\"lazy\" decoding=\"async\" class=\"alignnone size-full wp-image-7736\" src=\"https:\/\/moverdb.com\/wp-content\/uploads\/Paxton-international-moving-company.png\" alt=\"Paxton internationell flyttfirma\" width=\"1440\" height=\"682\" data-wp-pid=\"7736\" srcset=\"https:\/\/moverdb.com\/wp-content\/uploads\/Paxton-international-moving-company.png 1440w, https:\/\/moverdb.com\/wp-content\/uploads\/Paxton-international-moving-company-300x142.png 300w, https:\/\/moverdb.com\/wp-content\/uploads\/Paxton-international-moving-company-1024x485.png 1024w, https:\/\/moverdb.com\/wp-content\/uploads\/Paxton-international-moving-company-18x9.png 18w, https:\/\/moverdb.com\/wp-content\/uploads\/Paxton-international-moving-company-600x284.png 600w\" sizes=\"auto, (max-width: 1440px) 100vw, 1440px\" \/><\/p>\n<ul>\n<li>Nationella flyttningar<\/li>\n<li>Internationella flyttar<\/li>\n<li>Flyttning av hush\u00e5ll<\/li>\n<li>Kontors- och industrif\u00f6rflyttningar<\/li>\n<li>D\u00f6rr-till-d\u00f6rr-tj\u00e4nster<\/li>\n<li>F\u00f6rpackningstj\u00e4nst<\/li>\n<li>Arrangemang av transporter<\/li>\n<li>Tullklarering<\/li>\n<li>Transport av fordon<\/li>\n<li>S\u00e4kra f\u00f6rvaringsutrymmen<\/li>\n<\/ul>\n<p>Paxton \u00e4r ett f\u00f6retag som tillhandah\u00e5ller tj\u00e4nster inom flyttning, information och logistikhantering och som har varit verksamt b\u00e5de lokalt och globalt. De har varit verksamma i \u00f6ver 60 \u00e5r och har kontor i Amerika, Pakistan och Sydsudan, <a href=\"https:\/\/moverdb.com\/sv\/moving-to-singapore\/\" data-internallinksmanager029f6b8e52c=\"68\" title=\"Flyttar du till Singapore? 2026 Levnadskostnader och flyttningstips\">Singapore<\/a>, Afghanistan och Irak i Bagdad och Erbil. De har ett n\u00e4tverk av utvalda partners som levererar tj\u00e4nster internationellt och \u00e4r medlemmar i IAM.<\/p>\n<p>Paxton erbjuder flyttj\u00e4nster fr\u00e5n d\u00f6rr till d\u00f6rr lokalt, nationellt och internationellt. De erbjuder en f\u00f6rpackningstj\u00e4nst f\u00f6r att skydda dina \u00e4godelar under transporten, eller ett g\u00f6r-det-sj\u00e4lv-alternativ. De tillhandah\u00e5ller transportalternativ som b\u00e4st passar dina behov och din budget, och de tillhandah\u00e5ller st\u00f6d vid tullklarering.<\/p>\n<p>Webbplats: <a href=\"http:\/\/www.paxton.com\" target=\"_blank\" rel=\"noopener\">http:\/\/www.paxton.com<\/a><\/p>","protected":false},"excerpt":{"rendered":"<p>Moving home or your business is never straightforward so getting assistance can really help especially if you are moving between countries. If you moving within, to or from Iraq, we have compiled a list of removal companies that are members of the International Association of Movers (IAM) and\/or FIDI Accredited International Mover (FAIM) who could [&hellip;]<\/p>\n","protected":false},"author":4,"featured_media":0,"parent":190,"menu_order":0,"comment_status":"closed","ping_status":"closed","template":"","meta":{"_genesis_hide_title":false,"_genesis_hide_breadcrumbs":false,"_genesis_hide_singular_image":false,"_genesis_hide_footer_widgets":false,"_genesis_custom_body_class":"","_genesis_custom_post_class":"","_genesis_layout":"","footnotes":""},"class_list":{"0":"post-7764","1":"page","2":"type-page","3":"status-publish","5":"entry","6":"has-post-thumbnail"},"_links":{"self":[{"href":"https:\/\/moverdb.com\/sv\/wp-json\/wp\/v2\/pages\/7764","targetHints":{"allow":["GET"]}}],"collection":[{"href":"https:\/\/moverdb.com\/sv\/wp-json\/wp\/v2\/pages"}],"about":[{"href":"https:\/\/moverdb.com\/sv\/wp-json\/wp\/v2\/types\/page"}],"author":[{"embeddable":true,"href":"https:\/\/moverdb.com\/sv\/wp-json\/wp\/v2\/users\/4"}],"replies":[{"embeddable":true,"href":"https:\/\/moverdb.com\/sv\/wp-json\/wp\/v2\/comments?post=7764"}],"version-history":[{"count":1,"href":"https:\/\/moverdb.com\/sv\/wp-json\/wp\/v2\/pages\/7764\/revisions"}],"predecessor-version":[{"id":7765,"href":"https:\/\/moverdb.com\/sv\/wp-json\/wp\/v2\/pages\/7764\/revisions\/7765"}],"up":[{"embeddable":true,"href":"https:\/\/moverdb.com\/sv\/wp-json\/wp\/v2\/pages\/190"}],"wp:attachment":[{"href":"https:\/\/moverdb.com\/sv\/wp-json\/wp\/v2\/media?parent=7764"}],"curies":[{"name":"wp","href":"https:\/\/api.w.org\/{rel}","templated":true}]}}