{"id":7520,"date":"2023-02-01T14:02:23","date_gmt":"2023-02-01T14:02:23","guid":{"rendered":"https:\/\/moverdb.com\/?page_id=7520"},"modified":"2026-01-08T15:29:35","modified_gmt":"2026-01-08T15:29:35","slug":"flyttfirmor-i-ungern","status":"publish","type":"page","link":"https:\/\/moverdb.com\/sv\/moving-companies\/moving-companies-hungary\/","title":{"rendered":"8 b\u00e4sta internationella flyttfirmor i Ungern"},"content":{"rendered":"<p>Om du planerar att flytta kan du kanske ta hj\u00e4lp av en <a href=\"https:\/\/moverdb.com\/sv\/moving-companies\/\" data-internallinksmanager029f6b8e52c=\"79\" title=\"Topp 25 internationella flyttfirmor p\u00e5 n\u00e4tet\">flyttfirma<\/a> eftersom de kan hj\u00e4lpa till med packning, transport och tullbest\u00e4mmelser. Om du ska flytta till, fr\u00e5n eller inom <a href=\"https:\/\/moverdb.com\/sv\/moving-to-hungary\/\" data-internallinksmanager029f6b8e52c=\"341\" title=\"Flytta till Ungern? 2026 Levnadskostnader &amp; tips om flyttning\">Ungern<\/a>har vi sammanst\u00e4llt en lista \u00f6ver <a href=\"https:\/\/moverdb.com\/sv\/international-removals\/\" data-internallinksmanager029f6b8e52c=\"27\" title=\"36 b\u00e4sta internationella flyttfirmor i Storbritannien\">flyttfirmor<\/a> nedan som \u00e4r medlemmar i <a href=\"https:\/\/moverdb.com\/sv\/iam\/\" data-internallinksmanager029f6b8e52c=\"23\" title=\"International Association of Movers (IAM) f\u00f6rklaras\">Internationella sammanslutningen av flyttfirmor<\/a> (IAM) och\/eller <a href=\"https:\/\/moverdb.com\/sv\/fidi-faim\/\" data-internallinksmanager029f6b8e52c=\"16\" title=\"FIDI &amp; FAIM (FIDI Accredited International Mover) f\u00f6rklaras\">FIDI<\/a> Accredited International Mover (FAIM) som kan hj\u00e4lpa dig med din flytt.<\/p>\n<div id=\"ez-toc-container\" class=\"ez-toc-v2_0_82_2 ez-toc-wrap-left counter-hierarchy ez-toc-counter ez-toc-transparent ez-toc-container-direction\">\n<div class=\"ez-toc-title-container\">\n<p class=\"ez-toc-title\" style=\"cursor:inherit\">Avsnitt<\/p>\n<span class=\"ez-toc-title-toggle\"><a href=\"#\" class=\"ez-toc-pull-right ez-toc-btn ez-toc-btn-xs ez-toc-btn-default ez-toc-toggle\" aria-label=\"V\u00e4xla till inneh\u00e5llsf\u00f6rteckning\"><span class=\"ez-toc-js-icon-con\"><span class=\"\"><span class=\"eztoc-hide\" style=\"display:none;\">V\u00e4xel<\/span><span class=\"ez-toc-icon-toggle-span\"><svg style=\"fill: #999;color:#999\" xmlns=\"http:\/\/www.w3.org\/2000\/svg\" class=\"list-377408\" width=\"20px\" height=\"20px\" viewbox=\"0 0 24 24\" fill=\"none\"><path d=\"M6 6H4v2h2V6zm14 0H8v2h12V6zM4 11h2v2H4v-2zm16 0H8v2h12v-2zM4 16h2v2H4v-2zm16 0H8v2h12v-2z\" fill=\"currentColor\"><\/path><\/svg><svg style=\"fill: #999;color:#999\" class=\"arrow-unsorted-368013\" xmlns=\"http:\/\/www.w3.org\/2000\/svg\" width=\"10px\" height=\"10px\" viewbox=\"0 0 24 24\" version=\"1.2\" baseprofile=\"tiny\"><path d=\"M18.2 9.3l-6.2-6.3-6.2 6.3c-.2.2-.3.4-.3.7s.1.5.3.7c.2.2.4.3.7.3h11c.3 0 .5-.1.7-.3.2-.2.3-.5.3-.7s-.1-.5-.3-.7zM5.8 14.7l6.2 6.3 6.2-6.3c.2-.2.3-.5.3-.7s-.1-.5-.3-.7c-.2-.2-.4-.3-.7-.3h-11c-.3 0-.5.1-.7.3-.2.2-.3.5-.3.7s.1.5.3.7z\"\/><\/svg><\/span><\/span><\/span><\/a><\/span><\/div>\n<nav><ul class='ez-toc-list ez-toc-list-level-1 eztoc-toggle-hide-by-default' ><li class='ez-toc-page-1 ez-toc-heading-level-2'><a class=\"ez-toc-link ez-toc-heading-1\" href=\"https:\/\/moverdb.com\/sv\/moving-companies\/moving-companies-hungary\/#1_ABC_Ricard\" >1. ABC Ricard<\/a><\/li><li class='ez-toc-page-1 ez-toc-heading-level-2'><a class=\"ez-toc-link ez-toc-heading-2\" href=\"https:\/\/moverdb.com\/sv\/moving-companies\/moving-companies-hungary\/#2_Beta_Moving\" >2. Beta Moving<\/a><\/li><li class='ez-toc-page-1 ez-toc-heading-level-2'><a class=\"ez-toc-link ez-toc-heading-3\" href=\"https:\/\/moverdb.com\/sv\/moving-companies\/moving-companies-hungary\/#3_DB_Schenker\" >3. DB Schenker<\/a><\/li><li class='ez-toc-page-1 ez-toc-heading-level-2'><a class=\"ez-toc-link ez-toc-heading-4\" href=\"https:\/\/moverdb.com\/sv\/moving-companies\/moving-companies-hungary\/#4_Euromove\" >4. Euromove<\/a><\/li><li class='ez-toc-page-1 ez-toc-heading-level-2'><a class=\"ez-toc-link ez-toc-heading-5\" href=\"https:\/\/moverdb.com\/sv\/moving-companies\/moving-companies-hungary\/#5_Gosselin\" >5. Gosselin<\/a><\/li><li class='ez-toc-page-1 ez-toc-heading-level-2'><a class=\"ez-toc-link ez-toc-heading-6\" href=\"https:\/\/moverdb.com\/sv\/moving-companies\/moving-companies-hungary\/#6_MoveArtis\" >6. MoveArtis<\/a><\/li><li class='ez-toc-page-1 ez-toc-heading-level-2'><a class=\"ez-toc-link ez-toc-heading-7\" href=\"https:\/\/moverdb.com\/sv\/moving-companies\/moving-companies-hungary\/#7_NSEW_Mobility\" >7. NSEW-r\u00f6rlighet<\/a><\/li><li class='ez-toc-page-1 ez-toc-heading-level-2'><a class=\"ez-toc-link ez-toc-heading-8\" href=\"https:\/\/moverdb.com\/sv\/moving-companies\/moving-companies-hungary\/#8_Santa_Fe_Relocation\" >8. Flyttning av Santa Fe<\/a><\/li><\/ul><\/nav><\/div>\n<h2><span class=\"ez-toc-section\" id=\"1_ABC_Ricard\"><\/span><strong>1. ABC Ricard<\/strong><span class=\"ez-toc-section-end\"><\/span><\/h2>\n<p><img loading=\"lazy\" decoding=\"async\" class=\"alignnone size-full wp-image-7408\" src=\"https:\/\/moverdb.com\/wp-content\/uploads\/ABC-Ricard-international-moving-company.png\" alt=\"ABC Ricard internationell flyttfirma\" width=\"1440\" height=\"677\" data-wp-pid=\"7408\" srcset=\"https:\/\/moverdb.com\/wp-content\/uploads\/ABC-Ricard-international-moving-company.png 1440w, https:\/\/moverdb.com\/wp-content\/uploads\/ABC-Ricard-international-moving-company-300x141.png 300w, https:\/\/moverdb.com\/wp-content\/uploads\/ABC-Ricard-international-moving-company-1024x481.png 1024w, https:\/\/moverdb.com\/wp-content\/uploads\/ABC-Ricard-international-moving-company-18x8.png 18w, https:\/\/moverdb.com\/wp-content\/uploads\/ABC-Ricard-international-moving-company-600x282.png 600w\" sizes=\"auto, (max-width: 1440px) 100vw, 1440px\" \/><\/p>\n<ul>\n<li>Nationella flyttningar<\/li>\n<li>Internationella flyttar<\/li>\n<li>Hush\u00e5llsflyttar<\/li>\n<li>Inledande unders\u00f6kning<\/li>\n<li>Flyttning fr\u00e5n d\u00f6rr till d\u00f6rr<\/li>\n<li>F\u00f6rpackningar av h\u00f6g kvalitet<\/li>\n<li>Anpassade l\u00e5dor<\/li>\n<li>Ordna transporter<\/li>\n<li>Hantera tullformaliteter<\/li>\n<li>Allriskf\u00f6rs\u00e4kring<\/li>\n<\/ul>\n<p>ABC Ricard \u00e4r ett v\u00e4rldsomsp\u00e4nnande flyttf\u00f6retag med ett operativt filialn\u00e4tverk i Centraleuropa med kontor i <a href=\"https:\/\/moverdb.com\/sv\/moving-to-france\/\" data-internallinksmanager029f6b8e52c=\"315\" title=\"Flyttar du till Frankrike? 2026 Levnadskostnader och flyttningstips\">Frankrike<\/a>, <a href=\"https:\/\/moverdb.com\/sv\/moving-to-poland\/\" data-internallinksmanager029f6b8e52c=\"378\" title=\"Flyttar du till Polen? 2026 Levnadskostnader &amp; tips om flytt\">Polen<\/a> och Ungern i Budapest. De grundades 1958 i Frankrike och det f\u00f6rsta dotterbolaget fanns i Budapest. De \u00e4r anslutna till st\u00f6rre globala n\u00e4tverk f\u00f6r att ut\u00f6ka sin r\u00e4ckvidd, vilket bland annat inneb\u00e4r att de \u00e4r medlemmar i IAM.<\/p>\n<p>ABC Ricard erbjuder en personlig service som b\u00f6rjar med en unders\u00f6kning av en r\u00e5dgivare som planerar din flytt. De hj\u00e4lper dig att v\u00e4lja det b\u00e4sta transports\u00e4ttet f\u00f6r din flytt och uppfyller kraven p\u00e5 de formaliteter och den dokumentation som kr\u00e4vs f\u00f6r att flytta l\u00e4nder.<\/p>\n<p>Webbplats: <a href=\"http:\/\/www.abcricardfl.com\" target=\"_blank\" rel=\"noopener\">http:\/\/www.abcricardfl.com<\/a><\/p>\n<h2><span class=\"ez-toc-section\" id=\"2_Beta_Moving\"><\/span><strong>2. Beta Moving<\/strong><span class=\"ez-toc-section-end\"><\/span><\/h2>\n<p><img loading=\"lazy\" decoding=\"async\" class=\"alignnone size-full wp-image-7419\" src=\"https:\/\/moverdb.com\/wp-content\/uploads\/Beta-Moving-international-moving-company.png\" alt=\"Beta Moving internationell flyttfirma\" width=\"1440\" height=\"679\" data-wp-pid=\"7419\" srcset=\"https:\/\/moverdb.com\/wp-content\/uploads\/Beta-Moving-international-moving-company.png 1440w, https:\/\/moverdb.com\/wp-content\/uploads\/Beta-Moving-international-moving-company-300x141.png 300w, https:\/\/moverdb.com\/wp-content\/uploads\/Beta-Moving-international-moving-company-1024x483.png 1024w, https:\/\/moverdb.com\/wp-content\/uploads\/Beta-Moving-international-moving-company-18x8.png 18w, https:\/\/moverdb.com\/wp-content\/uploads\/Beta-Moving-international-moving-company-600x283.png 600w\" sizes=\"auto, (max-width: 1440px) 100vw, 1440px\" \/><\/p>\n<ul>\n<li>Nationella flyttningar<\/li>\n<li>Internationella flyttar<\/li>\n<li>Flyttj\u00e4nster<\/li>\n<li>Hush\u00e5lls- och kontorsflyttar<\/li>\n<li>Flyttj\u00e4nster fr\u00e5n d\u00f6rr till d\u00f6rr<\/li>\n<li>F\u00f6rpackningstj\u00e4nst<\/li>\n<li>Transport p\u00e5 v\u00e4g, till sj\u00f6ss och i luften<\/li>\n<li>Tullklarering<\/li>\n<li>F\u00f6rs\u00e4kring<\/li>\n<li>F\u00f6rvaringsutrymmen<\/li>\n<\/ul>\n<p>Beta Moving \u00e4r ett internationellt flyttf\u00f6retag som grundades 2016 i Budapest och erbjuder nationella och internationella flyttar och flyttj\u00e4nster. De samarbetar med internationella partners f\u00f6r att leverera flyttar och flyttj\u00e4nster runt om i v\u00e4rlden. De \u00e4r medlemmar i IAM med sju \u00e5rs erfarenhet.<\/p>\n<p>Beta Moving erbjuder skr\u00e4ddarsydda flyttl\u00f6sningar med d\u00f6rr-till-d\u00f6rr-tj\u00e4nster som omfattar packning, transport p\u00e5 v\u00e4g, i luften eller till sj\u00f6ss, tullklarering, uppackning och bortforsling av skr\u00e4p. I deras flytttj\u00e4nst ing\u00e5r arbetstillst\u00e5nd och arbetsregistrering. De erbjuder ocks\u00e5 ytterligare tj\u00e4nster som inkluderar flyttning av husdjur, fordonstransporter, hantverkstj\u00e4nster, f\u00f6rs\u00e4kringar och f\u00f6rvaringsm\u00f6jligheter.<\/p>\n<p>Webbplats: <a href=\"https:\/\/www.betamoving.com\" target=\"_blank\" rel=\"noopener\">https:\/\/www.betamoving.com<\/a><\/p>\n<h2><span class=\"ez-toc-section\" id=\"3_DB_Schenker\"><\/span><strong>3. DB Schenker<\/strong><span class=\"ez-toc-section-end\"><\/span><\/h2>\n<p><img loading=\"lazy\" decoding=\"async\" class=\"alignnone size-full wp-image-7433\" src=\"https:\/\/moverdb.com\/wp-content\/uploads\/DB-Schenker-Hungary-international-moving-company.png\" alt=\"DB Schenker Ungern internationellt flyttf\u00f6retag\" width=\"1440\" height=\"664\" data-wp-pid=\"7433\" srcset=\"https:\/\/moverdb.com\/wp-content\/uploads\/DB-Schenker-Hungary-international-moving-company.png 1440w, https:\/\/moverdb.com\/wp-content\/uploads\/DB-Schenker-Hungary-international-moving-company-300x138.png 300w, https:\/\/moverdb.com\/wp-content\/uploads\/DB-Schenker-Hungary-international-moving-company-1024x472.png 1024w, https:\/\/moverdb.com\/wp-content\/uploads\/DB-Schenker-Hungary-international-moving-company-18x8.png 18w, https:\/\/moverdb.com\/wp-content\/uploads\/DB-Schenker-Hungary-international-moving-company-600x277.png 600w\" sizes=\"auto, (max-width: 1440px) 100vw, 1440px\" \/><\/p>\n<ul>\n<li>Nationella flyttningar<\/li>\n<li>Internationella flyttar<\/li>\n<li>Flyttning av bost\u00e4der<\/li>\n<li>Flyttning av kontor<\/li>\n<li>F\u00f6rpackningsmaterial av h\u00f6g kvalitet<\/li>\n<li>Land-, sj\u00f6- och lufttransporter<\/li>\n<li>Tullst\u00f6d<\/li>\n<li>Transport av fordon<\/li>\n<li>Transport av s\u00e4llskapsdjur<\/li>\n<li>F\u00f6rvaringsutrymmen<\/li>\n<\/ul>\n<p>DB Schenker \u00e4r en global leverant\u00f6r av logistiktj\u00e4nster som har varit verksam i \u00f6ver 140 \u00e5r och grundades i Wien. De har filialer \u00f6ver hela v\u00e4rlden, \u00e4ven i Ungern d\u00e4r de etablerade en filial i Budapest 1874. De \u00e4r medlemmar i IAM och har tillg\u00e5ng till deras internationella n\u00e4tverk.<\/p>\n<p>DB Schenker erbjuder en inledande konsultation och en unders\u00f6kning p\u00e5 plats f\u00f6r att planera din flytt. De tillhandah\u00e5ller f\u00f6rpackningsmaterial av h\u00f6g kvalitet f\u00f6r att skydda dina tillh\u00f6righeter och l\u00e5ter dig sp\u00e5ra din f\u00f6rs\u00e4ndelse med hj\u00e4lp av deras online-tracker. De erbjuder ocks\u00e5 ytterligare tj\u00e4nster som inkluderar fordonstransporter, transport av husdjur, leverans av konstverk, f\u00f6rs\u00e4kring och f\u00f6rvaring.<\/p>\n<p>Webbplats: <a href=\"http:\/\/www.dbschenker.hu\" target=\"_blank\" rel=\"noopener\">http:\/\/www.dbschenker.hu<\/a><\/p>\n<h2><span class=\"ez-toc-section\" id=\"4_Euromove\"><\/span><strong>4. Euromove<\/strong><span class=\"ez-toc-section-end\"><\/span><\/h2>\n<p><img loading=\"lazy\" decoding=\"async\" class=\"alignnone size-full wp-image-7439\" src=\"https:\/\/moverdb.com\/wp-content\/uploads\/Euromove-international-moving-company.png\" alt=\"Euromove internationell flyttfirma\" width=\"1440\" height=\"683\" data-wp-pid=\"7439\" srcset=\"https:\/\/moverdb.com\/wp-content\/uploads\/Euromove-international-moving-company.png 1440w, https:\/\/moverdb.com\/wp-content\/uploads\/Euromove-international-moving-company-300x142.png 300w, https:\/\/moverdb.com\/wp-content\/uploads\/Euromove-international-moving-company-1024x486.png 1024w, https:\/\/moverdb.com\/wp-content\/uploads\/Euromove-international-moving-company-18x9.png 18w, https:\/\/moverdb.com\/wp-content\/uploads\/Euromove-international-moving-company-600x285.png 600w\" sizes=\"auto, (max-width: 1440px) 100vw, 1440px\" \/><\/p>\n<ul>\n<li>Nationella flyttningar<\/li>\n<li>Internationella flyttningar<\/li>\n<li>Flyttpaket<\/li>\n<li>Flyttning av hush\u00e5ll<\/li>\n<li>Flyttning av kontor<\/li>\n<li>F\u00f6rpackningstj\u00e4nst<\/li>\n<li>Transport p\u00e5 v\u00e4g, till sj\u00f6ss eller med flyg<\/li>\n<li>Tullklarering<\/li>\n<li>F\u00f6rs\u00e4ndelse av specialartiklar<\/li>\n<li>F\u00f6rvaringsutrymmen<\/li>\n<\/ul>\n<p>Euromove \u00e4r ett internationellt flyttf\u00f6retag i Budapest som grundades 1998. De har ett stort n\u00e4tverk av partners som g\u00f6r det m\u00f6jligt f\u00f6r dem att tillhandah\u00e5lla flyttj\u00e4nster \u00f6verallt i v\u00e4rlden. De \u00e4r medlemmar i IAM med 25 \u00e5rs erfarenhet och \u00e4r ackrediterade av FIDI.<\/p>\n<p>Euromove erbjuder personliga flyttj\u00e4nster och flyttpaket som kan omfatta specialf\u00f6rem\u00e5l som konst, bilar eller husdjur. De tillhandah\u00e5ller sina tj\u00e4nster enligt internationell standard, inklusive f\u00f6rpackningstj\u00e4nsten. De ordnar transport p\u00e5 v\u00e4g, med flyg eller till sj\u00f6ss, inklusive gruppering, och de erbjuder st\u00f6d vid tullklarering.<\/p>\n<p>Webbplats: <a href=\"https:\/\/www.euromove.hu\/en\" target=\"_blank\" rel=\"noopener\">https:\/\/www.euromove.hu\/en<\/a><\/p>\n<h2><span class=\"ez-toc-section\" id=\"5_Gosselin\"><\/span><strong>5. Gosselin<\/strong><span class=\"ez-toc-section-end\"><\/span><\/h2>\n<p><img loading=\"lazy\" decoding=\"async\" class=\"alignnone size-full wp-image-7447\" src=\"https:\/\/moverdb.com\/wp-content\/uploads\/Gosselin-Hungary-international-moving-company.png\" alt=\"Gosselin Hungary internationell flyttfirma\" width=\"1440\" height=\"678\" data-wp-pid=\"7447\" srcset=\"https:\/\/moverdb.com\/wp-content\/uploads\/Gosselin-Hungary-international-moving-company.png 1440w, https:\/\/moverdb.com\/wp-content\/uploads\/Gosselin-Hungary-international-moving-company-300x141.png 300w, https:\/\/moverdb.com\/wp-content\/uploads\/Gosselin-Hungary-international-moving-company-1024x482.png 1024w, https:\/\/moverdb.com\/wp-content\/uploads\/Gosselin-Hungary-international-moving-company-18x8.png 18w, https:\/\/moverdb.com\/wp-content\/uploads\/Gosselin-Hungary-international-moving-company-600x283.png 600w\" sizes=\"auto, (max-width: 1440px) 100vw, 1440px\" \/><\/p>\n<ul>\n<li>Nationella flyttningar<\/li>\n<li>Internationella flyttar<\/li>\n<li>Hush\u00e5llsflyttar<\/li>\n<li>Flyttning av kontor<\/li>\n<li>F\u00f6rpackningstj\u00e4nst<\/li>\n<li>Arrangemang av transporter<\/li>\n<li>Transport av konstverk<\/li>\n<li>Flyttning av husdjur<\/li>\n<li>Transport av fordon<\/li>\n<li>Kort- till l\u00e5ngtidsf\u00f6rvaring<\/li>\n<\/ul>\n<p>Gosselin \u00e4r ett internationellt flytt- och logistikf\u00f6retag som grundades 1930 i <a href=\"https:\/\/moverdb.com\/sv\/moving-to-belgium\/\" data-internallinksmanager029f6b8e52c=\"323\" title=\"Flyttar du till Belgien? 2026 Levnadskostnader och flyttningstips\">Belgien<\/a> och de har kontor \u00f6ver hela Europa, bland annat i Budapest, Ungern. De \u00e4r medlemmar i IAM med 24 \u00e5rs erfarenhet. De utnyttjar sina filialer och internationella n\u00e4tverk f\u00f6r att erbjuda flyttningar \u00f6verallt i v\u00e4rlden.<\/p>\n<p>Gosselin erbjuder en professionell f\u00f6rpackningstj\u00e4nst f\u00f6r att skydda dina \u00e4godelar med hj\u00e4lp av h\u00f6gkvalitativt f\u00f6rpackningsmaterial, en m\u00e4ngd olika specialkartonger och specialtillverkade l\u00e5dor. De g\u00f6r alla arrangemang f\u00f6r att flytta dina tillh\u00f6righeter och hj\u00e4lper till med dokumentationen. De erbjuder \u00e4ven specialiserade transporttj\u00e4nster som omfattar flyttning av konst, husdjur och fordon.<\/p>\n<p>Webbplats: <a href=\"https:\/\/gosselin-moving.com\/en\/hungary-slovakia\" target=\"_blank\" rel=\"noopener\">https:\/\/gosselin-moving.com\/en\/hungary-slovakia<\/a><\/p>\n<h2><span class=\"ez-toc-section\" id=\"6_MoveArtis\"><\/span><strong>6. MoveArtis<\/strong><span class=\"ez-toc-section-end\"><\/span><\/h2>\n<p><img loading=\"lazy\" decoding=\"async\" class=\"alignnone size-full wp-image-7468\" src=\"https:\/\/moverdb.com\/wp-content\/uploads\/MoveArtis-international-moving-company.png\" alt=\"MoveArtis internationella flyttfirma\" width=\"1440\" height=\"682\" data-wp-pid=\"7468\" srcset=\"https:\/\/moverdb.com\/wp-content\/uploads\/MoveArtis-international-moving-company.png 1440w, https:\/\/moverdb.com\/wp-content\/uploads\/MoveArtis-international-moving-company-300x142.png 300w, https:\/\/moverdb.com\/wp-content\/uploads\/MoveArtis-international-moving-company-1024x485.png 1024w, https:\/\/moverdb.com\/wp-content\/uploads\/MoveArtis-international-moving-company-18x9.png 18w, https:\/\/moverdb.com\/wp-content\/uploads\/MoveArtis-international-moving-company-600x284.png 600w\" sizes=\"auto, (max-width: 1440px) 100vw, 1440px\" \/><\/p>\n<ul>\n<li>Nationella flyttningar<\/li>\n<li>Internationella flyttar<\/li>\n<li>Flyttning av bost\u00e4der<\/li>\n<li>Flyttning av kontor<\/li>\n<li>D\u00f6rr-till-d\u00f6rr-tj\u00e4nster<\/li>\n<li>F\u00f6rpackningsalternativ<\/li>\n<li>Transport p\u00e5 v\u00e4g, till sj\u00f6ss och i luften<\/li>\n<li>Tullklarering<\/li>\n<li>F\u00f6rs\u00e4kring<\/li>\n<li>F\u00f6rvaringsutrymmen<\/li>\n<\/ul>\n<p>MoveArtis \u00e4r ett familje\u00e4gt ungerskt internationellt flyttf\u00f6retag med s\u00e4te i Budapest. De har ett internationellt n\u00e4tverk av partners \u00f6ver hela v\u00e4rlden som hj\u00e4lper dem med flyttningar \u00f6verallt. De \u00e4r medlemmar i IAM med 12 \u00e5rs erfarenhet.<\/p>\n<p>MoveArtis erbjuder en skr\u00e4ddarsydd flyttl\u00f6sning med d\u00f6rr-till-d\u00f6rr-tj\u00e4nster f\u00f6r internationella flyttar. De tillhandah\u00e5ller ett utbud av f\u00f6rpackningsmaterial som passar f\u00f6r en m\u00e4ngd olika f\u00f6rem\u00e5l, bland annat s\u00e4rskilt utformade l\u00e5dor. De hj\u00e4lper till med transporter som omfattar flygfrakt och sj\u00f6transporter, t.ex. fulla containerlaster och mindre \u00e4n containerlaster, och de hj\u00e4lper till med tullklarering.<\/p>\n<p>Webbplats: <a href=\"http:\/\/www.moveartis.com\" target=\"_blank\" rel=\"noopener\">http:\/\/www.moveartis.com<\/a><\/p>\n<h2><span class=\"ez-toc-section\" id=\"7_NSEW_Mobility\"><\/span><strong>7. NSEW-r\u00f6rlighet<\/strong><span class=\"ez-toc-section-end\"><\/span><\/h2>\n<p><img loading=\"lazy\" decoding=\"async\" class=\"alignnone size-full wp-image-7473\" src=\"https:\/\/moverdb.com\/wp-content\/uploads\/NSEW-Mobility-international-moving-company.png\" alt=\"NSEW Mobility internationell flyttfirma\" width=\"1440\" height=\"681\" data-wp-pid=\"7473\" srcset=\"https:\/\/moverdb.com\/wp-content\/uploads\/NSEW-Mobility-international-moving-company.png 1440w, https:\/\/moverdb.com\/wp-content\/uploads\/NSEW-Mobility-international-moving-company-300x142.png 300w, https:\/\/moverdb.com\/wp-content\/uploads\/NSEW-Mobility-international-moving-company-1024x484.png 1024w, https:\/\/moverdb.com\/wp-content\/uploads\/NSEW-Mobility-international-moving-company-18x9.png 18w, https:\/\/moverdb.com\/wp-content\/uploads\/NSEW-Mobility-international-moving-company-600x284.png 600w\" sizes=\"auto, (max-width: 1440px) 100vw, 1440px\" \/><\/p>\n<ul>\n<li>Nationella flyttningar<\/li>\n<li>Internationella flyttar<\/li>\n<li>Flyttj\u00e4nster<\/li>\n<li>D\u00f6rr-till-d\u00f6rr-tj\u00e4nster<\/li>\n<li>F\u00f6rpackningstj\u00e4nster<\/li>\n<li>Transporter p\u00e5 v\u00e4g, i luften och till sj\u00f6ss<\/li>\n<li>Tullklarering<\/li>\n<li><a href=\"https:\/\/moverdb.com\/sv\/car-transport-shipping\/\" data-internallinksmanager029f6b8e52c=\"2\" title=\"2026 Internationella offerter f\u00f6r biltransport och fordonsfrakt\">Transport av fordon<\/a><\/li>\n<li>F\u00f6rs\u00e4kring<\/li>\n<li>S\u00e4ker kort- och l\u00e5ngtidsf\u00f6rvaring<\/li>\n<\/ul>\n<p>NSEW Mobility \u00e4r ett oberoende f\u00f6retag f\u00f6r flytt- och flyttj\u00e4nster med s\u00e4te i Budapest. De erbjuder flyttj\u00e4nster i Ungern, <a href=\"https:\/\/moverdb.com\/sv\/moving-to-austria\/\" data-internallinksmanager029f6b8e52c=\"343\" title=\"Flytta till \u00d6sterrike? 2026 Levnadskostnader &amp; tips om flytt\">\u00d6sterrike<\/a>, <a href=\"https:\/\/moverdb.com\/sv\/moving-to-croatia\/\" data-internallinksmanager029f6b8e52c=\"428\" title=\"Flytta till Kroatien? 2026 Levnadskostnader och tips om flytt\">Kroatien<\/a>, <a href=\"https:\/\/moverdb.com\/sv\/moving-to-germany\/\" data-internallinksmanager029f6b8e52c=\"321\" title=\"Flyttar du till Tyskland? 2026 Levnadskostnader och flyttningstips\">Tyskland<\/a>Rum\u00e4nien, <a href=\"https:\/\/moverdb.com\/sv\/moving-to-slovakia\/\" data-internallinksmanager029f6b8e52c=\"338\" title=\"Flyttar du till Slovakien? 2026 Levnadskostnader och tips om flytt\">Slovakien<\/a>, <a href=\"https:\/\/moverdb.com\/sv\/moving-to-slovenia\/\" data-internallinksmanager029f6b8e52c=\"392\" title=\"Flyttar du till Slovenien? 2026 Levnadskostnader &amp; tips om flytt\">Slovenien<\/a> och <a href=\"https:\/\/moverdb.com\/sv\/moving-to-switzerland\/\" data-internallinksmanager029f6b8e52c=\"327\" title=\"Flyttar du till Schweiz? 2026 Levnadskostnader och flyttningstips\">Schweiz<\/a>och samarbetar med internationella partner f\u00f6r att genomf\u00f6ra flyttningar i Europa och resten av v\u00e4rlden. De har tillhandah\u00e5llit flyttj\u00e4nster i \u00f6ver 20 \u00e5r och \u00e4r medlemmar i IAM.<\/p>\n<p>NSEW Mobility erbjuder kostnadsfria unders\u00f6kningar p\u00e5 plats, offerter och tilldelar en flyttkoordinator. De erbjuder en d\u00f6rr-till-d\u00f6rr-tj\u00e4nst f\u00f6r flyttar och omflyttningar som omfattar packning av ditt hem och hantering av din transport p\u00e5 v\u00e4g, i luften och till sj\u00f6ss med tullklarering. Deras flyttj\u00e4nster omfattar visum och invandring, att hitta ett hem och en skola och att bos\u00e4tta sig i landet.<\/p>\n<p>Webbplats: <a href=\"https:\/\/nsew-mobility.com\/\" target=\"_blank\" rel=\"noopener\">https:\/\/nsew-mobility.com\/<\/a><\/p>\n<h2><span class=\"ez-toc-section\" id=\"8_Santa_Fe_Relocation\"><\/span><strong>8. Flyttning av Santa Fe<\/strong><span class=\"ez-toc-section-end\"><\/span><\/h2>\n<p><img loading=\"lazy\" decoding=\"async\" class=\"alignnone size-full wp-image-7483\" src=\"https:\/\/moverdb.com\/wp-content\/uploads\/Santa-Fe-Hungary-international-moving-company.png\" alt=\"Santa Fe Hungary internationell flyttfirma\" width=\"1440\" height=\"652\" data-wp-pid=\"7483\" srcset=\"https:\/\/moverdb.com\/wp-content\/uploads\/Santa-Fe-Hungary-international-moving-company.png 1440w, https:\/\/moverdb.com\/wp-content\/uploads\/Santa-Fe-Hungary-international-moving-company-300x136.png 300w, https:\/\/moverdb.com\/wp-content\/uploads\/Santa-Fe-Hungary-international-moving-company-1024x464.png 1024w, https:\/\/moverdb.com\/wp-content\/uploads\/Santa-Fe-Hungary-international-moving-company-18x8.png 18w, https:\/\/moverdb.com\/wp-content\/uploads\/Santa-Fe-Hungary-international-moving-company-600x272.png 600w\" sizes=\"auto, (max-width: 1440px) 100vw, 1440px\" \/><\/p>\n<ul>\n<li>Nationella flyttningar<\/li>\n<li>Internationella flyttar<\/li>\n<li>Flyttning av hush\u00e5ll<\/li>\n<li>Flyttning av f\u00f6retag<\/li>\n<li>F\u00f6rpackningstj\u00e4nst<\/li>\n<li>Transport p\u00e5 v\u00e4g, till sj\u00f6ss eller med flyg<\/li>\n<li>Tullklarering<\/li>\n<li>Transport av husdjur och fordon<\/li>\n<li>Skydd av f\u00f6rs\u00e4ndelser<\/li>\n<li>Kort- till l\u00e5ngtidsf\u00f6rvaring<\/li>\n<\/ul>\n<p>Santa Fe Relocation \u00e4r ett internationellt flyttf\u00f6retag med 64 kontor i 38 l\u00e4nder. De \u00f6ppnade sin ungerska filial i Budapest 1993. De \u00e4r medlemmar i IAM med 30 \u00e5rs erfarenhet och \u00e4r ackrediterade av FIDI.<\/p>\n<p>Santa Fe Relocation erbjuder en konsultation f\u00f6re flytten och en unders\u00f6kning i hemmet f\u00f6r att bed\u00f6ma dina behov. De erbjuder f\u00f6rpackningstj\u00e4nster f\u00f6r att skydda dina tillh\u00f6righeter och ordnar transport p\u00e5 v\u00e4g, till sj\u00f6ss eller med flyg och hj\u00e4lper till med tullklarering. De erbjuder en rad olika till\u00e4ggstj\u00e4nster, bland annat skydd av f\u00f6rs\u00e4ndelser, flyttning av husdjur, transport av fordon, f\u00f6rvaring, s\u00f6kning av bostad och skola, tj\u00e4nster f\u00f6r att bos\u00e4tta sig i landet, st\u00f6d vid avresa och visum.<\/p>\n<p>Webbplats: <a href=\"https:\/\/www.santaferelo.com\/en\/contact\/our-offices\/hungary-budapest\/\" target=\"_blank\" rel=\"noopener\">https:\/\/www.santaferelo.com\/en\/contact\/our-offices\/hungary-budapest\/<\/a><\/p>","protected":false},"excerpt":{"rendered":"<p>If you are planning a move then you may want to enlist the services of a moving company as they can help with packing, transportation and customs regulations. If you are moving to, from or within Hungary, we have compiled a list of removal companies below that are members of the International Association of Movers [&hellip;]<\/p>\n","protected":false},"author":4,"featured_media":0,"parent":190,"menu_order":0,"comment_status":"closed","ping_status":"closed","template":"","meta":{"_genesis_hide_title":false,"_genesis_hide_breadcrumbs":false,"_genesis_hide_singular_image":false,"_genesis_hide_footer_widgets":false,"_genesis_custom_body_class":"","_genesis_custom_post_class":"","_genesis_layout":"","footnotes":""},"class_list":{"0":"post-7520","1":"page","2":"type-page","3":"status-publish","5":"entry","6":"has-post-thumbnail"},"_links":{"self":[{"href":"https:\/\/moverdb.com\/sv\/wp-json\/wp\/v2\/pages\/7520","targetHints":{"allow":["GET"]}}],"collection":[{"href":"https:\/\/moverdb.com\/sv\/wp-json\/wp\/v2\/pages"}],"about":[{"href":"https:\/\/moverdb.com\/sv\/wp-json\/wp\/v2\/types\/page"}],"author":[{"embeddable":true,"href":"https:\/\/moverdb.com\/sv\/wp-json\/wp\/v2\/users\/4"}],"replies":[{"embeddable":true,"href":"https:\/\/moverdb.com\/sv\/wp-json\/wp\/v2\/comments?post=7520"}],"version-history":[{"count":1,"href":"https:\/\/moverdb.com\/sv\/wp-json\/wp\/v2\/pages\/7520\/revisions"}],"predecessor-version":[{"id":7521,"href":"https:\/\/moverdb.com\/sv\/wp-json\/wp\/v2\/pages\/7520\/revisions\/7521"}],"up":[{"embeddable":true,"href":"https:\/\/moverdb.com\/sv\/wp-json\/wp\/v2\/pages\/190"}],"wp:attachment":[{"href":"https:\/\/moverdb.com\/sv\/wp-json\/wp\/v2\/media?parent=7520"}],"curies":[{"name":"wp","href":"https:\/\/api.w.org\/{rel}","templated":true}]}}