{"id":7518,"date":"2023-02-01T14:01:41","date_gmt":"2023-02-01T14:01:41","guid":{"rendered":"https:\/\/moverdb.com\/?page_id=7518"},"modified":"2026-01-08T15:23:44","modified_gmt":"2026-01-08T15:23:44","slug":"flyttfirmor-i-honduras","status":"publish","type":"page","link":"https:\/\/moverdb.com\/sv\/moving-companies\/moving-companies-honduras\/","title":{"rendered":"2 b\u00e4sta internationella flyttfirmor i Honduras"},"content":{"rendered":"<p>Att flytta kan vara en komplicerad och stressig tid, s\u00e5 om du planerar en flytt till, fr\u00e5n eller inom Honduras, kan du beh\u00f6va hj\u00e4lp av en <a href=\"https:\/\/moverdb.com\/sv\/moving-companies\/\" data-internallinksmanager029f6b8e52c=\"79\" title=\"Topp 25 internationella flyttfirmor p\u00e5 n\u00e4tet\">flyttfirma<\/a>. Nedan har vi sammanst\u00e4llt en lista \u00f6ver Honduras-baserade <a href=\"https:\/\/moverdb.com\/sv\/international-removals\/\" data-internallinksmanager029f6b8e52c=\"27\" title=\"36 b\u00e4sta internationella flyttfirmor i Storbritannien\">flyttfirmor<\/a> som \u00e4r medlemmar i <a href=\"https:\/\/moverdb.com\/sv\/iam\/\" data-internallinksmanager029f6b8e52c=\"23\" title=\"International Association of Movers (IAM) f\u00f6rklaras\">Internationella sammanslutningen av flyttfirmor<\/a> (IAM) och\/eller <a href=\"https:\/\/moverdb.com\/sv\/fidi-faim\/\" data-internallinksmanager029f6b8e52c=\"16\" title=\"FIDI &amp; FAIM (FIDI Accredited International Mover) f\u00f6rklaras\">FIDI<\/a> Accredited International Mover (FAIM) som kan hj\u00e4lpa dig med din flytt.<\/p>\n<h2><strong>1. Mudanzas International<\/strong><\/h2>\n<p><img loading=\"lazy\" decoding=\"async\" class=\"alignnone size-full wp-image-7471\" src=\"https:\/\/moverdb.com\/wp-content\/uploads\/Mudanzas-International-moving-company.png\" alt=\"Mudanzas Internationellt flyttf\u00f6retag\" width=\"1440\" height=\"681\" data-wp-pid=\"7471\" srcset=\"https:\/\/moverdb.com\/wp-content\/uploads\/Mudanzas-International-moving-company.png 1440w, https:\/\/moverdb.com\/wp-content\/uploads\/Mudanzas-International-moving-company-300x142.png 300w, https:\/\/moverdb.com\/wp-content\/uploads\/Mudanzas-International-moving-company-1024x484.png 1024w, https:\/\/moverdb.com\/wp-content\/uploads\/Mudanzas-International-moving-company-18x9.png 18w, https:\/\/moverdb.com\/wp-content\/uploads\/Mudanzas-International-moving-company-600x284.png 600w\" sizes=\"auto, (max-width: 1440px) 100vw, 1440px\" \/><\/p>\n<ul>\n<li>Nationella flyttningar<\/li>\n<li>Internationella flyttar<\/li>\n<li>Hush\u00e5llsflyttar<\/li>\n<li>D\u00f6rr-till-d\u00f6rr-tj\u00e4nster<\/li>\n<li>Professionell f\u00f6rpackningstj\u00e4nst<\/li>\n<li>Egen fordonsflotta<\/li>\n<li>V\u00e4g-, sj\u00f6- och luftfrakt<\/li>\n<li>Tullst\u00f6d<\/li>\n<li>Transport av fordon<\/li>\n<li>Val av f\u00f6rvaringsalternativ<\/li>\n<\/ul>\n<p>Mudanzas International \u00e4r ett internationellt flytt-, packnings- och f\u00f6rvaringsf\u00f6retag med \u00f6ver 25 \u00e5rs erfarenhet. De \u00e4r medlemmar i IAM med 32 \u00e5rs erfarenhet, vilket ger dem tillg\u00e5ng till ett internationellt n\u00e4tverk av flyttfirmor f\u00f6r att hj\u00e4lpa till vid flyttningar utomlands.<\/p>\n<p>Mudanzas International erbjuder en personlig flyttservice f\u00f6r nationella och internationella flyttar med d\u00f6rr-till-d\u00f6rr-service. De erbjuder en professionell f\u00f6rpackningstj\u00e4nst f\u00f6r att skydda dina tillh\u00f6righeter under transporten. De kan ordna v\u00e4gtransporter med hj\u00e4lp av sin egen flotta, flyg- och sj\u00f6frakt och de kan ge st\u00f6d med tulltj\u00e4nster. De kan ocks\u00e5 erbjuda transport av fordon och motorcyklar.<\/p>\n<p>Webbplats: <a href=\"http:\/\/www.mudanzasinternational.net\" target=\"_blank\" rel=\"noopener\">http:\/\/www.mudanzasinternational.net<\/a><\/p>\n<h2><strong>2. Mudanzas luftbro<\/strong><\/h2>\n<p><img loading=\"lazy\" decoding=\"async\" class=\"alignnone size-full wp-image-7470\" src=\"https:\/\/moverdb.com\/wp-content\/uploads\/Mudanzas-Airlift-international-moving-company.png\" alt=\"Mudanzas Airlift internationell flyttfirma\" width=\"1440\" height=\"678\" data-wp-pid=\"7470\" srcset=\"https:\/\/moverdb.com\/wp-content\/uploads\/Mudanzas-Airlift-international-moving-company.png 1440w, https:\/\/moverdb.com\/wp-content\/uploads\/Mudanzas-Airlift-international-moving-company-300x141.png 300w, https:\/\/moverdb.com\/wp-content\/uploads\/Mudanzas-Airlift-international-moving-company-1024x482.png 1024w, https:\/\/moverdb.com\/wp-content\/uploads\/Mudanzas-Airlift-international-moving-company-18x8.png 18w, https:\/\/moverdb.com\/wp-content\/uploads\/Mudanzas-Airlift-international-moving-company-600x283.png 600w\" sizes=\"auto, (max-width: 1440px) 100vw, 1440px\" \/><\/p>\n<ul>\n<li>Nationella flyttningar<\/li>\n<li>Internationella flyttar<\/li>\n<li>Hush\u00e5llsflyttar<\/li>\n<li>D\u00f6rr-till-d\u00f6rr-tj\u00e4nster<\/li>\n<li>F\u00f6rpackningstj\u00e4nst<\/li>\n<li>Arrangemang av transporter<\/li>\n<li>Tullklarering<\/li>\n<li>Transport av fordon<\/li>\n<li>F\u00f6rs\u00e4kring<\/li>\n<li>Lagringstj\u00e4nst<\/li>\n<\/ul>\n<p>Mudanzas Airlift \u00e4r ett internationellt flytt-, transport- och logistikf\u00f6retag som grundades 1963. Deras huvudkontor ligger i Tegucigalpa och en filial i San Pedro Sula. De \u00e4r medlemmar i IAM vilket ger dem ett internationellt n\u00e4tverk av flyttningsagenter.<\/p>\n<p>Mudanzas Airlift erbjuder en unders\u00f6kning f\u00f6re flytten f\u00f6r att hj\u00e4lpa dig att bed\u00f6ma dina behov. De erbjuder en d\u00f6rr-till-d\u00f6rr- eller d\u00f6rr-till-d\u00f6rr-transport.<a href=\"https:\/\/moverdb.com\/sv\/top-49-container-ports\/\" data-internallinksmanager029f6b8e52c=\"80\" title=\"Topp 49 st\u00f6rsta och mest trafikerade containerhamnar 2025\">port<\/a> tj\u00e4nsten som omfattar en f\u00f6rpacknings- och kisttj\u00e4nst f\u00f6r att skydda dina f\u00f6rem\u00e5l under flytten. De ordnar transporten av dina \u00e4godelar och hj\u00e4lper till med tullklarering och f\u00f6rs\u00e4kring. De erbjuder \u00e4ven fordonstransporter och f\u00f6rvaringsl\u00f6sningar om du beh\u00f6ver det.<\/p>\n<p>Webbplats: <a href=\"http:\/\/www.mudanzasairlift.com\" target=\"_blank\" rel=\"noopener\">http:\/\/www.mudanzasairlift.com<\/a><\/p>","protected":false},"excerpt":{"rendered":"<p>Moving can be a complicated and stressful time so if you are planning a move to, from or within Honduras, you may want the help of a moving company. Below we have compiled a list of Honduras based removal companies that are members of the International Association of Movers (IAM) and\/or FIDI Accredited International Mover [&hellip;]<\/p>\n","protected":false},"author":4,"featured_media":0,"parent":190,"menu_order":0,"comment_status":"closed","ping_status":"closed","template":"","meta":{"_genesis_hide_title":false,"_genesis_hide_breadcrumbs":false,"_genesis_hide_singular_image":false,"_genesis_hide_footer_widgets":false,"_genesis_custom_body_class":"","_genesis_custom_post_class":"","_genesis_layout":"","footnotes":""},"class_list":{"0":"post-7518","1":"page","2":"type-page","3":"status-publish","5":"entry","6":"has-post-thumbnail"},"_links":{"self":[{"href":"https:\/\/moverdb.com\/sv\/wp-json\/wp\/v2\/pages\/7518","targetHints":{"allow":["GET"]}}],"collection":[{"href":"https:\/\/moverdb.com\/sv\/wp-json\/wp\/v2\/pages"}],"about":[{"href":"https:\/\/moverdb.com\/sv\/wp-json\/wp\/v2\/types\/page"}],"author":[{"embeddable":true,"href":"https:\/\/moverdb.com\/sv\/wp-json\/wp\/v2\/users\/4"}],"replies":[{"embeddable":true,"href":"https:\/\/moverdb.com\/sv\/wp-json\/wp\/v2\/comments?post=7518"}],"version-history":[{"count":1,"href":"https:\/\/moverdb.com\/sv\/wp-json\/wp\/v2\/pages\/7518\/revisions"}],"predecessor-version":[{"id":7519,"href":"https:\/\/moverdb.com\/sv\/wp-json\/wp\/v2\/pages\/7518\/revisions\/7519"}],"up":[{"embeddable":true,"href":"https:\/\/moverdb.com\/sv\/wp-json\/wp\/v2\/pages\/190"}],"wp:attachment":[{"href":"https:\/\/moverdb.com\/sv\/wp-json\/wp\/v2\/media?parent=7518"}],"curies":[{"name":"wp","href":"https:\/\/api.w.org\/{rel}","templated":true}]}}