{"id":7512,"date":"2023-02-01T13:59:57","date_gmt":"2023-02-01T13:59:57","guid":{"rendered":"https:\/\/moverdb.com\/?page_id=7512"},"modified":"2026-01-08T15:24:16","modified_gmt":"2026-01-08T15:24:16","slug":"flyttfirmor-guatemala","status":"publish","type":"page","link":"https:\/\/moverdb.com\/sv\/moving-companies\/moving-companies-guatemala\/","title":{"rendered":"3 b\u00e4sta internationella flyttfirmor i Guatemala"},"content":{"rendered":"<p>Ska du flytta till, fr\u00e5n eller inom Guatemala? D\u00e5 kanske du \u00e4r intresserad av tj\u00e4nsterna fr\u00e5n en <a href=\"https:\/\/moverdb.com\/sv\/moving-companies\/\" data-internallinksmanager029f6b8e52c=\"79\" title=\"Topp 25 internationella flyttfirmor p\u00e5 n\u00e4tet\">flyttfirma<\/a> som kan hj\u00e4lpa till med packning, transport och tullformaliteter. Nedan har vi sammanst\u00e4llt en lista \u00f6ver Guatemala-baserade <a href=\"https:\/\/moverdb.com\/sv\/international-removals\/\" data-internallinksmanager029f6b8e52c=\"27\" title=\"36 b\u00e4sta internationella flyttfirmor i Storbritannien\">flyttfirmor<\/a> som \u00e4r medlemmar i <a href=\"https:\/\/moverdb.com\/sv\/iam\/\" data-internallinksmanager029f6b8e52c=\"23\" title=\"International Association of Movers (IAM) f\u00f6rklaras\">Internationella sammanslutningen av flyttfirmor<\/a> (IAM) och\/eller <a href=\"https:\/\/moverdb.com\/sv\/fidi-faim\/\" data-internallinksmanager029f6b8e52c=\"16\" title=\"FIDI &amp; FAIM (FIDI Accredited International Mover) f\u00f6rklaras\">FIDI<\/a> Accredited International Mover (FAIM) som kan hj\u00e4lpa dig med din flytt.<\/p>\n<h2><strong>1. Brizmud<\/strong><\/h2>\n<p><img loading=\"lazy\" decoding=\"async\" class=\"alignnone size-full wp-image-7422\" src=\"https:\/\/moverdb.com\/wp-content\/uploads\/Brizmud-international-moving-company.png\" alt=\"Brizmud internationellt flyttf\u00f6retag\" width=\"1440\" height=\"686\" data-wp-pid=\"7422\" srcset=\"https:\/\/moverdb.com\/wp-content\/uploads\/Brizmud-international-moving-company.png 1440w, https:\/\/moverdb.com\/wp-content\/uploads\/Brizmud-international-moving-company-300x143.png 300w, https:\/\/moverdb.com\/wp-content\/uploads\/Brizmud-international-moving-company-1024x488.png 1024w, https:\/\/moverdb.com\/wp-content\/uploads\/Brizmud-international-moving-company-18x9.png 18w, https:\/\/moverdb.com\/wp-content\/uploads\/Brizmud-international-moving-company-600x286.png 600w\" sizes=\"auto, (max-width: 1440px) 100vw, 1440px\" \/><\/p>\n<ul>\n<li>Nationella flyttningar<\/li>\n<li>Internationella flyttningar<\/li>\n<li>Flyttj\u00e4nster<\/li>\n<li>Hush\u00e5llsflyttar<\/li>\n<li>F\u00f6rpackningstj\u00e4nster<\/li>\n<li>Transport p\u00e5 v\u00e4g, till sj\u00f6ss och i luften<\/li>\n<li>Tullhandlingar<\/li>\n<li>Transport av konstverk<\/li>\n<li>N\u00e4tverk av internationella agenter<\/li>\n<li>F\u00f6rvaringsutrymmen<\/li>\n<\/ul>\n<p>Brizmud \u00e4r ett lokalt och internationellt flyttf\u00f6retag i Guatemala. De erbjuder flytt- och omlokaliseringstj\u00e4nster till hush\u00e5ll. De har ett n\u00e4tverk av kvalificerade leverant\u00f6rer och agenter som g\u00f6r det m\u00f6jligt f\u00f6r dem att verka i andra l\u00e4nder. De \u00e4r medlemmar i IAM med fem \u00e5rs erfarenhet.<\/p>\n<p>Brizmud erbjuder personlig v\u00e5rd till sina kunder, vilket inkluderar att skr\u00e4ddarsy sitt flyttutbud f\u00f6r att m\u00f6ta kundernas behov. De erbjuder en rad olika flyttj\u00e4nster, bland annat s\u00e4ker packning av dina tillh\u00f6righeter, transport p\u00e5 v\u00e4g, till sj\u00f6ss eller med flyg och st\u00f6d till tullmyndigheterna n\u00e4r det g\u00e4ller att fylla i pappersarbetet. De erbjuder \u00e4ven f\u00f6rvaringsm\u00f6jligheter om du beh\u00f6ver det.<\/p>\n<p>Webbplats: <a href=\"https:\/\/brizmud.com\/\" target=\"_blank\" rel=\"noopener\">https:\/\/brizmud.com\/<\/a><\/p>\n<h2><strong>2. Intermud<\/strong><\/h2>\n<p><img loading=\"lazy\" decoding=\"async\" class=\"alignnone size-full wp-image-7457\" src=\"https:\/\/moverdb.com\/wp-content\/uploads\/Intermud-international-moving-company.png\" alt=\"Intermud internationellt flyttf\u00f6retag\" width=\"1440\" height=\"683\" data-wp-pid=\"7457\" srcset=\"https:\/\/moverdb.com\/wp-content\/uploads\/Intermud-international-moving-company.png 1440w, https:\/\/moverdb.com\/wp-content\/uploads\/Intermud-international-moving-company-300x142.png 300w, https:\/\/moverdb.com\/wp-content\/uploads\/Intermud-international-moving-company-1024x486.png 1024w, https:\/\/moverdb.com\/wp-content\/uploads\/Intermud-international-moving-company-18x9.png 18w, https:\/\/moverdb.com\/wp-content\/uploads\/Intermud-international-moving-company-600x285.png 600w\" sizes=\"auto, (max-width: 1440px) 100vw, 1440px\" \/><\/p>\n<ul>\n<li>Nationella flyttningar<\/li>\n<li>Internationella flyttar<\/li>\n<li>Flyttning av bost\u00e4der<\/li>\n<li>Flyttning av kontor<\/li>\n<li>Flyttr\u00e5dgivning<\/li>\n<li>F\u00f6rpackningstj\u00e4nster<\/li>\n<li>Demontering och montering av m\u00f6bler<\/li>\n<li>Transporter p\u00e5 land, till sj\u00f6ss och i luften<\/li>\n<li>Tullst\u00f6d<\/li>\n<li>F\u00f6rvaringsutrymmen<\/li>\n<\/ul>\n<p>Intermud \u00e4r ett flytt- och logistikf\u00f6retag som har \u00f6ver 35 \u00e5rs erfarenhet av att flytta m\u00e4nniskor och \u00e4r baserat i Guatemala. De \u00e4r medlemmar i IAM med 40 \u00e5rs erfarenhet och \u00e4r ackrediterade av FIDI. Genom sina medlemskap kan de f\u00e5 tillg\u00e5ng till ett internationellt n\u00e4tverk av flyttfirmor som st\u00f6der dem vid flyttningar utomlands.<\/p>\n<p>Intermud erbjuder b\u00e5de bostads- och kontorsflyttar lokalt och internationellt. F\u00f6r privatpersoner erbjuder de packning och uppackning, tillf\u00e4llig m\u00f6beluthyrning och f\u00f6rvaringsm\u00f6jligheter. F\u00f6r kontorsflyttar erbjuder de tj\u00e4nster fr\u00e5n sm\u00e5 kontor till stora byggnader som omfattar packning och uppackning, demontering och montering av m\u00f6bler samt s\u00e4ker f\u00f6rpackning av elektronisk utrustning.<\/p>\n<p>Webbplats: <a href=\"http:\/\/www.intermud.com\" target=\"_blank\" rel=\"noopener\">http:\/\/www.intermud.com<\/a><\/p>\n<h2><strong>3. Schweiziska globala flyttare<\/strong><\/h2>\n<p><img loading=\"lazy\" decoding=\"async\" class=\"alignnone size-full wp-image-7493\" src=\"https:\/\/moverdb.com\/wp-content\/uploads\/Swiss-Global-Movers-international-moving-company.png\" alt=\"Swiss Global Movers internationellt flyttf\u00f6retag\" width=\"1440\" height=\"683\" data-wp-pid=\"7493\" srcset=\"https:\/\/moverdb.com\/wp-content\/uploads\/Swiss-Global-Movers-international-moving-company.png 1440w, https:\/\/moverdb.com\/wp-content\/uploads\/Swiss-Global-Movers-international-moving-company-300x142.png 300w, https:\/\/moverdb.com\/wp-content\/uploads\/Swiss-Global-Movers-international-moving-company-1024x486.png 1024w, https:\/\/moverdb.com\/wp-content\/uploads\/Swiss-Global-Movers-international-moving-company-18x9.png 18w, https:\/\/moverdb.com\/wp-content\/uploads\/Swiss-Global-Movers-international-moving-company-600x285.png 600w\" sizes=\"auto, (max-width: 1440px) 100vw, 1440px\" \/><\/p>\n<ul>\n<li>Lokala flyttningar<\/li>\n<li>Internationella flyttar<\/li>\n<li>Hush\u00e5llsflyttar<\/li>\n<li>F\u00f6retagsflyttar<\/li>\n<li>D\u00f6rr-till-d\u00f6rr-l\u00f6sningar<\/li>\n<li>Kvalificerad personal<\/li>\n<li>F\u00f6rpackningstj\u00e4nst<\/li>\n<li>Arrangemang av transporter<\/li>\n<li>Tulltj\u00e4nster<\/li>\n<li>F\u00f6rvaringsutrymmen<\/li>\n<\/ul>\n<p>Swiss Global Movers \u00e4r en flytt- och logistikleverant\u00f6r med s\u00e4te i Guatemala City och har \u00f6ver 20 \u00e5rs erfarenhet. De arbetar i partnerskap med andra f\u00f6r att leverera en omfattande tj\u00e4nst med v\u00e4rldsomfattande t\u00e4ckning. De \u00e4r medlemmar i IAM med 42 \u00e5rs erfarenhet.<\/p>\n<p>Swiss Global Movers har kvalificerad personal som ger dig r\u00e5d och hj\u00e4lper dig att planera din flytt. De erbjuder en d\u00f6rr-till-d\u00f6rr-tj\u00e4nst som inkluderar packning och uppackning och kan erbjuda provisorisk f\u00f6rvaring om det beh\u00f6vs. De ordnar transporten av dina \u00e4godelar, inklusive hantering av import- och exportprocesser med tulltj\u00e4nster.<\/p>\n<p>Webbplats: <a href=\"https:\/\/swissglobalmovers.com.gt\/\" target=\"_blank\" rel=\"noopener\">https:\/\/swissglobalmovers.com.gt\/<\/a><\/p>","protected":false},"excerpt":{"rendered":"<p>Are you moving to or from, or within Guatemala? Then you might be interested in the services of a moving company that can assist with packing, transportation and customs formalities. Below we have compiled a list of Guatemala based removal companies that are members of the International Association of Movers (IAM) and\/or FIDI Accredited International [&hellip;]<\/p>\n","protected":false},"author":4,"featured_media":0,"parent":190,"menu_order":0,"comment_status":"closed","ping_status":"closed","template":"","meta":{"_genesis_hide_title":false,"_genesis_hide_breadcrumbs":false,"_genesis_hide_singular_image":false,"_genesis_hide_footer_widgets":false,"_genesis_custom_body_class":"","_genesis_custom_post_class":"","_genesis_layout":"","footnotes":""},"class_list":{"0":"post-7512","1":"page","2":"type-page","3":"status-publish","5":"entry","6":"has-post-thumbnail"},"_links":{"self":[{"href":"https:\/\/moverdb.com\/sv\/wp-json\/wp\/v2\/pages\/7512","targetHints":{"allow":["GET"]}}],"collection":[{"href":"https:\/\/moverdb.com\/sv\/wp-json\/wp\/v2\/pages"}],"about":[{"href":"https:\/\/moverdb.com\/sv\/wp-json\/wp\/v2\/types\/page"}],"author":[{"embeddable":true,"href":"https:\/\/moverdb.com\/sv\/wp-json\/wp\/v2\/users\/4"}],"replies":[{"embeddable":true,"href":"https:\/\/moverdb.com\/sv\/wp-json\/wp\/v2\/comments?post=7512"}],"version-history":[{"count":1,"href":"https:\/\/moverdb.com\/sv\/wp-json\/wp\/v2\/pages\/7512\/revisions"}],"predecessor-version":[{"id":7513,"href":"https:\/\/moverdb.com\/sv\/wp-json\/wp\/v2\/pages\/7512\/revisions\/7513"}],"up":[{"embeddable":true,"href":"https:\/\/moverdb.com\/sv\/wp-json\/wp\/v2\/pages\/190"}],"wp:attachment":[{"href":"https:\/\/moverdb.com\/sv\/wp-json\/wp\/v2\/media?parent=7512"}],"curies":[{"name":"wp","href":"https:\/\/api.w.org\/{rel}","templated":true}]}}