{"id":7508,"date":"2023-02-01T13:58:25","date_gmt":"2023-02-01T13:58:25","guid":{"rendered":"https:\/\/moverdb.com\/?page_id=7508"},"modified":"2026-01-08T15:23:42","modified_gmt":"2026-01-08T15:23:42","slug":"flyttfirmor-ghana","status":"publish","type":"page","link":"https:\/\/moverdb.com\/sv\/moving-companies\/moving-companies-ghana\/","title":{"rendered":"2 b\u00e4sta internationella flyttfirmor i Ghana"},"content":{"rendered":"<p>Planerar du att flytta till, fr\u00e5n eller till Ghana? D\u00e5 kanske du \u00e4r intresserad av att anlita en professionell <a href=\"https:\/\/moverdb.com\/sv\/moving-companies\/\" data-internallinksmanager029f6b8e52c=\"79\" title=\"Topp 25 internationella flyttfirmor p\u00e5 n\u00e4tet\">flyttfirma<\/a> som kan hj\u00e4lpa dig att flytta dina tillh\u00f6righeter och sk\u00f6ta pappersarbetet. Nedan har vi sammanst\u00e4llt en lista \u00f6ver Ghana-baserade <a href=\"https:\/\/moverdb.com\/sv\/international-removals\/\" data-internallinksmanager029f6b8e52c=\"27\" title=\"36 b\u00e4sta internationella flyttfirmor i Storbritannien\">flyttfirmor<\/a> som \u00e4r medlemmar i <a href=\"https:\/\/moverdb.com\/sv\/iam\/\" data-internallinksmanager029f6b8e52c=\"23\" title=\"International Association of Movers (IAM) f\u00f6rklaras\">Internationella sammanslutningen av flyttfirmor<\/a> (IAM) och\/eller <a href=\"https:\/\/moverdb.com\/sv\/fidi-faim\/\" data-internallinksmanager029f6b8e52c=\"16\" title=\"FIDI &amp; FAIM (FIDI Accredited International Mover) f\u00f6rklaras\">FIDI<\/a> Accredited International Mover (FAIM) som kan hj\u00e4lpa dig med din flytt.<\/p>\n<h2><strong>1. Worldwide Movers<\/strong><\/h2>\n<p><img loading=\"lazy\" decoding=\"async\" class=\"alignnone size-full wp-image-7498\" src=\"https:\/\/moverdb.com\/wp-content\/uploads\/Worldwide-Movers-Ghana-international-moving-company.png\" alt=\"Worldwide Movers Ghana internationell flyttfirma\" width=\"1440\" height=\"675\" data-wp-pid=\"7498\" srcset=\"https:\/\/moverdb.com\/wp-content\/uploads\/Worldwide-Movers-Ghana-international-moving-company.png 1440w, https:\/\/moverdb.com\/wp-content\/uploads\/Worldwide-Movers-Ghana-international-moving-company-300x141.png 300w, https:\/\/moverdb.com\/wp-content\/uploads\/Worldwide-Movers-Ghana-international-moving-company-1024x480.png 1024w, https:\/\/moverdb.com\/wp-content\/uploads\/Worldwide-Movers-Ghana-international-moving-company-18x8.png 18w, https:\/\/moverdb.com\/wp-content\/uploads\/Worldwide-Movers-Ghana-international-moving-company-600x281.png 600w\" sizes=\"auto, (max-width: 1440px) 100vw, 1440px\" \/><\/p>\n<ul>\n<li>Nationella flyttningar<\/li>\n<li>Internationella flyttar<\/li>\n<li>Hush\u00e5llsflyttar<\/li>\n<li>Flyttning av kontor<\/li>\n<li>D\u00f6rr-till-d\u00f6rr-tj\u00e4nster<\/li>\n<li>Transport p\u00e5 v\u00e4g, till sj\u00f6ss och i luften<\/li>\n<li>St\u00f6d f\u00f6r tullformaliteter<\/li>\n<li>Transport av s\u00e4llskapsdjur<\/li>\n<li>Orienteringstj\u00e4nster<\/li>\n<li>F\u00f6rvaringsutrymmen<\/li>\n<\/ul>\n<p>Worldwide Movers \u00e4r ett internationellt flyttf\u00f6retag med kontor runt om i v\u00e4rlden, inklusive ett i Ghana som grundades 2013 i Accra. De har Afrikas Gold Standard f\u00f6r flyttning och \u00e4r medlemmar i IAM med 10 \u00e5rs erfarenhet.<\/p>\n<p>Worldwide Movers erbjuder en d\u00f6rr-till-d\u00f6rr-tj\u00e4nst f\u00f6r flyttningar som b\u00f6rjar med en unders\u00f6kning f\u00f6r att ta fram en offert. De kan ordna transport p\u00e5 v\u00e4g, till sj\u00f6ss eller med flyg och v\u00e4gleda dig om tullbest\u00e4mmelser och f\u00f6rs\u00e4kringar. De erbjuder ocks\u00e5 ytterligare tj\u00e4nster f\u00f6r att hj\u00e4lpa dig att komma till r\u00e4tta, bland annat en orienteringstj\u00e4nst f\u00f6r att bekanta dig med omr\u00e5det och hj\u00e4lp med att hitta boende och skolor.<\/p>\n<p>Webbplats: <a href=\"https:\/\/www.worldwidemoversafrica.com\/countries\/ghana\/\" target=\"_blank\" rel=\"noopener\">https:\/\/www.worldwidemoversafrica.com\/countries\/ghana\/<\/a><\/p>\n<h2><strong>2. Doxa Worldwide Movers<\/strong><\/h2>\n<p><img loading=\"lazy\" decoding=\"async\" class=\"alignnone size-full wp-image-7436\" src=\"https:\/\/moverdb.com\/wp-content\/uploads\/Doxa-Worldwide-Movers-international-moving-company.png\" alt=\"Doxa Worldwide Movers internationell flyttfirma\" width=\"1440\" height=\"686\" data-wp-pid=\"7436\" srcset=\"https:\/\/moverdb.com\/wp-content\/uploads\/Doxa-Worldwide-Movers-international-moving-company.png 1440w, https:\/\/moverdb.com\/wp-content\/uploads\/Doxa-Worldwide-Movers-international-moving-company-300x143.png 300w, https:\/\/moverdb.com\/wp-content\/uploads\/Doxa-Worldwide-Movers-international-moving-company-1024x488.png 1024w, https:\/\/moverdb.com\/wp-content\/uploads\/Doxa-Worldwide-Movers-international-moving-company-18x9.png 18w, https:\/\/moverdb.com\/wp-content\/uploads\/Doxa-Worldwide-Movers-international-moving-company-600x286.png 600w\" sizes=\"auto, (max-width: 1440px) 100vw, 1440px\" \/><\/p>\n<ul>\n<li>Nationella flyttningar<\/li>\n<li>Internationella flyttar<\/li>\n<li>Flyttning av bost\u00e4der<\/li>\n<li>Flyttning av f\u00f6retag<\/li>\n<li>D\u00f6rr till d\u00f6rr eller <a href=\"https:\/\/moverdb.com\/sv\/top-49-container-ports\/\" data-internallinksmanager029f6b8e52c=\"80\" title=\"Topp 49 st\u00f6rsta och mest trafikerade containerhamnar 2025\">port<\/a>-till-port-tj\u00e4nster<\/li>\n<li>F\u00f6rpackningstj\u00e4nst<\/li>\n<li>Speciella faner- eller tr\u00e4l\u00e5dor<\/li>\n<li>Transport p\u00e5 land, i luften eller till sj\u00f6ss<\/li>\n<li>Tullklarering<\/li>\n<li>S\u00e4kra f\u00f6rvaringsutrymmen<\/li>\n<\/ul>\n<p>Doxa Worldwide Movers \u00e4r ett ghanabaserat speditionsf\u00f6retag som har varit verksamt i 20 \u00e5r. De \u00e4r medlemmar i IAM med 28 \u00e5rs erfarenhet och detta medlemskap ger dem tillg\u00e5ng till ett brett n\u00e4tverk av flyttfirmor runt om i v\u00e4rlden som kan hj\u00e4lpa dem.<\/p>\n<p>Doxa Worldwide Movers erbjuder dig ett val mellan d\u00f6rr-till-d\u00f6rr-tj\u00e4nster och hamn-till-hamn-tj\u00e4nster. De tillhandah\u00e5ller en f\u00f6rpackningstj\u00e4nst enligt internationell standard med hj\u00e4lp av en rad olika f\u00f6rpackningsmaterial och speciella faner- eller tr\u00e4l\u00e5dor n\u00e4r det beh\u00f6vs f\u00f6r att skydda dina tillh\u00f6righeter under transporten. De erbjuder ett urval av transport p\u00e5 land, till sj\u00f6ss eller med flyg och hj\u00e4lper till med tullklarering.<\/p>\n<p>Webbplats: <a href=\"https:\/\/doxaworldwidemovers.com\" target=\"_blank\" rel=\"noopener\">https:\/\/doxaworldwidemovers.com<\/a><\/p>","protected":false},"excerpt":{"rendered":"<p>Are you planning a move in, from or to Ghana? Then you might be interested in employing the services of a professional moving company that can assist with moving your belongings and handle the paperwork. Below we have compiled a list of Ghana based removal companies that are members of the International Association of Movers [&hellip;]<\/p>\n","protected":false},"author":4,"featured_media":0,"parent":190,"menu_order":0,"comment_status":"closed","ping_status":"closed","template":"","meta":{"_genesis_hide_title":false,"_genesis_hide_breadcrumbs":false,"_genesis_hide_singular_image":false,"_genesis_hide_footer_widgets":false,"_genesis_custom_body_class":"","_genesis_custom_post_class":"","_genesis_layout":"","footnotes":""},"class_list":{"0":"post-7508","1":"page","2":"type-page","3":"status-publish","5":"entry","6":"has-post-thumbnail"},"_links":{"self":[{"href":"https:\/\/moverdb.com\/sv\/wp-json\/wp\/v2\/pages\/7508","targetHints":{"allow":["GET"]}}],"collection":[{"href":"https:\/\/moverdb.com\/sv\/wp-json\/wp\/v2\/pages"}],"about":[{"href":"https:\/\/moverdb.com\/sv\/wp-json\/wp\/v2\/types\/page"}],"author":[{"embeddable":true,"href":"https:\/\/moverdb.com\/sv\/wp-json\/wp\/v2\/users\/4"}],"replies":[{"embeddable":true,"href":"https:\/\/moverdb.com\/sv\/wp-json\/wp\/v2\/comments?post=7508"}],"version-history":[{"count":1,"href":"https:\/\/moverdb.com\/sv\/wp-json\/wp\/v2\/pages\/7508\/revisions"}],"predecessor-version":[{"id":7509,"href":"https:\/\/moverdb.com\/sv\/wp-json\/wp\/v2\/pages\/7508\/revisions\/7509"}],"up":[{"embeddable":true,"href":"https:\/\/moverdb.com\/sv\/wp-json\/wp\/v2\/pages\/190"}],"wp:attachment":[{"href":"https:\/\/moverdb.com\/sv\/wp-json\/wp\/v2\/media?parent=7508"}],"curies":[{"name":"wp","href":"https:\/\/api.w.org\/{rel}","templated":true}]}}