{"id":6061,"date":"2023-02-01T13:50:00","date_gmt":"2023-02-01T13:50:00","guid":{"rendered":"https:\/\/moverdb.com\/?page_id=6061"},"modified":"2026-01-08T15:29:55","modified_gmt":"2026-01-08T15:29:55","slug":"flyttfirmor-i-georgia","status":"publish","type":"page","link":"https:\/\/moverdb.com\/sv\/moving-companies\/moving-companies-georgia\/","title":{"rendered":"B\u00e4sta internationella flyttfirmor i Georgia"},"content":{"rendered":"<p>Om du ska flytta ditt hem eller f\u00f6retag i <a href=\"https:\/\/moverdb.com\/sv\/moving-to-the-united-states\/moving-to-georgia\/\" data-internallinksmanager029f6b8e52c=\"402\" title=\"Flytta till Georgia? 2026 Levnadskostnader &amp; tips om flytt\">Georgien<\/a>, eller till eller fr\u00e5n Georgia kanske du vill anlita en flyttfirma f\u00f6r att hj\u00e4lpa dig. Nedan har vi sammanst\u00e4llt en lista \u00f6ver Georgia-baserade <a href=\"https:\/\/moverdb.com\/sv\/international-removals\/\" data-internallinksmanager029f6b8e52c=\"27\" title=\"36 b\u00e4sta internationella flyttfirmor i Storbritannien\">flyttfirmor<\/a> som \u00e4r medlemmar i <a href=\"https:\/\/moverdb.com\/sv\/iam\/\" data-internallinksmanager029f6b8e52c=\"23\" title=\"International Association of Movers (IAM) f\u00f6rklaras\">Internationella sammanslutningen av flyttfirmor<\/a> (IAM) och\/eller <a href=\"https:\/\/moverdb.com\/sv\/fidi-faim\/\" data-internallinksmanager029f6b8e52c=\"16\" title=\"FIDI &amp; FAIM (FIDI Accredited International Mover) f\u00f6rklaras\">FIDI<\/a> Accredited International Mover (FAIM) som kan hj\u00e4lpa dig med din flytt.<\/p>\n<h2><strong>Gosselin<\/strong><\/h2>\n<p><img loading=\"lazy\" decoding=\"async\" class=\"alignnone size-full wp-image-6062\" src=\"https:\/\/moverdb.com\/wp-content\/uploads\/Gosselin-Georgia-international-moving-company.png\" alt=\"Gosselin Georgia internationell flyttfirma\" width=\"1440\" height=\"716\" data-wp-pid=\"6062\" srcset=\"https:\/\/moverdb.com\/wp-content\/uploads\/Gosselin-Georgia-international-moving-company.png 1440w, https:\/\/moverdb.com\/wp-content\/uploads\/Gosselin-Georgia-international-moving-company-300x149.png 300w, https:\/\/moverdb.com\/wp-content\/uploads\/Gosselin-Georgia-international-moving-company-1024x509.png 1024w, https:\/\/moverdb.com\/wp-content\/uploads\/Gosselin-Georgia-international-moving-company-18x9.png 18w, https:\/\/moverdb.com\/wp-content\/uploads\/Gosselin-Georgia-international-moving-company-600x298.png 600w\" sizes=\"auto, (max-width: 1440px) 100vw, 1440px\" \/><\/p>\n<ul>\n<li>Nationella flyttningar<\/li>\n<li>Internationella flyttar<\/li>\n<li>Hush\u00e5llsflyttar<\/li>\n<li>Flyttning av kontor<\/li>\n<li>F\u00f6rpackningstj\u00e4nst<\/li>\n<li>Transport p\u00e5 v\u00e4g, till sj\u00f6ss och i luften<\/li>\n<li>Konst som r\u00f6r sig<\/li>\n<li>Transport av s\u00e4llskapsdjur<\/li>\n<li>Transport av fordon<\/li>\n<li>Kort- till l\u00e5ngtidsf\u00f6rvaring<\/li>\n<\/ul>\n<p>Gosselin \u00e4r en <a href=\"https:\/\/moverdb.com\/sv\/moving-companies\/\" data-internallinksmanager029f6b8e52c=\"79\" title=\"Topp 25 internationella flyttfirmor p\u00e5 n\u00e4tet\">Internationellt flyttf\u00f6retag<\/a> som har kontor i hela Europa och de har haft ett kontor i Georgien i \u00f6ver 25 \u00e5r i Tbilisi. De har ett internationellt n\u00e4tverk av flyttfirmor som hj\u00e4lper dem med flyttar \u00f6ver hela v\u00e4rlden. De \u00e4r medlemmar i IAM med 27 \u00e5rs erfarenhet.<\/p>\n<p>Gosselin \u00e4r en erfaren internationell flyttfirma som erbjuder flyttar till och fr\u00e5n Georgia och inom Georgia. De erbjuder en komplett tj\u00e4nst som inkluderar s\u00e4ker packning av dina tillh\u00f6righeter f\u00f6r transport p\u00e5 v\u00e4g, till sj\u00f6ss och i luften. De erbjuder ocks\u00e5 specialtj\u00e4nster f\u00f6r transport av konst, husdjur och fordon.<\/p>\n<p>Webbplats: <a href=\"https:\/\/gosselin-moving.com\/en\/moving-to-georgia\" target=\"_blank\" rel=\"noopener\">https:\/\/gosselin-moving.com\/en\/moving-to-georgia<\/a><\/p>","protected":false},"excerpt":{"rendered":"<p>If you are moving home or business in Georgia, or to or from Georgia you might want to engage the services of a removal company to assist you. Below we have compiled a list of Georgia based removal companies that are members of the International Association of Movers (IAM) and\/or FIDI Accredited International Mover (FAIM) [&hellip;]<\/p>\n","protected":false},"author":4,"featured_media":0,"parent":190,"menu_order":0,"comment_status":"closed","ping_status":"closed","template":"","meta":{"_genesis_hide_title":false,"_genesis_hide_breadcrumbs":false,"_genesis_hide_singular_image":false,"_genesis_hide_footer_widgets":false,"_genesis_custom_body_class":"","_genesis_custom_post_class":"","_genesis_layout":"","footnotes":""},"class_list":{"0":"post-6061","1":"page","2":"type-page","3":"status-publish","5":"entry","6":"has-post-thumbnail"},"_links":{"self":[{"href":"https:\/\/moverdb.com\/sv\/wp-json\/wp\/v2\/pages\/6061","targetHints":{"allow":["GET"]}}],"collection":[{"href":"https:\/\/moverdb.com\/sv\/wp-json\/wp\/v2\/pages"}],"about":[{"href":"https:\/\/moverdb.com\/sv\/wp-json\/wp\/v2\/types\/page"}],"author":[{"embeddable":true,"href":"https:\/\/moverdb.com\/sv\/wp-json\/wp\/v2\/users\/4"}],"replies":[{"embeddable":true,"href":"https:\/\/moverdb.com\/sv\/wp-json\/wp\/v2\/comments?post=6061"}],"version-history":[{"count":1,"href":"https:\/\/moverdb.com\/sv\/wp-json\/wp\/v2\/pages\/6061\/revisions"}],"predecessor-version":[{"id":6063,"href":"https:\/\/moverdb.com\/sv\/wp-json\/wp\/v2\/pages\/6061\/revisions\/6063"}],"up":[{"embeddable":true,"href":"https:\/\/moverdb.com\/sv\/wp-json\/wp\/v2\/pages\/190"}],"wp:attachment":[{"href":"https:\/\/moverdb.com\/sv\/wp-json\/wp\/v2\/media?parent=6061"}],"curies":[{"name":"wp","href":"https:\/\/api.w.org\/{rel}","templated":true}]}}