{"id":6051,"date":"2023-02-01T12:39:56","date_gmt":"2023-02-01T12:39:56","guid":{"rendered":"https:\/\/moverdb.com\/?page_id=6051"},"modified":"2026-01-08T15:24:43","modified_gmt":"2026-01-08T15:24:43","slug":"flyttfirmor-finland","status":"publish","type":"page","link":"https:\/\/moverdb.com\/sv\/moving-companies\/moving-companies-finland\/","title":{"rendered":"4 b\u00e4sta internationella flyttfirmor i Finland"},"content":{"rendered":"<p>Att flytta hem eller aff\u00e4rslokaler kan vara en stressig tid eftersom det finns s\u00e5 mycket att ordna, s\u00e4rskilt om du flyttar till ett annat land. Att anlita en <a href=\"https:\/\/moverdb.com\/sv\/moving-companies\/\" data-internallinksmanager029f6b8e52c=\"79\" title=\"Topp 25 internationella flyttfirmor p\u00e5 n\u00e4tet\">flyttfirma<\/a> kan hj\u00e4lpa till att l\u00e4tta p\u00e5 b\u00f6rdan eftersom de kan g\u00f6ra alla arrangemang \u00e5t dig och hj\u00e4lpa dig att navigera genom pappersarbetet. Nedan har vi sammanst\u00e4llt en lista \u00f6ver <a href=\"https:\/\/moverdb.com\/sv\/international-removals\/\" data-internallinksmanager029f6b8e52c=\"27\" title=\"36 b\u00e4sta internationella flyttfirmor i Storbritannien\">flyttfirmor<\/a> med s\u00e4te i <a href=\"https:\/\/moverdb.com\/sv\/moving-to-finland\/\" data-internallinksmanager029f6b8e52c=\"345\" title=\"Flyttar du till Finland? 2026 Levnadskostnader och tips om flytt\">Finland<\/a> som \u00e4r medlemmar i <a href=\"https:\/\/moverdb.com\/sv\/iam\/\" data-internallinksmanager029f6b8e52c=\"23\" title=\"International Association of Movers (IAM) f\u00f6rklaras\">Internationella sammanslutningen av flyttfirmor<\/a> (IAM) och\/eller <a href=\"https:\/\/moverdb.com\/sv\/fidi-faim\/\" data-internallinksmanager029f6b8e52c=\"16\" title=\"FIDI &amp; FAIM (FIDI Accredited International Mover) f\u00f6rklaras\">FIDI<\/a> Accredited International Mover (FAIM) som kan hj\u00e4lpa dig med din flytt.<\/p>\n<div id=\"ez-toc-container\" class=\"ez-toc-v2_0_82_2 ez-toc-wrap-left counter-hierarchy ez-toc-counter ez-toc-transparent ez-toc-container-direction\">\n<div class=\"ez-toc-title-container\">\n<p class=\"ez-toc-title\" style=\"cursor:inherit\">Avsnitt<\/p>\n<span class=\"ez-toc-title-toggle\"><a href=\"#\" class=\"ez-toc-pull-right ez-toc-btn ez-toc-btn-xs ez-toc-btn-default ez-toc-toggle\" aria-label=\"V\u00e4xla till inneh\u00e5llsf\u00f6rteckning\"><span class=\"ez-toc-js-icon-con\"><span class=\"\"><span class=\"eztoc-hide\" style=\"display:none;\">V\u00e4xel<\/span><span class=\"ez-toc-icon-toggle-span\"><svg style=\"fill: #999;color:#999\" xmlns=\"http:\/\/www.w3.org\/2000\/svg\" class=\"list-377408\" width=\"20px\" height=\"20px\" viewbox=\"0 0 24 24\" fill=\"none\"><path d=\"M6 6H4v2h2V6zm14 0H8v2h12V6zM4 11h2v2H4v-2zm16 0H8v2h12v-2zM4 16h2v2H4v-2zm16 0H8v2h12v-2z\" fill=\"currentColor\"><\/path><\/svg><svg style=\"fill: #999;color:#999\" class=\"arrow-unsorted-368013\" xmlns=\"http:\/\/www.w3.org\/2000\/svg\" width=\"10px\" height=\"10px\" viewbox=\"0 0 24 24\" version=\"1.2\" baseprofile=\"tiny\"><path d=\"M18.2 9.3l-6.2-6.3-6.2 6.3c-.2.2-.3.4-.3.7s.1.5.3.7c.2.2.4.3.7.3h11c.3 0 .5-.1.7-.3.2-.2.3-.5.3-.7s-.1-.5-.3-.7zM5.8 14.7l6.2 6.3 6.2-6.3c.2-.2.3-.5.3-.7s-.1-.5-.3-.7c-.2-.2-.4-.3-.7-.3h-11c-.3 0-.5.1-.7.3-.2.2-.3.5-.3.7s.1.5.3.7z\"\/><\/svg><\/span><\/span><\/span><\/a><\/span><\/div>\n<nav><ul class='ez-toc-list ez-toc-list-level-1 eztoc-toggle-hide-by-default' ><li class='ez-toc-page-1 ez-toc-heading-level-2'><a class=\"ez-toc-link ez-toc-heading-1\" href=\"https:\/\/moverdb.com\/sv\/moving-companies\/moving-companies-finland\/#1_Travelcargo_International_Removals\" >1. Travelcargo internationella flyttar<\/a><\/li><li class='ez-toc-page-1 ez-toc-heading-level-2'><a class=\"ez-toc-link ez-toc-heading-2\" href=\"https:\/\/moverdb.com\/sv\/moving-companies\/moving-companies-finland\/#2_Niemi_Services\" >2. Niemi Services<\/a><\/li><li class='ez-toc-page-1 ez-toc-heading-level-2'><a class=\"ez-toc-link ez-toc-heading-3\" href=\"https:\/\/moverdb.com\/sv\/moving-companies\/moving-companies-finland\/#3_Pegasus_Moving\" >3. Pegasus Moving<\/a><\/li><li class='ez-toc-page-1 ez-toc-heading-level-2'><a class=\"ez-toc-link ez-toc-heading-4\" href=\"https:\/\/moverdb.com\/sv\/moving-companies\/moving-companies-finland\/#4_Victor_EK\" >4. Victor EK<\/a><\/li><li class='ez-toc-page-1 ez-toc-heading-level-2'><a class=\"ez-toc-link ez-toc-heading-5\" href=\"https:\/\/moverdb.com\/sv\/moving-companies\/moving-companies-finland\/#Other_Useful_Guides_to_Finland\" >Andra anv\u00e4ndbara guider till Finland<\/a><\/li><\/ul><\/nav><\/div>\n<h2><span class=\"ez-toc-section\" id=\"1_Travelcargo_International_Removals\"><\/span><strong>1. Travelcargo internationella flyttar<\/strong><span class=\"ez-toc-section-end\"><\/span><\/h2>\n<p><img loading=\"lazy\" decoding=\"async\" class=\"alignnone size-full wp-image-6052\" src=\"https:\/\/moverdb.com\/wp-content\/uploads\/Travel-Cargo-international-moving-company.png\" alt=\"Travel Cargo internationell flyttfirma\" width=\"1440\" height=\"672\" data-wp-pid=\"6052\" srcset=\"https:\/\/moverdb.com\/wp-content\/uploads\/Travel-Cargo-international-moving-company.png 1440w, https:\/\/moverdb.com\/wp-content\/uploads\/Travel-Cargo-international-moving-company-300x140.png 300w, https:\/\/moverdb.com\/wp-content\/uploads\/Travel-Cargo-international-moving-company-1024x478.png 1024w, https:\/\/moverdb.com\/wp-content\/uploads\/Travel-Cargo-international-moving-company-18x8.png 18w, https:\/\/moverdb.com\/wp-content\/uploads\/Travel-Cargo-international-moving-company-600x280.png 600w\" sizes=\"auto, (max-width: 1440px) 100vw, 1440px\" \/><\/p>\n<ul>\n<li>Internationella flyttningar<\/li>\n<li>Hush\u00e5llsflyttar<\/li>\n<li>F\u00f6retagsflyttar<\/li>\n<li>D\u00f6rr-till-d\u00f6rr-tj\u00e4nster<\/li>\n<li>Professionell f\u00f6rpackningstj\u00e4nst<\/li>\n<li>Transporter p\u00e5 v\u00e4g, i luften och till sj\u00f6ss<\/li>\n<li>Tullklarering<\/li>\n<li>Transport av djur<\/li>\n<li>Service f\u00f6r \u00f6verskottsbagage<\/li>\n<li>M\u00e4ssor och evenemang<\/li>\n<\/ul>\n<p>Travelcargo International Removals \u00e4r ett flytt- och logistikf\u00f6retag i Helsingfors som grundades 2005. De \u00e4r en del av ATC Global Solutions. De erbjuder flyttj\u00e4nster till \u00f6ver 180 l\u00e4nder i v\u00e4rlden genom partnerskap med andra internationella flyttfirmor. De \u00e4r medlemmar i IAM med 17 \u00e5rs erfarenhet och \u00e4r ackrediterade av FIDI.<\/p>\n<p>Travelcargo erbjuder en unders\u00f6kning f\u00f6re flytten f\u00f6r att bed\u00f6ma dina behov och g\u00f6ra arrangemang f\u00f6r din flytt med d\u00f6rr-till-d\u00f6rr-service. De tillhandah\u00e5ller professionella packare som packar dina saker p\u00e5 ett s\u00e4kert s\u00e4tt med hj\u00e4lp av f\u00f6rpackningsmaterial av h\u00f6g kvalitet. De ordnar transport p\u00e5 v\u00e4g, i luften och till sj\u00f6ss med tullklarering.<\/p>\n<p>Webbplats: <a href=\"http:\/\/www.travelcargo.fi\" target=\"_blank\" rel=\"noopener\">http:\/\/www.travelcargo.fi<\/a><\/p>\n<h2><span class=\"ez-toc-section\" id=\"2_Niemi_Services\"><\/span><strong>2. Niemi Services<\/strong><span class=\"ez-toc-section-end\"><\/span><\/h2>\n<p><img loading=\"lazy\" decoding=\"async\" class=\"alignnone size-full wp-image-5986\" src=\"https:\/\/moverdb.com\/wp-content\/uploads\/Niemi-Services-international-moving-company.png\" alt=\"Niemi Services internationell flyttfirma\" width=\"1440\" height=\"683\" data-wp-pid=\"5986\" srcset=\"https:\/\/moverdb.com\/wp-content\/uploads\/Niemi-Services-international-moving-company.png 1440w, https:\/\/moverdb.com\/wp-content\/uploads\/Niemi-Services-international-moving-company-300x142.png 300w, https:\/\/moverdb.com\/wp-content\/uploads\/Niemi-Services-international-moving-company-1024x486.png 1024w, https:\/\/moverdb.com\/wp-content\/uploads\/Niemi-Services-international-moving-company-18x9.png 18w, https:\/\/moverdb.com\/wp-content\/uploads\/Niemi-Services-international-moving-company-600x285.png 600w\" sizes=\"auto, (max-width: 1440px) 100vw, 1440px\" \/><\/p>\n<ul>\n<li>Nationella flyttningar<\/li>\n<li>Internationella flyttar<\/li>\n<li>Flyttning av bost\u00e4der<\/li>\n<li>F\u00f6retagsflyttar<\/li>\n<li>Val av niv\u00e5 p\u00e5 flyttpaketet<\/li>\n<li>F\u00f6rpackningstj\u00e4nster<\/li>\n<li>V\u00e4g-, sj\u00f6- och luftfrakt<\/li>\n<li>Tullklarering<\/li>\n<li>F\u00f6rs\u00e4kring<\/li>\n<li>Kort- till l\u00e5ngtidsf\u00f6rvaring<\/li>\n<\/ul>\n<p>Niemi Services \u00e4r ett flytt- och logistikf\u00f6retag med verksamhetscenter i Helsingfors, Jyvaskyla och Kuopio, <a href=\"https:\/\/www.niemi.fi\/en\/about_us\/offices\/niemi_lahti\" target=\"_blank\" rel=\"noopener\">Lahti<\/a>,&nbsp;<a href=\"https:\/\/www.niemi.fi\/en\/about_us\/offices\/niemi_oulu\" target=\"_blank\" rel=\"noopener\">Ule\u00e5borg<\/a>,&nbsp;<a href=\"https:\/\/www.niemi.fi\/en\/about_us\/offices\/niemi_tampere\" target=\"_blank\" rel=\"noopener\">Tammerfors<\/a>,&nbsp;<a href=\"https:\/\/www.niemi.fi\/en\/about_us\/offices\/niemi_turku\" target=\"_blank\" rel=\"noopener\">\u00c5bo<\/a>, och&nbsp;<a href=\"https:\/\/www.niemi.fi\/en\/about_us\/offices\/niemi_vaasa\" target=\"_blank\" rel=\"noopener\">Vasa<\/a>. De erbjuder flyttar \u00f6ver hela v\u00e4rlden i samarbete med internationella flyttfirmor. De \u00e4r medlemmar i IAM med 41 \u00e5rs erfarenhet och \u00e4r ackrediterade av FIDI.<\/p>\n<p>Niemi Services erbjuder ett urval av flyttj\u00e4nster, fr\u00e5n att hyra flyttl\u00e5dor till en komplett flytt. De erbjuder en kostnadsfri bed\u00f6mning och ett planeringsbes\u00f6k f\u00f6r att ordna din flytt. De anv\u00e4nder sin egen fordonsflotta och erbjuder \u00e4ven flyg- och sj\u00f6frakt f\u00f6r enstaka f\u00f6rem\u00e5l till hela containrar.<\/p>\n<p>Webbplats: <a href=\"http:\/\/www.niemi.fi\/en\" target=\"_blank\" rel=\"noopener\">http:\/\/www.niemi.fi\/en<\/a><\/p>\n<h2><span class=\"ez-toc-section\" id=\"3_Pegasus_Moving\"><\/span><strong>3. Pegasus Moving<\/strong><span class=\"ez-toc-section-end\"><\/span><\/h2>\n<p><img loading=\"lazy\" decoding=\"async\" class=\"alignnone size-full wp-image-5991\" src=\"https:\/\/moverdb.com\/wp-content\/uploads\/Pegasus-Moving-international-moving-company.png\" alt=\"Pegasus Moving internationell flyttfirma\" width=\"1440\" height=\"682\" data-wp-pid=\"5991\" srcset=\"https:\/\/moverdb.com\/wp-content\/uploads\/Pegasus-Moving-international-moving-company.png 1440w, https:\/\/moverdb.com\/wp-content\/uploads\/Pegasus-Moving-international-moving-company-300x142.png 300w, https:\/\/moverdb.com\/wp-content\/uploads\/Pegasus-Moving-international-moving-company-1024x485.png 1024w, https:\/\/moverdb.com\/wp-content\/uploads\/Pegasus-Moving-international-moving-company-18x9.png 18w, https:\/\/moverdb.com\/wp-content\/uploads\/Pegasus-Moving-international-moving-company-600x284.png 600w\" sizes=\"auto, (max-width: 1440px) 100vw, 1440px\" \/><\/p>\n<ul>\n<li>Nationella flyttningar<\/li>\n<li>Internationella flyttar<\/li>\n<li>Hush\u00e5llsflyttar<\/li>\n<li>Flyttj\u00e4nster<\/li>\n<li>Skr\u00e4ddarsydda tj\u00e4nster<\/li>\n<li>F\u00f6rpackningstj\u00e4nster<\/li>\n<li>Skr\u00e4ddarsydda transportl\u00e5dor<\/li>\n<li>Tullst\u00f6d<\/li>\n<li>Biltransporter<\/li>\n<li>Kort- till l\u00e5ngtidsf\u00f6rvaring<\/li>\n<\/ul>\n<p>Pegasus Moving \u00e4r ett flytt- och logistikf\u00f6retag som har \u00f6ver 20 \u00e5rs erfarenhet och \u00e4r baserat i Helsingfors. De samarbetar med andra flyttfirmor f\u00f6r att leverera internationella flyttar. De \u00e4r medlemmar i IAM med 11 \u00e5rs erfarenhet.<\/p>\n<p>Pegasus Moving erbjuder flyttbesiktningar f\u00f6r att fastst\u00e4lla dina behov, och de kan erbjuda f\u00f6rpackningstj\u00e4nster f\u00f6r att skydda dina tillh\u00f6righeter. De ordnar alla aspekter av din flytt som \u00e4r skr\u00e4ddarsydda efter dina behov och hj\u00e4lper dig med tullkraven. De erbjuder ocks\u00e5 till\u00e4ggstj\u00e4nster som slutst\u00e4dning, bortforsling av avfall, \u00e5tervinning av gamla m\u00f6bler, installation av elektriska apparater och f\u00f6rvaringsm\u00f6jligheter.<\/p>\n<p>Webbplats: <a href=\"http:\/\/www.pegasusmoving.fi\" target=\"_blank\" rel=\"noopener\">http:\/\/www.pegasusmoving.fi<\/a><\/p>\n<h2><span class=\"ez-toc-section\" id=\"4_Victor_EK\"><\/span><strong>4. Victor EK<\/strong><span class=\"ez-toc-section-end\"><\/span><\/h2>\n<p><img loading=\"lazy\" decoding=\"async\" class=\"alignnone size-full wp-image-6010\" src=\"https:\/\/moverdb.com\/wp-content\/uploads\/Victor-EK-international-moving-company.png\" alt=\"Victor EK internationell flyttfirma\" width=\"1440\" height=\"682\" data-wp-pid=\"6010\" srcset=\"https:\/\/moverdb.com\/wp-content\/uploads\/Victor-EK-international-moving-company.png 1440w, https:\/\/moverdb.com\/wp-content\/uploads\/Victor-EK-international-moving-company-300x142.png 300w, https:\/\/moverdb.com\/wp-content\/uploads\/Victor-EK-international-moving-company-1024x485.png 1024w, https:\/\/moverdb.com\/wp-content\/uploads\/Victor-EK-international-moving-company-18x9.png 18w, https:\/\/moverdb.com\/wp-content\/uploads\/Victor-EK-international-moving-company-600x284.png 600w\" sizes=\"auto, (max-width: 1440px) 100vw, 1440px\" \/><\/p>\n<ul>\n<li>Nationella flyttningar<\/li>\n<li>Internationella flyttar<\/li>\n<li>Hush\u00e5llsflyttar<\/li>\n<li>Flyttning av f\u00f6retag<\/li>\n<li>F\u00f6rpackningstj\u00e4nst<\/li>\n<li>Land-, sj\u00f6- och lufttransporter<\/li>\n<li>Tullklarering<\/li>\n<li>F\u00f6rs\u00e4kring<\/li>\n<li>Biltransporter<\/li>\n<li>F\u00f6rvaringsutrymmen<\/li>\n<\/ul>\n<p>Victor EK \u00e4r ett familje\u00e4gt rederi- och logistikf\u00f6retag som grundades 1885 och har kontor i Helsingfors, Tammerfors och Hang\u00f6. De har l\u00e5ngvariga relationer med rederier och internationella organisationer f\u00f6r att leverera sina tj\u00e4nster \u00f6ver hela v\u00e4rlden. De \u00e4r medlemmar i <a href=\"https:\/\/moverdb.com\/sv\/harmony-relocation-network\/\" data-internallinksmanager029f6b8e52c=\"20\" title=\"F\u00f6rklaring av Harmony Relocation Network (HRN)\">Harmony Relocation Network<\/a> ad IAM med 129 \u00e5rs erfarenhet och \u00e4r ackrediterade av FIDI.<\/p>\n<p>Victor EK erbjuder en kostnadsfri flyttbesiktning f\u00f6r att ta reda p\u00e5 dina behov. De erbjuder packningstj\u00e4nster om du beh\u00f6ver det. De ordnar transport av dina tillh\u00f6righeter p\u00e5 land, i luften eller till sj\u00f6ss och hj\u00e4lper till med tullklarering och f\u00f6rs\u00e4kringar. De erbjuder \u00e4ven st\u00e4dtj\u00e4nster n\u00e4r du l\u00e4mnar ditt hem.<\/p>\n<p>Webbplats: <a href=\"http:\/\/www.victorek.fi\" target=\"_blank\" rel=\"noopener\">http:\/\/www.victorek.fi<\/a><\/p>\n<h2><span class=\"ez-toc-section\" id=\"Other_Useful_Guides_to_Finland\"><\/span>Andra anv\u00e4ndbara guider till Finland<span class=\"ez-toc-section-end\"><\/span><\/h2>\n<ul>\n<li> <a href=\"https:\/\/moverdb.com\/sv\/moving-to-finland\/\">Flyttar du till Finland? 2026 Levnadskostnader och tips om flytt<\/a><\/li>\n<li> <a href=\"https:\/\/moverdb.com\/sv\/moving-to-finland\/best-places-to-live-finland\/\">12 b\u00e4sta platserna att bo p\u00e5 i Finland<\/a><\/li>\n<li> <a href=\"https:\/\/moverdb.com\/sv\/moving-to-finland\/living-in-finland\/\">21 hemligheter om att bo i Finland att veta innan du flyttar<\/a><\/li>\n<li> <a href=\"https:\/\/moverdb.com\/sv\/container-transport\/finland\/\">2024 Sj\u00f6frakt Container Fraktpriser till och fr\u00e5n Finland<\/a><\/li>\n<\/ul>","protected":false},"excerpt":{"rendered":"<p>Moving home or business premises can be a stressful time as there is so much to arrange, especially if you are moving to another country. So, engaging the services of a moving company can help lighten the load as they can make all the arrangements for you and assist you in navigating through the paperwork. [&hellip;]<\/p>\n","protected":false},"author":4,"featured_media":0,"parent":190,"menu_order":0,"comment_status":"closed","ping_status":"closed","template":"","meta":{"_genesis_hide_title":false,"_genesis_hide_breadcrumbs":false,"_genesis_hide_singular_image":false,"_genesis_hide_footer_widgets":false,"_genesis_custom_body_class":"","_genesis_custom_post_class":"","_genesis_layout":"","footnotes":""},"class_list":{"0":"post-6051","1":"page","2":"type-page","3":"status-publish","5":"entry","6":"has-post-thumbnail"},"_links":{"self":[{"href":"https:\/\/moverdb.com\/sv\/wp-json\/wp\/v2\/pages\/6051","targetHints":{"allow":["GET"]}}],"collection":[{"href":"https:\/\/moverdb.com\/sv\/wp-json\/wp\/v2\/pages"}],"about":[{"href":"https:\/\/moverdb.com\/sv\/wp-json\/wp\/v2\/types\/page"}],"author":[{"embeddable":true,"href":"https:\/\/moverdb.com\/sv\/wp-json\/wp\/v2\/users\/4"}],"replies":[{"embeddable":true,"href":"https:\/\/moverdb.com\/sv\/wp-json\/wp\/v2\/comments?post=6051"}],"version-history":[{"count":3,"href":"https:\/\/moverdb.com\/sv\/wp-json\/wp\/v2\/pages\/6051\/revisions"}],"predecessor-version":[{"id":16285,"href":"https:\/\/moverdb.com\/sv\/wp-json\/wp\/v2\/pages\/6051\/revisions\/16285"}],"up":[{"embeddable":true,"href":"https:\/\/moverdb.com\/sv\/wp-json\/wp\/v2\/pages\/190"}],"wp:attachment":[{"href":"https:\/\/moverdb.com\/sv\/wp-json\/wp\/v2\/media?parent=6051"}],"curies":[{"name":"wp","href":"https:\/\/api.w.org\/{rel}","templated":true}]}}