{"id":6049,"date":"2023-02-01T13:40:08","date_gmt":"2023-02-01T13:40:08","guid":{"rendered":"https:\/\/moverdb.com\/?page_id=6049"},"modified":"2026-01-08T15:24:41","modified_gmt":"2026-01-08T15:24:41","slug":"flyttfirmor-fiji","status":"publish","type":"page","link":"https:\/\/moverdb.com\/sv\/moving-companies\/moving-companies-fiji\/","title":{"rendered":"4 b\u00e4sta internationella flyttfirmor i Fiji"},"content":{"rendered":"<p>Om du planerar att flytta till, fr\u00e5n eller inom Fiji b\u00f6r du anlita ett v\u00e4lrenommerat f\u00f6retag som kan hj\u00e4lpa dig med din flytt. <a href=\"https:\/\/moverdb.com\/sv\/moving-companies\/\" data-internallinksmanager029f6b8e52c=\"79\" title=\"Topp 25 internationella flyttfirmor p\u00e5 n\u00e4tet\">flyttfirma<\/a> f\u00f6r att hj\u00e4lpa dig. Nedan har vi sammanst\u00e4llt en lista \u00f6ver fijianska <a href=\"https:\/\/moverdb.com\/sv\/international-removals\/\" data-internallinksmanager029f6b8e52c=\"27\" title=\"36 b\u00e4sta internationella flyttfirmor i Storbritannien\">flyttfirmor<\/a> som \u00e4r medlemmar i <a href=\"https:\/\/moverdb.com\/sv\/iam\/\" data-internallinksmanager029f6b8e52c=\"23\" title=\"International Association of Movers (IAM) f\u00f6rklaras\">Internationella sammanslutningen av flyttfirmor<\/a> (IAM) och\/eller <a href=\"https:\/\/moverdb.com\/sv\/fidi-faim\/\" data-internallinksmanager029f6b8e52c=\"16\" title=\"FIDI &amp; FAIM (FIDI Accredited International Mover) f\u00f6rklaras\">FIDI<\/a> Accredited International Mover (FAIM) som kan hj\u00e4lpa dig med din flytt.<\/p>\n<div id=\"ez-toc-container\" class=\"ez-toc-v2_0_82_2 ez-toc-wrap-left counter-hierarchy ez-toc-counter ez-toc-transparent ez-toc-container-direction\">\n<div class=\"ez-toc-title-container\">\n<p class=\"ez-toc-title\" style=\"cursor:inherit\">Avsnitt<\/p>\n<span class=\"ez-toc-title-toggle\"><a href=\"#\" class=\"ez-toc-pull-right ez-toc-btn ez-toc-btn-xs ez-toc-btn-default ez-toc-toggle\" aria-label=\"V\u00e4xla till inneh\u00e5llsf\u00f6rteckning\"><span class=\"ez-toc-js-icon-con\"><span class=\"\"><span class=\"eztoc-hide\" style=\"display:none;\">V\u00e4xel<\/span><span class=\"ez-toc-icon-toggle-span\"><svg style=\"fill: #999;color:#999\" xmlns=\"http:\/\/www.w3.org\/2000\/svg\" class=\"list-377408\" width=\"20px\" height=\"20px\" viewbox=\"0 0 24 24\" fill=\"none\"><path d=\"M6 6H4v2h2V6zm14 0H8v2h12V6zM4 11h2v2H4v-2zm16 0H8v2h12v-2zM4 16h2v2H4v-2zm16 0H8v2h12v-2z\" fill=\"currentColor\"><\/path><\/svg><svg style=\"fill: #999;color:#999\" class=\"arrow-unsorted-368013\" xmlns=\"http:\/\/www.w3.org\/2000\/svg\" width=\"10px\" height=\"10px\" viewbox=\"0 0 24 24\" version=\"1.2\" baseprofile=\"tiny\"><path d=\"M18.2 9.3l-6.2-6.3-6.2 6.3c-.2.2-.3.4-.3.7s.1.5.3.7c.2.2.4.3.7.3h11c.3 0 .5-.1.7-.3.2-.2.3-.5.3-.7s-.1-.5-.3-.7zM5.8 14.7l6.2 6.3 6.2-6.3c.2-.2.3-.5.3-.7s-.1-.5-.3-.7c-.2-.2-.4-.3-.7-.3h-11c-.3 0-.5.1-.7.3-.2.2-.3.5-.3.7s.1.5.3.7z\"\/><\/svg><\/span><\/span><\/span><\/a><\/span><\/div>\n<nav><ul class='ez-toc-list ez-toc-list-level-1 eztoc-toggle-hide-by-default' ><li class='ez-toc-page-1 ez-toc-heading-level-2'><a class=\"ez-toc-link ez-toc-heading-1\" href=\"https:\/\/moverdb.com\/sv\/moving-companies\/moving-companies-fiji\/#1_All_Freight_Logistics\" >1. All Freight Logistics<\/a><\/li><li class='ez-toc-page-1 ez-toc-heading-level-2'><a class=\"ez-toc-link ez-toc-heading-2\" href=\"https:\/\/moverdb.com\/sv\/moving-companies\/moving-companies-fiji\/#2_Freight_Services\" >2. Frakttj\u00e4nster<\/a><\/li><li class='ez-toc-page-1 ez-toc-heading-level-2'><a class=\"ez-toc-link ez-toc-heading-3\" href=\"https:\/\/moverdb.com\/sv\/moving-companies\/moving-companies-fiji\/#3_Movements_International\" >3. Internationella r\u00f6relser<\/a><\/li><li class='ez-toc-page-1 ez-toc-heading-level-2'><a class=\"ez-toc-link ez-toc-heading-4\" href=\"https:\/\/moverdb.com\/sv\/moving-companies\/moving-companies-fiji\/#4_JVK_Magellan_International\" >4. JVK Magellan International<\/a><\/li><\/ul><\/nav><\/div>\n<h2><span class=\"ez-toc-section\" id=\"1_All_Freight_Logistics\"><\/span><strong>1. All Freight Logistics<\/strong><span class=\"ez-toc-section-end\"><\/span><\/h2>\n<p><img loading=\"lazy\" decoding=\"async\" class=\"alignnone size-full wp-image-5923\" src=\"https:\/\/moverdb.com\/wp-content\/uploads\/All-Freight-Logistics-international-moving-company.png\" alt=\"All Freight Logistics internationell flyttfirma\" width=\"1440\" height=\"680\" data-wp-pid=\"5923\" srcset=\"https:\/\/moverdb.com\/wp-content\/uploads\/All-Freight-Logistics-international-moving-company.png 1440w, https:\/\/moverdb.com\/wp-content\/uploads\/All-Freight-Logistics-international-moving-company-300x142.png 300w, https:\/\/moverdb.com\/wp-content\/uploads\/All-Freight-Logistics-international-moving-company-1024x484.png 1024w, https:\/\/moverdb.com\/wp-content\/uploads\/All-Freight-Logistics-international-moving-company-18x9.png 18w, https:\/\/moverdb.com\/wp-content\/uploads\/All-Freight-Logistics-international-moving-company-600x283.png 600w\" sizes=\"auto, (max-width: 1440px) 100vw, 1440px\" \/><\/p>\n<ul>\n<li>Lokala och nationella flyttningar<\/li>\n<li>Internationella flyttar<\/li>\n<li>Hush\u00e5llsflyttar<\/li>\n<li>Flyttning av kontor<\/li>\n<li>D\u00f6rr-till-d\u00f6rr-tj\u00e4nster<\/li>\n<li>Uppdaterad teknik och resurser<\/li>\n<li>Land-, sj\u00f6- och luftfrakt<\/li>\n<li>Dokumentering av gods och tullklarering<\/li>\n<li>Allriskf\u00f6rs\u00e4kring f\u00f6r sj\u00f6farten<\/li>\n<li>F\u00f6rvaringsutrymmen<\/li>\n<\/ul>\n<p>All Freight Logistics \u00e4r en transport- och speditionstj\u00e4nst f\u00f6r flyttgods som grundades 2010 p\u00e5 Fiji. De har filialer i Suva, Lautoka, Nadi och Auckland. De samarbetar med internationella flyttfirmor \u00f6ver hela v\u00e4rlden f\u00f6r att leverera internationella flyttar. De \u00e4r medlemmar i IAM med 12 \u00e5rs erfarenhet.<\/p>\n<p>All Freight Logistics erbjuder en d\u00f6rr-till-d\u00f6rr-tj\u00e4nst f\u00f6r hush\u00e5lls- och kontorsflyttar. De erbjuder en rad olika fraktalternativ, bland annat flygfrakt och sj\u00f6frakt som \u00e4r skr\u00e4ddarsydda efter dina behov, t.ex. fulla containrar eller mindre \u00e4n en containerlast. De erbjuder ocks\u00e5 hj\u00e4lp med fraktdokumentation och tullklarering.<\/p>\n<p>Webbplats: <a href=\"http:\/\/www.allfreightfiji.com.fj\" target=\"_blank\" rel=\"noopener\">http:\/\/www.allfreightfiji.com.fj<\/a><\/p>\n<h2><span class=\"ez-toc-section\" id=\"2_Freight_Services\"><\/span><strong>2. Frakttj\u00e4nster<\/strong><span class=\"ez-toc-section-end\"><\/span><\/h2>\n<p><img loading=\"lazy\" decoding=\"async\" class=\"alignnone size-full wp-image-5947\" src=\"https:\/\/moverdb.com\/wp-content\/uploads\/Freight-Services-international-moving-company.png\" alt=\"Frakttj\u00e4nster internationella flyttfirmor\" width=\"1440\" height=\"682\" data-wp-pid=\"5947\" srcset=\"https:\/\/moverdb.com\/wp-content\/uploads\/Freight-Services-international-moving-company.png 1440w, https:\/\/moverdb.com\/wp-content\/uploads\/Freight-Services-international-moving-company-300x142.png 300w, https:\/\/moverdb.com\/wp-content\/uploads\/Freight-Services-international-moving-company-1024x485.png 1024w, https:\/\/moverdb.com\/wp-content\/uploads\/Freight-Services-international-moving-company-18x9.png 18w, https:\/\/moverdb.com\/wp-content\/uploads\/Freight-Services-international-moving-company-600x284.png 600w\" sizes=\"auto, (max-width: 1440px) 100vw, 1440px\" \/><\/p>\n<ul>\n<li>Nationella flyttningar<\/li>\n<li>Internationella flyttar<\/li>\n<li>Hush\u00e5llsflyttar<\/li>\n<li>Flyttning av kontor<\/li>\n<li>F\u00f6rpackningstj\u00e4nster<\/li>\n<li>Transport p\u00e5 v\u00e4g, till sj\u00f6ss och i luften<\/li>\n<li>Tullf\u00f6rmedling<\/li>\n<li>F\u00f6rs\u00e4kring<\/li>\n<li><a href=\"https:\/\/moverdb.com\/sv\/car-transport-shipping\/\" data-internallinksmanager029f6b8e52c=\"2\" title=\"2026 Internationella offerter f\u00f6r biltransport och fordonsfrakt\">Transport av fordon<\/a><\/li>\n<li>Kort- till l\u00e5ngtidsf\u00f6rvaring<\/li>\n<\/ul>\n<p>Freight Services \u00e4r en leverant\u00f6r av transport- och logistikl\u00f6sningar som har tre kontor i Fiji i Suva, Nadi och Lautoka och en filial i Papua Nya Guinea. <a href=\"https:\/\/moverdb.com\/sv\/moving-companies\/moving-companies-guinea\/\" data-internallinksmanager029f6b8e52c=\"231\" title=\"2 b\u00e4sta internationella flyttfirmor i Guinea\">Guinea<\/a>. De samarbetar med p\u00e5litliga partner f\u00f6r att leverera internationella flyttj\u00e4nster. De \u00e4r medlemmar i IAM med 26 \u00e5rs erfarenhet.<\/p>\n<p>Freight Services erbjuder nationella och internationella flyttj\u00e4nster fr\u00e5n d\u00f6rr till d\u00f6rr, inklusive unders\u00f6kning f\u00f6re flytt och packningstj\u00e4nster som utf\u00f6rs av professionellt utbildade team som packar dina tillh\u00f6righeter p\u00e5 ett s\u00e4kert s\u00e4tt med olika typer av material. De ordnar transporten av dina tillh\u00f6righeter p\u00e5 v\u00e4g, med flyg eller till sj\u00f6ss och kan hj\u00e4lpa till med tullklarering genom sin f\u00f6rmedlingstj\u00e4nst.<\/p>\n<p>Webbplats: <a href=\"http:\/\/www.fsf.com.fj\" target=\"_blank\" rel=\"noopener\">http:\/\/www.fsf.com.fj<\/a><\/p>\n<h2><span class=\"ez-toc-section\" id=\"3_Movements_International\"><\/span><strong>3. Internationella r\u00f6relser<\/strong><span class=\"ez-toc-section-end\"><\/span><\/h2>\n<p><img loading=\"lazy\" decoding=\"async\" class=\"alignnone size-full wp-image-5977\" src=\"https:\/\/moverdb.com\/wp-content\/uploads\/Movements-International-moving-company.png\" alt=\"Movements Internationellt flyttf\u00f6retag\" width=\"1440\" height=\"679\" data-wp-pid=\"5977\" srcset=\"https:\/\/moverdb.com\/wp-content\/uploads\/Movements-International-moving-company.png 1440w, https:\/\/moverdb.com\/wp-content\/uploads\/Movements-International-moving-company-300x141.png 300w, https:\/\/moverdb.com\/wp-content\/uploads\/Movements-International-moving-company-1024x483.png 1024w, https:\/\/moverdb.com\/wp-content\/uploads\/Movements-International-moving-company-18x8.png 18w, https:\/\/moverdb.com\/wp-content\/uploads\/Movements-International-moving-company-600x283.png 600w\" sizes=\"auto, (max-width: 1440px) 100vw, 1440px\" \/><\/p>\n<ul>\n<li>Internationella flyttar<\/li>\n<li>Hush\u00e5llsflyttar<\/li>\n<li>Kommersiella projekt<\/li>\n<li>D\u00f6rr-till-d\u00f6rr-tj\u00e4nster<\/li>\n<li>F\u00f6rpackningstj\u00e4nst och inventarief\u00f6rteckning<\/li>\n<li>F\u00f6rpackningsmaterial av h\u00f6g kvalitet<\/li>\n<li>Transport p\u00e5 v\u00e4g, till sj\u00f6ss och i luften<\/li>\n<li>St\u00f6d f\u00f6r exportdokument<\/li>\n<li>Allriskf\u00f6rs\u00e4kring f\u00f6r sj\u00f6farten<\/li>\n<li>F\u00f6rvaringsutrymmen<\/li>\n<\/ul>\n<p>Movements International \u00e4r en leverant\u00f6r av logistik- och flyttj\u00e4nster som grundades 2005 och har sitt s\u00e4te i Suva med ett kontor \u00e4ven i <a href=\"https:\/\/moverdb.com\/sv\/moving-to-new-zealand\/\" data-internallinksmanager029f6b8e52c=\"324\" title=\"Flyttar du till Nya Zeeland? 2026 Levnadskostnader och flyttningstips\">Nya Zeeland<\/a>. De erbjuder internationella flyttar i samarbete med ett internationellt n\u00e4tverk av flyttfirmor. De \u00e4r medlemmar i IAM med 14 \u00e5rs erfarenhet.<\/p>\n<p>Movements International erbjuder en d\u00f6rr-till-d\u00f6rr-tj\u00e4nst med professionellt utbildad personal och specialiserade f\u00f6rpacknings- och flyttj\u00e4nster. De tillhandah\u00e5ller en m\u00e4ngd olika f\u00f6rpackningsmaterial, inklusive l\u00e5dor, l\u00e5dor och f\u00f6rpackningsmaterial, och de m\u00e4rker f\u00f6rem\u00e5len och uppr\u00e4ttar en inventarief\u00f6rteckning. De erbjuder fraktalternativ som omfattar fulla containervolymer och mindre containervolymer samt st\u00f6d med exportdokument.<\/p>\n<p>Webbplats: <a href=\"http:\/\/www.mifiji.com\" target=\"_blank\" rel=\"noopener\">http:\/\/www.mifiji.com<\/a><\/p>\n<h2><span class=\"ez-toc-section\" id=\"4_JVK_Magellan_International\"><\/span><strong>4. JVK Magellan International<\/strong><span class=\"ez-toc-section-end\"><\/span><\/h2>\n<p><img loading=\"lazy\" decoding=\"async\" class=\"alignnone size-full wp-image-5532\" src=\"https:\/\/moverdb.com\/wp-content\/uploads\/JVK-Asia-international-moving-company.png\" alt=\"JVK Asia internationellt flyttf\u00f6retag\" width=\"1440\" height=\"681\" data-wp-pid=\"5532\" srcset=\"https:\/\/moverdb.com\/wp-content\/uploads\/JVK-Asia-international-moving-company.png 1440w, https:\/\/moverdb.com\/wp-content\/uploads\/JVK-Asia-international-moving-company-300x142.png 300w, https:\/\/moverdb.com\/wp-content\/uploads\/JVK-Asia-international-moving-company-1024x484.png 1024w, https:\/\/moverdb.com\/wp-content\/uploads\/JVK-Asia-international-moving-company-18x9.png 18w, https:\/\/moverdb.com\/wp-content\/uploads\/JVK-Asia-international-moving-company-600x284.png 600w\" sizes=\"auto, (max-width: 1440px) 100vw, 1440px\" \/><\/p>\n<ul>\n<li>Nationella flyttningar<\/li>\n<li>Internationella flyttar<\/li>\n<li>Flyttj\u00e4nster<\/li>\n<li>Hush\u00e5llsflyttar<\/li>\n<li>Flyttning av kontor<\/li>\n<li>D\u00f6rr-till-d\u00f6rr-tj\u00e4nster<\/li>\n<li>F\u00f6rpackningstj\u00e4nster<\/li>\n<li>V\u00e4g-, sj\u00f6- och luftfrakt<\/li>\n<li>St\u00f6d f\u00f6r tullkrav<\/li>\n<li>Kort- till l\u00e5ngtidsf\u00f6rvaring<\/li>\n<\/ul>\n<p>JVK Magellan International \u00e4r ett internationellt flytt-, logistik-, lager- och distributionsf\u00f6retag med filialer \u00f6ver hela v\u00e4rlden och grundades 1979 i <a href=\"https:\/\/moverdb.com\/sv\/moving-to-thailand\/\" data-internallinksmanager029f6b8e52c=\"318\" title=\"Flyttar du till Thailand? 2026 Levnadskostnader och flyttningstips\">Thailand<\/a>. De har ett kontor i Suva i Fiji och \u00e4r medlemmar i IAM.<\/p>\n<p>JVK Magellan International erbjuder en unders\u00f6kning f\u00f6re flytten f\u00f6r att bed\u00f6ma dina behov och ge dig ett f\u00f6rslag p\u00e5 en flytt f\u00f6r d\u00f6rr-till-d\u00f6rr-tj\u00e4nster. De tillhandah\u00e5ller professionella packare som skyddar dina \u00e4godelar med hj\u00e4lp av h\u00f6gkvalitativt material, uppr\u00e4ttar en specificerad inventarief\u00f6rteckning och erbjuder en allriskf\u00f6rs\u00e4kring f\u00f6r transport. De ordnar transport p\u00e5 v\u00e4g, till sj\u00f6ss och i luften och ger r\u00e5d om tullkrav.<\/p>\n<p>Webbplats: <a href=\"http:\/\/jvkasia.com\" target=\"_blank\" rel=\"noopener\">http:\/\/jvkasia.com<\/a><\/p>","protected":false},"excerpt":{"rendered":"<p>If you are planning on moving to, from or within Fiji then you may want to employ the services of a reputable moving company to assist you. Below we have compiled a list of Fijian removal companies that are members of the International Association of Movers (IAM) and\/or FIDI Accredited International Mover (FAIM) who could [&hellip;]<\/p>\n","protected":false},"author":4,"featured_media":0,"parent":190,"menu_order":0,"comment_status":"closed","ping_status":"closed","template":"","meta":{"_genesis_hide_title":false,"_genesis_hide_breadcrumbs":false,"_genesis_hide_singular_image":false,"_genesis_hide_footer_widgets":false,"_genesis_custom_body_class":"","_genesis_custom_post_class":"","_genesis_layout":"","footnotes":""},"class_list":{"0":"post-6049","1":"page","2":"type-page","3":"status-publish","5":"entry","6":"has-post-thumbnail"},"_links":{"self":[{"href":"https:\/\/moverdb.com\/sv\/wp-json\/wp\/v2\/pages\/6049","targetHints":{"allow":["GET"]}}],"collection":[{"href":"https:\/\/moverdb.com\/sv\/wp-json\/wp\/v2\/pages"}],"about":[{"href":"https:\/\/moverdb.com\/sv\/wp-json\/wp\/v2\/types\/page"}],"author":[{"embeddable":true,"href":"https:\/\/moverdb.com\/sv\/wp-json\/wp\/v2\/users\/4"}],"replies":[{"embeddable":true,"href":"https:\/\/moverdb.com\/sv\/wp-json\/wp\/v2\/comments?post=6049"}],"version-history":[{"count":1,"href":"https:\/\/moverdb.com\/sv\/wp-json\/wp\/v2\/pages\/6049\/revisions"}],"predecessor-version":[{"id":6050,"href":"https:\/\/moverdb.com\/sv\/wp-json\/wp\/v2\/pages\/6049\/revisions\/6050"}],"up":[{"embeddable":true,"href":"https:\/\/moverdb.com\/sv\/wp-json\/wp\/v2\/pages\/190"}],"wp:attachment":[{"href":"https:\/\/moverdb.com\/sv\/wp-json\/wp\/v2\/media?parent=6049"}],"curies":[{"name":"wp","href":"https:\/\/api.w.org\/{rel}","templated":true}]}}