{"id":6046,"date":"2023-02-01T13:44:41","date_gmt":"2023-02-01T13:44:41","guid":{"rendered":"https:\/\/moverdb.com\/?page_id=6046"},"modified":"2026-01-08T15:25:06","modified_gmt":"2026-01-08T15:25:06","slug":"flyttfirmor-i-etiopien","status":"publish","type":"page","link":"https:\/\/moverdb.com\/sv\/moving-companies\/moving-companies-ethiopia\/","title":{"rendered":"5 b\u00e4sta internationella flyttfirmor i Etiopien"},"content":{"rendered":"<p>Att flytta \u00e4r en hektisk och stressig tid, s\u00e4rskilt om du flyttar mellan olika l\u00e4nder, s\u00e5 det kan vara bra att f\u00e5 hj\u00e4lp av en flyttfirma. <a href=\"https:\/\/moverdb.com\/sv\/moving-companies\/\" data-internallinksmanager029f6b8e52c=\"79\" title=\"Topp 25 internationella flyttfirmor p\u00e5 n\u00e4tet\">Flyttfirmor<\/a> kan hj\u00e4lpa till med pappersarbetet och med att ordna transport. Nedan har vi sammanst\u00e4llt en lista \u00f6ver etiopiska <a href=\"https:\/\/moverdb.com\/sv\/international-removals\/\" data-internallinksmanager029f6b8e52c=\"27\" title=\"36 b\u00e4sta internationella flyttfirmor i Storbritannien\">flyttfirmor<\/a> som \u00e4r medlemmar i <a href=\"https:\/\/moverdb.com\/sv\/iam\/\" data-internallinksmanager029f6b8e52c=\"23\" title=\"International Association of Movers (IAM) f\u00f6rklaras\">Internationella sammanslutningen av flyttfirmor<\/a> (IAM) och\/eller <a href=\"https:\/\/moverdb.com\/sv\/fidi-faim\/\" data-internallinksmanager029f6b8e52c=\"16\" title=\"FIDI &amp; FAIM (FIDI Accredited International Mover) f\u00f6rklaras\">FIDI<\/a> Accredited International Mover (FAIM) som kan hj\u00e4lpa dig med din flytt.<\/p>\n<div id=\"ez-toc-container\" class=\"ez-toc-v2_0_82_2 ez-toc-wrap-left counter-hierarchy ez-toc-counter ez-toc-transparent ez-toc-container-direction\">\n<div class=\"ez-toc-title-container\">\n<p class=\"ez-toc-title\" style=\"cursor:inherit\">Avsnitt<\/p>\n<span class=\"ez-toc-title-toggle\"><a href=\"#\" class=\"ez-toc-pull-right ez-toc-btn ez-toc-btn-xs ez-toc-btn-default ez-toc-toggle\" aria-label=\"V\u00e4xla till inneh\u00e5llsf\u00f6rteckning\"><span class=\"ez-toc-js-icon-con\"><span class=\"\"><span class=\"eztoc-hide\" style=\"display:none;\">V\u00e4xel<\/span><span class=\"ez-toc-icon-toggle-span\"><svg style=\"fill: #999;color:#999\" xmlns=\"http:\/\/www.w3.org\/2000\/svg\" class=\"list-377408\" width=\"20px\" height=\"20px\" viewbox=\"0 0 24 24\" fill=\"none\"><path d=\"M6 6H4v2h2V6zm14 0H8v2h12V6zM4 11h2v2H4v-2zm16 0H8v2h12v-2zM4 16h2v2H4v-2zm16 0H8v2h12v-2z\" fill=\"currentColor\"><\/path><\/svg><svg style=\"fill: #999;color:#999\" class=\"arrow-unsorted-368013\" xmlns=\"http:\/\/www.w3.org\/2000\/svg\" width=\"10px\" height=\"10px\" viewbox=\"0 0 24 24\" version=\"1.2\" baseprofile=\"tiny\"><path d=\"M18.2 9.3l-6.2-6.3-6.2 6.3c-.2.2-.3.4-.3.7s.1.5.3.7c.2.2.4.3.7.3h11c.3 0 .5-.1.7-.3.2-.2.3-.5.3-.7s-.1-.5-.3-.7zM5.8 14.7l6.2 6.3 6.2-6.3c.2-.2.3-.5.3-.7s-.1-.5-.3-.7c-.2-.2-.4-.3-.7-.3h-11c-.3 0-.5.1-.7.3-.2.2-.3.5-.3.7s.1.5.3.7z\"\/><\/svg><\/span><\/span><\/span><\/a><\/span><\/div>\n<nav><ul class='ez-toc-list ez-toc-list-level-1 eztoc-toggle-hide-by-default' ><li class='ez-toc-page-1 ez-toc-heading-level-2'><a class=\"ez-toc-link ez-toc-heading-1\" href=\"https:\/\/moverdb.com\/sv\/moving-companies\/moving-companies-ethiopia\/#1_Melehk_Logistics\" >1. Melehk Logistics<\/a><\/li><li class='ez-toc-page-1 ez-toc-heading-level-2'><a class=\"ez-toc-link ez-toc-heading-2\" href=\"https:\/\/moverdb.com\/sv\/moving-companies\/moving-companies-ethiopia\/#2_Move_One\" >2. Flytta ett<\/a><\/li><li class='ez-toc-page-1 ez-toc-heading-level-2'><a class=\"ez-toc-link ez-toc-heading-3\" href=\"https:\/\/moverdb.com\/sv\/moving-companies\/moving-companies-ethiopia\/#3_Panafric_Global\" >3. Panafric Global<\/a><\/li><li class='ez-toc-page-1 ez-toc-heading-level-2'><a class=\"ez-toc-link ez-toc-heading-4\" href=\"https:\/\/moverdb.com\/sv\/moving-companies\/moving-companies-ethiopia\/#4_Segon_Marill_Movers\" >4. Segon Marill Movers<\/a><\/li><li class='ez-toc-page-1 ez-toc-heading-level-2'><a class=\"ez-toc-link ez-toc-heading-5\" href=\"https:\/\/moverdb.com\/sv\/moving-companies\/moving-companies-ethiopia\/#5_Solomon_Zewdu_Shipping_and_Freight_Forwarding\" >5. Solomon Zewdu Shipping and Freight Forwarding<\/a><\/li><\/ul><\/nav><\/div>\n<h2><span class=\"ez-toc-section\" id=\"1_Melehk_Logistics\"><\/span><strong>1. Melehk Logistics<\/strong><span class=\"ez-toc-section-end\"><\/span><\/h2>\n<p><img loading=\"lazy\" decoding=\"async\" class=\"alignnone size-full wp-image-5971\" src=\"https:\/\/moverdb.com\/wp-content\/uploads\/Melehk-Logistics-international-moving-company.png\" alt=\"Melehk Logistics internationell flyttfirma\" width=\"1440\" height=\"674\" data-wp-pid=\"5971\" srcset=\"https:\/\/moverdb.com\/wp-content\/uploads\/Melehk-Logistics-international-moving-company.png 1440w, https:\/\/moverdb.com\/wp-content\/uploads\/Melehk-Logistics-international-moving-company-300x140.png 300w, https:\/\/moverdb.com\/wp-content\/uploads\/Melehk-Logistics-international-moving-company-1024x479.png 1024w, https:\/\/moverdb.com\/wp-content\/uploads\/Melehk-Logistics-international-moving-company-18x8.png 18w, https:\/\/moverdb.com\/wp-content\/uploads\/Melehk-Logistics-international-moving-company-600x281.png 600w\" sizes=\"auto, (max-width: 1440px) 100vw, 1440px\" \/><\/p>\n<ul>\n<li>Lokala och nationella flyttningar<\/li>\n<li>Internationella flyttar<\/li>\n<li>Flyttning av hush\u00e5ll<\/li>\n<li>Personlig och skr\u00e4ddarsydd service<\/li>\n<li>En dedikerad flyttkoordinator<\/li>\n<li>Ordna och hantera alla aspekter av din flytt<\/li>\n<li>V\u00e4g-, sj\u00f6- och luftfrakt<\/li>\n<li>Tullf\u00f6rmedling<\/li>\n<li>Internationella partnerskap<\/li>\n<li>F\u00f6rvaringsutrymmen<\/li>\n<\/ul>\n<p>Melehk Logistics \u00e4r ett speditions- och logistikf\u00f6retag som grundades 2011 som Ginchi Trading och erbjuder flyttj\u00e4nster inom, till och fr\u00e5n Etiopien. De samarbetar med ett internationellt flyttn\u00e4tverk f\u00f6r att tillhandah\u00e5lla flyttj\u00e4nster \u00f6ver hela v\u00e4rlden. De \u00e4r medlemmar i IAM med 9 \u00e5rs erfarenhet.<\/p>\n<p>Melehk Logistics erbjuder internationella flyttar av hush\u00e5ll \u00f6ver hela v\u00e4rlden och tillhandah\u00e5ller en dedikerad flyttkoordinator. De erbjuder personliga och skr\u00e4ddarsydda tj\u00e4nster som ordnar varje aspekt av din flytt och hanterar din flytt p\u00e5 ett effektivt s\u00e4tt. De erbjuder fraktalternativ som omfattar v\u00e4g-, luft- och sj\u00f6frakt med st\u00f6d f\u00f6r tullf\u00f6rmedling.<\/p>\n<p>Webbplats: <a href=\"http:\/\/www.melehk.com\" target=\"_blank\" rel=\"noopener\">http:\/\/www.melehk.com<\/a><\/p>\n<h2><span class=\"ez-toc-section\" id=\"2_Move_One\"><\/span><strong>2. Flytta ett<\/strong><span class=\"ez-toc-section-end\"><\/span><\/h2>\n<p><img loading=\"lazy\" decoding=\"async\" class=\"alignnone size-full wp-image-5974\" src=\"https:\/\/moverdb.com\/wp-content\/uploads\/Move-One-Ethiopia-international-moving-company.png\" alt=\"Move One Ethiopia internationell flyttfirma\" width=\"1440\" height=\"667\" data-wp-pid=\"5974\" srcset=\"https:\/\/moverdb.com\/wp-content\/uploads\/Move-One-Ethiopia-international-moving-company.png 1440w, https:\/\/moverdb.com\/wp-content\/uploads\/Move-One-Ethiopia-international-moving-company-300x139.png 300w, https:\/\/moverdb.com\/wp-content\/uploads\/Move-One-Ethiopia-international-moving-company-1024x474.png 1024w, https:\/\/moverdb.com\/wp-content\/uploads\/Move-One-Ethiopia-international-moving-company-18x8.png 18w, https:\/\/moverdb.com\/wp-content\/uploads\/Move-One-Ethiopia-international-moving-company-600x278.png 600w\" sizes=\"auto, (max-width: 1440px) 100vw, 1440px\" \/><\/p>\n<ul>\n<li>Nationella flyttningar<\/li>\n<li>Internationella flyttar<\/li>\n<li>Hush\u00e5llsflyttar<\/li>\n<li>Kommersiella flyttar<\/li>\n<li>F\u00f6rpackningstj\u00e4nst<\/li>\n<li>Land-, sj\u00f6- och luftfrakt<\/li>\n<li>Tullf\u00f6rmedling<\/li>\n<li>Visum- och invandringstj\u00e4nster<\/li>\n<li>Sj\u00f6transport av s\u00e4llskapsdjur<\/li>\n<li>S\u00e4ker lagring<\/li>\n<\/ul>\n<p>Move One \u00e4r ett internationellt flyttf\u00f6retag som grundades 1992 och har kontor i Europa, Afrika och Asien, inklusive ett kontor i Etiopien i Addis Abeba. De samarbetar med internationella partner f\u00f6r att genomf\u00f6ra flyttningar utanf\u00f6r sina verksamhetsomr\u00e5den. De \u00e4r medlemmar i IAM och har 8 \u00e5rs erfarenhet i Etiopien.<\/p>\n<p>Move One v\u00e4nder sig till en rad olika sektorer, bland annat den kommersiella detaljhandelssektorn, diplomatk\u00e5ren, lokala statliga institutioner och utl\u00e4ndska entrepren\u00f6rer. De tillhandah\u00e5ller exportf\u00f6rpackning f\u00f6r att skydda dina tillh\u00f6righeter och ordnar frakt p\u00e5 land, i luften och till sj\u00f6ss med tullf\u00f6rmedling. De erbjuder ocks\u00e5 ytterligare tj\u00e4nster, bland annat hj\u00e4lp med visum och invandring samt transport av husdjur.<\/p>\n<p>Webbplats: <a href=\"http:\/\/www.moveoneinc.com\/ethiopia\" target=\"_blank\" rel=\"noopener\">http:\/\/www.moveoneinc.com\/ethiopia<\/a><\/p>\n<h2><span class=\"ez-toc-section\" id=\"3_Panafric_Global\"><\/span><strong>3. Panafric Global<\/strong><span class=\"ez-toc-section-end\"><\/span><\/h2>\n<p><img loading=\"lazy\" decoding=\"async\" class=\"alignnone size-full wp-image-5990\" src=\"https:\/\/moverdb.com\/wp-content\/uploads\/Panafric-Global-international-moving-company.png\" alt=\"Panafric Global internationellt flyttf\u00f6retag\" width=\"1440\" height=\"674\" data-wp-pid=\"5990\" srcset=\"https:\/\/moverdb.com\/wp-content\/uploads\/Panafric-Global-international-moving-company.png 1440w, https:\/\/moverdb.com\/wp-content\/uploads\/Panafric-Global-international-moving-company-300x140.png 300w, https:\/\/moverdb.com\/wp-content\/uploads\/Panafric-Global-international-moving-company-1024x479.png 1024w, https:\/\/moverdb.com\/wp-content\/uploads\/Panafric-Global-international-moving-company-18x8.png 18w, https:\/\/moverdb.com\/wp-content\/uploads\/Panafric-Global-international-moving-company-600x281.png 600w\" sizes=\"auto, (max-width: 1440px) 100vw, 1440px\" \/><\/p>\n<ul>\n<li>Internationella flyttar<\/li>\n<li>Hush\u00e5llsflyttar<\/li>\n<li>Kommersiella projekt<\/li>\n<li>Flyttj\u00e4nster<\/li>\n<li>Slutl\u00f6sningar fr\u00e5n b\u00f6rjan till slut<\/li>\n<li>Land-, sj\u00f6- och luftfrakt<\/li>\n<li>Tull- och dokumentationsst\u00f6d<\/li>\n<li>Hj\u00e4lp med att etablera sig<\/li>\n<li>F\u00f6rs\u00e4kring av gods<\/li>\n<li>F\u00f6rvaringsl\u00f6sningar<\/li>\n<\/ul>\n<p>Panafric Global \u00e4r ett multimodalt transport- och logistikf\u00f6retag som grundades 1993 i Addis och har fem filialer vid flygplatsen, Kality, Adama, Hawassa och <a href=\"https:\/\/moverdb.com\/sv\/moving-companies\/moving-companies-djibouti\/\" data-internallinksmanager029f6b8e52c=\"220\" title=\"B\u00e4sta internationella flyttfirmor i Djibouti\">Djibouti<\/a>. De erbjuder flyttj\u00e4nster i, till och fr\u00e5n Etiopien. De \u00e4r medlemmar i IAM med 29 \u00e5rs erfarenhet.<\/p>\n<p>Panafric Global erbjuder en d\u00f6rr-till-d\u00f6rr-tj\u00e4nst till och fr\u00e5n var som helst i v\u00e4rlden. De tillhandah\u00e5ller transport p\u00e5 land, i luften och till sj\u00f6ss med st\u00f6dtj\u00e4nster f\u00f6r att hj\u00e4lpa till med tull och dokumentation. De erbjuder flyttj\u00e4nster som underl\u00e4ttar bos\u00e4ttningen, bland annat genom att hitta skolor, hitta fordon och ordna med f\u00f6rs\u00f6rjning och f\u00f6rs\u00e4kringar.<\/p>\n<p>Webbplats: <a href=\"http:\/\/www.panafricglobal.com\" target=\"_blank\" rel=\"noopener\">http:\/\/www.panafricglobal.com<\/a><\/p>\n<h2><span class=\"ez-toc-section\" id=\"4_Segon_Marill_Movers\"><\/span><strong>4. Segon Marill Movers<\/strong><span class=\"ez-toc-section-end\"><\/span><\/h2>\n<p><img loading=\"lazy\" decoding=\"async\" class=\"alignnone size-full wp-image-6002\" src=\"https:\/\/moverdb.com\/wp-content\/uploads\/Segon-Marill-Movers-international-moving-company.png\" alt=\"Segon Marill Movers internationell flyttfirma\" width=\"1440\" height=\"681\" data-wp-pid=\"6002\" srcset=\"https:\/\/moverdb.com\/wp-content\/uploads\/Segon-Marill-Movers-international-moving-company.png 1440w, https:\/\/moverdb.com\/wp-content\/uploads\/Segon-Marill-Movers-international-moving-company-300x142.png 300w, https:\/\/moverdb.com\/wp-content\/uploads\/Segon-Marill-Movers-international-moving-company-1024x484.png 1024w, https:\/\/moverdb.com\/wp-content\/uploads\/Segon-Marill-Movers-international-moving-company-18x9.png 18w, https:\/\/moverdb.com\/wp-content\/uploads\/Segon-Marill-Movers-international-moving-company-600x284.png 600w\" sizes=\"auto, (max-width: 1440px) 100vw, 1440px\" \/><\/p>\n<ul>\n<li>Nationella flyttningar<\/li>\n<li>Internationella flyttar<\/li>\n<li>Hush\u00e5llsflyttar<\/li>\n<li>F\u00f6retagsflyttar<\/li>\n<li>Flyttj\u00e4nster<\/li>\n<li>F\u00f6rpackningstj\u00e4nst<\/li>\n<li>Land-, sj\u00f6- och lufttransporter<\/li>\n<li>Inskolningstj\u00e4nster<\/li>\n<li>S\u00f6kning av hus och skola<\/li>\n<li>S\u00e4ker lagring<\/li>\n<\/ul>\n<p>Segon Marill Movers \u00e4r ett internationellt flytt- och f\u00f6rvaringsf\u00f6retag som grundades f\u00f6r 21 \u00e5r sedan. De samarbetar med 50 partneragenter f\u00f6r att leverera sina tj\u00e4nster \u00f6ver hela v\u00e4rlden. De \u00e4r medlemmar i IAM med 31 \u00e5rs erfarenhet.<\/p>\n<p>Segon Marill Movers erbjuder en personlig flytttj\u00e4nst med en f\u00f6rpackningstj\u00e4nst som anv\u00e4nder h\u00f6gkvalitativa tekniker och material f\u00f6r att skydda dina \u00e4godelar. De ordnar transport p\u00e5 land, till sj\u00f6ss eller med flyg och tar vid behov hj\u00e4lp av partneragenter. Deras flyttj\u00e4nster hj\u00e4lper dig att etablera dig i ditt nya land, vilket inkluderar en orienteringstur, hj\u00e4lp med att s\u00f6ka hem och skola samt st\u00f6d med avresetj\u00e4nster.<\/p>\n<p>Webbplats: <a href=\"http:\/\/www.segon-marill.com\" target=\"_blank\" rel=\"noopener\">http:\/\/www.segon-marill.com<\/a><\/p>\n<h2><span class=\"ez-toc-section\" id=\"5_Solomon_Zewdu_Shipping_and_Freight_Forwarding\"><\/span><strong>5. Solomon Zewdu Shipping and Freight Forwarding<\/strong><span class=\"ez-toc-section-end\"><\/span><\/h2>\n<p><img loading=\"lazy\" decoding=\"async\" class=\"alignnone size-full wp-image-6047\" src=\"https:\/\/moverdb.com\/wp-content\/uploads\/Solomon-Zewdu-international-moving-company.png\" alt=\"Solomon Zewdu internationell flyttfirma\" width=\"1440\" height=\"682\" data-wp-pid=\"6047\" srcset=\"https:\/\/moverdb.com\/wp-content\/uploads\/Solomon-Zewdu-international-moving-company.png 1440w, https:\/\/moverdb.com\/wp-content\/uploads\/Solomon-Zewdu-international-moving-company-300x142.png 300w, https:\/\/moverdb.com\/wp-content\/uploads\/Solomon-Zewdu-international-moving-company-1024x485.png 1024w, https:\/\/moverdb.com\/wp-content\/uploads\/Solomon-Zewdu-international-moving-company-18x9.png 18w, https:\/\/moverdb.com\/wp-content\/uploads\/Solomon-Zewdu-international-moving-company-600x284.png 600w\" sizes=\"auto, (max-width: 1440px) 100vw, 1440px\" \/><\/p>\n<ul>\n<li>Lokala och nationella flyttningar<\/li>\n<li>Internationella flyttar<\/li>\n<li>Hush\u00e5llsflyttar<\/li>\n<li>Flyttning av kontor<\/li>\n<li>D\u00f6rr-till-d\u00f6rr-tj\u00e4nster<\/li>\n<li>F\u00f6rpackningstj\u00e4nst<\/li>\n<li>Land-, sj\u00f6- och lufttransporter<\/li>\n<li>Tullklarering<\/li>\n<li>Transport av fordon<\/li>\n<li>F\u00f6rvaringsutrymmen<\/li>\n<\/ul>\n<p>Solomon Zewdu Shipping and Freight Forwarding \u00e4r ett flytt-, frakt- och speditionsf\u00f6retag med \u00f6ver 20 \u00e5rs erfarenhet av flyttj\u00e4nster. De samarbetar med utl\u00e4ndska partner f\u00f6r att leverera flyttningar internationellt. De \u00e4r medlemmar i IAM med 22 \u00e5rs erfarenhet.<\/p>\n<p>Solomon Zewdu Shipping and Freight Forwarding erbjuder flytt- och flyttj\u00e4nster fr\u00e5n d\u00f6rr till d\u00f6rr f\u00f6r hush\u00e5ll och kontor. De tillhandah\u00e5ller en f\u00f6rpacknings- och uppackningstj\u00e4nst f\u00f6r att skydda dina tillh\u00f6righeter och ordnar transporttj\u00e4nster p\u00e5 land med hj\u00e4lp av sin flotta, till sj\u00f6ss eller med flyg med tullklarering. De kan ocks\u00e5 hj\u00e4lpa till med fordonstransporter och lagring.<\/p>\n<p>Webbplats: <a href=\"http:\/\/www.solomontransit.com\" target=\"_blank\" rel=\"noopener\">http:\/\/www.solomontransit.com<\/a><\/p>","protected":false},"excerpt":{"rendered":"<p>Moving is a busy and stressful time especially if you are moving between countries so getting some support from a moving company can help. Moving companies can assist with navigating the paperwork and arranging transportation. Below we have compiled a list of Ethiopian removal companies that are members of the International Association of Movers (IAM) [&hellip;]<\/p>\n","protected":false},"author":4,"featured_media":0,"parent":190,"menu_order":0,"comment_status":"closed","ping_status":"closed","template":"","meta":{"_genesis_hide_title":false,"_genesis_hide_breadcrumbs":false,"_genesis_hide_singular_image":false,"_genesis_hide_footer_widgets":false,"_genesis_custom_body_class":"","_genesis_custom_post_class":"","_genesis_layout":"","footnotes":""},"class_list":{"0":"post-6046","1":"page","2":"type-page","3":"status-publish","5":"entry","6":"has-post-thumbnail"},"_links":{"self":[{"href":"https:\/\/moverdb.com\/sv\/wp-json\/wp\/v2\/pages\/6046","targetHints":{"allow":["GET"]}}],"collection":[{"href":"https:\/\/moverdb.com\/sv\/wp-json\/wp\/v2\/pages"}],"about":[{"href":"https:\/\/moverdb.com\/sv\/wp-json\/wp\/v2\/types\/page"}],"author":[{"embeddable":true,"href":"https:\/\/moverdb.com\/sv\/wp-json\/wp\/v2\/users\/4"}],"replies":[{"embeddable":true,"href":"https:\/\/moverdb.com\/sv\/wp-json\/wp\/v2\/comments?post=6046"}],"version-history":[{"count":1,"href":"https:\/\/moverdb.com\/sv\/wp-json\/wp\/v2\/pages\/6046\/revisions"}],"predecessor-version":[{"id":6048,"href":"https:\/\/moverdb.com\/sv\/wp-json\/wp\/v2\/pages\/6046\/revisions\/6048"}],"up":[{"embeddable":true,"href":"https:\/\/moverdb.com\/sv\/wp-json\/wp\/v2\/pages\/190"}],"wp:attachment":[{"href":"https:\/\/moverdb.com\/sv\/wp-json\/wp\/v2\/media?parent=6046"}],"curies":[{"name":"wp","href":"https:\/\/api.w.org\/{rel}","templated":true}]}}