{"id":6043,"date":"2023-02-01T13:40:56","date_gmt":"2023-02-01T13:40:56","guid":{"rendered":"https:\/\/moverdb.com\/?page_id=6043"},"modified":"2026-01-08T15:24:40","modified_gmt":"2026-01-08T15:24:40","slug":"flyttfirmor-i-estland","status":"publish","type":"page","link":"https:\/\/moverdb.com\/sv\/moving-companies\/moving-companies-estonia\/","title":{"rendered":"4 b\u00e4sta internationella flyttfirmor i Estland"},"content":{"rendered":"<p>En flytt kan vara en stressig tid, oavsett om du flyttar hem eller till ditt f\u00f6retag. M\u00e5nga anlitar en <a href=\"https:\/\/moverdb.com\/sv\/moving-companies\/\" data-internallinksmanager029f6b8e52c=\"79\" title=\"Topp 25 internationella flyttfirmor p\u00e5 n\u00e4tet\">flyttfirma<\/a> eftersom de kan flytta dina tillh\u00f6righeter p\u00e5 ett s\u00e4kert s\u00e4tt och minska stressen i samband med flytten. Nedan har vi sammanst\u00e4llt en lista \u00f6ver estniska <a href=\"https:\/\/moverdb.com\/sv\/international-removals\/\" data-internallinksmanager029f6b8e52c=\"27\" title=\"36 b\u00e4sta internationella flyttfirmor i Storbritannien\">flyttfirmor<\/a> som \u00e4r medlemmar i <a href=\"https:\/\/moverdb.com\/sv\/iam\/\" data-internallinksmanager029f6b8e52c=\"23\" title=\"International Association of Movers (IAM) f\u00f6rklaras\">Internationella sammanslutningen av flyttfirmor<\/a> (IAM) och\/eller <a href=\"https:\/\/moverdb.com\/sv\/fidi-faim\/\" data-internallinksmanager029f6b8e52c=\"16\" title=\"FIDI &amp; FAIM (FIDI Accredited International Mover) f\u00f6rklaras\">FIDI<\/a> Accredited International Mover (FAIM) som kan hj\u00e4lpa dig med din flytt.<\/p>\n<div id=\"ez-toc-container\" class=\"ez-toc-v2_0_82_2 ez-toc-wrap-left counter-hierarchy ez-toc-counter ez-toc-transparent ez-toc-container-direction\">\n<div class=\"ez-toc-title-container\">\n<p class=\"ez-toc-title\" style=\"cursor:inherit\">Avsnitt<\/p>\n<span class=\"ez-toc-title-toggle\"><a href=\"#\" class=\"ez-toc-pull-right ez-toc-btn ez-toc-btn-xs ez-toc-btn-default ez-toc-toggle\" aria-label=\"V\u00e4xla till inneh\u00e5llsf\u00f6rteckning\"><span class=\"ez-toc-js-icon-con\"><span class=\"\"><span class=\"eztoc-hide\" style=\"display:none;\">V\u00e4xel<\/span><span class=\"ez-toc-icon-toggle-span\"><svg style=\"fill: #999;color:#999\" xmlns=\"http:\/\/www.w3.org\/2000\/svg\" class=\"list-377408\" width=\"20px\" height=\"20px\" viewbox=\"0 0 24 24\" fill=\"none\"><path d=\"M6 6H4v2h2V6zm14 0H8v2h12V6zM4 11h2v2H4v-2zm16 0H8v2h12v-2zM4 16h2v2H4v-2zm16 0H8v2h12v-2z\" fill=\"currentColor\"><\/path><\/svg><svg style=\"fill: #999;color:#999\" class=\"arrow-unsorted-368013\" xmlns=\"http:\/\/www.w3.org\/2000\/svg\" width=\"10px\" height=\"10px\" viewbox=\"0 0 24 24\" version=\"1.2\" baseprofile=\"tiny\"><path d=\"M18.2 9.3l-6.2-6.3-6.2 6.3c-.2.2-.3.4-.3.7s.1.5.3.7c.2.2.4.3.7.3h11c.3 0 .5-.1.7-.3.2-.2.3-.5.3-.7s-.1-.5-.3-.7zM5.8 14.7l6.2 6.3 6.2-6.3c.2-.2.3-.5.3-.7s-.1-.5-.3-.7c-.2-.2-.4-.3-.7-.3h-11c-.3 0-.5.1-.7.3-.2.2-.3.5-.3.7s.1.5.3.7z\"\/><\/svg><\/span><\/span><\/span><\/a><\/span><\/div>\n<nav><ul class='ez-toc-list ez-toc-list-level-1 eztoc-toggle-hide-by-default' ><li class='ez-toc-page-1 ez-toc-heading-level-2'><a class=\"ez-toc-link ez-toc-heading-1\" href=\"https:\/\/moverdb.com\/sv\/moving-companies\/moving-companies-estonia\/#1_Adduco\" >1. Adduco<\/a><\/li><li class='ez-toc-page-1 ez-toc-heading-level-2'><a class=\"ez-toc-link ez-toc-heading-2\" href=\"https:\/\/moverdb.com\/sv\/moving-companies\/moving-companies-estonia\/#2_AVA_Express\" >2. AVA Express<\/a><\/li><li class='ez-toc-page-1 ez-toc-heading-level-2'><a class=\"ez-toc-link ez-toc-heading-3\" href=\"https:\/\/moverdb.com\/sv\/moving-companies\/moving-companies-estonia\/#3_MoveMaster\" >3. MoveMaster<\/a><\/li><li class='ez-toc-page-1 ez-toc-heading-level-2'><a class=\"ez-toc-link ez-toc-heading-4\" href=\"https:\/\/moverdb.com\/sv\/moving-companies\/moving-companies-estonia\/#4_KLG_Estonia\" >4. KLG Estland<\/a><\/li><li class='ez-toc-page-1 ez-toc-heading-level-2'><a class=\"ez-toc-link ez-toc-heading-5\" href=\"https:\/\/moverdb.com\/sv\/moving-companies\/moving-companies-estonia\/#Other_Useful_Guides_to_Estonia\" >Andra nyttiga guider till Estland<\/a><\/li><\/ul><\/nav><\/div>\n<h2><span class=\"ez-toc-section\" id=\"1_Adduco\"><\/span><strong>1. Adduco<\/strong><span class=\"ez-toc-section-end\"><\/span><\/h2>\n<p><img loading=\"lazy\" decoding=\"async\" class=\"alignnone size-full wp-image-6044\" src=\"https:\/\/moverdb.com\/wp-content\/uploads\/Adduco-international-moving-company.png\" alt=\"Adduco internationellt flyttf\u00f6retag\" width=\"1440\" height=\"629\" data-wp-pid=\"6044\" srcset=\"https:\/\/moverdb.com\/wp-content\/uploads\/Adduco-international-moving-company.png 1440w, https:\/\/moverdb.com\/wp-content\/uploads\/Adduco-international-moving-company-300x131.png 300w, https:\/\/moverdb.com\/wp-content\/uploads\/Adduco-international-moving-company-1024x447.png 1024w, https:\/\/moverdb.com\/wp-content\/uploads\/Adduco-international-moving-company-18x8.png 18w, https:\/\/moverdb.com\/wp-content\/uploads\/Adduco-international-moving-company-600x262.png 600w\" sizes=\"auto, (max-width: 1440px) 100vw, 1440px\" \/><\/p>\n<ul>\n<li>Flyttning av tunga f\u00f6rem\u00e5l<\/li>\n<li>Internationella flyttar<\/li>\n<li>Hush\u00e5llsflyttar<\/li>\n<li>Aff\u00e4rsr\u00f6relser<\/li>\n<li>F\u00f6rpackningstj\u00e4nst<\/li>\n<li>Planera din resv\u00e4g och dina transporter<\/li>\n<li>St\u00f6d med dokumentation<\/li>\n<li>Transport av konstverk<\/li>\n<li>F\u00f6rs\u00e4kring<\/li>\n<li>F\u00f6rvaringsl\u00f6sningar<\/li>\n<\/ul>\n<p>Adduco \u00e4r en flyttfirma som har hj\u00e4lpt m\u00e4nniskor att flytta sedan 2006 och de har kontor i Tallinn och Tartu. De \u00e4r medlemmar i IAM med 16 \u00e5rs erfarenhet, vilket ger dem tillg\u00e5ng till ett internationellt n\u00e4tverk av flyttfirmor som kan hj\u00e4lpa till med flyttningar \u00f6ver hela v\u00e4rlden.<\/p>\n<p>Adduco erbjuder en flytttj\u00e4nst som inkluderar en skr\u00e4pplockartj\u00e4nst f\u00f6r att hj\u00e4lpa dig att minska m\u00e4ngden tillh\u00f6righeter som du tar med dig p\u00e5 din flytt. De sk\u00f6ter noggrant din flytt, planerar din resv\u00e4g och f\u00f6rbereder n\u00f6dv\u00e4ndiga dokument och f\u00f6rs\u00e4kringar. De kommer ocks\u00e5 att packa dina tillh\u00f6righeter p\u00e5 ett s\u00e4kert s\u00e4tt och transportera dem innan de packar upp dem p\u00e5 din destination.<\/p>\n<p>Webbplats: <a href=\"https:\/\/adduco.ee\/en\/\" target=\"_blank\" rel=\"noopener\">https:\/\/adduco.ee\/en\/<\/a><\/p>\n<h2><span class=\"ez-toc-section\" id=\"2_AVA_Express\"><\/span><strong>2. AVA Express<\/strong><span class=\"ez-toc-section-end\"><\/span><\/h2>\n<p><img loading=\"lazy\" decoding=\"async\" class=\"alignnone size-full wp-image-5928\" src=\"https:\/\/moverdb.com\/wp-content\/uploads\/AVA-Express-international-moving-company.png\" alt=\"AVA Express internationell flyttfirma\" width=\"1440\" height=\"712\" data-wp-pid=\"5928\" srcset=\"https:\/\/moverdb.com\/wp-content\/uploads\/AVA-Express-international-moving-company.png 1440w, https:\/\/moverdb.com\/wp-content\/uploads\/AVA-Express-international-moving-company-300x148.png 300w, https:\/\/moverdb.com\/wp-content\/uploads\/AVA-Express-international-moving-company-1024x506.png 1024w, https:\/\/moverdb.com\/wp-content\/uploads\/AVA-Express-international-moving-company-18x9.png 18w, https:\/\/moverdb.com\/wp-content\/uploads\/AVA-Express-international-moving-company-600x297.png 600w\" sizes=\"auto, (max-width: 1440px) 100vw, 1440px\" \/><\/p>\n<ul>\n<li>Nationella flyttningar<\/li>\n<li>Internationella flyttar<\/li>\n<li>Hush\u00e5llsflyttar<\/li>\n<li>Flyttning av kontor<\/li>\n<li>Specialiserad transport och utrustning<\/li>\n<li>F\u00f6rpackningstj\u00e4nster<\/li>\n<li>Transportarrangemang<\/li>\n<li>Flyttning av tunga f\u00f6rem\u00e5l<\/li>\n<li>Transport av konst<\/li>\n<li>L\u00f6sningar f\u00f6r tillf\u00e4llig lagring<\/li>\n<\/ul>\n<p>AVA Express \u00e4r en estnisk flyttfirma som har \u00f6ver 20 \u00e5rs erfarenhet av att leverera hush\u00e5lls- och kontorsflyttar. De samarbetar med internationella flyttfirmor f\u00f6r att erbjuda flyttar \u00f6ver hela v\u00e4rlden och de \u00e4r medlemmar i IAM. De har sin egen v\u00e4gflotta f\u00f6r att utf\u00f6ra flyttar i <a href=\"https:\/\/moverdb.com\/sv\/moving-to-estonia\/\" data-internallinksmanager029f6b8e52c=\"430\" title=\"Flytt till Estland? 2026 Levnadskostnader och tips om flytt\">Estland<\/a>.<\/p>\n<p>AVA Express erbjuder personliga offerter f\u00f6r sina flyttj\u00e4nster f\u00f6r hush\u00e5ll och f\u00f6retag. De tillhandah\u00e5ller allt f\u00f6rpackningsmaterial f\u00f6r din flytt och packar vid behov dina tillh\u00f6righeter \u00e5t dig. De ordnar transporten av dina tillh\u00f6righeter, inklusive konstverk och tunga f\u00f6rem\u00e5l, p\u00e5 ett s\u00e4kert s\u00e4tt till din destination i Estland eller internationellt.<\/p>\n<p>Webbplats: <a href=\"http:\/\/www.ava.ee\" target=\"_blank\" rel=\"noopener\">http:\/\/www.ava.ee<\/a><\/p>\n<h2><span class=\"ez-toc-section\" id=\"3_MoveMaster\"><\/span><strong>3. MoveMaster<\/strong><span class=\"ez-toc-section-end\"><\/span><\/h2>\n<p><img loading=\"lazy\" decoding=\"async\" class=\"alignnone size-full wp-image-5976\" src=\"https:\/\/moverdb.com\/wp-content\/uploads\/MoveMaster-international-moving-company.png\" alt=\"MoveMaster internationell flyttfirma\" width=\"1440\" height=\"713\" data-wp-pid=\"5976\" srcset=\"https:\/\/moverdb.com\/wp-content\/uploads\/MoveMaster-international-moving-company.png 1440w, https:\/\/moverdb.com\/wp-content\/uploads\/MoveMaster-international-moving-company-300x149.png 300w, https:\/\/moverdb.com\/wp-content\/uploads\/MoveMaster-international-moving-company-1024x507.png 1024w, https:\/\/moverdb.com\/wp-content\/uploads\/MoveMaster-international-moving-company-18x9.png 18w, https:\/\/moverdb.com\/wp-content\/uploads\/MoveMaster-international-moving-company-600x297.png 600w\" sizes=\"auto, (max-width: 1440px) 100vw, 1440px\" \/><\/p>\n<ul>\n<li>Lokala och nationella flyttningar<\/li>\n<li>Internationella flyttar<\/li>\n<li>Flyttning av bost\u00e4der<\/li>\n<li>F\u00f6retagsflyttar<\/li>\n<li>Individuellt tillv\u00e4gag\u00e5ngss\u00e4tt<\/li>\n<li>F\u00f6rpackningstj\u00e4nst<\/li>\n<li>Land-, sj\u00f6- och lufttransporter<\/li>\n<li>Transport av konstf\u00f6rem\u00e5l<\/li>\n<li>F\u00f6rs\u00e4kring<\/li>\n<li>F\u00f6rvaringsutrymmen<\/li>\n<\/ul>\n<p>MoveMaster \u00e4r ett estniskt flyttf\u00f6retag i Tallinn med 39 \u00e5rs erfarenhet av tusentals flyttar i 147 l\u00e4nder. De samarbetar med samarbetspartners i st\u00f6rre st\u00e4der f\u00f6r att hj\u00e4lpa till med flyttar utanf\u00f6r deras omr\u00e5de och de \u00e4r medlemmar i IAM.<\/p>\n<p>MoveMaster erbjuder ett individuellt tillv\u00e4gag\u00e5ngss\u00e4tt f\u00f6r sina flyttj\u00e4nster, vilket inkluderar en inspektion f\u00f6re flytt i Tallinn f\u00f6r att skapa den mest l\u00e4mpliga flyttplanen. De tillhandah\u00e5ller en f\u00f6rpackningstj\u00e4nst med h\u00f6gkvalitativt f\u00f6rpackningsmaterial f\u00f6r att skydda dina tillh\u00f6righeter, demonterar m\u00f6bler och s\u00e4tter ihop m\u00f6blerna igen vid ankomsten. De ordnar transport p\u00e5 land, till sj\u00f6ss och med flyg samt st\u00f6d med tulldeklarationer och f\u00f6rs\u00e4kringar.<\/p>\n<p>Webbplats: <a href=\"http:\/\/www.movemaster.ee\" target=\"_blank\" rel=\"noopener\">http:\/\/www.movemaster.ee<\/a><\/p>\n<h2><span class=\"ez-toc-section\" id=\"4_KLG_Estonia\"><\/span><strong>4. KLG Estland<\/strong><span class=\"ez-toc-section-end\"><\/span><\/h2>\n<p><img loading=\"lazy\" decoding=\"async\" class=\"alignnone size-full wp-image-5964\" src=\"https:\/\/moverdb.com\/wp-content\/uploads\/KLG-Estonia-international-moving-company.png\" alt=\"KLG Estonia internationell flyttfirma\" width=\"1440\" height=\"711\" data-wp-pid=\"5964\" srcset=\"https:\/\/moverdb.com\/wp-content\/uploads\/KLG-Estonia-international-moving-company.png 1440w, https:\/\/moverdb.com\/wp-content\/uploads\/KLG-Estonia-international-moving-company-300x148.png 300w, https:\/\/moverdb.com\/wp-content\/uploads\/KLG-Estonia-international-moving-company-1024x506.png 1024w, https:\/\/moverdb.com\/wp-content\/uploads\/KLG-Estonia-international-moving-company-18x9.png 18w, https:\/\/moverdb.com\/wp-content\/uploads\/KLG-Estonia-international-moving-company-600x296.png 600w\" sizes=\"auto, (max-width: 1440px) 100vw, 1440px\" \/><\/p>\n<ul>\n<li>Nationella flyttningar<\/li>\n<li>Internationella flyttar<\/li>\n<li>Hush\u00e5llsflyttar<\/li>\n<li>F\u00f6rpackningstj\u00e4nst<\/li>\n<li>Bygg anpassade tr\u00e4l\u00e5dor<\/li>\n<li>Land-, luft-, sj\u00f6- och j\u00e4rnv\u00e4gstransporter<\/li>\n<li>Tullst\u00f6d<\/li>\n<li>Konsttransporter<\/li>\n<li>F\u00f6rs\u00e4kring<\/li>\n<li>Kort- och l\u00e5ngtidsf\u00f6rvaring<\/li>\n<\/ul>\n<p>KLG Estonia \u00e4r en leverant\u00f6r av specialiserade logistikl\u00f6sningar med s\u00e4te i Tallinn och har tillhandah\u00e5llit flyttj\u00e4nster sedan 1994. De har ett globalt n\u00e4tverk av partners som hj\u00e4lper dem att leverera internationella flyttar. De \u00e4r ackrediterade av FIDI.<\/p>\n<p>KLG Estonia erbjuder en inspektion och konsultation f\u00f6r att bed\u00f6ma dina behov. De erbjuder en professionell f\u00f6rpackningstj\u00e4nst f\u00f6r att skydda dina \u00e4godelar, inklusive anpassade tr\u00e4l\u00e5dor som passar alla typer av inneh\u00e5ll, inklusive konstverk och IT-utrustning. De flyttar \u00e4ven st\u00f6rre f\u00f6rem\u00e5l, inklusive motorcyklar och pianon. De ordnar transport p\u00e5 land, i luften, till sj\u00f6ss och p\u00e5 j\u00e4rnv\u00e4g och hj\u00e4lper till med tullkrav.<\/p>\n<p>Webbplats: <a href=\"http:\/\/www.klg.ee\/\" target=\"_blank\" rel=\"noopener\">http:\/\/www.klg.ee\/<\/a><\/p>\n<h2><span class=\"ez-toc-section\" id=\"Other_Useful_Guides_to_Estonia\"><\/span>Andra nyttiga guider till Estland<span class=\"ez-toc-section-end\"><\/span><\/h2>\n<ul>\n<li> <a href=\"https:\/\/moverdb.com\/sv\/moving-to-estonia\/\">Flytt till Estland? 2026 Levnadskostnader och tips om flytt<\/a><\/li>\n<li> <a href=\"https:\/\/moverdb.com\/sv\/moving-to-estonia\/best-places-to-live-estonia\/\">12 b\u00e4sta platserna att bo p\u00e5 i Estland<\/a><\/li>\n<li> <a href=\"https:\/\/moverdb.com\/sv\/container-transport\/estland\/\">2026 Fraktpriser f\u00f6r sj\u00f6transport av containrar till och fr\u00e5n Estland<\/a><\/li>\n<\/ul>","protected":false},"excerpt":{"rendered":"<p>Moving can be a stressful time, whether that is moving home or your business. Many people employ the services of a moving company as they can safely move your belongings and reduce the stress of your move. Below we have compiled a list of Estonian removal companies that are members of the International Association of [&hellip;]<\/p>\n","protected":false},"author":4,"featured_media":0,"parent":190,"menu_order":0,"comment_status":"closed","ping_status":"closed","template":"","meta":{"_genesis_hide_title":false,"_genesis_hide_breadcrumbs":false,"_genesis_hide_singular_image":false,"_genesis_hide_footer_widgets":false,"_genesis_custom_body_class":"","_genesis_custom_post_class":"","_genesis_layout":"","footnotes":""},"class_list":{"0":"post-6043","1":"page","2":"type-page","3":"status-publish","5":"entry","6":"has-post-thumbnail"},"_links":{"self":[{"href":"https:\/\/moverdb.com\/sv\/wp-json\/wp\/v2\/pages\/6043","targetHints":{"allow":["GET"]}}],"collection":[{"href":"https:\/\/moverdb.com\/sv\/wp-json\/wp\/v2\/pages"}],"about":[{"href":"https:\/\/moverdb.com\/sv\/wp-json\/wp\/v2\/types\/page"}],"author":[{"embeddable":true,"href":"https:\/\/moverdb.com\/sv\/wp-json\/wp\/v2\/users\/4"}],"replies":[{"embeddable":true,"href":"https:\/\/moverdb.com\/sv\/wp-json\/wp\/v2\/comments?post=6043"}],"version-history":[{"count":3,"href":"https:\/\/moverdb.com\/sv\/wp-json\/wp\/v2\/pages\/6043\/revisions"}],"predecessor-version":[{"id":16257,"href":"https:\/\/moverdb.com\/sv\/wp-json\/wp\/v2\/pages\/6043\/revisions\/16257"}],"up":[{"embeddable":true,"href":"https:\/\/moverdb.com\/sv\/wp-json\/wp\/v2\/pages\/190"}],"wp:attachment":[{"href":"https:\/\/moverdb.com\/sv\/wp-json\/wp\/v2\/media?parent=6043"}],"curies":[{"name":"wp","href":"https:\/\/api.w.org\/{rel}","templated":true}]}}