{"id":6040,"date":"2023-02-01T12:37:34","date_gmt":"2023-02-01T12:37:34","guid":{"rendered":"https:\/\/moverdb.com\/?page_id=6040"},"modified":"2026-01-08T15:24:14","modified_gmt":"2026-01-08T15:24:14","slug":"flyttfirmor-el-salvador","status":"publish","type":"page","link":"https:\/\/moverdb.com\/sv\/moving-companies\/moving-companies-el-salvador\/","title":{"rendered":"3 b\u00e4sta internationella flyttfirmor i El Salvador"},"content":{"rendered":"<p>Planerar du att flytta i El Salvador eller till eller fr\u00e5n El Salvador? D\u00e5 kanske du vill anlita en <a href=\"https:\/\/moverdb.com\/sv\/moving-companies\/\" data-internallinksmanager029f6b8e52c=\"79\" title=\"Topp 25 internationella flyttfirmor p\u00e5 n\u00e4tet\">flyttfirma<\/a> f\u00f6r att hj\u00e4lpa dig och ta bort en del av trycket. Nedan har vi sammanst\u00e4llt en lista \u00f6ver El Salvador <a href=\"https:\/\/moverdb.com\/sv\/international-removals\/\" data-internallinksmanager029f6b8e52c=\"27\" title=\"36 b\u00e4sta internationella flyttfirmor i Storbritannien\">flyttfirmor<\/a> som \u00e4r medlemmar i <a href=\"https:\/\/moverdb.com\/sv\/iam\/\" data-internallinksmanager029f6b8e52c=\"23\" title=\"International Association of Movers (IAM) f\u00f6rklaras\">Internationella sammanslutningen av flyttfirmor<\/a> (IAM) och\/eller <a href=\"https:\/\/moverdb.com\/sv\/fidi-faim\/\" data-internallinksmanager029f6b8e52c=\"16\" title=\"FIDI &amp; FAIM (FIDI Accredited International Mover) f\u00f6rklaras\">FIDI<\/a> Accredited International Mover (FAIM) som kan hj\u00e4lpa dig med din flytt.<\/p>\n<h2><strong>1. Comca International<\/strong><\/h2>\n<ul>\n<li>Nationella flyttningar<\/li>\n<li>Internationella flyttar<\/li>\n<li>Hush\u00e5llsflyttar<\/li>\n<li>Inspektion i hemmet<\/li>\n<li>Professionell f\u00f6rpackningstj\u00e4nst<\/li>\n<li>Transport p\u00e5 v\u00e4g, till sj\u00f6ss och i luften<\/li>\n<li>Tullst\u00f6d<\/li>\n<li>F\u00f6rpackningar f\u00f6r konstverk<\/li>\n<li>F\u00f6rs\u00e4kring<\/li>\n<li>S\u00e4ker lagring<\/li>\n<\/ul>\n<p>Comca International \u00e4r ett logistikf\u00f6retag f\u00f6r transport och distribution som grundades 1967 och erbjuder nationella och internationella flyttj\u00e4nster. De har strategiska allianser med internationella byr\u00e5er f\u00f6r att kunna genomf\u00f6ra internationella flyttar. De \u00e4r medlemmar i IAM med 55 \u00e5rs erfarenhet.<\/p>\n<p>Comca International g\u00f6r en inspektion och uppskattning av din flytt och ger r\u00e5d om det b\u00e4sta transportmedlet. De erbjuder professionella f\u00f6rpackningstj\u00e4nster med hj\u00e4lp av de b\u00e4sta materialen och l\u00e5dor eller tr\u00e4l\u00e5dor med sj\u00e4lvh\u00e4ftande plast och band f\u00f6r b\u00e4ttre skydd under transporten. De ordnar transport p\u00e5 v\u00e4g, till sj\u00f6ss eller med flyg och hj\u00e4lper till med tullfr\u00e5gor.<\/p>\n<p>Webbplats: <a href=\"http:\/\/www.comca.com.sv\" target=\"_blank\" rel=\"noopener\">http:\/\/www.comca.com.sv<\/a><\/p>\n<h2><strong>2. Mudanzas Suarez<\/strong><\/h2>\n<p><img loading=\"lazy\" decoding=\"async\" class=\"alignnone size-full wp-image-5982\" src=\"https:\/\/moverdb.com\/wp-content\/uploads\/Mudanzas-Suarez-international-moving-company.png\" alt=\"Mudanzas Suarez internationell flyttfirma\" width=\"1440\" height=\"712\" data-wp-pid=\"5982\" srcset=\"https:\/\/moverdb.com\/wp-content\/uploads\/Mudanzas-Suarez-international-moving-company.png 1440w, https:\/\/moverdb.com\/wp-content\/uploads\/Mudanzas-Suarez-international-moving-company-300x148.png 300w, https:\/\/moverdb.com\/wp-content\/uploads\/Mudanzas-Suarez-international-moving-company-1024x506.png 1024w, https:\/\/moverdb.com\/wp-content\/uploads\/Mudanzas-Suarez-international-moving-company-18x9.png 18w, https:\/\/moverdb.com\/wp-content\/uploads\/Mudanzas-Suarez-international-moving-company-600x297.png 600w\" sizes=\"auto, (max-width: 1440px) 100vw, 1440px\" \/><\/p>\n<ul>\n<li>Nationella flyttningar<\/li>\n<li>Internationella flyttningar<\/li>\n<li>Flyttning av bost\u00e4der<\/li>\n<li>Aff\u00e4rsr\u00f6relser<\/li>\n<li>Personlig service<\/li>\n<li>D\u00f6rr-till-d\u00f6rr-tj\u00e4nster<\/li>\n<li>F\u00f6rpackningstj\u00e4nst<\/li>\n<li>Anpassade tr\u00e4l\u00e5dor<\/li>\n<li>Val av transportalternativ<\/li>\n<li>F\u00f6rvaringsutrymme med villkor<\/li>\n<\/ul>\n<p>Mudanzas Suarez \u00e4r ett logistik- och flyttf\u00f6retag som grundades 1958 i Antiguo Cuscatlan. De har ett brett n\u00e4tverk av internationella agenter som hj\u00e4lper dem att leverera flyttar \u00f6ver hela v\u00e4rlden. De \u00e4r medlemmar i IAM och har 54 \u00e5rs erfarenhet.<\/p>\n<p>Mudanzas Suarez erbjuder personlig service och skr\u00e4ddarsydda f\u00f6rpackningsl\u00f6sningar genom sitt eget snickeri som tillverkar skr\u00e4ddarsydda tr\u00e4l\u00e5dor. De erbjuder en f\u00f6rpackningstj\u00e4nst som skyddar dina tillh\u00f6righeter under transporten. De erbjuder ett urval av fraktalternativ, inklusive flygfrakt och sj\u00f6frakt, till exempel samlastning.<\/p>\n<p>Webbplats: <a href=\"http:\/\/suarez.com.sv\" target=\"_blank\" rel=\"noopener\">http:\/\/suarez.com.sv<\/a><\/p>\n<h2><strong>3. Mudisa El Salvador<\/strong><\/h2>\n<p><img loading=\"lazy\" decoding=\"async\" class=\"alignnone size-full wp-image-5983\" src=\"https:\/\/moverdb.com\/wp-content\/uploads\/Mudisa-international-moving-company.png\" alt=\"Mudisa internationellt flyttf\u00f6retag\" width=\"1440\" height=\"712\" data-wp-pid=\"5983\" srcset=\"https:\/\/moverdb.com\/wp-content\/uploads\/Mudisa-international-moving-company.png 1440w, https:\/\/moverdb.com\/wp-content\/uploads\/Mudisa-international-moving-company-300x148.png 300w, https:\/\/moverdb.com\/wp-content\/uploads\/Mudisa-international-moving-company-1024x506.png 1024w, https:\/\/moverdb.com\/wp-content\/uploads\/Mudisa-international-moving-company-18x9.png 18w, https:\/\/moverdb.com\/wp-content\/uploads\/Mudisa-international-moving-company-600x297.png 600w\" sizes=\"auto, (max-width: 1440px) 100vw, 1440px\" \/><\/p>\n<ul>\n<li>Nationella flyttningar<\/li>\n<li>Internationella flyttningar<\/li>\n<li>Hush\u00e5llsflyttar<\/li>\n<li>F\u00f6retagsflyttar<\/li>\n<li>Flyttj\u00e4nster<\/li>\n<li>Tj\u00e4nster fr\u00e5n d\u00f6rr till d\u00f6rr<\/li>\n<li>Packning, inklusive anpassade l\u00e5dor och l\u00e5dor<\/li>\n<li>Transport av konstverk<\/li>\n<li>Transport av fordon<\/li>\n<li>S\u00e4kra f\u00f6rvaringsutrymmen<\/li>\n<\/ul>\n<p>Mudisa \u00e4r ett flytt-, logistik- och styckegodsf\u00f6retag som grundades 1963 i San Salvador. De erbjuder en internationell d\u00f6rr-till-d\u00f6rr-tj\u00e4nst i samarbete med andra internationella flyttfirmor och har en egen fordonsflotta f\u00f6r nationella flyttningar. De \u00e4r medlemmar i IAM och har 45 \u00e5rs erfarenhet.<\/p>\n<p>Mudisa erbjuder flyttj\u00e4nster till hush\u00e5ll och f\u00f6retag. De tillhandah\u00e5ller tj\u00e4nster i dina befintliga och nya lokaler, t.ex. packning och uppackning, inklusive anpassade l\u00e5dor och l\u00e5dor. Deras flyttj\u00e4nster omfattar invandringsst\u00f6d, ankomsttj\u00e4nster, v\u00e4gledning om skolor, bostadss\u00f6kning och tj\u00e4nster f\u00f6r att bos\u00e4tta sig i landet.<\/p>\n<p>Webbplats: <a href=\"http:\/\/www.mudisa.com.sv\" target=\"_blank\" rel=\"noopener\">http:\/\/www.mudisa.com.sv<\/a><\/p>","protected":false},"excerpt":{"rendered":"<p>Are you planning on moving in El Salvador or to or from El Salvador? Then you may want to employ the services of a moving company to assist you and take some of the pressure off. Below we have compiled a list of El Salvador removal companies that are members of the International Association of [&hellip;]<\/p>\n","protected":false},"author":4,"featured_media":0,"parent":190,"menu_order":0,"comment_status":"closed","ping_status":"closed","template":"","meta":{"_genesis_hide_title":false,"_genesis_hide_breadcrumbs":false,"_genesis_hide_singular_image":false,"_genesis_hide_footer_widgets":false,"_genesis_custom_body_class":"","_genesis_custom_post_class":"","_genesis_layout":"","footnotes":""},"class_list":{"0":"post-6040","1":"page","2":"type-page","3":"status-publish","5":"entry","6":"has-post-thumbnail"},"_links":{"self":[{"href":"https:\/\/moverdb.com\/sv\/wp-json\/wp\/v2\/pages\/6040","targetHints":{"allow":["GET"]}}],"collection":[{"href":"https:\/\/moverdb.com\/sv\/wp-json\/wp\/v2\/pages"}],"about":[{"href":"https:\/\/moverdb.com\/sv\/wp-json\/wp\/v2\/types\/page"}],"author":[{"embeddable":true,"href":"https:\/\/moverdb.com\/sv\/wp-json\/wp\/v2\/users\/4"}],"replies":[{"embeddable":true,"href":"https:\/\/moverdb.com\/sv\/wp-json\/wp\/v2\/comments?post=6040"}],"version-history":[{"count":3,"href":"https:\/\/moverdb.com\/sv\/wp-json\/wp\/v2\/pages\/6040\/revisions"}],"predecessor-version":[{"id":6056,"href":"https:\/\/moverdb.com\/sv\/wp-json\/wp\/v2\/pages\/6040\/revisions\/6056"}],"up":[{"embeddable":true,"href":"https:\/\/moverdb.com\/sv\/wp-json\/wp\/v2\/pages\/190"}],"wp:attachment":[{"href":"https:\/\/moverdb.com\/sv\/wp-json\/wp\/v2\/media?parent=6040"}],"curies":[{"name":"wp","href":"https:\/\/api.w.org\/{rel}","templated":true}]}}