{"id":6034,"date":"2023-02-01T13:52:21","date_gmt":"2023-02-01T13:52:21","guid":{"rendered":"https:\/\/moverdb.com\/?page_id=6034"},"modified":"2026-01-08T15:29:54","modified_gmt":"2026-01-08T15:29:54","slug":"flyttfirmor-i-djibouti","status":"publish","type":"page","link":"https:\/\/moverdb.com\/sv\/moving-companies\/moving-companies-djibouti\/","title":{"rendered":"B\u00e4sta internationella flyttfirmor i Djibouti"},"content":{"rendered":"<p>Planerar du att flytta till Djibouti? Eller ska du flytta till eller fr\u00e5n Djibouti? D\u00e5 kanske du vill ha hj\u00e4lp med flytten, s\u00e4rskilt om du flyttar mellan l\u00e4nder eftersom pappersarbetet och transporterna kan vara komplicerade att navigera. Nedan har vi sammanst\u00e4llt en lista \u00f6ver Djibouti <a href=\"https:\/\/moverdb.com\/sv\/international-removals\/\" data-internallinksmanager029f6b8e52c=\"27\" title=\"36 b\u00e4sta internationella flyttfirmor i Storbritannien\">flyttfirmor<\/a> som \u00e4r medlemmar i <a href=\"https:\/\/moverdb.com\/sv\/iam\/\" data-internallinksmanager029f6b8e52c=\"23\" title=\"International Association of Movers (IAM) f\u00f6rklaras\">Internationella sammanslutningen av flyttfirmor<\/a> (IAM) och\/eller <a href=\"https:\/\/moverdb.com\/sv\/fidi-faim\/\" data-internallinksmanager029f6b8e52c=\"16\" title=\"FIDI &amp; FAIM (FIDI Accredited International Mover) f\u00f6rklaras\">FIDI<\/a> Accredited International Mover (FAIM) som kan hj\u00e4lpa dig.<\/p>\n<h2><strong>MTI Logistics<\/strong><\/h2>\n<p><img loading=\"lazy\" decoding=\"async\" class=\"alignnone size-full wp-image-5979\" src=\"https:\/\/moverdb.com\/wp-content\/uploads\/MTI-Logistics-international-moving-company.png\" alt=\"MTI Logistics internationell flyttfirma\" width=\"1440\" height=\"682\" data-wp-pid=\"5979\" srcset=\"https:\/\/moverdb.com\/wp-content\/uploads\/MTI-Logistics-international-moving-company.png 1440w, https:\/\/moverdb.com\/wp-content\/uploads\/MTI-Logistics-international-moving-company-300x142.png 300w, https:\/\/moverdb.com\/wp-content\/uploads\/MTI-Logistics-international-moving-company-1024x485.png 1024w, https:\/\/moverdb.com\/wp-content\/uploads\/MTI-Logistics-international-moving-company-18x9.png 18w, https:\/\/moverdb.com\/wp-content\/uploads\/MTI-Logistics-international-moving-company-600x284.png 600w\" sizes=\"auto, (max-width: 1440px) 100vw, 1440px\" \/><\/p>\n<ul>\n<li>Nationella flyttningar<\/li>\n<li>Internationella flyttar<\/li>\n<li>Omlokaliseringsavdelningen<\/li>\n<li>Aff\u00e4rsr\u00f6relser<\/li>\n<li>F\u00f6rpackningstj\u00e4nster<\/li>\n<li>Land-, sj\u00f6- och lufttransporter<\/li>\n<li>Konsolidering av s\u00e4ndningar<\/li>\n<li>Tullklarering<\/li>\n<li>Utbud av fordon i flottan<\/li>\n<li>F\u00f6rvaringsutrymmen<\/li>\n<\/ul>\n<p>MTI Logistics \u00e4r ett frakttransport- och logistikf\u00f6retag som erbjuder flyttj\u00e4nster under sitt varum\u00e4rke MTI Movers. De har en stor flotta av lastbilar och lyftutrustning f\u00f6r att st\u00f6dja sina transporter. De \u00e4r medlemmar i IAM med 15 \u00e5rs erfarenhet.<\/p>\n<p>MTI Logistics erbjuder flyttj\u00e4nster inom Djibouti och till och fr\u00e5n Djibouti. De tillhandah\u00e5ller v\u00e4g-, sj\u00f6- och flygtransporter med konsolidering av f\u00f6rs\u00e4ndelser och st\u00f6d vid tullklarering. De har specialiserat sig p\u00e5 f\u00f6retagsflyttar och kan hj\u00e4lpa till med packning och transport samt tillhandah\u00e5lla f\u00f6rvaringsutrymmen.<\/p>\n<p>Webbplats: <a href=\"http:\/\/www.mti-logistics.com\" target=\"_blank\" rel=\"noopener\">http:\/\/www.mti-logistics.com<\/a><\/p>","protected":false},"excerpt":{"rendered":"<p>Are you planning a move in Djibouti? Or moving to or from Djibouti? Then you may want some help with that move especially if you are moving between countries as the paperwork and transportation can be complex to navigate. Below we have compiled a list of Djibouti removal companies that are members of the International [&hellip;]<\/p>\n","protected":false},"author":4,"featured_media":0,"parent":190,"menu_order":0,"comment_status":"closed","ping_status":"closed","template":"","meta":{"_genesis_hide_title":false,"_genesis_hide_breadcrumbs":false,"_genesis_hide_singular_image":false,"_genesis_hide_footer_widgets":false,"_genesis_custom_body_class":"","_genesis_custom_post_class":"","_genesis_layout":"","footnotes":""},"class_list":{"0":"post-6034","1":"page","2":"type-page","3":"status-publish","5":"entry","6":"has-post-thumbnail"},"_links":{"self":[{"href":"https:\/\/moverdb.com\/sv\/wp-json\/wp\/v2\/pages\/6034","targetHints":{"allow":["GET"]}}],"collection":[{"href":"https:\/\/moverdb.com\/sv\/wp-json\/wp\/v2\/pages"}],"about":[{"href":"https:\/\/moverdb.com\/sv\/wp-json\/wp\/v2\/types\/page"}],"author":[{"embeddable":true,"href":"https:\/\/moverdb.com\/sv\/wp-json\/wp\/v2\/users\/4"}],"replies":[{"embeddable":true,"href":"https:\/\/moverdb.com\/sv\/wp-json\/wp\/v2\/comments?post=6034"}],"version-history":[{"count":1,"href":"https:\/\/moverdb.com\/sv\/wp-json\/wp\/v2\/pages\/6034\/revisions"}],"predecessor-version":[{"id":6035,"href":"https:\/\/moverdb.com\/sv\/wp-json\/wp\/v2\/pages\/6034\/revisions\/6035"}],"up":[{"embeddable":true,"href":"https:\/\/moverdb.com\/sv\/wp-json\/wp\/v2\/pages\/190"}],"wp:attachment":[{"href":"https:\/\/moverdb.com\/sv\/wp-json\/wp\/v2\/media?parent=6034"}],"curies":[{"name":"wp","href":"https:\/\/api.w.org\/{rel}","templated":true}]}}