{"id":6026,"date":"2023-02-01T13:47:16","date_gmt":"2023-02-01T13:47:16","guid":{"rendered":"https:\/\/moverdb.com\/?page_id=6026"},"modified":"2026-01-08T15:29:04","modified_gmt":"2026-01-08T15:29:04","slug":"flyttforetag-tjeckien","status":"publish","type":"page","link":"https:\/\/moverdb.com\/sv\/moving-companies\/moving-companies-czech-republic\/","title":{"rendered":"5 b\u00e4sta internationella flyttfirmor i Tjeckien"},"content":{"rendered":"<p>Att flytta kan vara en stressig tid, och d\u00e4rf\u00f6r s\u00f6ker m\u00e5nga m\u00e4nniskor hj\u00e4lp av en <a href=\"https:\/\/moverdb.com\/sv\/moving-companies\/\" data-internallinksmanager029f6b8e52c=\"79\" title=\"Topp 25 internationella flyttfirmor p\u00e5 n\u00e4tet\">flyttfirma<\/a> f\u00f6r att underl\u00e4tta b\u00f6rdan. Oavsett om du flyttar dig sj\u00e4lv eller ditt f\u00f6retag lokalt eller internationellt finns det ett f\u00f6retag som kan hj\u00e4lpa dig. Nedan har vi sammanst\u00e4llt en lista \u00f6ver <a href=\"https:\/\/moverdb.com\/sv\/moving-to-the-czech-republic\/\" data-internallinksmanager029f6b8e52c=\"391\" title=\"Flyttar du till Tjeckien? 2024 Levnadskostnader &amp; flytttips\">Tjeckien<\/a> <a href=\"https:\/\/moverdb.com\/sv\/international-removals\/\" data-internallinksmanager029f6b8e52c=\"27\" title=\"36 b\u00e4sta internationella flyttfirmor i Storbritannien\">flyttfirmor<\/a> som \u00e4r medlemmar i <a href=\"https:\/\/moverdb.com\/sv\/iam\/\" data-internallinksmanager029f6b8e52c=\"23\" title=\"International Association of Movers (IAM) f\u00f6rklaras\">Internationella sammanslutningen av flyttfirmor<\/a> (IAM) och\/eller <a href=\"https:\/\/moverdb.com\/sv\/fidi-faim\/\" data-internallinksmanager029f6b8e52c=\"16\" title=\"FIDI &amp; FAIM (FIDI Accredited International Mover) f\u00f6rklaras\">FIDI<\/a> Accredited International Mover (FAIM) som kan hj\u00e4lpa dig.<\/p>\n<div id=\"ez-toc-container\" class=\"ez-toc-v2_0_83 ez-toc-wrap-left counter-hierarchy ez-toc-counter ez-toc-transparent ez-toc-container-direction\">\n<div class=\"ez-toc-title-container\">\n<p class=\"ez-toc-title\" style=\"cursor:inherit\">Avsnitt<\/p>\n<span class=\"ez-toc-title-toggle\"><a href=\"#\" class=\"ez-toc-pull-right ez-toc-btn ez-toc-btn-xs ez-toc-btn-default ez-toc-toggle\" aria-label=\"V\u00e4xla till inneh\u00e5llsf\u00f6rteckning\"><span class=\"ez-toc-js-icon-con\"><span class=\"\"><span class=\"eztoc-hide\" style=\"display:none;\">V\u00e4xel<\/span><span class=\"ez-toc-icon-toggle-span\"><svg style=\"fill: #999;color:#999\" xmlns=\"http:\/\/www.w3.org\/2000\/svg\" class=\"list-377408\" width=\"20px\" height=\"20px\" viewbox=\"0 0 24 24\" fill=\"none\"><path d=\"M6 6H4v2h2V6zm14 0H8v2h12V6zM4 11h2v2H4v-2zm16 0H8v2h12v-2zM4 16h2v2H4v-2zm16 0H8v2h12v-2z\" fill=\"currentColor\"><\/path><\/svg><svg style=\"fill: #999;color:#999\" class=\"arrow-unsorted-368013\" xmlns=\"http:\/\/www.w3.org\/2000\/svg\" width=\"10px\" height=\"10px\" viewbox=\"0 0 24 24\" version=\"1.2\" baseprofile=\"tiny\"><path d=\"M18.2 9.3l-6.2-6.3-6.2 6.3c-.2.2-.3.4-.3.7s.1.5.3.7c.2.2.4.3.7.3h11c.3 0 .5-.1.7-.3.2-.2.3-.5.3-.7s-.1-.5-.3-.7zM5.8 14.7l6.2 6.3 6.2-6.3c.2-.2.3-.5.3-.7s-.1-.5-.3-.7c-.2-.2-.4-.3-.7-.3h-11c-.3 0-.5.1-.7.3-.2.2-.3.5-.3.7s.1.5.3.7z\"\/><\/svg><\/span><\/span><\/span><\/a><\/span><\/div>\n<nav><ul class='ez-toc-list ez-toc-list-level-1 eztoc-toggle-hide-by-default' ><li class='ez-toc-page-1 ez-toc-heading-level-2'><a class=\"ez-toc-link ez-toc-heading-1\" href=\"https:\/\/moverdb.com\/sv\/moving-companies\/moving-companies-czech-republic\/#1_Santa_Fe_Relocation\" >1. Flyttning i Santa Fe<\/a><\/li><li class='ez-toc-page-1 ez-toc-heading-level-2'><a class=\"ez-toc-link ez-toc-heading-2\" href=\"https:\/\/moverdb.com\/sv\/moving-companies\/moving-companies-czech-republic\/#2_Voerman_International\" >2. Voerman International<\/a><\/li><li class='ez-toc-page-1 ez-toc-heading-level-2'><a class=\"ez-toc-link ez-toc-heading-3\" href=\"https:\/\/moverdb.com\/sv\/moving-companies\/moving-companies-czech-republic\/#3_Gosselin\" >3. Gosselin<\/a><\/li><li class='ez-toc-page-1 ez-toc-heading-level-2'><a class=\"ez-toc-link ez-toc-heading-4\" href=\"https:\/\/moverdb.com\/sv\/moving-companies\/moving-companies-czech-republic\/#4_KAE_International_Movers\" >4. KAE International Movers<\/a><\/li><li class='ez-toc-page-1 ez-toc-heading-level-2'><a class=\"ez-toc-link ez-toc-heading-5\" href=\"https:\/\/moverdb.com\/sv\/moving-companies\/moving-companies-czech-republic\/#5_Fenix_Shipping\" >5. Fenix Shipping<\/a><\/li><li class='ez-toc-page-1 ez-toc-heading-level-2'><a class=\"ez-toc-link ez-toc-heading-6\" href=\"https:\/\/moverdb.com\/sv\/moving-companies\/moving-companies-czech-republic\/#Other_Useful_Guides_to_the_Czech_Republic\" >Andra anv\u00e4ndbara guider till Tjeckien<\/a><\/li><\/ul><\/nav><\/div>\n<h2><span class=\"ez-toc-section\" id=\"1_Santa_Fe_Relocation\"><\/span><strong>1. Flyttning i Santa Fe<\/strong><span class=\"ez-toc-section-end\"><\/span><\/h2>\n<p><img loading=\"lazy\" decoding=\"async\" class=\"alignnone size-full wp-image-6030\" src=\"https:\/\/moverdb.com\/wp-content\/uploads\/Santa-Fe-Relocation-Prague-international-moving-company.png\" alt=\"Santa Fe Relocation Prague internationell flyttfirma\" width=\"1440\" height=\"683\" data-wp-pid=\"6030\" srcset=\"https:\/\/moverdb.com\/wp-content\/uploads\/Santa-Fe-Relocation-Prague-international-moving-company.png 1440w, https:\/\/moverdb.com\/wp-content\/uploads\/Santa-Fe-Relocation-Prague-international-moving-company-300x142.png 300w, https:\/\/moverdb.com\/wp-content\/uploads\/Santa-Fe-Relocation-Prague-international-moving-company-1024x486.png 1024w, https:\/\/moverdb.com\/wp-content\/uploads\/Santa-Fe-Relocation-Prague-international-moving-company-18x9.png 18w, https:\/\/moverdb.com\/wp-content\/uploads\/Santa-Fe-Relocation-Prague-international-moving-company-600x285.png 600w\" sizes=\"auto, (max-width: 1440px) 100vw, 1440px\" \/><\/p>\n<ul>\n<li>Lokala flyttningar<\/li>\n<li>Internationella flyttar<\/li>\n<li>Hush\u00e5llsflyttar<\/li>\n<li>Flyttning av f\u00f6retag<\/li>\n<li>F\u00f6rpackningstj\u00e4nst med h\u00f6gkvalitativt material<\/li>\n<li>Transport p\u00e5 land, i luften eller till sj\u00f6ss<\/li>\n<li>Tullklarering<\/li>\n<li>St\u00f6d till visering och invandring<\/li>\n<li>Transport av husdjur och fordon<\/li>\n<li>Kort- till l\u00e5ngtidsf\u00f6rvaring<\/li>\n<\/ul>\n<p>Santa Fe Relocation \u00e4r ett internationellt flyttf\u00f6retag med kontor i viktiga l\u00e4nder. De \u00f6ppnade sitt kontor i Prag 1992 och erbjuder b\u00e5de bostads- och f\u00f6retagsflyttar. De \u00e4r medlemmar i IAM med 30 \u00e5rs erfarenhet och \u00e4r ackrediterade av FIDI.<\/p>\n<p>Santa Fe Relocation erbjuder en konsultation p\u00e5 plats f\u00f6re flytten f\u00f6r att bed\u00f6ma dina behov. De tillhandah\u00e5ller en professionell packningstj\u00e4nst som inkluderar katalogisering av allt och anv\u00e4ndning av b\u00e4sta f\u00f6rpackningsmaterial och tekniker. De ordnar transport p\u00e5 land, i luften eller till sj\u00f6ss med tullklarering. De erbjuder ytterligare tj\u00e4nster som f\u00f6rs\u00e4kring, f\u00f6rvaring, hem- och skols\u00f6kning, inflyttning, transport av husdjur och fordon.<\/p>\n<p>Webbplats: <a href=\"https:\/\/www.santaferelo.com\/en\/contact\/our-offices\/czech-republic-prague\/\" target=\"_blank\" rel=\"noopener\">https:\/\/www.santaferelo.com\/en\/contact\/our-offices\/czech-republic-prague\/<\/a><\/p>\n<h2><span class=\"ez-toc-section\" id=\"2_Voerman_International\"><\/span><strong>2. Voerman International<\/strong><span class=\"ez-toc-section-end\"><\/span><\/h2>\n<p><img loading=\"lazy\" decoding=\"async\" class=\"alignnone size-full wp-image-6011\" src=\"https:\/\/moverdb.com\/wp-content\/uploads\/Voerman-international-moving-company.png\" alt=\"Voerman internationell flyttfirma\" width=\"1440\" height=\"683\" data-wp-pid=\"6011\" srcset=\"https:\/\/moverdb.com\/wp-content\/uploads\/Voerman-international-moving-company.png 1440w, https:\/\/moverdb.com\/wp-content\/uploads\/Voerman-international-moving-company-300x142.png 300w, https:\/\/moverdb.com\/wp-content\/uploads\/Voerman-international-moving-company-1024x486.png 1024w, https:\/\/moverdb.com\/wp-content\/uploads\/Voerman-international-moving-company-18x9.png 18w, https:\/\/moverdb.com\/wp-content\/uploads\/Voerman-international-moving-company-600x285.png 600w\" sizes=\"auto, (max-width: 1440px) 100vw, 1440px\" \/><\/p>\n<ul>\n<li>Nationella flyttningar<\/li>\n<li>Internationella flyttar<\/li>\n<li>Flyttj\u00e4nster<\/li>\n<li>Bist\u00e5nd till invandring och visering<\/li>\n<li>Hj\u00e4lp med att hitta ett hem och en skola<\/li>\n<li>Transport av fordon<\/li>\n<li>Flyttning av husdjur<\/li>\n<li>F\u00f6rs\u00e4kring<\/li>\n<li>Kort- till l\u00e5ngtidsf\u00f6rvaring<\/li>\n<li>H\u00e5llbara flyttar fr\u00e5n februari 2023<\/li>\n<\/ul>\n<p>Voerman International \u00e4r ett flytt- och flyttf\u00f6retag som har varit verksamt sedan 1986 och har kontor i <a href=\"https:\/\/moverdb.com\/sv\/moving-to-the-netherlands\/\" data-internallinksmanager029f6b8e52c=\"328\" title=\"Flyttar du till Nederl\u00e4nderna? 2026 Levnadskostnader och flyttningstips\">Nederl\u00e4nderna<\/a>, Ryssland, Tjeckien och <a href=\"https:\/\/moverdb.com\/sv\/moving-to-poland\/\" data-internallinksmanager029f6b8e52c=\"378\" title=\"Flyttar du till Polen? 2026 Levnadskostnader &amp; tips om flytt\">Polen<\/a>. De samarbetar med andra internationella flyttbyr\u00e5er f\u00f6r att tillhandah\u00e5lla tj\u00e4nster \u00f6ver hela v\u00e4rlden. De \u00e4r medlemmar i IAM med 26 \u00e5rs erfarenhet, medlemmar i IAM och i <a href=\"https:\/\/moverdb.com\/sv\/harmony-relocation-network\/\" data-internallinksmanager029f6b8e52c=\"20\" title=\"F\u00f6rklaring av Harmony Relocation Network (HRN)\">Harmony Relocation Network<\/a> och \u00e4r ackrediterade av FIDI.<\/p>\n<p>Voerman International erbjuder en omfattande service som omfattar tj\u00e4nster f\u00f6re och efter resan, t.ex. avresetj\u00e4nster, pappersarbete, invandring och hj\u00e4lp med visum. De erbjuder ocks\u00e5 tj\u00e4nster f\u00f6r att anpassa sig, hj\u00e4lp med att hitta ett hem och en skola, hantverkstj\u00e4nster samt kultur- och spr\u00e5ktr\u00e4ning.<\/p>\n<p>Webbplats: <a href=\"https:\/\/www.voerman.com\/\" target=\"_blank\" rel=\"noopener\">https:\/\/www.voerman.com\/<\/a><\/p>\n<h2><span class=\"ez-toc-section\" id=\"3_Gosselin\"><\/span><strong>3. Gosselin<\/strong><span class=\"ez-toc-section-end\"><\/span><\/h2>\n<p><img loading=\"lazy\" decoding=\"async\" class=\"alignnone size-full wp-image-5954\" src=\"https:\/\/moverdb.com\/wp-content\/uploads\/Gosselin-Czech-Republic-international-moving-company.png\" alt=\"Gosselin Tjeckien internationell flyttfirma\" width=\"1440\" height=\"682\" data-wp-pid=\"5954\" srcset=\"https:\/\/moverdb.com\/wp-content\/uploads\/Gosselin-Czech-Republic-international-moving-company.png 1440w, https:\/\/moverdb.com\/wp-content\/uploads\/Gosselin-Czech-Republic-international-moving-company-300x142.png 300w, https:\/\/moverdb.com\/wp-content\/uploads\/Gosselin-Czech-Republic-international-moving-company-1024x485.png 1024w, https:\/\/moverdb.com\/wp-content\/uploads\/Gosselin-Czech-Republic-international-moving-company-18x9.png 18w, https:\/\/moverdb.com\/wp-content\/uploads\/Gosselin-Czech-Republic-international-moving-company-600x284.png 600w\" sizes=\"auto, (max-width: 1440px) 100vw, 1440px\" \/><\/p>\n<ul>\n<li>Internationella flyttar<\/li>\n<li>Flyttj\u00e4nster<\/li>\n<li>Hush\u00e5llsflyttar<\/li>\n<li>Flyttning av kontor<\/li>\n<li>F\u00f6rpackningstj\u00e4nst med hj\u00e4lp av f\u00f6rstklassiga material<\/li>\n<li>Land- eller sj\u00f6transporter<\/li>\n<li>Transport av konstverk<\/li>\n<li>Flyttning av husdjur<\/li>\n<li>Transport av fordon<\/li>\n<li>F\u00f6rvaringsutrymmen<\/li>\n<\/ul>\n<p>Gosselin \u00e4r en internationell flyttfirma med kontor \u00f6ver hela Europa, bland annat i Prag, som grundades 1992. De har ocks\u00e5 ett partnerskapsn\u00e4tverk \u00f6ver hela v\u00e4rlden f\u00f6r att leverera internationella flyttar. De \u00e4r medlemmar i IAM och har 30 \u00e5rs erfarenhet.<\/p>\n<p>Gosselin erbjuder en erfaren flytttj\u00e4nst som kan flytta hush\u00e5llsartiklar, kontor, motorfordon, husdjur och konstverk till och fr\u00e5n Tjeckien. De kommer att packa dina tillh\u00f6righeter p\u00e5 ett h\u00f6gklassigt s\u00e4tt med hj\u00e4lp av f\u00f6rstklassigt f\u00f6rpackningsmaterial. De ordnar transport p\u00e5 land eller till sj\u00f6ss till din destination. De erbjuder tj\u00e4nster till privatpersoner, f\u00f6retag, diplomater och ambassader.<\/p>\n<p>Webbplats: <a href=\"https:\/\/gosselin-moving.com\/en\/czech-republic\" target=\"_blank\" rel=\"noopener\">https:\/\/gosselin-moving.com\/en\/czech-republic<\/a><\/p>\n<h2><span class=\"ez-toc-section\" id=\"4_KAE_International_Movers\"><\/span><strong>4. KAE International Movers<\/strong><span class=\"ez-toc-section-end\"><\/span><\/h2>\n<p><img loading=\"lazy\" decoding=\"async\" class=\"alignnone size-full wp-image-6028\" src=\"https:\/\/moverdb.com\/wp-content\/uploads\/KAE-International-Movers-international-moving-company.png\" alt=\"KAE International Movers internationell flyttfirma\" width=\"1440\" height=\"681\" data-wp-pid=\"6028\" srcset=\"https:\/\/moverdb.com\/wp-content\/uploads\/KAE-International-Movers-international-moving-company.png 1440w, https:\/\/moverdb.com\/wp-content\/uploads\/KAE-International-Movers-international-moving-company-300x142.png 300w, https:\/\/moverdb.com\/wp-content\/uploads\/KAE-International-Movers-international-moving-company-1024x484.png 1024w, https:\/\/moverdb.com\/wp-content\/uploads\/KAE-International-Movers-international-moving-company-18x9.png 18w, https:\/\/moverdb.com\/wp-content\/uploads\/KAE-International-Movers-international-moving-company-600x284.png 600w\" sizes=\"auto, (max-width: 1440px) 100vw, 1440px\" \/><\/p>\n<ul>\n<li>Nationella flyttningar<\/li>\n<li>Internationella flyttar<\/li>\n<li>Hush\u00e5llsflyttar<\/li>\n<li>Flyttning av kontor<\/li>\n<li>F\u00f6rpackningstj\u00e4nster<\/li>\n<li>Tullst\u00f6d<\/li>\n<li>F\u00f6rs\u00e4kring<\/li>\n<li>Transport av konstverk<\/li>\n<li>Transport av fordon<\/li>\n<li>F\u00f6rvaringsl\u00f6sningar<\/li>\n<\/ul>\n<p>KAE International Movers \u00e4r en leverant\u00f6r av flytt- och flyttj\u00e4nster med kontor i Tjeckien och <a href=\"https:\/\/moverdb.com\/sv\/moving-to-greece\/\" data-internallinksmanager029f6b8e52c=\"353\" title=\"Flytta till Grekland? 2026 Levnadskostnader och tips om flytt\">Grekland<\/a>. De samarbetar med internationella flyttfirmor f\u00f6r att leverera sina tj\u00e4nster \u00f6ver hela v\u00e4rlden. De \u00e4r medlemmar i IAM med 8 \u00e5rs erfarenhet.<\/p>\n<p>KAE International Movers erbjuder en inledande unders\u00f6kning f\u00f6r att bed\u00f6ma dina flyttbehov och g\u00f6ra en offert. De erbjuder en professionell f\u00f6rpackningstj\u00e4nst f\u00f6r hem och kontor som skyddar och m\u00e4rker dem f\u00f6r transport p\u00e5 land, i luften eller till sj\u00f6ss. De hj\u00e4lper dig med tullklarering och dokument. De erbjuder \u00e4ven specialiserade transporttj\u00e4nster f\u00f6r konst och fordon.<\/p>\n<p>Webbplats: <a href=\"http:\/\/www.kaeintlmovers.com\" target=\"_blank\" rel=\"noopener\">http:\/\/www.kaeintlmovers.com<\/a><\/p>\n<h2><span class=\"ez-toc-section\" id=\"5_Fenix_Shipping\"><\/span><strong>5. Fenix Shipping<\/strong><span class=\"ez-toc-section-end\"><\/span><\/h2>\n<p><img loading=\"lazy\" decoding=\"async\" class=\"alignnone size-full wp-image-6027\" src=\"https:\/\/moverdb.com\/wp-content\/uploads\/Fenix-Shipping-international-moving-company.png\" alt=\"Fenix Shipping internationell flyttfirma\" width=\"1440\" height=\"683\" data-wp-pid=\"6027\" srcset=\"https:\/\/moverdb.com\/wp-content\/uploads\/Fenix-Shipping-international-moving-company.png 1440w, https:\/\/moverdb.com\/wp-content\/uploads\/Fenix-Shipping-international-moving-company-300x142.png 300w, https:\/\/moverdb.com\/wp-content\/uploads\/Fenix-Shipping-international-moving-company-1024x486.png 1024w, https:\/\/moverdb.com\/wp-content\/uploads\/Fenix-Shipping-international-moving-company-18x9.png 18w, https:\/\/moverdb.com\/wp-content\/uploads\/Fenix-Shipping-international-moving-company-600x285.png 600w\" sizes=\"auto, (max-width: 1440px) 100vw, 1440px\" \/><\/p>\n<ul>\n<li>Nationella flyttningar<\/li>\n<li>Internationella flyttar<\/li>\n<li>Flyttj\u00e4nster<\/li>\n<li>Hush\u00e5llsflyttar<\/li>\n<li>F\u00f6rpackningstj\u00e4nst<\/li>\n<li>V\u00e4g, hav och flyg<\/li>\n<li>Tullst\u00f6d<\/li>\n<li>Reng\u00f6ringstj\u00e4nster<\/li>\n<li>Transport av s\u00e4llskapsdjur<\/li>\n<li>Kort- till l\u00e5ngtidsf\u00f6rvaring<\/li>\n<\/ul>\n<p>Fenix Shipping \u00e4r en internationell flyttfirma med s\u00e4te i Prag som erbjuder flyttj\u00e4nster inom Tjeckien och till och fr\u00e5n Tjeckien. De samarbetar med partners fr\u00e5n hela v\u00e4rlden f\u00f6r att erbjuda sina internationella tj\u00e4nster. De \u00e4r medlemmar i IAM med 7 \u00e5rs erfarenhet.<\/p>\n<p>Fenix Shipping erbjuder en komplett flytttj\u00e4nst som inkluderar f\u00f6rpackningstj\u00e4nster f\u00f6r att skydda dina tillh\u00f6righeter och lastar dina tillh\u00f6righeter och ordnar transport p\u00e5 land, till sj\u00f6ss eller med flyg. De ordnar \u00e4ven tulltj\u00e4nster och dokument f\u00f6r att st\u00f6dja din flytt. Deras flyttj\u00e4nster hj\u00e4lper \u00e4ven till med st\u00e4dning och biluthyrning.<\/p>\n<p>Webbplats: <a href=\"http:\/\/www.fenixshipping.cz\" target=\"_blank\" rel=\"noopener\">http:\/\/www.fenixshipping.cz<\/a><\/p>\n<h2><span class=\"ez-toc-section\" id=\"Other_Useful_Guides_to_the_Czech_Republic\"><\/span>Andra anv\u00e4ndbara guider till Tjeckien<span class=\"ez-toc-section-end\"><\/span><\/h2>\n<ul>\n<li> <a href=\"https:\/\/moverdb.com\/sv\/moving-to-the-czech-republic\/\">Flyttar du till Tjeckien? 2024 Levnadskostnader &amp; flytttips<\/a><\/li>\n<li> <a href=\"https:\/\/moverdb.com\/sv\/moving-to-the-czech-republic\/best-places-to-live-in-czech-republic\/\">12 b\u00e4sta platserna att bo i Tjeckien<\/a><\/li>\n<li> <a href=\"https:\/\/moverdb.com\/sv\/?page_id=9648&#038;preview=true\">21 hemligheter om att bo i Tjeckien att veta innan du flyttar<\/a><\/li>\n<li> <a href=\"https:\/\/moverdb.com\/sv\/container-transport\/tjeckien\/\">2024 Sj\u00f6frakt Containerfraktpriser till och fr\u00e5n Tjeckien<\/a><\/li>\n<\/ul>","protected":false},"excerpt":{"rendered":"<p>Moving can be a stressful time which is why many people seek the assistance of a moving company to help ease the burden. Whether you are moving yourself or your business locally or internationally, there is a company that can help. Below we have compiled a list of Czech Republic removal companies that are members [&hellip;]<\/p>\n","protected":false},"author":4,"featured_media":0,"parent":190,"menu_order":0,"comment_status":"closed","ping_status":"closed","template":"","meta":{"_genesis_hide_title":false,"_genesis_hide_breadcrumbs":false,"_genesis_hide_singular_image":false,"_genesis_hide_footer_widgets":false,"_genesis_custom_body_class":"","_genesis_custom_post_class":"","_genesis_layout":"","footnotes":""},"class_list":{"0":"post-6026","1":"page","2":"type-page","3":"status-publish","5":"entry","6":"has-post-thumbnail"},"_links":{"self":[{"href":"https:\/\/moverdb.com\/sv\/wp-json\/wp\/v2\/pages\/6026","targetHints":{"allow":["GET"]}}],"collection":[{"href":"https:\/\/moverdb.com\/sv\/wp-json\/wp\/v2\/pages"}],"about":[{"href":"https:\/\/moverdb.com\/sv\/wp-json\/wp\/v2\/types\/page"}],"author":[{"embeddable":true,"href":"https:\/\/moverdb.com\/sv\/wp-json\/wp\/v2\/users\/4"}],"replies":[{"embeddable":true,"href":"https:\/\/moverdb.com\/sv\/wp-json\/wp\/v2\/comments?post=6026"}],"version-history":[{"count":4,"href":"https:\/\/moverdb.com\/sv\/wp-json\/wp\/v2\/pages\/6026\/revisions"}],"predecessor-version":[{"id":16359,"href":"https:\/\/moverdb.com\/sv\/wp-json\/wp\/v2\/pages\/6026\/revisions\/16359"}],"up":[{"embeddable":true,"href":"https:\/\/moverdb.com\/sv\/wp-json\/wp\/v2\/pages\/190"}],"wp:attachment":[{"href":"https:\/\/moverdb.com\/sv\/wp-json\/wp\/v2\/media?parent=6026"}],"curies":[{"name":"wp","href":"https:\/\/api.w.org\/{rel}","templated":true}]}}