{"id":6024,"date":"2023-02-01T12:30:48","date_gmt":"2023-02-01T12:30:48","guid":{"rendered":"https:\/\/moverdb.com\/?page_id=6024"},"modified":"2026-01-08T15:23:41","modified_gmt":"2026-01-08T15:23:41","slug":"flyttfirmor-pa-cypern","status":"publish","type":"page","link":"https:\/\/moverdb.com\/sv\/moving-companies\/moving-companies-in-cyprus\/","title":{"rendered":"2 b\u00e4sta internationella flyttfirmor p\u00e5 Cypern"},"content":{"rendered":"<p>Om du ska flytta hemifr\u00e5n i <a href=\"https:\/\/moverdb.com\/sv\/moving-to-cyprus\/\" data-internallinksmanager029f6b8e52c=\"377\" title=\"Flytta till Cypern? 2026 Levnadskostnader &amp; Flytttips\">Cypern<\/a>eller flyttar till eller fr\u00e5n Cypern kanske du vill ha lite hj\u00e4lp med din flytt fr\u00e5n en flytt- eller <a href=\"https:\/\/moverdb.com\/sv\/relocation-agents\/\" data-internallinksmanager029f6b8e52c=\"1\" title=\"7 anledningar till varf\u00f6r du b\u00f6r anv\u00e4nda en flyttfirma?\">Flyttningsagent<\/a> som kan ta bort en del av stressen. Nedan har vi sammanst\u00e4llt en lista \u00f6ver Cypern <a href=\"https:\/\/moverdb.com\/sv\/international-removals\/\" data-internallinksmanager029f6b8e52c=\"27\" title=\"36 b\u00e4sta internationella flyttfirmor i Storbritannien\">flyttfirmor<\/a> som \u00e4r medlemmar i <a href=\"https:\/\/moverdb.com\/sv\/iam\/\" data-internallinksmanager029f6b8e52c=\"23\" title=\"International Association of Movers (IAM) f\u00f6rklaras\">Internationella sammanslutningen av flyttfirmor<\/a> (IAM) och\/eller <a href=\"https:\/\/moverdb.com\/sv\/fidi-faim\/\" data-internallinksmanager029f6b8e52c=\"16\" title=\"FIDI &amp; FAIM (FIDI Accredited International Mover) f\u00f6rklaras\">FIDI<\/a> Accredited International Mover (FAIM) som kan hj\u00e4lpa dig.<\/p>\n<h2><strong>1. Columbia Worldwide Movers<\/strong><\/h2>\n<p><img loading=\"lazy\" decoding=\"async\" class=\"alignnone size-full wp-image-5936\" src=\"https:\/\/moverdb.com\/wp-content\/uploads\/Columbia-Worldwide-Movers-international-moving-company.png\" alt=\"Columbia Worldwide Movers internationell flyttfirma\" width=\"1440\" height=\"682\" data-wp-pid=\"5936\" srcset=\"https:\/\/moverdb.com\/wp-content\/uploads\/Columbia-Worldwide-Movers-international-moving-company.png 1440w, https:\/\/moverdb.com\/wp-content\/uploads\/Columbia-Worldwide-Movers-international-moving-company-300x142.png 300w, https:\/\/moverdb.com\/wp-content\/uploads\/Columbia-Worldwide-Movers-international-moving-company-1024x485.png 1024w, https:\/\/moverdb.com\/wp-content\/uploads\/Columbia-Worldwide-Movers-international-moving-company-18x9.png 18w, https:\/\/moverdb.com\/wp-content\/uploads\/Columbia-Worldwide-Movers-international-moving-company-600x284.png 600w\" sizes=\"auto, (max-width: 1440px) 100vw, 1440px\" \/><\/p>\n<ul>\n<li>Nationella flyttningar<\/li>\n<li>Internationella flyttar<\/li>\n<li>Flyttj\u00e4nster<\/li>\n<li>Hush\u00e5llsflyttar<\/li>\n<li>Aff\u00e4rsr\u00f6relser<\/li>\n<li>F\u00f6rpackningstj\u00e4nster<\/li>\n<li>Land, hav och luft<\/li>\n<li>Transport av s\u00e4llskapsdjur<\/li>\n<li><a href=\"https:\/\/moverdb.com\/sv\/car-transport-shipping\/\" data-internallinksmanager029f6b8e52c=\"2\" title=\"2026 Internationella offerter f\u00f6r biltransport och fordonsfrakt\">Transport av fordon<\/a><\/li>\n<li>F\u00f6rvaringsutrymmen<\/li>\n<\/ul>\n<p>Columbia Worldwide Movers grundades 1994 som en leverant\u00f6r av flytt- och lagringstj\u00e4nster. De erbjuder nationella och internationella flyttj\u00e4nster f\u00f6r hush\u00e5ll och f\u00f6retag. De levererar sina internationella flyttar i samarbete med betrodda flyttfirmor i andra l\u00e4nder. De \u00e4r medlemmar i IAM med 28 \u00e5rs erfarenhet och \u00e4r ackrediterade av FIDI.<\/p>\n<p>Columbia Worldwide Movers erbjuder skr\u00e4ddarsydda flyttl\u00f6sningar med en d\u00f6rr-till-d\u00f6rr-tj\u00e4nst som inkluderar att organisera packning av dina \u00e4godelar och ordna transport p\u00e5 land, till sj\u00f6ss eller i luften med tullklarering. De erbjuder \u00e4ven specialiserade transporttj\u00e4nster f\u00f6r husdjur och fordon.<\/p>\n<p>Webbplats: <a href=\"http:\/\/www.columbiamovers.com\" target=\"_blank\" rel=\"noopener\">http:\/\/www.columbiamovers.com<\/a><\/p>\n<h2><strong>2. Orbit Moving and Storage<\/strong><\/h2>\n<p><img loading=\"lazy\" decoding=\"async\" class=\"alignnone size-full wp-image-5988\" src=\"https:\/\/moverdb.com\/wp-content\/uploads\/Orbit-Moving-and-Storage-international-moving-company.png\" alt=\"Orbit Moving and Storage internationell flyttfirma\" width=\"1440\" height=\"679\" data-wp-pid=\"5988\" srcset=\"https:\/\/moverdb.com\/wp-content\/uploads\/Orbit-Moving-and-Storage-international-moving-company.png 1440w, https:\/\/moverdb.com\/wp-content\/uploads\/Orbit-Moving-and-Storage-international-moving-company-300x141.png 300w, https:\/\/moverdb.com\/wp-content\/uploads\/Orbit-Moving-and-Storage-international-moving-company-1024x483.png 1024w, https:\/\/moverdb.com\/wp-content\/uploads\/Orbit-Moving-and-Storage-international-moving-company-18x8.png 18w, https:\/\/moverdb.com\/wp-content\/uploads\/Orbit-Moving-and-Storage-international-moving-company-600x283.png 600w\" sizes=\"auto, (max-width: 1440px) 100vw, 1440px\" \/><\/p>\n<ul>\n<li>Lokala flyttningar<\/li>\n<li>Internationella flyttar<\/li>\n<li>Flyttj\u00e4nster<\/li>\n<li>Flyttning av bost\u00e4der<\/li>\n<li>Flyttning av kontor<\/li>\n<li>F\u00f6rpackningstj\u00e4nster<\/li>\n<li>Transport av konstverk<\/li>\n<li>Sj\u00f6transport av s\u00e4llskapsdjur<\/li>\n<li>Transport av fordon<\/li>\n<li>Lagringstj\u00e4nster<\/li>\n<\/ul>\n<p>Orbit Moving and Storage \u00e4r ett internationellt flytt- och lagringsf\u00f6retag som har varit verksamt sedan 1982. De \u00e4r en del av Orphee Beingoglou Group of companies som \u00e4r en transport- och logistikleverant\u00f6r. De har ett v\u00e4rldsomsp\u00e4nnande n\u00e4tverk av flyttfirmor som hj\u00e4lper till med internationella flyttar. De \u00e4r medlemmar i IAM med 40 \u00e5rs erfarenhet och \u00e4r ackrediterade av FIDI.<\/p>\n<p>Orbit Moving and Storage erbjuder flyttj\u00e4nster f\u00f6r privatpersoner och f\u00f6retag som levereras med hj\u00e4lp av den senaste tekniken och det senaste f\u00f6rpackningsmaterialet. De erbjuder en professionell f\u00f6rpackningstj\u00e4nst och organiserar transporten av dina tillh\u00f6righeter, inklusive en specialiserad tj\u00e4nst f\u00f6r konst, husdjur och fordon.<\/p>\n<p>Webbplats: <a href=\"http:\/\/www.orbitcy.com\/\" target=\"_blank\" rel=\"noopener\">http:\/\/www.orbitcy.com\/<\/a><\/p>\n<p>Se \u00e4ven:<\/p>\n<ul>\n<li> <a href=\"https:\/\/moverdb.com\/sv\/moving-to-cyprus\/living-in-cyprus\/\">20 hemligheter om att bo p\u00e5 Cypern att veta innan du flyttar<\/a><\/li>\n<li> <a href=\"https:\/\/moverdb.com\/sv\/moving-to-cyprus\/\">Flytta till Cypern? Levnadskostnader och tips om flytt<\/a><\/li>\n<li> <a href=\"https:\/\/moverdb.com\/sv\/container-transport\/cypern\/\">Priser f\u00f6r containerfrakt till och fr\u00e5n Cypern<\/a><\/li>\n<\/ul>","protected":false},"excerpt":{"rendered":"<p>If you are moving home in Cyprus, or moving to or from Cyprus you might want some help with your move from a moving or relocation agent that can take away some of the stress. Below we have compiled a list of Cyprus removal companies that are members of the International Association of Movers (IAM) [&hellip;]<\/p>\n","protected":false},"author":4,"featured_media":0,"parent":190,"menu_order":0,"comment_status":"closed","ping_status":"closed","template":"","meta":{"_genesis_hide_title":false,"_genesis_hide_breadcrumbs":false,"_genesis_hide_singular_image":false,"_genesis_hide_footer_widgets":false,"_genesis_custom_body_class":"","_genesis_custom_post_class":"","_genesis_layout":"","footnotes":""},"class_list":{"0":"post-6024","1":"page","2":"type-page","3":"status-publish","5":"entry","6":"has-post-thumbnail"},"_links":{"self":[{"href":"https:\/\/moverdb.com\/sv\/wp-json\/wp\/v2\/pages\/6024","targetHints":{"allow":["GET"]}}],"collection":[{"href":"https:\/\/moverdb.com\/sv\/wp-json\/wp\/v2\/pages"}],"about":[{"href":"https:\/\/moverdb.com\/sv\/wp-json\/wp\/v2\/types\/page"}],"author":[{"embeddable":true,"href":"https:\/\/moverdb.com\/sv\/wp-json\/wp\/v2\/users\/4"}],"replies":[{"embeddable":true,"href":"https:\/\/moverdb.com\/sv\/wp-json\/wp\/v2\/comments?post=6024"}],"version-history":[{"count":4,"href":"https:\/\/moverdb.com\/sv\/wp-json\/wp\/v2\/pages\/6024\/revisions"}],"predecessor-version":[{"id":15035,"href":"https:\/\/moverdb.com\/sv\/wp-json\/wp\/v2\/pages\/6024\/revisions\/15035"}],"up":[{"embeddable":true,"href":"https:\/\/moverdb.com\/sv\/wp-json\/wp\/v2\/pages\/190"}],"wp:attachment":[{"href":"https:\/\/moverdb.com\/sv\/wp-json\/wp\/v2\/media?parent=6024"}],"curies":[{"name":"wp","href":"https:\/\/api.w.org\/{rel}","templated":true}]}}