{"id":6022,"date":"2023-02-01T12:31:45","date_gmt":"2023-02-01T12:31:45","guid":{"rendered":"https:\/\/moverdb.com\/?page_id=6022"},"modified":"2026-01-08T15:23:40","modified_gmt":"2026-01-08T15:23:40","slug":"flyttfirmor-curacao","status":"publish","type":"page","link":"https:\/\/moverdb.com\/sv\/moving-companies\/moving-companies-curacao\/","title":{"rendered":"2 b\u00e4sta internationella flyttfirmor i Curacao"},"content":{"rendered":"<p>Att flytta hem eller till kontoret kan vara stressigt och tidskr\u00e4vande, s\u00e5 att f\u00e5 lite st\u00f6d fr\u00e5n en flyttfirma kan hj\u00e4lpa till att underl\u00e4tta din b\u00f6rda och du kan dra nytta av deras erfarenhet. Nedan har vi listat <a href=\"https:\/\/moverdb.com\/sv\/moving-to-curacao\/\" data-internallinksmanager029f6b8e52c=\"429\" title=\"Flyttar du till Cura\u00e7ao? 2026 Levnadskostnader och tips om flyttning\">Curacao<\/a> <a href=\"https:\/\/moverdb.com\/sv\/international-removals\/\" data-internallinksmanager029f6b8e52c=\"27\" title=\"36 b\u00e4sta internationella flyttfirmor i Storbritannien\">flyttfirmor<\/a> som \u00e4r medlemmar i <a href=\"https:\/\/moverdb.com\/sv\/iam\/\" data-internallinksmanager029f6b8e52c=\"23\" title=\"International Association of Movers (IAM) f\u00f6rklaras\">Internationella sammanslutningen av flyttfirmor<\/a> (IAM) och\/eller <a href=\"https:\/\/moverdb.com\/sv\/fidi-faim\/\" data-internallinksmanager029f6b8e52c=\"16\" title=\"FIDI &amp; FAIM (FIDI Accredited International Mover) f\u00f6rklaras\">FIDI<\/a> Accredited International Mover (FAIM) som kan hj\u00e4lpa dig.<\/p>\n<h2><strong>1. AGS Meyer<\/strong><\/h2>\n<p><img loading=\"lazy\" decoding=\"async\" class=\"alignnone size-full wp-image-5918\" src=\"https:\/\/moverdb.com\/wp-content\/uploads\/AGS-Meyer-international-moving-company.png\" alt=\"AGS Meyer internationell flyttfirma\" width=\"1440\" height=\"684\" data-wp-pid=\"5918\" srcset=\"https:\/\/moverdb.com\/wp-content\/uploads\/AGS-Meyer-international-moving-company.png 1440w, https:\/\/moverdb.com\/wp-content\/uploads\/AGS-Meyer-international-moving-company-300x143.png 300w, https:\/\/moverdb.com\/wp-content\/uploads\/AGS-Meyer-international-moving-company-1024x486.png 1024w, https:\/\/moverdb.com\/wp-content\/uploads\/AGS-Meyer-international-moving-company-18x9.png 18w, https:\/\/moverdb.com\/wp-content\/uploads\/AGS-Meyer-international-moving-company-600x285.png 600w\" sizes=\"auto, (max-width: 1440px) 100vw, 1440px\" \/><\/p>\n<ul>\n<li>Lokala flyttningar<\/li>\n<li>Internationella flyttar<\/li>\n<li>Hush\u00e5llsflyttar<\/li>\n<li>Flyttning av f\u00f6retag<\/li>\n<li>D\u00f6rr-till-d\u00f6rr-tj\u00e4nster<\/li>\n<li>F\u00f6rpackningstj\u00e4nster<\/li>\n<li>Land-, luft- och sj\u00f6transporter<\/li>\n<li>Tullformaliteter<\/li>\n<li>Ackrediterad av FIDI<\/li>\n<li>Lagringstj\u00e4nster<\/li>\n<\/ul>\n<p>AGS Meyer \u00e4r en <a href=\"https:\/\/moverdb.com\/sv\/moving-companies\/\" data-internallinksmanager029f6b8e52c=\"79\" title=\"Topp 25 internationella flyttfirmor p\u00e5 n\u00e4tet\">flyttfirma<\/a> grundades 1959 p\u00e5 Curacao f\u00f6r att tillhandah\u00e5lla lokala och internationella flyttar f\u00f6r hush\u00e5ll och f\u00f6retag, och de har 7 filialer i Karibien. De har ett globalt n\u00e4tverk av anslutna flyttfirmor f\u00f6r att leverera internationella flyttar. De \u00e4r medlemmar i IAM med 63 \u00e5rs erfarenhet och \u00e4r ackrediterade av FIDI.<\/p>\n<p>AGS Meyer erbjuder flyttj\u00e4nster fr\u00e5n d\u00f6rr till d\u00f6rr, inklusive flyttning, flyttning och f\u00f6rvaring till privatkunder, f\u00f6retag och diplomatiska organ. De ger dig r\u00e5d om din flytt och hj\u00e4lper dig i varje steg p\u00e5 v\u00e4gen. De packar dina tillh\u00f6righeter p\u00e5 ett s\u00e4kert s\u00e4tt, ordnar transport och tullformaliteter och packar upp dem p\u00e5 din destination.<\/p>\n<p>Webbplats: <a href=\"https:\/\/www.meyermoving.com\/\" target=\"_blank\" rel=\"noopener\">https:\/\/www.meyermoving.com\/<\/a><\/p>\n<h2><strong>2. Caribbean Moving Services<\/strong><\/h2>\n<p><img loading=\"lazy\" decoding=\"async\" class=\"alignnone size-full wp-image-5933\" src=\"https:\/\/moverdb.com\/wp-content\/uploads\/Caribbean-Moving-Services-international-moving-company.png\" alt=\"Caribbean Moving Services internationell flyttfirma\" width=\"1440\" height=\"680\" data-wp-pid=\"5933\" srcset=\"https:\/\/moverdb.com\/wp-content\/uploads\/Caribbean-Moving-Services-international-moving-company.png 1440w, https:\/\/moverdb.com\/wp-content\/uploads\/Caribbean-Moving-Services-international-moving-company-300x142.png 300w, https:\/\/moverdb.com\/wp-content\/uploads\/Caribbean-Moving-Services-international-moving-company-1024x484.png 1024w, https:\/\/moverdb.com\/wp-content\/uploads\/Caribbean-Moving-Services-international-moving-company-18x9.png 18w, https:\/\/moverdb.com\/wp-content\/uploads\/Caribbean-Moving-Services-international-moving-company-600x283.png 600w\" sizes=\"auto, (max-width: 1440px) 100vw, 1440px\" \/><\/p>\n<ul>\n<li>Lokala flyttningar<\/li>\n<li>Internationella flyttar<\/li>\n<li>Flyttning av bost\u00e4der<\/li>\n<li>Flyttning av kontor<\/li>\n<li>Skr\u00e4ddarsydd plan f\u00f6r omlokalisering<\/li>\n<li>F\u00f6rpackningstj\u00e4nst<\/li>\n<li>Demontera och montera m\u00f6bler<\/li>\n<li>Land, hav och luft<\/li>\n<li>Tullklarering<\/li>\n<li>F\u00f6rvaringsutrymmen<\/li>\n<\/ul>\n<p>Caribbean Moving Services \u00e4r ett flyttf\u00f6retag i Willemstad som ing\u00e5r i en grupp f\u00f6retag som inkluderar Caribbean Cargo Services och G&amp;V Free Zone. De grundades 1981 som ett fraktf\u00f6retag och expanderade till flyttj\u00e4nster 1994 f\u00f6r att bli \u00f6ns st\u00f6rsta flyttfirma. De \u00e4r medlemmar i IAM med 28 \u00e5rs erfarenhet och \u00e4r ackrediterade av FIDI.<\/p>\n<p>Caribbean Moving Services erbjuder en enda flytttj\u00e4nst som b\u00f6rjar med en unders\u00f6kning och en enda kontaktpunkt. De erbjuder en professionell packningstj\u00e4nst som omfattar demontering av m\u00f6bler och s\u00e4ker packning av \u00e4godelar. De ordnar transport p\u00e5 land, till sj\u00f6ss eller i luften med tullklarering och packar och monterar sedan m\u00f6blerna.<\/p>\n<p>Webbplats: <a href=\"https:\/\/www.cmscur.com\/\" target=\"_blank\" rel=\"noopener\">https:\/\/www.cmscur.com\/<\/a><\/p>","protected":false},"excerpt":{"rendered":"<p>Moving home or office can be stressful and time-consuming so getting some support from a moving or relocation company can help lighten your load and you can benefit from their experience. Below we have listed Curacao removal companies that are members of the International Association of Movers (IAM) and\/or FIDI Accredited International Mover (FAIM) who [&hellip;]<\/p>\n","protected":false},"author":4,"featured_media":0,"parent":190,"menu_order":0,"comment_status":"closed","ping_status":"closed","template":"","meta":{"_genesis_hide_title":false,"_genesis_hide_breadcrumbs":false,"_genesis_hide_singular_image":false,"_genesis_hide_footer_widgets":false,"_genesis_custom_body_class":"","_genesis_custom_post_class":"","_genesis_layout":"","footnotes":""},"class_list":{"0":"post-6022","1":"page","2":"type-page","3":"status-publish","5":"entry","6":"has-post-thumbnail"},"_links":{"self":[{"href":"https:\/\/moverdb.com\/sv\/wp-json\/wp\/v2\/pages\/6022","targetHints":{"allow":["GET"]}}],"collection":[{"href":"https:\/\/moverdb.com\/sv\/wp-json\/wp\/v2\/pages"}],"about":[{"href":"https:\/\/moverdb.com\/sv\/wp-json\/wp\/v2\/types\/page"}],"author":[{"embeddable":true,"href":"https:\/\/moverdb.com\/sv\/wp-json\/wp\/v2\/users\/4"}],"replies":[{"embeddable":true,"href":"https:\/\/moverdb.com\/sv\/wp-json\/wp\/v2\/comments?post=6022"}],"version-history":[{"count":1,"href":"https:\/\/moverdb.com\/sv\/wp-json\/wp\/v2\/pages\/6022\/revisions"}],"predecessor-version":[{"id":6023,"href":"https:\/\/moverdb.com\/sv\/wp-json\/wp\/v2\/pages\/6022\/revisions\/6023"}],"up":[{"embeddable":true,"href":"https:\/\/moverdb.com\/sv\/wp-json\/wp\/v2\/pages\/190"}],"wp:attachment":[{"href":"https:\/\/moverdb.com\/sv\/wp-json\/wp\/v2\/media?parent=6022"}],"curies":[{"name":"wp","href":"https:\/\/api.w.org\/{rel}","templated":true}]}}