{"id":6020,"date":"2023-02-01T13:55:01","date_gmt":"2023-02-01T13:55:01","guid":{"rendered":"https:\/\/moverdb.com\/?page_id=6020"},"modified":"2026-01-08T15:29:53","modified_gmt":"2026-01-08T15:29:53","slug":"flyttfirmor-i-kroatien","status":"publish","type":"page","link":"https:\/\/moverdb.com\/sv\/moving-companies\/moving-companies-croatia\/","title":{"rendered":"B\u00e4sta internationella flyttfirmor i Kroatien"},"content":{"rendered":"<p>Om du ska flytta ditt hem eller f\u00f6retag i <a href=\"https:\/\/moverdb.com\/sv\/moving-to-croatia\/\" data-internallinksmanager029f6b8e52c=\"428\" title=\"Flytta till Kroatien? 2026 Levnadskostnader och tips om flytt\">Kroatien<\/a>, eller till eller fr\u00e5n Kroatien, kanske du vill ha lite hj\u00e4lp med din flytt. F\u00f6r att hj\u00e4lpa dig som ska flytta har vi sammanst\u00e4llt en lista \u00f6ver kroatiska <a href=\"https:\/\/moverdb.com\/sv\/international-removals\/\" data-internallinksmanager029f6b8e52c=\"27\" title=\"36 b\u00e4sta internationella flyttfirmor i Storbritannien\">flyttfirmor<\/a> nedan som \u00e4r medlemmar i <a href=\"https:\/\/moverdb.com\/sv\/iam\/\" data-internallinksmanager029f6b8e52c=\"23\" title=\"International Association of Movers (IAM) f\u00f6rklaras\">Internationella sammanslutningen av flyttfirmor<\/a> (IAM) och\/eller <a href=\"https:\/\/moverdb.com\/sv\/fidi-faim\/\" data-internallinksmanager029f6b8e52c=\"16\" title=\"FIDI &amp; FAIM (FIDI Accredited International Mover) f\u00f6rklaras\">FIDI<\/a> Ackrediterad internationell flyttfirma (FAIM).<\/p>\n<h2><strong>Gosselin<\/strong><\/h2>\n<p><img loading=\"lazy\" decoding=\"async\" class=\"alignnone size-full wp-image-5953\" src=\"https:\/\/moverdb.com\/wp-content\/uploads\/Gosselin-Croatia-international-moving-company.png\" alt=\"Gosselin Croatia internationell flyttfirma\" width=\"1440\" height=\"680\" data-wp-pid=\"5953\" srcset=\"https:\/\/moverdb.com\/wp-content\/uploads\/Gosselin-Croatia-international-moving-company.png 1440w, https:\/\/moverdb.com\/wp-content\/uploads\/Gosselin-Croatia-international-moving-company-300x142.png 300w, https:\/\/moverdb.com\/wp-content\/uploads\/Gosselin-Croatia-international-moving-company-1024x484.png 1024w, https:\/\/moverdb.com\/wp-content\/uploads\/Gosselin-Croatia-international-moving-company-18x9.png 18w, https:\/\/moverdb.com\/wp-content\/uploads\/Gosselin-Croatia-international-moving-company-600x283.png 600w\" sizes=\"auto, (max-width: 1440px) 100vw, 1440px\" \/><\/p>\n<ul>\n<li>Nationella flyttningar<\/li>\n<li>Internationella flyttar<\/li>\n<li>Hush\u00e5llsflyttar<\/li>\n<li>Flytt av kontor och ambassader<\/li>\n<li>Utbildade flyttare ger h\u00f6gkvalitativa standarder<\/li>\n<li>Packning och uppackning<\/li>\n<li>Konst som r\u00f6r sig<\/li>\n<li>Transport av s\u00e4llskapsdjur<\/li>\n<li>Transport av fordon<\/li>\n<li>Kort- till l\u00e5ngtidsf\u00f6rvaring<\/li>\n<\/ul>\n<p>Gosselin \u00e4r en <a href=\"https:\/\/moverdb.com\/sv\/moving-companies\/\" data-internallinksmanager029f6b8e52c=\"79\" title=\"Topp 25 internationella flyttfirmor p\u00e5 n\u00e4tet\">Internationellt flyttf\u00f6retag<\/a> som har kontor runt om i v\u00e4rlden och har varit verksamt sedan 1930. De har tillhandah\u00e5llit flyttj\u00e4nster i Kroatien i \u00f6ver 20 \u00e5r fr\u00e5n sin bas i Zagreb. De \u00e4r medlemmar i IAM med 9 \u00e5rs erfarenhet.<\/p>\n<p>Gosselin erbjuder en professionell flytttj\u00e4nst f\u00f6r exceptionellt stora eller sm\u00e5 flyttar som \u00e4ven kan omfatta konst som kr\u00e4ver noggrannare hantering och mer specialiserade tj\u00e4nster som transport av husdjur och fordon. De tillhandah\u00e5ller utbildad personal som arbetar enligt h\u00f6gkvalitativa standarder f\u00f6r att skydda dina tillh\u00f6righeter under transporten och de packar upp dina tillh\u00f6righeter vid ankomsten.<\/p>\n<p>Webbplats: <a href=\"https:\/\/gosselin-moving.com\/en\/southeast-europe\" target=\"_blank\" rel=\"noopener\">https:\/\/gosselin-moving.com\/en\/southeast-europe<\/a><\/p>\n<h2>Andra nyttiga guider till Kroatien<\/h2>\n<ul>\n<li> <a href=\"https:\/\/moverdb.com\/sv\/container-transport\/kroatien\/\">2024 Sj\u00f6frakt Containerfraktpriser till och fr\u00e5n Kroatien<\/a><\/li>\n<li> <a href=\"https:\/\/moverdb.com\/sv\/moving-to-croatia\/\">Flyttar du till Kroatien? 2026 Levnadskostnader och tips om flytt<\/a><\/li>\n<li> <a href=\"https:\/\/moverdb.com\/sv\/moving-to-croatia\/living-in-croatia\/\">21 hemligheter om att bo i Kroatien att veta innan du flyttar<\/a><\/li>\n<\/ul>","protected":false},"excerpt":{"rendered":"<p>If you are moving home or business in Croatia, or to or from Croatia, you might want some help with your move. To assist those that are moving we have compiled a list of Croatian removal companies below that are members of the International Association of Movers (IAM) and\/or FIDI Accredited International Mover (FAIM). Gosselin [&hellip;]<\/p>\n","protected":false},"author":4,"featured_media":0,"parent":190,"menu_order":0,"comment_status":"closed","ping_status":"closed","template":"","meta":{"_genesis_hide_title":false,"_genesis_hide_breadcrumbs":false,"_genesis_hide_singular_image":false,"_genesis_hide_footer_widgets":false,"_genesis_custom_body_class":"","_genesis_custom_post_class":"","_genesis_layout":"","footnotes":""},"class_list":{"0":"post-6020","1":"page","2":"type-page","3":"status-publish","5":"entry","6":"has-post-thumbnail"},"_links":{"self":[{"href":"https:\/\/moverdb.com\/sv\/wp-json\/wp\/v2\/pages\/6020","targetHints":{"allow":["GET"]}}],"collection":[{"href":"https:\/\/moverdb.com\/sv\/wp-json\/wp\/v2\/pages"}],"about":[{"href":"https:\/\/moverdb.com\/sv\/wp-json\/wp\/v2\/types\/page"}],"author":[{"embeddable":true,"href":"https:\/\/moverdb.com\/sv\/wp-json\/wp\/v2\/users\/4"}],"replies":[{"embeddable":true,"href":"https:\/\/moverdb.com\/sv\/wp-json\/wp\/v2\/comments?post=6020"}],"version-history":[{"count":2,"href":"https:\/\/moverdb.com\/sv\/wp-json\/wp\/v2\/pages\/6020\/revisions"}],"predecessor-version":[{"id":18351,"href":"https:\/\/moverdb.com\/sv\/wp-json\/wp\/v2\/pages\/6020\/revisions\/18351"}],"up":[{"embeddable":true,"href":"https:\/\/moverdb.com\/sv\/wp-json\/wp\/v2\/pages\/190"}],"wp:attachment":[{"href":"https:\/\/moverdb.com\/sv\/wp-json\/wp\/v2\/media?parent=6020"}],"curies":[{"name":"wp","href":"https:\/\/api.w.org\/{rel}","templated":true}]}}