{"id":5575,"date":"2022-11-24T01:39:45","date_gmt":"2022-11-24T01:39:45","guid":{"rendered":"https:\/\/moverdb.com\/?page_id=5575"},"modified":"2026-01-08T14:38:40","modified_gmt":"2026-01-08T14:38:40","slug":"us-virgin-oarna","status":"publish","type":"page","link":"https:\/\/moverdb.com\/sv\/container-shipping\/us-virgin-islands\/","title":{"rendered":"2026 Priser f\u00f6r sj\u00f6transport av containrar till och fr\u00e5n Amerikanska Jungfru\u00f6arna"},"content":{"rendered":"<div class=\"wp-block-image\">\n<figure class=\"aligncenter size-full\"><img loading=\"lazy\" decoding=\"async\" width=\"1000\" height=\"667\" src=\"https:\/\/moverdb.com\/wp-content\/uploads\/us-virgin-islands.jpg\" alt=\"Panoramavy \u00f6ver den karibiska \u00f6n St Thomas, Amerikanska Jungfru\u00f6arna\" class=\"wp-image-5558\" srcset=\"https:\/\/moverdb.com\/wp-content\/uploads\/us-virgin-islands.jpg 1000w, https:\/\/moverdb.com\/wp-content\/uploads\/us-virgin-islands-300x200.jpg 300w, https:\/\/moverdb.com\/wp-content\/uploads\/us-virgin-islands-18x12.jpg 18w, https:\/\/moverdb.com\/wp-content\/uploads\/us-virgin-islands-600x400.jpg 600w\" sizes=\"auto, (max-width: 1000px) 100vw, 1000px\" \/><\/figure>\n<\/div>\n\n\n<p>The<strong> <a href=\"https:\/\/moverdb.com\/sv\/moving-to-the-us-virgin-islands\/\" data-internallinksmanager029f6b8e52c=\"386\" title=\"Flyttar du till Amerikanska Jungfru\u00f6arna? Levnadskostnader 2023\">Amerikanska Jungfru\u00f6arna<\/a><\/strong> \u00e4r perfekta f\u00f6r alla som har r\u00e5d att dra sig tillbaka till en exklusiv plats och leva ett dr\u00f6mliv p\u00e5 en \u00f6.<\/p>\n\n\n\n<p>Detta lilla amerikanska territorium i Karibien best\u00e5r av 53 \u00f6ar, varav fyra \u00e4r huvudsakligen bebodda (Saint Croix, Saint Thomas, Saint John och Water Island).<\/p>\n\n\n\n<p>Detta lilla paradis \u00e4r ett utm\u00e4rkt alternativ f\u00f6r nybyggare som vill uppleva en h\u00f6gre levnadsstandard eftersom \u00f6arna erbjuder m\u00e5nga lyxiga alternativ f\u00f6r boende och underh\u00e5llning.<\/p>\n\n\n\n<p>Det kan dock vara lite besv\u00e4rligt att transportera hush\u00e5llsartiklar dit. \u00c4ven om kryssare ofta ses vid \u00f6arnas <a href=\"https:\/\/moverdb.com\/sv\/top-49-container-ports\/\" data-internallinksmanager029f6b8e52c=\"80\" title=\"Topp 49 st\u00f6rsta och mest trafikerade containerhamnar 2025\">portar<\/a>\u00e4r lastfartyg en s\u00e4llsynt syn.<\/p>\n\n\n\n<p>Det finns i alla fall flera alternativ som vi har listat i tabellerna nedan. Du kan ocks\u00e5 g\u00e4rna kolla in v\u00e5rt offertverktyg och fylla i dina uppgifter f\u00f6r att f\u00e5 en anpassad offert.<\/p>\n\n\n\n<h2 class=\"wp-block-heading\">Kostnader f\u00f6r frakt av containrar till Amerikanska Jungfru\u00f6arna (St Croix)<\/h2>\n\n\n<div class=\"wp-block-image\">\n<figure class=\"aligncenter size-large\"><img loading=\"lazy\" decoding=\"async\" width=\"1024\" height=\"539\" src=\"https:\/\/moverdb.com\/wp-content\/uploads\/Shipping-Container-Costs-to-US-Virgin-Islands-1024x539.png\" alt=\"Kostnader f\u00f6r frakt av containrar till Amerikanska Jungfru\u00f6arna (St Croix)\" class=\"wp-image-5561\" srcset=\"https:\/\/moverdb.com\/wp-content\/uploads\/Shipping-Container-Costs-to-US-Virgin-Islands-1024x539.png 1024w, https:\/\/moverdb.com\/wp-content\/uploads\/Shipping-Container-Costs-to-US-Virgin-Islands-300x158.png 300w, https:\/\/moverdb.com\/wp-content\/uploads\/Shipping-Container-Costs-to-US-Virgin-Islands-1536x809.png 1536w, https:\/\/moverdb.com\/wp-content\/uploads\/Shipping-Container-Costs-to-US-Virgin-Islands-18x9.png 18w, https:\/\/moverdb.com\/wp-content\/uploads\/Shipping-Container-Costs-to-US-Virgin-Islands-600x316.png 600w, https:\/\/moverdb.com\/wp-content\/uploads\/Shipping-Container-Costs-to-US-Virgin-Islands.png 2000w\" sizes=\"auto, (max-width: 1024px) 100vw, 1024px\" \/><\/figure>\n<\/div>\n\n\n<table id=\"tablepress-231\" class=\"tablepress tablepress-id-231\">\n<thead>\n<tr class=\"row-1\">\n\t<th class=\"column-1\">Destinationsland (hamn\/stad)<\/th><th class=\"column-2\">20FT<\/th><th class=\"column-3\">40FT<\/th>\n<\/tr>\n<\/thead>\n<tbody class=\"row-striping row-hover\">\n<tr class=\"row-2\">\n\t<td class=\"column-1\"><a href=\"https:\/\/moverdb.com\/sv\/container-shipping\/andorra\/\" data-internallinksmanager029f6b8e52c=\"88\" title=\"2026 Fraktpriser f\u00f6r sj\u00f6transport av containrar till och fr\u00e5n Andorra\">Andorra (Andorra la Vella)<\/a><\/td><td class=\"column-2\">$1,868<\/td><td class=\"column-3\">$3,171<\/td>\n<\/tr>\n<tr class=\"row-3\">\n\t<td class=\"column-1\"><a href=\"https:\/\/moverdb.com\/sv\/container-shipping\/australia\/\" data-internallinksmanager029f6b8e52c=\"89\" title=\"2026 Fraktpriser f\u00f6r containrar till och fr\u00e5n Australien\">Australien (Sydney)<\/a><\/td><td class=\"column-2\">$12,406<\/td><td class=\"column-3\">N\/A<\/td>\n<\/tr>\n<tr class=\"row-4\">\n\t<td class=\"column-1\"><a href=\"https:\/\/moverdb.com\/sv\/container-shipping\/austria\/\" data-internallinksmanager029f6b8e52c=\"95\" title=\"2026 Fraktpriser f\u00f6r sj\u00f6transport av containrar till och fr\u00e5n \u00d6sterrike\">\u00d6sterrike (Wien)<\/a><\/td><td class=\"column-2\">N\/A<\/td><td class=\"column-3\">$3,739<\/td>\n<\/tr>\n<tr class=\"row-5\">\n\t<td class=\"column-1\"><a href=\"https:\/\/moverdb.com\/sv\/container-shipping\/bahrain\/\" data-internallinksmanager029f6b8e52c=\"96\" title=\"2026 Fraktpriser f\u00f6r sj\u00f6transport av containrar till och fr\u00e5n Bahrain\">Bahrain (Manama)<\/a><\/td><td class=\"column-2\">N\/A<\/td><td class=\"column-3\">$12,306<\/td>\n<\/tr>\n<tr class=\"row-6\">\n\t<td class=\"column-1\"><a href=\"https:\/\/moverdb.com\/sv\/container-shipping\/belize\/\" data-internallinksmanager029f6b8e52c=\"137\" title=\"2026 Fraktpriser f\u00f6r sj\u00f6transport av containrar till och fr\u00e5n Belize\">Belize (Belize City)<\/a><\/td><td class=\"column-2\">$847<\/td><td class=\"column-3\">$872<\/td>\n<\/tr>\n<tr class=\"row-7\">\n\t<td class=\"column-1\"><a href=\"https:\/\/moverdb.com\/sv\/container-shipping\/brazil\/\" data-internallinksmanager029f6b8e52c=\"98\" title=\"2026 Fraktpriser f\u00f6r sj\u00f6transport av containrar till och fr\u00e5n Brasilien\">Brasilien (Santos)<\/a><\/td><td class=\"column-2\">$3,937<\/td><td class=\"column-3\">$4,059<\/td>\n<\/tr>\n<tr class=\"row-8\">\n\t<td class=\"column-1\"><a href=\"https:\/\/moverdb.com\/sv\/container-shipping\/cambodia\/\" data-internallinksmanager029f6b8e52c=\"101\" title=\"2026 Fraktpriser f\u00f6r sj\u00f6transport av containrar till och fr\u00e5n Kambodja\">Kambodja (Sihanoukville)<\/a><\/td><td class=\"column-2\">$7,007<\/td><td class=\"column-3\">$7,362<\/td>\n<\/tr>\n<tr class=\"row-9\">\n\t<td class=\"column-1\"><a href=\"https:\/\/moverdb.com\/sv\/container-shipping\/canada\/\" data-internallinksmanager029f6b8e52c=\"102\" title=\"2026 Fraktpriser f\u00f6r sj\u00f6transport av containrar till och fr\u00e5n Kanada\">Kanada (Toronto)<\/a><\/td><td class=\"column-2\">$2,024<\/td><td class=\"column-3\">$2,814<\/td>\n<\/tr>\n<tr class=\"row-10\">\n\t<td class=\"column-1\"><a href=\"https:\/\/moverdb.com\/sv\/container-shipping\/china\/\" data-internallinksmanager029f6b8e52c=\"105\" title=\"2026 Fraktpriser f\u00f6r sj\u00f6transport av containrar till och fr\u00e5n Kina\">Kina (Peking)<\/a><\/td><td class=\"column-2\">$6,158<\/td><td class=\"column-3\">$6,221<\/td>\n<\/tr>\n<tr class=\"row-11\">\n\t<td class=\"column-1\">Kina (Shanghai)<\/td><td class=\"column-2\">$5,110<\/td><td class=\"column-3\">$5,408<\/td>\n<\/tr>\n<tr class=\"row-12\">\n\t<td class=\"column-1\"><a href=\"https:\/\/moverdb.com\/sv\/container-shipping\/colombia\/\" data-internallinksmanager029f6b8e52c=\"106\" title=\"2026 Fraktpriser f\u00f6r sj\u00f6transport av containrar till och fr\u00e5n Colombia\">Colombia (Barranquilla)<\/a><\/td><td class=\"column-2\">$704<\/td><td class=\"column-3\">$1,218<\/td>\n<\/tr>\n<tr class=\"row-13\">\n\t<td class=\"column-1\"><a href=\"https:\/\/moverdb.com\/sv\/container-shipping\/costa-rica\/\" data-internallinksmanager029f6b8e52c=\"138\" title=\"2026 Priser f\u00f6r sj\u00f6transport av containrar till och fr\u00e5n Costa Rica\">Costa Rica (Limon)<\/a><\/td><td class=\"column-2\">$758<\/td><td class=\"column-3\">$8,660<\/td>\n<\/tr>\n<tr class=\"row-14\">\n\t<td class=\"column-1\"><a href=\"https:\/\/moverdb.com\/sv\/container-shipping\/croatia\/\" data-internallinksmanager029f6b8e52c=\"107\" title=\"2026 Fraktpriser f\u00f6r sj\u00f6transport av containrar till och fr\u00e5n Kroatien\">Kroatien (Rijeka)<\/a><\/td><td class=\"column-2\">$2,079<\/td><td class=\"column-3\">$2,709<\/td>\n<\/tr>\n<tr class=\"row-15\">\n\t<td class=\"column-1\"><a href=\"https:\/\/moverdb.com\/sv\/container-shipping\/dominican-republic\/\" data-internallinksmanager029f6b8e52c=\"112\" title=\"2026 Priser f\u00f6r sj\u00f6transport av containrar till och fr\u00e5n Dominikanska republiken\">Dominikanska republiken (Santo Domingo)<\/a><\/td><td class=\"column-2\">$1,023<\/td><td class=\"column-3\">$1,271<\/td>\n<\/tr>\n<tr class=\"row-16\">\n\t<td class=\"column-1\"><a href=\"https:\/\/moverdb.com\/sv\/container-shipping\/germany\/\" data-internallinksmanager029f6b8e52c=\"118\" title=\"2026 Fraktpriser f\u00f6r sj\u00f6transport av containrar till och fr\u00e5n Tyskland\">Tyskland (Hamburg)<\/a><\/td><td class=\"column-2\">$1,958<\/td><td class=\"column-3\">$2,583<\/td>\n<\/tr>\n<tr class=\"row-17\">\n\t<td class=\"column-1\"><a href=\"https:\/\/moverdb.com\/sv\/container-shipping\/greece\/\" data-internallinksmanager029f6b8e52c=\"120\" title=\"2026 Fraktpriser f\u00f6r sj\u00f6transport av containrar till och fr\u00e5n Grekland\">Grekland (Pireus)<\/a><\/td><td class=\"column-2\">$1,771<\/td><td class=\"column-3\">$2,436<\/td>\n<\/tr>\n<tr class=\"row-18\">\n\t<td class=\"column-1\"><a href=\"https:\/\/moverdb.com\/sv\/container-shipping\/guatemala\/\" data-internallinksmanager029f6b8e52c=\"139\" title=\"2026 Fraktpriser f\u00f6r sj\u00f6transport av containrar till och fr\u00e5n Guatemala\">Guatemala (Guatemala City)<\/a><\/td><td class=\"column-2\">$737<\/td><td class=\"column-3\">$851<\/td>\n<\/tr>\n<tr class=\"row-19\">\n\t<td class=\"column-1\"><a href=\"https:\/\/moverdb.com\/sv\/container-shipping\/guernsey\/\" data-internallinksmanager029f6b8e52c=\"121\" title=\"2026 Fraktpriser f\u00f6r sj\u00f6transport av containrar till och fr\u00e5n Guernsey\">Guernsey (St Peter Port)<\/a><\/td><td class=\"column-2\">$2,233<\/td><td class=\"column-3\">$3,182<\/td>\n<\/tr>\n<tr class=\"row-20\">\n\t<td class=\"column-1\"><a href=\"https:\/\/moverdb.com\/sv\/container-shipping\/haiti\/\" data-internallinksmanager029f6b8e52c=\"122\" title=\"2026 Fraktpriser f\u00f6r sj\u00f6transport av containrar till och fr\u00e5n Haiti\">Haiti (Port-au-Prince)<\/a><\/td><td class=\"column-2\">$1,023<\/td><td class=\"column-3\">$1,271<\/td>\n<\/tr>\n<tr class=\"row-21\">\n\t<td class=\"column-1\"><a href=\"https:\/\/moverdb.com\/sv\/container-shipping\/hong-kong\/\" data-internallinksmanager029f6b8e52c=\"123\" title=\"2026 Fraktpriser f\u00f6r sj\u00f6transport av containrar till och fr\u00e5n Hongkong\">Hongkong (Hongkong)<\/a><\/td><td class=\"column-2\">$12,708<\/td><td class=\"column-3\">$12,615<\/td>\n<\/tr>\n<tr class=\"row-22\">\n\t<td class=\"column-1\"><a href=\"https:\/\/moverdb.com\/sv\/container-shipping\/india\/\" data-internallinksmanager029f6b8e52c=\"125\" title=\"2026 Fraktpriser f\u00f6r sj\u00f6transport av containrar till och fr\u00e5n Indien\">Indien (Mumbai)<\/a><\/td><td class=\"column-2\">$12,447<\/td><td class=\"column-3\">$11,881<\/td>\n<\/tr>\n<tr class=\"row-23\">\n\t<td class=\"column-1\"><a href=\"https:\/\/moverdb.com\/sv\/container-shipping\/indonesia\/\" data-internallinksmanager029f6b8e52c=\"126\" title=\"2026 Fraktpriser f\u00f6r sj\u00f6transport av containrar till och fr\u00e5n Indonesien\">Indonesien (Jakarta)<\/a><\/td><td class=\"column-2\">$4,433<\/td><td class=\"column-3\">$4,232<\/td>\n<\/tr>\n<tr class=\"row-24\">\n\t<td class=\"column-1\"><a href=\"https:\/\/moverdb.com\/sv\/container-shipping\/ireland\/\" data-internallinksmanager029f6b8e52c=\"127\" title=\"2026 Fraktpriser f\u00f6r sj\u00f6transport av containrar till och fr\u00e5n Irland\">Irland (Dublin)<\/a><\/td><td class=\"column-2\">$1,705<\/td><td class=\"column-3\">$2,310<\/td>\n<\/tr>\n<tr class=\"row-25\">\n\t<td class=\"column-1\"><a href=\"https:\/\/moverdb.com\/sv\/container-shipping\/isle-of-man\/\" data-internallinksmanager029f6b8e52c=\"128\" title=\"2026 Priser f\u00f6r sj\u00f6transport av containrar till och fr\u00e5n Isle of Man\">Isle of Man (Douglas)<\/a><\/td><td class=\"column-2\">$1,705<\/td><td class=\"column-3\">$2,310<\/td>\n<\/tr>\n<tr class=\"row-26\">\n\t<td class=\"column-1\"><a href=\"https:\/\/moverdb.com\/sv\/container-shipping\/italy\/\" data-internallinksmanager029f6b8e52c=\"130\" title=\"2026 Fraktpriser f\u00f6r sj\u00f6transport av containrar till och fr\u00e5n Italien\">Italien (Trieste)<\/a><\/td><td class=\"column-2\">$2,079<\/td><td class=\"column-3\">$2,709<\/td>\n<\/tr>\n<tr class=\"row-27\">\n\t<td class=\"column-1\"><a href=\"https:\/\/moverdb.com\/sv\/container-shipping\/jersey\/\" data-internallinksmanager029f6b8e52c=\"132\" title=\"2026 Fraktpriser f\u00f6r sj\u00f6transport av containrar till och fr\u00e5n Jersey\">Jersey (St Helier)<\/a><\/td><td class=\"column-2\">$2,233<\/td><td class=\"column-3\">$3,182<\/td>\n<\/tr>\n<tr class=\"row-28\">\n\t<td class=\"column-1\"><a href=\"https:\/\/moverdb.com\/sv\/container-shipping\/jordan\/\" data-internallinksmanager029f6b8e52c=\"133\" title=\"2026 Fraktpriser f\u00f6r sj\u00f6transport av containrar till och fr\u00e5n Jordanien\">Jordanien (Akaba)<\/a><\/td><td class=\"column-2\">$1,810<\/td><td class=\"column-3\">$2,528<\/td>\n<\/tr>\n<tr class=\"row-29\">\n\t<td class=\"column-1\"><a href=\"https:\/\/moverdb.com\/sv\/container-shipping\/latvia\/\" data-internallinksmanager029f6b8e52c=\"136\" title=\"2026 Fraktpriser f\u00f6r sj\u00f6transport av containrar till och fr\u00e5n Lettland\">Lettland (Riga)<\/a><\/td><td class=\"column-2\">$2,233<\/td><td class=\"column-3\">$3,273<\/td>\n<\/tr>\n<tr class=\"row-30\">\n\t<td class=\"column-1\"><a href=\"https:\/\/moverdb.com\/sv\/container-shipping\/lithuania\/\" data-internallinksmanager029f6b8e52c=\"145\" title=\"2026 Fraktpriser f\u00f6r sj\u00f6transport av containrar till och fr\u00e5n Litauen\">Litauen (Klaipeda)<\/a><\/td><td class=\"column-2\">$2,233<\/td><td class=\"column-3\">$3,273<\/td>\n<\/tr>\n<tr class=\"row-31\">\n\t<td class=\"column-1\"><a href=\"https:\/\/moverdb.com\/sv\/moving-to-luxembourg\/\" data-internallinksmanager029f6b8e52c=\"349\" title=\"Flyttar du till Luxemburg? 2026 Levnadskostnader och tips om flytt\">Luxemburg<\/a><\/td><td class=\"column-2\">$1,813<\/td><td class=\"column-3\">$2,616<\/td>\n<\/tr>\n<tr class=\"row-32\">\n\t<td class=\"column-1\">USA (<a href=\"https:\/\/moverdb.com\/sv\/moving-to-los-angeles\/\" data-internallinksmanager029f6b8e52c=\"51\" title=\"Flyttar du till Los Angeles? 2026 LA Levnadskostnader och tips om flyttning\">Los Angeles<\/a>)<\/td><td class=\"column-2\">$912<\/td><td class=\"column-3\">$1,309<\/td>\n<\/tr>\n<tr class=\"row-33\">\n\t<td class=\"column-1\"><a href=\"https:\/\/moverdb.com\/sv\/container-shipping\/united-states\/\" data-internallinksmanager029f6b8e52c=\"87\" title=\"2026 Fraktpriser f\u00f6r sj\u00f6transport av containrar till och fr\u00e5n USA\">USA (New York)<\/a><\/td><td class=\"column-2\">$1,636<\/td><td class=\"column-3\">$2,038<\/td>\n<\/tr>\n<\/tbody>\n<\/table>\n<!-- #tablepress-231 from cache -->\n\n\n\n<h2 class=\"wp-block-heading\">Kostnader f\u00f6r frakt av containrar fr\u00e5n Amerikanska Jungfru\u00f6arna (St Croix)<\/h2>\n\n\n<div class=\"wp-block-image\">\n<figure class=\"aligncenter size-large\"><img loading=\"lazy\" decoding=\"async\" width=\"1024\" height=\"539\" src=\"https:\/\/moverdb.com\/wp-content\/uploads\/Shipping-Container-Costs-from-US-Virgin-Islands-1024x539.png\" alt=\"Kostnader f\u00f6r frakt av containrar fr\u00e5n Amerikanska Jungfru\u00f6arna (St Croix)\" class=\"wp-image-5559\" srcset=\"https:\/\/moverdb.com\/wp-content\/uploads\/Shipping-Container-Costs-from-US-Virgin-Islands-1024x539.png 1024w, https:\/\/moverdb.com\/wp-content\/uploads\/Shipping-Container-Costs-from-US-Virgin-Islands-300x158.png 300w, https:\/\/moverdb.com\/wp-content\/uploads\/Shipping-Container-Costs-from-US-Virgin-Islands-1536x809.png 1536w, https:\/\/moverdb.com\/wp-content\/uploads\/Shipping-Container-Costs-from-US-Virgin-Islands-18x9.png 18w, https:\/\/moverdb.com\/wp-content\/uploads\/Shipping-Container-Costs-from-US-Virgin-Islands-600x316.png 600w, https:\/\/moverdb.com\/wp-content\/uploads\/Shipping-Container-Costs-from-US-Virgin-Islands.png 2000w\" sizes=\"auto, (max-width: 1024px) 100vw, 1024px\" \/><\/figure>\n<\/div>\n\n\n<table id=\"tablepress-232\" class=\"tablepress tablepress-id-232\">\n<thead>\n<tr class=\"row-1\">\n\t<th class=\"column-1\">Destinationsland (hamn\/stad)<\/th><th class=\"column-2\">20FT<\/th><th class=\"column-3\">40FT<\/th>\n<\/tr>\n<\/thead>\n<tbody class=\"row-striping row-hover\">\n<tr class=\"row-2\">\n\t<td class=\"column-1\">Andorra (Andorra la Vella)<\/td><td class=\"column-2\">N\/A<\/td><td class=\"column-3\">$355<\/td>\n<\/tr>\n<tr class=\"row-3\">\n\t<td class=\"column-1\"><a href=\"https:\/\/moverdb.com\/sv\/container-shipping\/antigua-and-barbuda\/\" data-internallinksmanager029f6b8e52c=\"92\" title=\"2026 Priser f\u00f6r sj\u00f6transport av containrar till och fr\u00e5n Antigua och Barbuda\">Antigua och Barbuda (St John's)<\/a><\/td><td class=\"column-2\">$600<\/td><td class=\"column-3\">$801<\/td>\n<\/tr>\n<tr class=\"row-4\">\n\t<td class=\"column-1\">Australien (Sydney)<\/td><td class=\"column-2\">N\/A<\/td><td class=\"column-3\">$2,845<\/td>\n<\/tr>\n<tr class=\"row-5\">\n\t<td class=\"column-1\">Belize (Belize City)<\/td><td class=\"column-2\">$1,573<\/td><td class=\"column-3\">$2,993<\/td>\n<\/tr>\n<tr class=\"row-6\">\n\t<td class=\"column-1\">Kanada (Toronto)<\/td><td class=\"column-2\">$1,903<\/td><td class=\"column-3\">$2,468<\/td>\n<\/tr>\n<tr class=\"row-7\">\n\t<td class=\"column-1\">Kina (Shanghai)<\/td><td class=\"column-2\">$1,012<\/td><td class=\"column-3\">$1,344<\/td>\n<\/tr>\n<tr class=\"row-8\">\n\t<td class=\"column-1\">Colombia (Barranquilla)<\/td><td class=\"column-2\">$781<\/td><td class=\"column-3\">$1,155<\/td>\n<\/tr>\n<tr class=\"row-9\">\n\t<td class=\"column-1\">Dominikanska republiken (Santo Domingo)<\/td><td class=\"column-2\">$891<\/td><td class=\"column-3\">$1,176<\/td>\n<\/tr>\n<tr class=\"row-10\">\n\t<td class=\"column-1\"><a href=\"https:\/\/moverdb.com\/sv\/container-shipping\/estonia\/\" data-internallinksmanager029f6b8e52c=\"114\" title=\"2026 Fraktpriser f\u00f6r sj\u00f6transport av containrar till och fr\u00e5n Estland\">Estland (Tallinn)<\/a><\/td><td class=\"column-2\">$1,727<\/td><td class=\"column-3\">$2,300<\/td>\n<\/tr>\n<tr class=\"row-11\">\n\t<td class=\"column-1\"><a href=\"https:\/\/moverdb.com\/sv\/container-shipping\/finland\/\" data-internallinksmanager029f6b8e52c=\"115\" title=\"2026 Fraktpriser f\u00f6r sj\u00f6transport av containrar till och fr\u00e5n Finland\">Finland (Helsingfors)<\/a><\/td><td class=\"column-2\">$1,727<\/td><td class=\"column-3\">$2,300<\/td>\n<\/tr>\n<tr class=\"row-12\">\n\t<td class=\"column-1\">Haiti (Port-au-Prince)<\/td><td class=\"column-2\">$891<\/td><td class=\"column-3\">$1,176<\/td>\n<\/tr>\n<tr class=\"row-13\">\n\t<td class=\"column-1\">Indien (Mumbai)<\/td><td class=\"column-2\">$1,587<\/td><td class=\"column-3\">$1,910<\/td>\n<\/tr>\n<tr class=\"row-14\">\n\t<td class=\"column-1\">Lettland (Riga)<\/td><td class=\"column-2\">$1,837<\/td><td class=\"column-3\">$2,582<\/td>\n<\/tr>\n<tr class=\"row-15\">\n\t<td class=\"column-1\">Litauen (Klaipeda)<\/td><td class=\"column-2\">$1,837<\/td><td class=\"column-3\">$2,582<\/td>\n<\/tr>\n<tr class=\"row-16\">\n\t<td class=\"column-1\">Luxemburg<\/td><td class=\"column-2\">$985<\/td><td class=\"column-3\">$1,313<\/td>\n<\/tr>\n<tr class=\"row-17\">\n\t<td class=\"column-1\">USA (New York)<\/td><td class=\"column-2\">$1,297<\/td><td class=\"column-3\">$1,383<\/td>\n<\/tr>\n<\/tbody>\n<\/table>\n<!-- #tablepress-232 from cache -->\n\n\n\n<h3 class=\"wp-block-heading\">Anm\u00e4rkningar om uppgifter:<\/h3>\n\n\n\n<ul class=\"wp-block-list\">\n<li>Alla $-siffror anges i amerikanska dollar (USD);<\/li>\n\n\n\n<li>Priserna \u00e4r korrekta i b\u00f6rjan av 2022;<\/li>\n\n\n\n<li>Kartorna i den h\u00e4r artikeln skapades med hj\u00e4lp av <a href=\"https:\/\/www.mapchart.net\" target=\"_blank\" rel=\"noreferrer noopener\">https:\/\/www.mapchart.net<\/a>. Du f\u00e5r g\u00e4rna dela med dig av kartorna s\u00e5 l\u00e4nge du anger en l\u00e4nk tillbaka till <a href=\"https:\/\/moverdb.com\/sv\/\" target=\"_blank\" rel=\"noreferrer noopener\">MoverDB<\/a>;<\/li>\n\n\n\n<li>Priserna ovan \u00e4r endast uppskattningar och kan ha \u00e4ndrats sedan den h\u00e4r artikeln publicerades (april 2022). De \u00e4r baserade p\u00e5 den l\u00e4gsta uppskattade skattesatsen fr\u00e5n antingen <a href=\"https:\/\/www.searates.com\" target=\"_blank\" rel=\"noreferrer noopener\">https:\/\/www.searates.com<\/a> eller . <a href=\"https:\/\/www.gocomet.com\/freight-shipping-rates-index-calculator\" target=\"_blank\" rel=\"noreferrer noopener\">https:\/\/www.gocomet.com<\/a>;<\/li>\n\n\n\n<li>F\u00f6r att f\u00e5 en mer exakt uppfattning om kostnaden f\u00f6r dig kan du anv\u00e4nda offertformul\u00e4ret l\u00e4ngst upp p\u00e5 den h\u00e4r sidan;<\/li>\n\n\n\n<li>Se \u00e4ven v\u00e5r guide till <a href=\"https:\/\/moverdb.com\/sv\/container-transport\/\" target=\"_blank\" rel=\"noreferrer noopener\">internationell containertransport<\/a>.<\/li>\n<\/ul>","protected":false},"excerpt":{"rendered":"<p>The US Virgin Islands are perfect for everyone who can afford to retreat to an exclusive getaway spot and live the dream island life. This tiny US territory in the Caribbean comprises 53 islands of which 4 are mainly inhabited (Saint Croix, Saint Thomas, Saint John, and Water island). This tiny paradise is a premium [&hellip;]<\/p>\n","protected":false},"author":2,"featured_media":5558,"parent":44,"menu_order":0,"comment_status":"closed","ping_status":"closed","template":"","meta":{"_genesis_hide_title":false,"_genesis_hide_breadcrumbs":false,"_genesis_hide_singular_image":false,"_genesis_hide_footer_widgets":false,"_genesis_custom_body_class":"","_genesis_custom_post_class":"","_genesis_layout":"","footnotes":""},"class_list":{"0":"post-5575","1":"page","2":"type-page","3":"status-publish","4":"has-post-thumbnail","6":"entry"},"_links":{"self":[{"href":"https:\/\/moverdb.com\/sv\/wp-json\/wp\/v2\/pages\/5575","targetHints":{"allow":["GET"]}}],"collection":[{"href":"https:\/\/moverdb.com\/sv\/wp-json\/wp\/v2\/pages"}],"about":[{"href":"https:\/\/moverdb.com\/sv\/wp-json\/wp\/v2\/types\/page"}],"author":[{"embeddable":true,"href":"https:\/\/moverdb.com\/sv\/wp-json\/wp\/v2\/users\/2"}],"replies":[{"embeddable":true,"href":"https:\/\/moverdb.com\/sv\/wp-json\/wp\/v2\/comments?post=5575"}],"version-history":[{"count":1,"href":"https:\/\/moverdb.com\/sv\/wp-json\/wp\/v2\/pages\/5575\/revisions"}],"predecessor-version":[{"id":5576,"href":"https:\/\/moverdb.com\/sv\/wp-json\/wp\/v2\/pages\/5575\/revisions\/5576"}],"up":[{"embeddable":true,"href":"https:\/\/moverdb.com\/sv\/wp-json\/wp\/v2\/pages\/44"}],"wp:featuredmedia":[{"embeddable":true,"href":"https:\/\/moverdb.com\/sv\/wp-json\/wp\/v2\/media\/5558"}],"wp:attachment":[{"href":"https:\/\/moverdb.com\/sv\/wp-json\/wp\/v2\/media?parent=5575"}],"curies":[{"name":"wp","href":"https:\/\/api.w.org\/{rel}","templated":true}]}}