{"id":5527,"date":"2023-02-01T13:45:10","date_gmt":"2023-02-01T13:45:10","guid":{"rendered":"https:\/\/moverdb.com\/?page_id=5527"},"modified":"2026-01-08T15:29:15","modified_gmt":"2026-01-08T15:29:15","slug":"flyttfirmor-i-chile","status":"publish","type":"page","link":"https:\/\/moverdb.com\/sv\/moving-companies\/chile-moving-companies\/","title":{"rendered":"6 b\u00e4sta internationella flyttfirmor i Chile"},"content":{"rendered":"<p>En flytt kan vara en hektisk och stressig tid, s\u00e4rskilt om du flyttar l\u00e5ngt eller till ett annat land. Det \u00e4r h\u00e4r som en <a href=\"https:\/\/moverdb.com\/sv\/moving-companies\/\" data-internallinksmanager029f6b8e52c=\"79\" title=\"Topp 25 internationella flyttfirmor p\u00e5 n\u00e4tet\">flyttfirma<\/a> kan bidra till att minska din stress genom att ta bort en del av arbetsb\u00f6rdan. Nedan har vi sammanst\u00e4llt en lista \u00f6ver chilenska <a href=\"https:\/\/moverdb.com\/sv\/international-removals\/\" data-internallinksmanager029f6b8e52c=\"27\" title=\"36 b\u00e4sta internationella flyttfirmor i Storbritannien\">flyttfirmor<\/a> som \u00e4r medlemmar i <a href=\"https:\/\/moverdb.com\/sv\/iam\/\" data-internallinksmanager029f6b8e52c=\"23\" title=\"International Association of Movers (IAM) f\u00f6rklaras\">Internationella sammanslutningen av flyttfirmor<\/a> (IAM) och\/eller <a href=\"https:\/\/moverdb.com\/sv\/fidi-faim\/\" data-internallinksmanager029f6b8e52c=\"16\" title=\"FIDI &amp; FAIM (FIDI Accredited International Mover) f\u00f6rklaras\">FIDI<\/a> Accredited International Mover (FAIM) som kan hj\u00e4lpa dig med din flytt.<\/p>\n<div id=\"ez-toc-container\" class=\"ez-toc-v2_0_83 ez-toc-wrap-left counter-hierarchy ez-toc-counter ez-toc-transparent ez-toc-container-direction\">\n<div class=\"ez-toc-title-container\">\n<p class=\"ez-toc-title\" style=\"cursor:inherit\">Avsnitt<\/p>\n<span class=\"ez-toc-title-toggle\"><a href=\"#\" class=\"ez-toc-pull-right ez-toc-btn ez-toc-btn-xs ez-toc-btn-default ez-toc-toggle\" aria-label=\"V\u00e4xla till inneh\u00e5llsf\u00f6rteckning\"><span class=\"ez-toc-js-icon-con\"><span class=\"\"><span class=\"eztoc-hide\" style=\"display:none;\">V\u00e4xel<\/span><span class=\"ez-toc-icon-toggle-span\"><svg style=\"fill: #999;color:#999\" xmlns=\"http:\/\/www.w3.org\/2000\/svg\" class=\"list-377408\" width=\"20px\" height=\"20px\" viewbox=\"0 0 24 24\" fill=\"none\"><path d=\"M6 6H4v2h2V6zm14 0H8v2h12V6zM4 11h2v2H4v-2zm16 0H8v2h12v-2zM4 16h2v2H4v-2zm16 0H8v2h12v-2z\" fill=\"currentColor\"><\/path><\/svg><svg style=\"fill: #999;color:#999\" class=\"arrow-unsorted-368013\" xmlns=\"http:\/\/www.w3.org\/2000\/svg\" width=\"10px\" height=\"10px\" viewbox=\"0 0 24 24\" version=\"1.2\" baseprofile=\"tiny\"><path d=\"M18.2 9.3l-6.2-6.3-6.2 6.3c-.2.2-.3.4-.3.7s.1.5.3.7c.2.2.4.3.7.3h11c.3 0 .5-.1.7-.3.2-.2.3-.5.3-.7s-.1-.5-.3-.7zM5.8 14.7l6.2 6.3 6.2-6.3c.2-.2.3-.5.3-.7s-.1-.5-.3-.7c-.2-.2-.4-.3-.7-.3h-11c-.3 0-.5.1-.7.3-.2.2-.3.5-.3.7s.1.5.3.7z\"\/><\/svg><\/span><\/span><\/span><\/a><\/span><\/div>\n<nav><ul class='ez-toc-list ez-toc-list-level-1 eztoc-toggle-hide-by-default' ><li class='ez-toc-page-1 ez-toc-heading-level-2'><a class=\"ez-toc-link ez-toc-heading-1\" href=\"https:\/\/moverdb.com\/sv\/moving-companies\/chile-moving-companies\/#1_Unipack\" >1. Unipack<\/a><\/li><li class='ez-toc-page-1 ez-toc-heading-level-2'><a class=\"ez-toc-link ez-toc-heading-2\" href=\"https:\/\/moverdb.com\/sv\/moving-companies\/chile-moving-companies\/#2_Atlas_International_Movers\" >2. Atlas International Movers<\/a><\/li><li class='ez-toc-page-1 ez-toc-heading-level-2'><a class=\"ez-toc-link ez-toc-heading-3\" href=\"https:\/\/moverdb.com\/sv\/moving-companies\/chile-moving-companies\/#3_Decapack\" >3. Avtackning<\/a><\/li><li class='ez-toc-page-1 ez-toc-heading-level-2'><a class=\"ez-toc-link ez-toc-heading-4\" href=\"https:\/\/moverdb.com\/sv\/moving-companies\/chile-moving-companies\/#4_Global_Alliance_International\" >4. Global Alliance International<\/a><\/li><li class='ez-toc-page-1 ez-toc-heading-level-2'><a class=\"ez-toc-link ez-toc-heading-5\" href=\"https:\/\/moverdb.com\/sv\/moving-companies\/chile-moving-companies\/#5_REMSSA\" >5. REMSSA<\/a><\/li><li class='ez-toc-page-1 ez-toc-heading-level-2'><a class=\"ez-toc-link ez-toc-heading-6\" href=\"https:\/\/moverdb.com\/sv\/moving-companies\/chile-moving-companies\/#6_Ward_Van_Lines\" >6. Ward Van Lines<\/a><\/li><li class='ez-toc-page-1 ez-toc-heading-level-2'><a class=\"ez-toc-link ez-toc-heading-7\" href=\"https:\/\/moverdb.com\/sv\/moving-companies\/chile-moving-companies\/#Other_Useful_Guides_to_Chile\" >Andra anv\u00e4ndbara guider till Chile<\/a><\/li><\/ul><\/nav><\/div>\n<h2><span class=\"ez-toc-section\" id=\"1_Unipack\"><\/span><strong>1. Unipack<\/strong><span class=\"ez-toc-section-end\"><\/span><\/h2>\n<p><img loading=\"lazy\" decoding=\"async\" class=\"alignnone size-full wp-image-5496\" src=\"https:\/\/moverdb.com\/wp-content\/uploads\/Unipack-international-moving-company.png\" alt=\"Unipack internationell flyttfirma\" width=\"1440\" height=\"683\" data-wp-pid=\"5496\" srcset=\"https:\/\/moverdb.com\/wp-content\/uploads\/Unipack-international-moving-company.png 1440w, https:\/\/moverdb.com\/wp-content\/uploads\/Unipack-international-moving-company-300x142.png 300w, https:\/\/moverdb.com\/wp-content\/uploads\/Unipack-international-moving-company-1024x486.png 1024w, https:\/\/moverdb.com\/wp-content\/uploads\/Unipack-international-moving-company-18x9.png 18w, https:\/\/moverdb.com\/wp-content\/uploads\/Unipack-international-moving-company-600x285.png 600w\" sizes=\"auto, (max-width: 1440px) 100vw, 1440px\" \/><\/p>\n<ul>\n<li>Nationella flyttningar<\/li>\n<li>Internationella flyttar<\/li>\n<li>Hush\u00e5llsflyttar<\/li>\n<li>Inspektion i hemmet<\/li>\n<li>Packning och uppackning<\/li>\n<li>Demontera och montera m\u00f6bler<\/li>\n<li>Land-, sj\u00f6- och lufttransporter<\/li>\n<li>St\u00f6d f\u00f6r dokumentation<\/li>\n<li>Transport av s\u00e4llskapsdjur<\/li>\n<li>Kort- till l\u00e5ngtidsf\u00f6rvaring<\/li>\n<\/ul>\n<p>Unipack \u00e4r en nationell och internationell flyttfirma som grundades 1993 i Santiago. De har ett n\u00e4tverk av agenter \u00f6ver hela v\u00e4rlden som hj\u00e4lper dem med internationella flyttar p\u00e5 fem kontinenter. De \u00e4r medlemmar i IAM med 29 \u00e5rs erfarenhet och \u00e4r ackrediterade av FIDI.<\/p>\n<p>Unipack anv\u00e4nder den senaste f\u00f6rpacknings- och transporttekniken samt material f\u00f6r att leverera s\u00e4kra flyttningar till sina kunder. Deras process b\u00f6rjar med en inspektion i hemmet och dokumenten diskuteras. De packar, demonterar dina m\u00f6bler och ordnar transport p\u00e5 v\u00e4g, i luften eller till sj\u00f6ss, och packar sedan upp och monterar dina m\u00f6bler p\u00e5 destinationen. De hj\u00e4lper dig med dokumentation, inklusive tullklarering.<\/p>\n<p>Webbplats: <a href=\"http:\/\/www.unipack.cl\" target=\"_blank\" rel=\"noopener\">http:\/\/www.unipack.cl<\/a><\/p>\n<h2><span class=\"ez-toc-section\" id=\"2_Atlas_International_Movers\"><\/span><strong>2. Atlas International Movers<\/strong><span class=\"ez-toc-section-end\"><\/span><\/h2>\n<p><img loading=\"lazy\" decoding=\"async\" class=\"alignnone size-full wp-image-5415\" src=\"https:\/\/moverdb.com\/wp-content\/uploads\/Atlas-International-Movers-moving-company.png\" alt=\"Atlas International Movers flyttfirma\" width=\"1440\" height=\"682\" data-wp-pid=\"5415\" srcset=\"https:\/\/moverdb.com\/wp-content\/uploads\/Atlas-International-Movers-moving-company.png 1440w, https:\/\/moverdb.com\/wp-content\/uploads\/Atlas-International-Movers-moving-company-300x142.png 300w, https:\/\/moverdb.com\/wp-content\/uploads\/Atlas-International-Movers-moving-company-1024x485.png 1024w, https:\/\/moverdb.com\/wp-content\/uploads\/Atlas-International-Movers-moving-company-18x9.png 18w, https:\/\/moverdb.com\/wp-content\/uploads\/Atlas-International-Movers-moving-company-600x284.png 600w\" sizes=\"auto, (max-width: 1440px) 100vw, 1440px\" \/><\/p>\n<ul>\n<li>Nationella flyttningar<\/li>\n<li>Internationella flyttar<\/li>\n<li>Hush\u00e5llsflyttar<\/li>\n<li>Flyttning av kontor<\/li>\n<li>D\u00f6rr-till-d\u00f6rr-tj\u00e4nster<\/li>\n<li>H\u00f6gkvalitativ f\u00f6rpackningstj\u00e4nst<\/li>\n<li>Land-, sj\u00f6- och luftfrakt<\/li>\n<li>Transport av konstverk<\/li>\n<li>Biltransporter<\/li>\n<li>Kort- till l\u00e5ngtidsf\u00f6rvaring<\/li>\n<\/ul>\n<p>Atlas International Movers har \u00f6ver 25 \u00e5rs erfarenhet av att flytta bost\u00e4der och kontor i <a href=\"https:\/\/moverdb.com\/sv\/moving-to-chile\/\" data-internallinksmanager029f6b8e52c=\"426\" title=\"Flyttar du till Chile? 2026 Levnadskostnader och tips om flytt\">Chile<\/a> och till eller fr\u00e5n Chile. De arbetar med ett n\u00e4tverk av p\u00e5litliga flyttagenter runt om i v\u00e4rlden f\u00f6r att slutf\u00f6ra internationella flyttar. De \u00e4r medlemmar i IAM med 16 \u00e5rs erfarenhet.<\/p>\n<p>Atlas International Movers g\u00f6r ett bes\u00f6k hemma f\u00f6r att bed\u00f6ma dina behov och guidar dig genom processen och dokumentationen. De tillhandah\u00e5ller utbildad personal som packar dina tillh\u00f6righeter enligt en h\u00f6g standard f\u00f6r att skydda dem under transporten p\u00e5 land, till sj\u00f6ss eller i luften. De hj\u00e4lper dig med tulldokumentation vid import och export.<\/p>\n<p>Webbplats: <a href=\"http:\/\/www.atlasinternationalchile.cl\" target=\"_blank\" rel=\"noopener\">http:\/\/www.atlasinternationalchile.cl<\/a><\/p>\n<h2><span class=\"ez-toc-section\" id=\"3_Decapack\"><\/span><strong>3. Avtackning<\/strong><span class=\"ez-toc-section-end\"><\/span><\/h2>\n<p><img loading=\"lazy\" decoding=\"async\" class=\"alignnone size-full wp-image-5430\" src=\"https:\/\/moverdb.com\/wp-content\/uploads\/Decapack-international-moving-company.png\" alt=\"Decapack internationell flyttfirma\" width=\"1440\" height=\"680\" data-wp-pid=\"5430\" srcset=\"https:\/\/moverdb.com\/wp-content\/uploads\/Decapack-international-moving-company.png 1440w, https:\/\/moverdb.com\/wp-content\/uploads\/Decapack-international-moving-company-300x142.png 300w, https:\/\/moverdb.com\/wp-content\/uploads\/Decapack-international-moving-company-1024x484.png 1024w, https:\/\/moverdb.com\/wp-content\/uploads\/Decapack-international-moving-company-18x9.png 18w, https:\/\/moverdb.com\/wp-content\/uploads\/Decapack-international-moving-company-600x283.png 600w\" sizes=\"auto, (max-width: 1440px) 100vw, 1440px\" \/><\/p>\n<ul>\n<li>Nationella flyttningar<\/li>\n<li>Internationella flyttar<\/li>\n<li>Flyttning av bost\u00e4der<\/li>\n<li>Flyttning av kontor<\/li>\n<li>Flyttj\u00e4nster<\/li>\n<li>D\u00f6rr-till-d\u00f6rr-tj\u00e4nster<\/li>\n<li>F\u00f6rpackningstj\u00e4nst<\/li>\n<li>F\u00f6rs\u00e4kring<\/li>\n<li>Specialisttj\u00e4nst f\u00f6r konstverk<\/li>\n<li>Kort- till l\u00e5ngtidsf\u00f6rvaring<\/li>\n<\/ul>\n<p>Decapack \u00e4r ett internationellt flyttf\u00f6retag i Santiago som grundades 1942. De har en n\u00e4rvaro i San Antonio och Valparaiso. <a href=\"https:\/\/moverdb.com\/sv\/top-49-container-ports\/\" data-internallinksmanager029f6b8e52c=\"80\" title=\"Topp 49 st\u00f6rsta och mest trafikerade containerhamnar 2025\">portar<\/a> och Santiagos internationella flygplats. De \u00e4r medlemmar i IAM med 52 \u00e5rs erfarenhet och \u00e4r ackrediterade av FIDI.<\/p>\n<p>Decapack erbjuder en d\u00f6rr-till-d\u00f6rr-tj\u00e4nst som b\u00f6rjar med att ordna ett bes\u00f6k f\u00f6r att bed\u00f6ma dina behov, personligen eller virtuellt. De ger personlig r\u00e5dgivning fr\u00e5n en utsedd samordnare som hj\u00e4lper dig med pappersarbete och dokumentation. De tillhandah\u00e5ller en f\u00f6rpackningstj\u00e4nst f\u00f6r att skydda dina tillh\u00f6righeter och en f\u00f6rs\u00e4kring f\u00f6r att skydda dig mot ov\u00e4ntade h\u00e4ndelser.<\/p>\n<p>Webbplats: <a href=\"http:\/\/www.decapack.com\" target=\"_blank\" rel=\"noopener\">http:\/\/www.decapack.com<\/a><\/p>\n<h2><span class=\"ez-toc-section\" id=\"4_Global_Alliance_International\"><\/span><strong>4. Global Alliance International<\/strong><span class=\"ez-toc-section-end\"><\/span><\/h2>\n<p><img loading=\"lazy\" decoding=\"async\" class=\"alignnone size-full wp-image-5441\" src=\"https:\/\/moverdb.com\/wp-content\/uploads\/Global-Alliance-International-moving-company.png\" alt=\"Global Alliance Internationellt flyttf\u00f6retag\" width=\"1440\" height=\"677\" data-wp-pid=\"5441\" srcset=\"https:\/\/moverdb.com\/wp-content\/uploads\/Global-Alliance-International-moving-company.png 1440w, https:\/\/moverdb.com\/wp-content\/uploads\/Global-Alliance-International-moving-company-300x141.png 300w, https:\/\/moverdb.com\/wp-content\/uploads\/Global-Alliance-International-moving-company-1024x481.png 1024w, https:\/\/moverdb.com\/wp-content\/uploads\/Global-Alliance-International-moving-company-18x8.png 18w, https:\/\/moverdb.com\/wp-content\/uploads\/Global-Alliance-International-moving-company-600x282.png 600w\" sizes=\"auto, (max-width: 1440px) 100vw, 1440px\" \/><\/p>\n<ul>\n<li>Nationella flyttningar<\/li>\n<li>Internationella flyttar<\/li>\n<li>Flyttning av bost\u00e4der<\/li>\n<li>F\u00f6retagsflyttar<\/li>\n<li>V\u00e4lutbildad personal<\/li>\n<li>Fullst\u00e4ndig f\u00f6rpackningstj\u00e4nst<\/li>\n<li>Land-, sj\u00f6- och lufttransporter<\/li>\n<li>Tullst\u00f6d<\/li>\n<li>Transport av s\u00e4llskapsdjur<\/li>\n<li>Tillf\u00e4lliga och permanenta lagringsl\u00f6sningar<\/li>\n<\/ul>\n<p>Global Alliance International \u00e4r ett chilenska flyttf\u00f6retag som grundades 1995 och \u00e4r ett dotterbolag till Express Movers Transportes. De samarbetar med flyttfirmor p\u00e5 destinationen f\u00f6r att genomf\u00f6ra internationella flyttar. De \u00e4r medlemmar i IAM med 16 \u00e5rs erfarenhet.<\/p>\n<p>Global Alliance International tillhandah\u00e5ller ett team av packare som demonterar och packar alla dina \u00e4godelar med hj\u00e4lp av l\u00e4mpligaste f\u00f6rpackningsmaterial och specialkartonger f\u00f6r att skydda dem. De tillhandah\u00e5ller ocks\u00e5 en inventarief\u00f6rteckning, m\u00e4rkta l\u00e5dor och containrar f\u00f6r transport p\u00e5 land, i luften eller till sj\u00f6ss samt st\u00f6d med tulldokumentation. De erbjuder ocks\u00e5 tillf\u00e4lliga och permanenta f\u00f6rvaringsl\u00f6sningar.<\/p>\n<p>Webbplats: <a href=\"http:\/\/www.globalalliancechile.com\" target=\"_blank\" rel=\"noopener\">http:\/\/www.globalalliancechile.com<\/a><\/p>\n<h2><span class=\"ez-toc-section\" id=\"5_REMSSA\"><\/span><strong>5. REMSSA<\/strong><span class=\"ez-toc-section-end\"><\/span><\/h2>\n<p><img loading=\"lazy\" decoding=\"async\" class=\"alignnone size-full wp-image-5482\" src=\"https:\/\/moverdb.com\/wp-content\/uploads\/REMSSA-international-moving-company.png\" alt=\"REMSSA internationell flyttfirma\" width=\"1440\" height=\"683\" data-wp-pid=\"5482\" srcset=\"https:\/\/moverdb.com\/wp-content\/uploads\/REMSSA-international-moving-company.png 1440w, https:\/\/moverdb.com\/wp-content\/uploads\/REMSSA-international-moving-company-300x142.png 300w, https:\/\/moverdb.com\/wp-content\/uploads\/REMSSA-international-moving-company-1024x486.png 1024w, https:\/\/moverdb.com\/wp-content\/uploads\/REMSSA-international-moving-company-18x9.png 18w, https:\/\/moverdb.com\/wp-content\/uploads\/REMSSA-international-moving-company-600x285.png 600w\" sizes=\"auto, (max-width: 1440px) 100vw, 1440px\" \/><\/p>\n<ul>\n<li>Nationella flyttningar<\/li>\n<li>Internationella flyttar<\/li>\n<li>Flyttning av bost\u00e4der<\/li>\n<li>Flyttning av kontor<\/li>\n<li>Flyttning<\/li>\n<li>D\u00f6rr-till-d\u00f6rr-tj\u00e4nster<\/li>\n<li>F\u00f6rpackningstj\u00e4nst<\/li>\n<li>Transport av konstverk<\/li>\n<li>Transport av s\u00e4llskapsdjur<\/li>\n<li>S\u00e4kra f\u00f6rvaringsutrymmen<\/li>\n<\/ul>\n<p>REMSSA \u00e4r ett flyttf\u00f6retag i Santiago som grundades \u00e5r 2000 och har filialer i hela Chile p\u00e5 flygplatser och i hamnar. De erbjuder nationella och internationella flyttj\u00e4nster till hush\u00e5ll och f\u00f6retagskunder. De \u00e4r medlemmar i IAM med 22 \u00e5rs erfarenhet.<\/p>\n<p>REMSSA erbjuder en personlig flyttservice som levererar din flytt eller omlokalisering fr\u00e5n d\u00f6rr till d\u00f6rr. De tillhandah\u00e5ller en tj\u00e4nst f\u00f6r packning, lastning och uppackning med industriell lastf\u00f6rpackning f\u00f6r att skydda den under transporten. De erbjuder ocks\u00e5 specialtj\u00e4nster som st\u00f6d f\u00f6r invandring, transport av konstverk, transport av husdjur och s\u00e4kra f\u00f6rvaringsutrymmen vid behov.<\/p>\n<p>Webbplats: <a href=\"http:\/\/www.remssa.cl\" target=\"_blank\" rel=\"noopener\">http:\/\/www.remssa.cl<\/a><\/p>\n<h2><span class=\"ez-toc-section\" id=\"6_Ward_Van_Lines\"><\/span><strong>6. Ward Van Lines<\/strong><span class=\"ez-toc-section-end\"><\/span><\/h2>\n<p><img loading=\"lazy\" decoding=\"async\" class=\"alignnone size-full wp-image-5499\" src=\"https:\/\/moverdb.com\/wp-content\/uploads\/Ward-Van-Lines-international-moving-company.png\" alt=\"Ward Van Lines internationellt flyttf\u00f6retag\" width=\"1440\" height=\"680\" data-wp-pid=\"5499\" srcset=\"https:\/\/moverdb.com\/wp-content\/uploads\/Ward-Van-Lines-international-moving-company.png 1440w, https:\/\/moverdb.com\/wp-content\/uploads\/Ward-Van-Lines-international-moving-company-300x142.png 300w, https:\/\/moverdb.com\/wp-content\/uploads\/Ward-Van-Lines-international-moving-company-1024x484.png 1024w, https:\/\/moverdb.com\/wp-content\/uploads\/Ward-Van-Lines-international-moving-company-18x9.png 18w, https:\/\/moverdb.com\/wp-content\/uploads\/Ward-Van-Lines-international-moving-company-600x283.png 600w\" sizes=\"auto, (max-width: 1440px) 100vw, 1440px\" \/><\/p>\n<ul>\n<li>Nationella flyttningar<\/li>\n<li>Internationella flyttar<\/li>\n<li>Personlig service<\/li>\n<li>F\u00f6rpackningar med f\u00f6rstklassigt material<\/li>\n<li>Demontera och montera m\u00f6bler<\/li>\n<li>M\u00e4rkning av artiklar f\u00f6r st\u00e4ndig sp\u00e5rning<\/li>\n<li>Sp\u00e5ra dina f\u00f6rflyttningar med hj\u00e4lp av GPS-sp\u00e5rning<\/li>\n<li>Exportdokumentation, inklusive tullklarering<\/li>\n<li>F\u00f6rs\u00e4kring<\/li>\n<li>S\u00e4kra f\u00f6rvaringsutrymmen<\/li>\n<\/ul>\n<p>Ward Van Lines \u00e4r ett internationellt och nationellt flyttf\u00f6retag som grundades 1969. Deras huvudkontor ligger i Santiago och har kontor i de viktigaste hamnarna, bland annat Valparaiso och San Antonio. De \u00e4r medlemmar i IAM med 53 \u00e5rs erfarenhet och \u00e4r ackrediterade av FIDI.<\/p>\n<p>Ward Van Lines erbjuder en personlig d\u00f6rr-till-d\u00f6rr-tj\u00e4nst som anv\u00e4nder f\u00f6rstklassigt material f\u00f6r att packa dina tillh\u00f6righeter p\u00e5 ett s\u00e4kert s\u00e4tt och anv\u00e4nder tr\u00e4l\u00e5dor f\u00f6r \u00f6mt\u00e5liga f\u00f6rem\u00e5l. De g\u00f6r en inventering och m\u00e4rker alla dina f\u00f6rem\u00e5l med unika streckkoder f\u00f6r att identifiera dina tillh\u00f6righeter. Deras lastbilar har GPS-sp\u00e5rning som g\u00f6r att du kan sp\u00e5ra dina tillh\u00f6righeter dygnet runt.<\/p>\n<p>Webbplats: <a href=\"http:\/\/www.wardvanlines.com\" target=\"_blank\" rel=\"noopener\">http:\/\/www.wardvanlines.com<\/a><\/p>\n<h2><span class=\"ez-toc-section\" id=\"Other_Useful_Guides_to_Chile\"><\/span>Andra anv\u00e4ndbara guider till Chile<span class=\"ez-toc-section-end\"><\/span><\/h2>\n<ul>\n<li> <a href=\"https:\/\/moverdb.com\/sv\/container-transport\/chili\/\">2024 Sj\u00f6frakt Containerfraktpriser till och fr\u00e5n Chile<\/a><\/li>\n<li> <a href=\"https:\/\/moverdb.com\/sv\/moving-to-chile\/\">Flyttar du till Chile? 2026 Levnadskostnader och tips om flytt<\/a><\/li>\n<li> <a href=\"https:\/\/moverdb.com\/sv\/moving-to-chile\/best-places-to-live-chile\/\">12 b\u00e4sta platserna att bo i Chile<\/a><\/li>\n<\/ul>","protected":false},"excerpt":{"rendered":"<p>Moving can be a busy and stressful time especially in you are moving long distance or to another country. This is where a moving company can help reduce your stress by taking away some of the workload. Below we have compiled a list of Chilean removal companies that are members of the International Association of [&hellip;]<\/p>\n","protected":false},"author":4,"featured_media":0,"parent":190,"menu_order":0,"comment_status":"closed","ping_status":"closed","template":"","meta":{"_genesis_hide_title":false,"_genesis_hide_breadcrumbs":false,"_genesis_hide_singular_image":false,"_genesis_hide_footer_widgets":false,"_genesis_custom_body_class":"","_genesis_custom_post_class":"","_genesis_layout":"","footnotes":""},"class_list":{"0":"post-5527","1":"page","2":"type-page","3":"status-publish","5":"entry","6":"has-post-thumbnail"},"_links":{"self":[{"href":"https:\/\/moverdb.com\/sv\/wp-json\/wp\/v2\/pages\/5527","targetHints":{"allow":["GET"]}}],"collection":[{"href":"https:\/\/moverdb.com\/sv\/wp-json\/wp\/v2\/pages"}],"about":[{"href":"https:\/\/moverdb.com\/sv\/wp-json\/wp\/v2\/types\/page"}],"author":[{"embeddable":true,"href":"https:\/\/moverdb.com\/sv\/wp-json\/wp\/v2\/users\/4"}],"replies":[{"embeddable":true,"href":"https:\/\/moverdb.com\/sv\/wp-json\/wp\/v2\/comments?post=5527"}],"version-history":[{"count":4,"href":"https:\/\/moverdb.com\/sv\/wp-json\/wp\/v2\/pages\/5527\/revisions"}],"predecessor-version":[{"id":16390,"href":"https:\/\/moverdb.com\/sv\/wp-json\/wp\/v2\/pages\/5527\/revisions\/16390"}],"up":[{"embeddable":true,"href":"https:\/\/moverdb.com\/sv\/wp-json\/wp\/v2\/pages\/190"}],"wp:attachment":[{"href":"https:\/\/moverdb.com\/sv\/wp-json\/wp\/v2\/media?parent=5527"}],"curies":[{"name":"wp","href":"https:\/\/api.w.org\/{rel}","templated":true}]}}