{"id":5518,"date":"2023-02-01T13:53:00","date_gmt":"2023-02-01T13:53:00","guid":{"rendered":"https:\/\/moverdb.com\/?page_id=5518"},"modified":"2026-01-08T15:29:50","modified_gmt":"2026-01-08T15:29:50","slug":"burkina-faso-flyttforetag","status":"publish","type":"page","link":"https:\/\/moverdb.com\/sv\/moving-companies\/burkina-faso-moving-companies\/","title":{"rendered":"B\u00e4sta internationella flyttfirmor i Burkina Faso"},"content":{"rendered":"<p>Om du planerar en flytt i Burkina Faso, eller om du flyttar till eller fr\u00e5n Burkina Faso kan det vara bra att anlita hj\u00e4lp av en flyttfirma. En flyttfirma kan l\u00e4tta p\u00e5 b\u00f6rdan fysiskt och mentalt, s\u00e4rskilt om du flyttar l\u00e4nder. Nedan har vi sammanst\u00e4llt en lista \u00f6ver Burkina Faso <a href=\"https:\/\/moverdb.com\/sv\/moving-companies\/\" data-internallinksmanager029f6b8e52c=\"79\" title=\"Topp 25 internationella flyttfirmor p\u00e5 n\u00e4tet\">flyttfirmor<\/a> som \u00e4r medlemmar i <a href=\"https:\/\/moverdb.com\/sv\/iam\/\" data-internallinksmanager029f6b8e52c=\"23\" title=\"International Association of Movers (IAM) f\u00f6rklaras\">Internationella sammanslutningen av flyttfirmor<\/a> (IAM) som kan hj\u00e4lpa dig.<\/p>\n<p><strong>Flytta ett<\/strong><\/p>\n<p><img loading=\"lazy\" decoding=\"async\" class=\"alignnone size-full wp-image-5461\" src=\"https:\/\/moverdb.com\/wp-content\/uploads\/Move-One-international-moving-company.png\" alt=\"Move One internationellt flyttf\u00f6retag\" width=\"1440\" height=\"680\" data-wp-pid=\"5461\" srcset=\"https:\/\/moverdb.com\/wp-content\/uploads\/Move-One-international-moving-company.png 1440w, https:\/\/moverdb.com\/wp-content\/uploads\/Move-One-international-moving-company-300x142.png 300w, https:\/\/moverdb.com\/wp-content\/uploads\/Move-One-international-moving-company-1024x484.png 1024w, https:\/\/moverdb.com\/wp-content\/uploads\/Move-One-international-moving-company-18x9.png 18w, https:\/\/moverdb.com\/wp-content\/uploads\/Move-One-international-moving-company-600x283.png 600w\" sizes=\"auto, (max-width: 1440px) 100vw, 1440px\" \/><\/p>\n<ul>\n<li>Internationella flyttar<\/li>\n<li>Flyttningar<\/li>\n<li>Flyttning av bost\u00e4der<\/li>\n<li>Flyttning av kontor<\/li>\n<li>St\u00f6d till invandring<\/li>\n<li>Utbildad och professionell personal<\/li>\n<li>Transport av s\u00e4llskapsdjur<\/li>\n<li>Hj\u00e4lp med att hitta ett hem och skolor<\/li>\n<li>Inskolning i tj\u00e4nsterna<\/li>\n<li>F\u00f6rvaringsutrymmen<\/li>\n<\/ul>\n<p>Move One \u00e4r ett flyttf\u00f6retag som grundades 1992 och har en filial i Oagadougou och erbjuder l\u00f6sningar f\u00f6r logistik, flyttning och global r\u00f6rlighet. De h\u00e4vdar att de \u00e4r marknadsledande i Europa, Afrika, Mellan\u00f6stern, Balkan och OSS. De \u00e4r medlemmar i IAM med 23 \u00e5rs erfarenhet. De ing\u00e5r i ett n\u00e4tverk av internationella flyttfirmor f\u00f6r att tillhandah\u00e5lla internationella flyttar.<\/p>\n<p>Move One erbjuder flytt- och flyttj\u00e4nster som inkluderar professionellt st\u00f6d fr\u00e5n utbildad personal som hj\u00e4lper dig med din flytt och kan ge dig st\u00f6d f\u00f6r invandring f\u00f6r att navigera i byr\u00e5kratin. De kan hj\u00e4lpa till med att transportera husdjur, hitta ett hem och skolor.<\/p>\n<p>Webbplats: <a href=\"https:\/\/www.moveoneinc.com\/\" target=\"_blank\" rel=\"noopener\">https:\/\/www.moveoneinc.com\/<\/a><\/p>","protected":false},"excerpt":{"rendered":"<p>If you are planning a move in Burkina Faso, or moving to or from Burkina Faso then enlisting the assistance of a moving company can help. A moving company can lighten the load physical and mentally especially if you are moving countries. Below we have compiled a list of Burkina Faso moving companies that are [&hellip;]<\/p>\n","protected":false},"author":4,"featured_media":0,"parent":190,"menu_order":0,"comment_status":"closed","ping_status":"closed","template":"","meta":{"_genesis_hide_title":false,"_genesis_hide_breadcrumbs":false,"_genesis_hide_singular_image":false,"_genesis_hide_footer_widgets":false,"_genesis_custom_body_class":"","_genesis_custom_post_class":"","_genesis_layout":"","footnotes":""},"class_list":{"0":"post-5518","1":"page","2":"type-page","3":"status-publish","5":"entry"},"_links":{"self":[{"href":"https:\/\/moverdb.com\/sv\/wp-json\/wp\/v2\/pages\/5518","targetHints":{"allow":["GET"]}}],"collection":[{"href":"https:\/\/moverdb.com\/sv\/wp-json\/wp\/v2\/pages"}],"about":[{"href":"https:\/\/moverdb.com\/sv\/wp-json\/wp\/v2\/types\/page"}],"author":[{"embeddable":true,"href":"https:\/\/moverdb.com\/sv\/wp-json\/wp\/v2\/users\/4"}],"replies":[{"embeddable":true,"href":"https:\/\/moverdb.com\/sv\/wp-json\/wp\/v2\/comments?post=5518"}],"version-history":[{"count":1,"href":"https:\/\/moverdb.com\/sv\/wp-json\/wp\/v2\/pages\/5518\/revisions"}],"predecessor-version":[{"id":5519,"href":"https:\/\/moverdb.com\/sv\/wp-json\/wp\/v2\/pages\/5518\/revisions\/5519"}],"up":[{"embeddable":true,"href":"https:\/\/moverdb.com\/sv\/wp-json\/wp\/v2\/pages\/190"}],"wp:attachment":[{"href":"https:\/\/moverdb.com\/sv\/wp-json\/wp\/v2\/media?parent=5518"}],"curies":[{"name":"wp","href":"https:\/\/api.w.org\/{rel}","templated":true}]}}