{"id":5512,"date":"2023-02-01T13:54:26","date_gmt":"2023-02-01T13:54:26","guid":{"rendered":"https:\/\/moverdb.com\/?page_id=5512"},"modified":"2026-01-08T15:29:51","modified_gmt":"2026-01-08T15:29:51","slug":"burundi-flyttforetag","status":"publish","type":"page","link":"https:\/\/moverdb.com\/sv\/moving-companies\/burundi-moving-companies\/","title":{"rendered":"B\u00e4sta internationella flyttfirmor i Burundi"},"content":{"rendered":"<p>Om du vill flytta hem eller f\u00f6retag till Burundi, flytta till eller fr\u00e5n Burundi kan du vara intresserad av tj\u00e4nsterna fr\u00e5n en <a href=\"https:\/\/moverdb.com\/sv\/moving-companies\/\" data-internallinksmanager029f6b8e52c=\"79\" title=\"Topp 25 internationella flyttfirmor p\u00e5 n\u00e4tet\">flyttfirma<\/a> som kan underl\u00e4tta flytten f\u00f6r dig. Nedan har vi sammanst\u00e4llt en lista \u00f6ver Burundi <a href=\"https:\/\/moverdb.com\/sv\/international-removals\/\" data-internallinksmanager029f6b8e52c=\"27\" title=\"36 b\u00e4sta internationella flyttfirmor i Storbritannien\">flyttfirmor<\/a> som \u00e4r medlemmar i <a href=\"https:\/\/moverdb.com\/sv\/iam\/\" data-internallinksmanager029f6b8e52c=\"23\" title=\"International Association of Movers (IAM) f\u00f6rklaras\">Internationella sammanslutningen av flyttfirmor<\/a> (IAM) som kan hj\u00e4lpa dig.<\/p>\n<h2><strong>Great Lakes Logistics<\/strong><\/h2>\n<p><img loading=\"lazy\" decoding=\"async\" class=\"alignnone size-full wp-image-5444\" src=\"https:\/\/moverdb.com\/wp-content\/uploads\/Great-Lakes-Logistics-international-moving-company.png\" alt=\"Great Lakes Logistics internationell flyttfirma\" width=\"1440\" height=\"679\" data-wp-pid=\"5444\" srcset=\"https:\/\/moverdb.com\/wp-content\/uploads\/Great-Lakes-Logistics-international-moving-company.png 1440w, https:\/\/moverdb.com\/wp-content\/uploads\/Great-Lakes-Logistics-international-moving-company-300x141.png 300w, https:\/\/moverdb.com\/wp-content\/uploads\/Great-Lakes-Logistics-international-moving-company-1024x483.png 1024w, https:\/\/moverdb.com\/wp-content\/uploads\/Great-Lakes-Logistics-international-moving-company-18x8.png 18w, https:\/\/moverdb.com\/wp-content\/uploads\/Great-Lakes-Logistics-international-moving-company-600x283.png 600w\" sizes=\"auto, (max-width: 1440px) 100vw, 1440px\" \/><\/p>\n<ul>\n<li>Nationella flyttningar<\/li>\n<li>Internationella flyttar<\/li>\n<li>Flyttning av bost\u00e4der<\/li>\n<li>Sm\u00e5 kommersiella flyttar<\/li>\n<li>V\u00e4g-, j\u00e4rnv\u00e4gs-, sj\u00f6- och luftfrakt<\/li>\n<li>Tj\u00e4nster f\u00f6r packning, lastning och lossning<\/li>\n<li>Inventering online<\/li>\n<li>Tullklarering<\/li>\n<li>T\u00e4cker \u00d6stafrika<\/li>\n<li>F\u00f6rvaringsutrymmen<\/li>\n<\/ul>\n<p>Great Lakes Logistics \u00e4r ett f\u00f6retag f\u00f6r clearing, spedition, frakt och lagring som grundades 2015 i Burundi som en filial till ett stort f\u00f6retag i F\u00f6renade Arabemiraten. De tillhandah\u00e5ller flyttj\u00e4nster i Burundi, Rwanda, <a href=\"https:\/\/moverdb.com\/sv\/moving-companies\/moving-companies-kenya\/\" data-internallinksmanager029f6b8e52c=\"305\" title=\"4 b\u00e4sta internationella flyttfirmor i Kenya\">Kenya<\/a>, Uganda, Tanzania, Sydsudan, <a href=\"https:\/\/moverdb.com\/sv\/moving-companies\/moving-companies-mozambique\/\" data-internallinksmanager029f6b8e52c=\"286\" title=\"4 b\u00e4sta internationella flyttfirmor i Mo\u00e7ambique\">Mo\u00e7ambique<\/a>, <a href=\"https:\/\/moverdb.com\/sv\/moving-companies\/moving-companies-malawi\/\" data-internallinksmanager029f6b8e52c=\"295\" title=\"B\u00e4sta internationella flyttfirmor i Malawi\">Malawi<\/a>, DEMOKRATISKA REPUBLIKEN KONGO, <a href=\"https:\/\/moverdb.com\/sv\/moving-companies\/botswana-moving-companies\/\" data-internallinksmanager029f6b8e52c=\"167\" title=\"B\u00e4sta internationella flyttfirmor i Botswana\">Botswana<\/a>, Angola och Zimbabwe. De \u00e4r medlemmar i IAM med sex \u00e5rs erfarenhet.<\/p>\n<p>Great Lakes Logistics erbjuder flyttningar av bost\u00e4der och sm\u00e5 kommersiella f\u00f6retag som de kan utf\u00f6ra p\u00e5 v\u00e4g, j\u00e4rnv\u00e4g, sj\u00f6- och flygfrakt. De erbjuder ett urval av flyttj\u00e4nster, inklusive lastning och lossning, arrangemang av tillh\u00f6righeter, packning, tullklarering och lagring.<\/p>\n<p>Webbplats: <a href=\"https:\/\/www.greatlakeslogistics-bu.bi\" target=\"_blank\" rel=\"noopener\">https:\/\/www.greatlakeslogistics-bu.bi<\/a><\/p>","protected":false},"excerpt":{"rendered":"<p>If you are wanting to move home or business in Burundi, move to or from Burundi, you may be interested in the services of a moving company who could ease the move for you. Below we have compiled a list of Burundi removal companies that are members of the International Association of Movers (IAM) that [&hellip;]<\/p>\n","protected":false},"author":4,"featured_media":0,"parent":190,"menu_order":0,"comment_status":"closed","ping_status":"closed","template":"","meta":{"_genesis_hide_title":false,"_genesis_hide_breadcrumbs":false,"_genesis_hide_singular_image":false,"_genesis_hide_footer_widgets":false,"_genesis_custom_body_class":"","_genesis_custom_post_class":"","_genesis_layout":"","footnotes":""},"class_list":{"0":"post-5512","1":"page","2":"type-page","3":"status-publish","5":"entry","6":"has-post-thumbnail"},"_links":{"self":[{"href":"https:\/\/moverdb.com\/sv\/wp-json\/wp\/v2\/pages\/5512","targetHints":{"allow":["GET"]}}],"collection":[{"href":"https:\/\/moverdb.com\/sv\/wp-json\/wp\/v2\/pages"}],"about":[{"href":"https:\/\/moverdb.com\/sv\/wp-json\/wp\/v2\/types\/page"}],"author":[{"embeddable":true,"href":"https:\/\/moverdb.com\/sv\/wp-json\/wp\/v2\/users\/4"}],"replies":[{"embeddable":true,"href":"https:\/\/moverdb.com\/sv\/wp-json\/wp\/v2\/comments?post=5512"}],"version-history":[{"count":2,"href":"https:\/\/moverdb.com\/sv\/wp-json\/wp\/v2\/pages\/5512\/revisions"}],"predecessor-version":[{"id":5514,"href":"https:\/\/moverdb.com\/sv\/wp-json\/wp\/v2\/pages\/5512\/revisions\/5514"}],"up":[{"embeddable":true,"href":"https:\/\/moverdb.com\/sv\/wp-json\/wp\/v2\/pages\/190"}],"wp:attachment":[{"href":"https:\/\/moverdb.com\/sv\/wp-json\/wp\/v2\/media?parent=5512"}],"curies":[{"name":"wp","href":"https:\/\/api.w.org\/{rel}","templated":true}]}}