{"id":5507,"date":"2023-02-01T13:55:39","date_gmt":"2023-02-01T13:55:39","guid":{"rendered":"https:\/\/moverdb.com\/?page_id=5507"},"modified":"2026-01-08T15:29:49","modified_gmt":"2026-01-08T15:29:49","slug":"brunei-moving-companies","status":"publish","type":"page","link":"https:\/\/moverdb.com\/sv\/moving-companies\/brunei-moving-companies\/","title":{"rendered":"B\u00e4sta internationella flyttfirmor i Brunei Darussalam"},"content":{"rendered":"<p>Att flytta hem eller ditt f\u00f6retag kan vara komplicerat och sv\u00e5rt arbete, s\u00e5 om du vill l\u00e4tta p\u00e5 b\u00f6rdan kanske du vill anst\u00e4lla en <a href=\"https:\/\/moverdb.com\/sv\/moving-companies\/\" data-internallinksmanager029f6b8e52c=\"79\" title=\"Topp 25 internationella flyttfirmor p\u00e5 n\u00e4tet\">flyttfirma<\/a> f\u00f6r att hj\u00e4lpa dig. Nedan har vi sammanst\u00e4llt en lista \u00f6ver <a href=\"https:\/\/moverdb.com\/sv\/moving-to-brunei\/\" data-internallinksmanager029f6b8e52c=\"424\" title=\"Flytt till Brunei? 2026 Levnadskostnader och tips om flyttning\">Brunei<\/a> Darussalam <a href=\"https:\/\/moverdb.com\/sv\/international-removals\/\" data-internallinksmanager029f6b8e52c=\"27\" title=\"36 b\u00e4sta internationella flyttfirmor i Storbritannien\">flyttfirmor<\/a> som \u00e4r medlemmar i <a href=\"https:\/\/moverdb.com\/sv\/iam\/\" data-internallinksmanager029f6b8e52c=\"23\" title=\"International Association of Movers (IAM) f\u00f6rklaras\">Internationella sammanslutningen av flyttfirmor<\/a> (IAM) som kan hj\u00e4lpa dig.<\/p>\n<h2><strong>Brunei Transporting Company <\/strong><\/h2>\n<p><img loading=\"lazy\" decoding=\"async\" class=\"alignnone size-full wp-image-5508\" src=\"https:\/\/moverdb.com\/wp-content\/uploads\/Brunei-Transporting-Company-international-moving-company.png\" alt=\"Brunei Transporting Company internationellt flyttf\u00f6retag\" width=\"1440\" height=\"682\" data-wp-pid=\"5508\" srcset=\"https:\/\/moverdb.com\/wp-content\/uploads\/Brunei-Transporting-Company-international-moving-company.png 1440w, https:\/\/moverdb.com\/wp-content\/uploads\/Brunei-Transporting-Company-international-moving-company-300x142.png 300w, https:\/\/moverdb.com\/wp-content\/uploads\/Brunei-Transporting-Company-international-moving-company-1024x485.png 1024w, https:\/\/moverdb.com\/wp-content\/uploads\/Brunei-Transporting-Company-international-moving-company-18x9.png 18w, https:\/\/moverdb.com\/wp-content\/uploads\/Brunei-Transporting-Company-international-moving-company-600x284.png 600w\" sizes=\"auto, (max-width: 1440px) 100vw, 1440px\" \/><\/p>\n<ul>\n<li>Internationella flyttningar<\/li>\n<li>Lokala transporter<\/li>\n<li>Hush\u00e5llsflyttar<\/li>\n<li>Kommersiella flyttar<\/li>\n<li>Tj\u00e4nster fr\u00e5n d\u00f6rr till d\u00f6rr<\/li>\n<li>Land- och sj\u00f6transporter<\/li>\n<li>Utbildad och erfaren personal<\/li>\n<li>Omfattande fordonsflotta<\/li>\n<li>Tullf\u00f6rmedlingstj\u00e4nster<\/li>\n<li>Val av f\u00f6rvaringsl\u00f6sningar<\/li>\n<\/ul>\n<p>Brunei Transporting Company \u00e4r ett av de ledande logistikf\u00f6retagen i Brunei Darussalam som tillhandah\u00e5ller lokala och internationella flyttj\u00e4nster. De arbetar i partnerskap med associerade flyttfirmor f\u00f6r att tillhandah\u00e5lla internationella tj\u00e4nster som de h\u00e5ller kontinuerlig kontakt med f\u00f6r att s\u00e4kerst\u00e4lla s\u00e4ker och snabb passage. De \u00e4r medlemmar i IAM.<\/p>\n<p>Brunei Transporting Company har en omfattande fordonsflotta med lastbilar, biltransporter, prime movers, sl\u00e4pvagnar och kranar. De tillhandah\u00e5ller flytt- och logistiktj\u00e4nster till diplomater, nationella och multinationella f\u00f6retag och privatpersoner. De erbjuder d\u00f6rr-till-d\u00f6rr-tj\u00e4nster f\u00f6r leverans av gods p\u00e5 land och till sj\u00f6ss, med tj\u00e4nster som tullm\u00e4klare och en rad olika lagringsalternativ.<\/p>\n<p>Webbplats: <a href=\"http:\/\/www.bruneitransporting.com\" target=\"_blank\" rel=\"noopener\">http:\/\/www.bruneitransporting.com<\/a><\/p>","protected":false},"excerpt":{"rendered":"<p>Moving home or your business can be complex and hard work so if you are looking to lighten the load then you might want to employ a moving company to help you. Below we have compiled a list of Brunei Darussalam removal companies that are members of the International Association of Movers (IAM) that could [&hellip;]<\/p>\n","protected":false},"author":4,"featured_media":0,"parent":190,"menu_order":0,"comment_status":"closed","ping_status":"closed","template":"","meta":{"_genesis_hide_title":false,"_genesis_hide_breadcrumbs":false,"_genesis_hide_singular_image":false,"_genesis_hide_footer_widgets":false,"_genesis_custom_body_class":"","_genesis_custom_post_class":"","_genesis_layout":"","footnotes":""},"class_list":{"0":"post-5507","1":"page","2":"type-page","3":"status-publish","5":"entry","6":"has-post-thumbnail"},"_links":{"self":[{"href":"https:\/\/moverdb.com\/sv\/wp-json\/wp\/v2\/pages\/5507","targetHints":{"allow":["GET"]}}],"collection":[{"href":"https:\/\/moverdb.com\/sv\/wp-json\/wp\/v2\/pages"}],"about":[{"href":"https:\/\/moverdb.com\/sv\/wp-json\/wp\/v2\/types\/page"}],"author":[{"embeddable":true,"href":"https:\/\/moverdb.com\/sv\/wp-json\/wp\/v2\/users\/4"}],"replies":[{"embeddable":true,"href":"https:\/\/moverdb.com\/sv\/wp-json\/wp\/v2\/comments?post=5507"}],"version-history":[{"count":1,"href":"https:\/\/moverdb.com\/sv\/wp-json\/wp\/v2\/pages\/5507\/revisions"}],"predecessor-version":[{"id":5509,"href":"https:\/\/moverdb.com\/sv\/wp-json\/wp\/v2\/pages\/5507\/revisions\/5509"}],"up":[{"embeddable":true,"href":"https:\/\/moverdb.com\/sv\/wp-json\/wp\/v2\/pages\/190"}],"wp:attachment":[{"href":"https:\/\/moverdb.com\/sv\/wp-json\/wp\/v2\/media?parent=5507"}],"curies":[{"name":"wp","href":"https:\/\/api.w.org\/{rel}","templated":true}]}}