{"id":5392,"date":"2022-11-19T02:21:51","date_gmt":"2022-11-19T02:21:51","guid":{"rendered":"https:\/\/moverdb.com\/?page_id=5392"},"modified":"2026-01-08T14:38:39","modified_gmt":"2026-01-08T14:38:39","slug":"turk-och-caicosoarna","status":"publish","type":"page","link":"https:\/\/moverdb.com\/sv\/container-shipping\/turks-and-caicos\/","title":{"rendered":"2026 Priser f\u00f6r sj\u00f6transport av containrar till och fr\u00e5n Turks- och Caicos\u00f6arna"},"content":{"rendered":"<div class=\"wp-block-image\">\n<figure class=\"aligncenter size-full\"><img loading=\"lazy\" decoding=\"async\" width=\"1000\" height=\"667\" src=\"https:\/\/moverdb.com\/wp-content\/uploads\/turks-and-caicos.jpg\" alt=\"Sandstrand p\u00e5 en \u00f6 i Turks- och Caicos\u00f6arna\" class=\"wp-image-5383\" srcset=\"https:\/\/moverdb.com\/wp-content\/uploads\/turks-and-caicos.jpg 1000w, https:\/\/moverdb.com\/wp-content\/uploads\/turks-and-caicos-300x200.jpg 300w, https:\/\/moverdb.com\/wp-content\/uploads\/turks-and-caicos-18x12.jpg 18w, https:\/\/moverdb.com\/wp-content\/uploads\/turks-and-caicos-600x400.jpg 600w\" sizes=\"auto, (max-width: 1000px) 100vw, 1000px\" \/><\/figure>\n<\/div>\n\n\n<p><strong><a href=\"https:\/\/moverdb.com\/sv\/moving-to-the-turks-and-caicos-islands\/\" data-internallinksmanager029f6b8e52c=\"388\" title=\"Ska du flytta till Turks- och Caicos\u00f6arna? Levnadskostnader 2023\">Turks- och Caicos\u00f6arna<\/a><\/strong> \u00e4r \u00e4nnu ett brittiskt \u00f6omr\u00e5de i Karibien. Denna sk\u00e4rg\u00e5rd har \u00e5tta huvud\u00f6ar, men best\u00e5r i sj\u00e4lva verket av \u00f6ver 40 \u00f6ar.<\/p>\n\n\n\n<p>Turks- och Caicos\u00f6arna \u00e4r fr\u00e4mst attraktivt f\u00f6r utl\u00e4nningar som vill dra sig tillbaka till en varm och lugn plats och njuta av ett l\u00e5ngsammare tempo eller spendera sin pensionering p\u00e5 vackra str\u00e4nder och lugna v\u00e5gor. Andra viktiga anledningar till att vissa v\u00e4ljer att g\u00f6ra detta jordiska paradis till sitt hem \u00e4r den stabila valutan och de skattefria best\u00e4mmelserna om inkomst, egendom och arv.<\/p>\n\n\n\n<p>Eftersom Turks- och Caicos \u00e4r en mycket liten stat \u00e4r alternativen f\u00f6r sj\u00f6transport till Turks- och Caicos\u00f6arna ganska begr\u00e4nsade. Vi gjorde dock v\u00e5rt b\u00e4sta och samlade in n\u00e5gra priser som presenteras i tabellerna nedan.<\/p>\n\n\n\n<p>De l\u00e4gsta Turks- och Caicos\u00f6arna <a href=\"https:\/\/moverdb.com\/sv\/container-shipping\/\" data-internallinksmanager029f6b8e52c=\"3\" title=\"Diagram \u00f6ver internationella containerfraktpriser: April 2026\">fraktpriser f\u00f6r containrar<\/a> kostnader f\u00f6r visning av containrar p\u00e5 20 eller 40 fot.<\/p>\n\n\n\n<h2 class=\"wp-block-heading\">Kostnader f\u00f6r transport av containrar till Turks- och Caicos\u00f6arna (Providenciales)<\/h2>\n\n\n<div class=\"wp-block-image\">\n<figure class=\"aligncenter size-large\"><img loading=\"lazy\" decoding=\"async\" width=\"1024\" height=\"539\" src=\"https:\/\/moverdb.com\/wp-content\/uploads\/Shipping-Container-Costs-to-Turks-and-Caicos-1024x539.png\" alt=\"Kostnader f\u00f6r transport av containrar till Turks- och Caicos\u00f6arna (Providenciales)\" class=\"wp-image-5380\" srcset=\"https:\/\/moverdb.com\/wp-content\/uploads\/Shipping-Container-Costs-to-Turks-and-Caicos-1024x539.png 1024w, https:\/\/moverdb.com\/wp-content\/uploads\/Shipping-Container-Costs-to-Turks-and-Caicos-300x158.png 300w, https:\/\/moverdb.com\/wp-content\/uploads\/Shipping-Container-Costs-to-Turks-and-Caicos-1536x809.png 1536w, https:\/\/moverdb.com\/wp-content\/uploads\/Shipping-Container-Costs-to-Turks-and-Caicos-18x9.png 18w, https:\/\/moverdb.com\/wp-content\/uploads\/Shipping-Container-Costs-to-Turks-and-Caicos-600x316.png 600w, https:\/\/moverdb.com\/wp-content\/uploads\/Shipping-Container-Costs-to-Turks-and-Caicos.png 2000w\" sizes=\"auto, (max-width: 1024px) 100vw, 1024px\" \/><\/figure>\n<\/div>\n\n\n<table id=\"tablepress-226\" class=\"tablepress tablepress-id-226\">\n<thead>\n<tr class=\"row-1\">\n\t<th class=\"column-1\">Land av destination (<a href=\"https:\/\/moverdb.com\/sv\/top-49-container-ports\/\" data-internallinksmanager029f6b8e52c=\"80\" title=\"Topp 49 st\u00f6rsta och mest trafikerade containerhamnar 2025\">Hamn<\/a>\/City)<\/th><th class=\"column-2\">20FT<\/th><th class=\"column-3\">40FT<\/th>\n<\/tr>\n<\/thead>\n<tbody class=\"row-striping row-hover\">\n<tr class=\"row-2\">\n\t<td class=\"column-1\"><a href=\"https:\/\/moverdb.com\/sv\/container-shipping\/andorra\/\" data-internallinksmanager029f6b8e52c=\"88\" title=\"2026 Fraktpriser f\u00f6r sj\u00f6transport av containrar till och fr\u00e5n Andorra\">Andorra (Andorra la Vella)<\/a><\/td><td class=\"column-2\">$1,450<\/td><td class=\"column-3\">$1,900<\/td>\n<\/tr>\n<tr class=\"row-3\">\n\t<td class=\"column-1\"><a href=\"https:\/\/moverdb.com\/sv\/container-shipping\/australia\/\" data-internallinksmanager029f6b8e52c=\"89\" title=\"2026 Fraktpriser f\u00f6r containrar till och fr\u00e5n Australien\">Australien (Sydney)<\/a><\/td><td class=\"column-2\">N\/A<\/td><td class=\"column-3\">$12,406<\/td>\n<\/tr>\n<tr class=\"row-4\">\n\t<td class=\"column-1\"><a href=\"https:\/\/moverdb.com\/sv\/container-shipping\/austria\/\" data-internallinksmanager029f6b8e52c=\"95\" title=\"2026 Fraktpriser f\u00f6r sj\u00f6transport av containrar till och fr\u00e5n \u00d6sterrike\">\u00d6sterrike (Wien)<\/a><\/td><td class=\"column-2\">$6,640<\/td><td class=\"column-3\">$7,951<\/td>\n<\/tr>\n<tr class=\"row-5\">\n\t<td class=\"column-1\"><a href=\"https:\/\/moverdb.com\/sv\/container-shipping\/bahrain\/\" data-internallinksmanager029f6b8e52c=\"96\" title=\"2026 Fraktpriser f\u00f6r sj\u00f6transport av containrar till och fr\u00e5n Bahrain\">Bahrain (Manama)<\/a><\/td><td class=\"column-2\">N\/A<\/td><td class=\"column-3\">$12,306<\/td>\n<\/tr>\n<tr class=\"row-6\">\n\t<td class=\"column-1\"><a href=\"https:\/\/moverdb.com\/sv\/container-shipping\/belize\/\" data-internallinksmanager029f6b8e52c=\"137\" title=\"2026 Fraktpriser f\u00f6r sj\u00f6transport av containrar till och fr\u00e5n Belize\">Belize (Belize City)<\/a><\/td><td class=\"column-2\">$2,090<\/td><td class=\"column-3\">$2,809<\/td>\n<\/tr>\n<tr class=\"row-7\">\n\t<td class=\"column-1\"><a href=\"https:\/\/moverdb.com\/sv\/container-shipping\/brazil\/\" data-internallinksmanager029f6b8e52c=\"98\" title=\"2026 Fraktpriser f\u00f6r sj\u00f6transport av containrar till och fr\u00e5n Brasilien\">Brasilien (Santos)<\/a><\/td><td class=\"column-2\">$2,090<\/td><td class=\"column-3\">$2,809<\/td>\n<\/tr>\n<tr class=\"row-8\">\n\t<td class=\"column-1\"><a href=\"https:\/\/moverdb.com\/sv\/container-shipping\/cambodia\/\" data-internallinksmanager029f6b8e52c=\"101\" title=\"2026 Fraktpriser f\u00f6r sj\u00f6transport av containrar till och fr\u00e5n Kambodja\">Kambodja (Sihanoukville)<\/a><\/td><td class=\"column-2\">$7,606<\/td><td class=\"column-3\">$8,276<\/td>\n<\/tr>\n<tr class=\"row-9\">\n\t<td class=\"column-1\"><a href=\"https:\/\/moverdb.com\/sv\/container-shipping\/china\/\" data-internallinksmanager029f6b8e52c=\"105\" title=\"2026 Fraktpriser f\u00f6r sj\u00f6transport av containrar till och fr\u00e5n Kina\">Kina (Peking)<\/a><\/td><td class=\"column-2\">$6,757<\/td><td class=\"column-3\">$7,134<\/td>\n<\/tr>\n<tr class=\"row-10\">\n\t<td class=\"column-1\">Kina (Shanghai)<\/td><td class=\"column-2\">$6,696<\/td><td class=\"column-3\">$7,077<\/td>\n<\/tr>\n<tr class=\"row-11\">\n\t<td class=\"column-1\"><a href=\"https:\/\/moverdb.com\/sv\/moving-to-gibraltar\/\" data-internallinksmanager029f6b8e52c=\"431\" title=\"Flytta till Gibraltar? 2026 Levnadskostnader och tips om flytt\">Gibraltar<\/a><\/td><td class=\"column-2\">$4,178<\/td><td class=\"column-3\">$5,933<\/td>\n<\/tr>\n<tr class=\"row-12\">\n\t<td class=\"column-1\"><a href=\"https:\/\/moverdb.com\/sv\/container-shipping\/guernsey\/\" data-internallinksmanager029f6b8e52c=\"121\" title=\"2026 Fraktpriser f\u00f6r sj\u00f6transport av containrar till och fr\u00e5n Guernsey\">Guernsey (St Peter Port)<\/a><\/td><td class=\"column-2\">$2,846<\/td><td class=\"column-3\">$2,953<\/td>\n<\/tr>\n<tr class=\"row-13\">\n\t<td class=\"column-1\"><a href=\"https:\/\/moverdb.com\/sv\/container-shipping\/hong-kong\/\" data-internallinksmanager029f6b8e52c=\"123\" title=\"2026 Fraktpriser f\u00f6r sj\u00f6transport av containrar till och fr\u00e5n Hongkong\">Hongkong (Hongkong)<\/a><\/td><td class=\"column-2\">$6,696<\/td><td class=\"column-3\">$7,077<\/td>\n<\/tr>\n<tr class=\"row-14\">\n\t<td class=\"column-1\"><a href=\"https:\/\/moverdb.com\/sv\/container-shipping\/indonesia\/\" data-internallinksmanager029f6b8e52c=\"126\" title=\"2026 Fraktpriser f\u00f6r sj\u00f6transport av containrar till och fr\u00e5n Indonesien\">Indonesien (Jakarta)<\/a><\/td><td class=\"column-2\">$7,295<\/td><td class=\"column-3\">$7,762<\/td>\n<\/tr>\n<tr class=\"row-15\">\n\t<td class=\"column-1\"><a href=\"https:\/\/moverdb.com\/sv\/moving-to-luxembourg\/\" data-internallinksmanager029f6b8e52c=\"349\" title=\"Flyttar du till Luxemburg? 2026 Levnadskostnader och tips om flytt\">Luxemburg<\/a><\/td><td class=\"column-2\">$3,940<\/td><td class=\"column-3\">$5,490<\/td>\n<\/tr>\n<tr class=\"row-16\">\n\t<td class=\"column-1\"><a href=\"https:\/\/moverdb.com\/sv\/container-shipping\/united-arab-emirates\/\" data-internallinksmanager029f6b8e52c=\"188\" title=\"2026 Fraktpriser f\u00f6r containrar till och fr\u00e5n F\u00f6renade Arabemiraten\">F\u00f6renade Arabemiraten (Jebel Ali)<\/a><\/td><td class=\"column-2\">$6,276<\/td><td class=\"column-3\">$6,943<\/td>\n<\/tr>\n<tr class=\"row-17\">\n\t<td class=\"column-1\"><a href=\"https:\/\/moverdb.com\/sv\/moving-to-the-united-states\/\" data-internallinksmanager029f6b8e52c=\"94\" title=\"Flyttar du till USA? 2026 Levnadskostnader och flyttningstips\">USA<\/a> (<a href=\"https:\/\/moverdb.com\/sv\/moving-to-los-angeles\/\" data-internallinksmanager029f6b8e52c=\"51\" title=\"Flyttar du till Los Angeles? 2026 LA Levnadskostnader och tips om flyttning\">Los Angeles<\/a>)<\/td><td class=\"column-2\">$912<\/td><td class=\"column-3\">$1,309<\/td>\n<\/tr>\n<tr class=\"row-18\">\n\t<td class=\"column-1\"><a href=\"https:\/\/moverdb.com\/sv\/container-shipping\/united-states\/\" data-internallinksmanager029f6b8e52c=\"87\" title=\"2026 Fraktpriser f\u00f6r sj\u00f6transport av containrar till och fr\u00e5n USA\">USA (New York)<\/a><\/td><td class=\"column-2\">$2,624<\/td><td class=\"column-3\">$1,937<\/td>\n<\/tr>\n<\/tbody>\n<\/table>\n<!-- #tablepress-226 from cache -->\n\n\n\n<h2 class=\"wp-block-heading\">Kostnader f\u00f6r fraktcontainrar fr\u00e5n Turks- och Caicos\u00f6arna (Providenciales)<\/h2>\n\n\n<div class=\"wp-block-image\">\n<figure class=\"aligncenter size-large\"><img loading=\"lazy\" decoding=\"async\" width=\"1024\" height=\"539\" src=\"https:\/\/moverdb.com\/wp-content\/uploads\/Shipping-Container-Costs-from-Turks-and-Caicos-1024x539.png\" alt=\"Kostnader f\u00f6r fraktcontainrar fr\u00e5n Turks- och Caicos\u00f6arna (Providenciales)\" class=\"wp-image-5378\" srcset=\"https:\/\/moverdb.com\/wp-content\/uploads\/Shipping-Container-Costs-from-Turks-and-Caicos-1024x539.png 1024w, https:\/\/moverdb.com\/wp-content\/uploads\/Shipping-Container-Costs-from-Turks-and-Caicos-300x158.png 300w, https:\/\/moverdb.com\/wp-content\/uploads\/Shipping-Container-Costs-from-Turks-and-Caicos-1536x809.png 1536w, https:\/\/moverdb.com\/wp-content\/uploads\/Shipping-Container-Costs-from-Turks-and-Caicos-18x9.png 18w, https:\/\/moverdb.com\/wp-content\/uploads\/Shipping-Container-Costs-from-Turks-and-Caicos-600x316.png 600w, https:\/\/moverdb.com\/wp-content\/uploads\/Shipping-Container-Costs-from-Turks-and-Caicos.png 2000w\" sizes=\"auto, (max-width: 1024px) 100vw, 1024px\" \/><\/figure>\n<\/div>\n\n\n<table id=\"tablepress-224\" class=\"tablepress tablepress-id-224\">\n<thead>\n<tr class=\"row-1\">\n\t<th class=\"column-1\">Destinationsland (hamn\/stad)<\/th><th class=\"column-2\">20FT<\/th><th class=\"column-3\">40FT<\/th>\n<\/tr>\n<\/thead>\n<tbody class=\"row-striping row-hover\">\n<tr class=\"row-2\">\n\t<td class=\"column-1\">Andorra (Andorra la Vella)<\/td><td class=\"column-2\">N\/A<\/td><td class=\"column-3\">$355<\/td>\n<\/tr>\n<tr class=\"row-3\">\n\t<td class=\"column-1\"><a href=\"https:\/\/moverdb.com\/sv\/container-shipping\/antigua-and-barbuda\/\" data-internallinksmanager029f6b8e52c=\"92\" title=\"2026 Priser f\u00f6r sj\u00f6transport av containrar till och fr\u00e5n Antigua och Barbuda\">Antigua och Barbuda (St John's)<\/a><\/td><td class=\"column-2\">$600<\/td><td class=\"column-3\">$801<\/td>\n<\/tr>\n<tr class=\"row-4\">\n\t<td class=\"column-1\">Australien (Sydney)<\/td><td class=\"column-2\">$2,845<\/td><td class=\"column-3\">N\/A<\/td>\n<\/tr>\n<tr class=\"row-5\">\n\t<td class=\"column-1\">Brasilien (Santos)<\/td><td class=\"column-2\">$873<\/td><td class=\"column-3\">$1,312<\/td>\n<\/tr>\n<tr class=\"row-6\">\n\t<td class=\"column-1\"><a href=\"https:\/\/moverdb.com\/sv\/container-shipping\/canada\/\" data-internallinksmanager029f6b8e52c=\"102\" title=\"2026 Fraktpriser f\u00f6r sj\u00f6transport av containrar till och fr\u00e5n Kanada\">Kanada (Toronto)<\/a><\/td><td class=\"column-2\">$1,078<\/td><td class=\"column-3\">$2,422<\/td>\n<\/tr>\n<tr class=\"row-7\">\n\t<td class=\"column-1\">Kina (Shanghai)<\/td><td class=\"column-2\">$2,415<\/td><td class=\"column-3\">$3,105<\/td>\n<\/tr>\n<tr class=\"row-8\">\n\t<td class=\"column-1\"><a href=\"https:\/\/moverdb.com\/sv\/container-shipping\/pakistan\/\" data-internallinksmanager029f6b8e52c=\"155\" title=\"2026 Fraktpriser f\u00f6r sj\u00f6transport av containrar till och fr\u00e5n Pakistan\">Pakistan (Karachi)<\/a><\/td><td class=\"column-2\">$4,507<\/td><td class=\"column-3\">$4,830<\/td>\n<\/tr>\n<tr class=\"row-9\">\n\t<td class=\"column-1\"><a href=\"https:\/\/moverdb.com\/sv\/container-shipping\/saudi-arabia\/\" data-internallinksmanager029f6b8e52c=\"178\" title=\"2026 Fraktpriser f\u00f6r sj\u00f6transport av containrar till och fr\u00e5n Saudiarabien\">Saudiarabien (Jeddah)<\/a><\/td><td class=\"column-2\">$7,212<\/td><td class=\"column-3\">$9,776<\/td>\n<\/tr>\n<tr class=\"row-10\">\n\t<td class=\"column-1\"><a href=\"https:\/\/moverdb.com\/sv\/container-shipping\/spain\/\" data-internallinksmanager029f6b8e52c=\"182\" title=\"2026 Fraktpriser f\u00f6r sj\u00f6transport av containrar till och fr\u00e5n Spanien\">Spanien (Valencia)<\/a><\/td><td class=\"column-2\">$2,983<\/td><td class=\"column-3\">$3,099<\/td>\n<\/tr>\n<tr class=\"row-11\">\n\t<td class=\"column-1\">USA (New York)<\/td><td class=\"column-2\">$1,297<\/td><td class=\"column-3\">$1,383<\/td>\n<\/tr>\n<tr class=\"row-12\">\n\t<td class=\"column-1\"><a href=\"https:\/\/moverdb.com\/sv\/container-shipping\/vietnam\/\" data-internallinksmanager029f6b8e52c=\"245\" title=\"2026 Fraktpriser f\u00f6r sj\u00f6transport av containrar till och fr\u00e5n Vietnam\">Vietnam (Saigon)<\/a><\/td><td class=\"column-2\">$3,804<\/td><td class=\"column-3\">$3,670<\/td>\n<\/tr>\n<\/tbody>\n<\/table>\n<!-- #tablepress-224 from cache -->\n\n\n\n<h3 class=\"wp-block-heading\">Anm\u00e4rkningar om uppgifter:<\/h3>\n\n\n\n<ul class=\"wp-block-list\">\n<li>Alla $-siffror anges i amerikanska dollar (USD);<\/li>\n\n\n\n<li>Priserna \u00e4r korrekta i b\u00f6rjan av 2022;<\/li>\n\n\n\n<li>Kartorna i den h\u00e4r artikeln skapades med hj\u00e4lp av <a href=\"https:\/\/www.mapchart.net\" target=\"_blank\" rel=\"noreferrer noopener\">https:\/\/www.mapchart.net<\/a>. Du f\u00e5r g\u00e4rna dela med dig av kartorna s\u00e5 l\u00e4nge du anger en l\u00e4nk tillbaka till <a href=\"https:\/\/moverdb.com\/sv\/\" target=\"_blank\" rel=\"noreferrer noopener\">MoverDB<\/a>;<\/li>\n\n\n\n<li>Priserna ovan \u00e4r endast uppskattningar och kan ha \u00e4ndrats sedan den h\u00e4r artikeln publicerades (april 2022). De \u00e4r baserade p\u00e5 den l\u00e4gsta uppskattade skattesatsen fr\u00e5n antingen <a href=\"https:\/\/www.searates.com\" target=\"_blank\" rel=\"noreferrer noopener\">https:\/\/www.searates.com<\/a> eller . <a href=\"https:\/\/www.gocomet.com\/freight-shipping-rates-index-calculator\" target=\"_blank\" rel=\"noreferrer noopener\">https:\/\/www.gocomet.com<\/a>;<\/li>\n\n\n\n<li>F\u00f6r att f\u00e5 en mer exakt uppfattning om kostnaden f\u00f6r dig kan du anv\u00e4nda offertformul\u00e4ret l\u00e4ngst upp p\u00e5 den h\u00e4r sidan;<\/li>\n\n\n\n<li>Se \u00e4ven v\u00e5r guide till <a href=\"https:\/\/moverdb.com\/sv\/container-transport\/\" target=\"_blank\" rel=\"noreferrer noopener\">internationell containertransport<\/a>.<\/li>\n<\/ul>","protected":false},"excerpt":{"rendered":"<p>Turks and Caicos is yet another British island territory in the Caribbean. This archipelago is populated on 8 main islands, but in fact, it consists of over 40 islands. For expats, Turks and Caicos is mainly attractive to those who want to retreat to a warm, quiet corner and enjoy a slower pace or spend [&hellip;]<\/p>\n","protected":false},"author":2,"featured_media":5383,"parent":44,"menu_order":0,"comment_status":"closed","ping_status":"closed","template":"","meta":{"_genesis_hide_title":false,"_genesis_hide_breadcrumbs":false,"_genesis_hide_singular_image":false,"_genesis_hide_footer_widgets":false,"_genesis_custom_body_class":"","_genesis_custom_post_class":"","_genesis_layout":"","footnotes":""},"class_list":{"0":"post-5392","1":"page","2":"type-page","3":"status-publish","4":"has-post-thumbnail","6":"entry"},"_links":{"self":[{"href":"https:\/\/moverdb.com\/sv\/wp-json\/wp\/v2\/pages\/5392","targetHints":{"allow":["GET"]}}],"collection":[{"href":"https:\/\/moverdb.com\/sv\/wp-json\/wp\/v2\/pages"}],"about":[{"href":"https:\/\/moverdb.com\/sv\/wp-json\/wp\/v2\/types\/page"}],"author":[{"embeddable":true,"href":"https:\/\/moverdb.com\/sv\/wp-json\/wp\/v2\/users\/2"}],"replies":[{"embeddable":true,"href":"https:\/\/moverdb.com\/sv\/wp-json\/wp\/v2\/comments?post=5392"}],"version-history":[{"count":1,"href":"https:\/\/moverdb.com\/sv\/wp-json\/wp\/v2\/pages\/5392\/revisions"}],"predecessor-version":[{"id":5394,"href":"https:\/\/moverdb.com\/sv\/wp-json\/wp\/v2\/pages\/5392\/revisions\/5394"}],"up":[{"embeddable":true,"href":"https:\/\/moverdb.com\/sv\/wp-json\/wp\/v2\/pages\/44"}],"wp:featuredmedia":[{"embeddable":true,"href":"https:\/\/moverdb.com\/sv\/wp-json\/wp\/v2\/media\/5383"}],"wp:attachment":[{"href":"https:\/\/moverdb.com\/sv\/wp-json\/wp\/v2\/media?parent=5392"}],"curies":[{"name":"wp","href":"https:\/\/api.w.org\/{rel}","templated":true}]}}