{"id":5275,"date":"2022-10-26T22:09:36","date_gmt":"2022-10-26T22:09:36","guid":{"rendered":"https:\/\/moverdb.com\/?page_id=5275"},"modified":"2026-01-08T13:20:42","modified_gmt":"2026-01-08T13:20:42","slug":"sint-maarten","status":"publish","type":"page","link":"https:\/\/moverdb.com\/sv\/container-shipping\/sint-maarten\/","title":{"rendered":"2026 Fraktpriser f\u00f6r sj\u00f6transport av containrar till och fr\u00e5n Sint Maarten"},"content":{"rendered":"<div class=\"wp-block-image\">\n<figure class=\"aligncenter size-full\"><img loading=\"lazy\" decoding=\"async\" width=\"1000\" height=\"667\" src=\"https:\/\/moverdb.com\/wp-content\/uploads\/sint-maarten.jpg\" alt=\"En gata med palmer i Sint Maarten\" class=\"wp-image-5064\" srcset=\"https:\/\/moverdb.com\/wp-content\/uploads\/sint-maarten.jpg 1000w, https:\/\/moverdb.com\/wp-content\/uploads\/sint-maarten-300x200.jpg 300w, https:\/\/moverdb.com\/wp-content\/uploads\/sint-maarten-18x12.jpg 18w, https:\/\/moverdb.com\/wp-content\/uploads\/sint-maarten-600x400.jpg 600w\" sizes=\"auto, (max-width: 1000px) 100vw, 1000px\" \/><\/figure>\n<\/div>\n\n\n<p><strong><a href=\"https:\/\/moverdb.com\/sv\/moving-to-sint-maarten-saint-martin\/\" data-internallinksmanager029f6b8e52c=\"389\" title=\"Flyttar du till Sint Maarten\/Saint Martin? Levnadskostnader 2023\">Sint Maarten<\/a><\/strong> \u00e4r ett av de mest v\u00e4lm\u00e5ende \u00f6l\u00e4nderna i V\u00e4stindien. Denna lilla nation, som koloniserades av holl\u00e4ndarna, \u00e4r en av dess guvern\u00f6rer och \u00e4r v\u00e4l utvecklad f\u00f6r att ta emot alla utl\u00e4nningar som vill flytta dit.<\/p>\n\n\n\n<p>Minibest\u00e5ndet \u00e4r f\u00f6r alla som vill ha ett lugnare liv p\u00e5 en plats d\u00e4r somrarna aldrig tar slut. \u00c4ven om landet \u00e4r en nederl\u00e4ndsk koloni talas engelska av praktiskt taget alla inv\u00e5nare. Pension\u00e4rer som bor d\u00e4r kan njuta av de vackra str\u00e4nderna, det pulserande nattlivet och den stabila ekonomin utan att oroa sig f\u00f6r vad som h\u00e4nder i resten av v\u00e4rlden.<\/p>\n\n\n\n<p>Det \u00e4r allts\u00e5 ganska enkelt att flytta till Sint Maarten, \u00e4ven om sj\u00f6frakt kanske inte \u00e4r det b\u00e4sta alternativet. Det finns bara ett f\u00e5tal l\u00e4nder i v\u00e4rlden som skickar till denna \u00f6, och \u00e4nnu f\u00e4rre som tar emot s\u00e4ndningar d\u00e4rifr\u00e5n.<\/p>\n\n\n\n<p>Vi har inkluderat alla de l\u00e4gsta Sint Maarten <a href=\"https:\/\/moverdb.com\/sv\/container-shipping\/\" data-internallinksmanager029f6b8e52c=\"3\" title=\"Diagram \u00f6ver internationella containerfraktpriser: April 2026\">fraktpriser f\u00f6r containrar<\/a> som vi kunde uppt\u00e4cka i tabellerna nedan. Du kan ocks\u00e5 prova v\u00e5rt offertverktyg f\u00f6r att se om du har mer tur f\u00f6r en anpassad offert.<\/p>\n\n\n\n<h2 class=\"wp-block-heading\">Kostnader f\u00f6r containrar till Sint Maarten (Philipsburg)<\/h2>\n\n\n<div class=\"wp-block-image\">\n<figure class=\"aligncenter size-large\"><img loading=\"lazy\" decoding=\"async\" width=\"1024\" height=\"539\" src=\"https:\/\/moverdb.com\/wp-content\/uploads\/Shipping-Container-Costs-to-Sint-Maarten-1024x539.png\" alt=\"Kostnader f\u00f6r containrar till Sint Maarten (Philipsburg)\" class=\"wp-image-5060\" srcset=\"https:\/\/moverdb.com\/wp-content\/uploads\/Shipping-Container-Costs-to-Sint-Maarten-1024x539.png 1024w, https:\/\/moverdb.com\/wp-content\/uploads\/Shipping-Container-Costs-to-Sint-Maarten-300x158.png 300w, https:\/\/moverdb.com\/wp-content\/uploads\/Shipping-Container-Costs-to-Sint-Maarten-1536x809.png 1536w, https:\/\/moverdb.com\/wp-content\/uploads\/Shipping-Container-Costs-to-Sint-Maarten-18x9.png 18w, https:\/\/moverdb.com\/wp-content\/uploads\/Shipping-Container-Costs-to-Sint-Maarten-600x316.png 600w, https:\/\/moverdb.com\/wp-content\/uploads\/Shipping-Container-Costs-to-Sint-Maarten.png 2000w\" sizes=\"auto, (max-width: 1024px) 100vw, 1024px\" \/><\/figure>\n<\/div>\n\n\n<table id=\"tablepress-199\" class=\"tablepress tablepress-id-199\">\n<thead>\n<tr class=\"row-1\">\n\t<th class=\"column-1\">Land av destination (<a href=\"https:\/\/moverdb.com\/sv\/top-49-container-ports\/\" data-internallinksmanager029f6b8e52c=\"80\" title=\"Topp 49 st\u00f6rsta och mest trafikerade containerhamnar 2025\">Hamn<\/a>\/City)<\/th><th class=\"column-2\">20FT<\/th><th class=\"column-3\">40FT<\/th>\n<\/tr>\n<\/thead>\n<tbody class=\"row-striping row-hover\">\n<tr class=\"row-2\">\n\t<td class=\"column-1\"><a href=\"https:\/\/moverdb.com\/sv\/container-shipping\/andorra\/\" data-internallinksmanager029f6b8e52c=\"88\" title=\"2026 Fraktpriser f\u00f6r sj\u00f6transport av containrar till och fr\u00e5n Andorra\">Andorra (Andorra la Vella)<\/a><\/td><td class=\"column-2\">$1,868<\/td><td class=\"column-3\">$3,171<\/td>\n<\/tr>\n<tr class=\"row-3\">\n\t<td class=\"column-1\"><a href=\"https:\/\/moverdb.com\/sv\/container-shipping\/australia\/\" data-internallinksmanager029f6b8e52c=\"89\" title=\"2026 Fraktpriser f\u00f6r containrar till och fr\u00e5n Australien\">Australien (Sydney)<\/a><\/td><td class=\"column-2\">N\/A<\/td><td class=\"column-3\">$12,406<\/td>\n<\/tr>\n<tr class=\"row-4\">\n\t<td class=\"column-1\"><a href=\"https:\/\/moverdb.com\/sv\/container-shipping\/austria\/\" data-internallinksmanager029f6b8e52c=\"95\" title=\"2026 Fraktpriser f\u00f6r sj\u00f6transport av containrar till och fr\u00e5n \u00d6sterrike\">\u00d6sterrike (Wien)<\/a><\/td><td class=\"column-2\">N\/A<\/td><td class=\"column-3\">$3,739<\/td>\n<\/tr>\n<tr class=\"row-5\">\n\t<td class=\"column-1\"><a href=\"https:\/\/moverdb.com\/sv\/container-shipping\/bahrain\/\" data-internallinksmanager029f6b8e52c=\"96\" title=\"2026 Fraktpriser f\u00f6r sj\u00f6transport av containrar till och fr\u00e5n Bahrain\">Bahrain (Manama)<\/a><\/td><td class=\"column-2\">N\/A<\/td><td class=\"column-3\">$12,306<\/td>\n<\/tr>\n<tr class=\"row-6\">\n\t<td class=\"column-1\"><a href=\"https:\/\/moverdb.com\/sv\/container-shipping\/brazil\/\" data-internallinksmanager029f6b8e52c=\"98\" title=\"2026 Fraktpriser f\u00f6r sj\u00f6transport av containrar till och fr\u00e5n Brasilien\">Brasilien (Santos)<\/a><\/td><td class=\"column-2\">$8,780<\/td><td class=\"column-3\">$9,731<\/td>\n<\/tr>\n<tr class=\"row-7\">\n\t<td class=\"column-1\"><a href=\"https:\/\/moverdb.com\/sv\/container-shipping\/cambodia\/\" data-internallinksmanager029f6b8e52c=\"101\" title=\"2026 Fraktpriser f\u00f6r sj\u00f6transport av containrar till och fr\u00e5n Kambodja\">Kambodja (Sihanoukville)<\/a><\/td><td class=\"column-2\">$7,606<\/td><td class=\"column-3\">$8,618<\/td>\n<\/tr>\n<tr class=\"row-8\">\n\t<td class=\"column-1\"><a href=\"https:\/\/moverdb.com\/sv\/container-shipping\/china\/\" data-internallinksmanager029f6b8e52c=\"105\" title=\"2026 Fraktpriser f\u00f6r sj\u00f6transport av containrar till och fr\u00e5n Kina\">Kina (Peking)<\/a><\/td><td class=\"column-2\">$6,757<\/td><td class=\"column-3\">$7,134<\/td>\n<\/tr>\n<tr class=\"row-9\">\n\t<td class=\"column-1\">Kina (Shanghai)<\/td><td class=\"column-2\">$6,408<\/td><td class=\"column-3\">$7,077<\/td>\n<\/tr>\n<tr class=\"row-10\">\n\t<td class=\"column-1\"><a href=\"https:\/\/moverdb.com\/sv\/container-shipping\/greece\/\" data-internallinksmanager029f6b8e52c=\"120\" title=\"2026 Fraktpriser f\u00f6r sj\u00f6transport av containrar till och fr\u00e5n Grekland\">Grekland (Pireus)<\/a><\/td><td class=\"column-2\">$3,966<\/td><td class=\"column-3\">$5,523<\/td>\n<\/tr>\n<tr class=\"row-11\">\n\t<td class=\"column-1\"><a href=\"https:\/\/moverdb.com\/sv\/container-shipping\/hong-kong\/\" data-internallinksmanager029f6b8e52c=\"123\" title=\"2026 Fraktpriser f\u00f6r sj\u00f6transport av containrar till och fr\u00e5n Hongkong\">Hongkong (Hongkong)<\/a><\/td><td class=\"column-2\">$6,696<\/td><td class=\"column-3\">$7,077<\/td>\n<\/tr>\n<tr class=\"row-12\">\n\t<td class=\"column-1\"><a href=\"https:\/\/moverdb.com\/sv\/container-shipping\/india\/\" data-internallinksmanager029f6b8e52c=\"125\" title=\"2026 Fraktpriser f\u00f6r sj\u00f6transport av containrar till och fr\u00e5n Indien\">Indien (Mumbai)<\/a><\/td><td class=\"column-2\">$16,500<\/td><td class=\"column-3\">$15,960<\/td>\n<\/tr>\n<tr class=\"row-13\">\n\t<td class=\"column-1\"><a href=\"https:\/\/moverdb.com\/sv\/container-shipping\/indonesia\/\" data-internallinksmanager029f6b8e52c=\"126\" title=\"2026 Fraktpriser f\u00f6r sj\u00f6transport av containrar till och fr\u00e5n Indonesien\">Indonesien (Jakarta)<\/a><\/td><td class=\"column-2\">$7,295<\/td><td class=\"column-3\">$7,762<\/td>\n<\/tr>\n<tr class=\"row-14\">\n\t<td class=\"column-1\"><a href=\"https:\/\/moverdb.com\/sv\/moving-to-luxembourg\/\" data-internallinksmanager029f6b8e52c=\"349\" title=\"Flyttar du till Luxemburg? 2026 Levnadskostnader och tips om flytt\">Luxemburg<\/a><\/td><td class=\"column-2\">$2,963<\/td><td class=\"column-3\">$4,610<\/td>\n<\/tr>\n<tr class=\"row-15\">\n\t<td class=\"column-1\"><a href=\"https:\/\/moverdb.com\/sv\/moving-to-the-united-states\/\" data-internallinksmanager029f6b8e52c=\"94\" title=\"Flyttar du till USA? 2026 Levnadskostnader och flyttningstips\">USA<\/a> (<a href=\"https:\/\/moverdb.com\/sv\/moving-to-los-angeles\/\" data-internallinksmanager029f6b8e52c=\"51\" title=\"Flyttar du till Los Angeles? 2026 LA Levnadskostnader och tips om flyttning\">Los Angeles<\/a>)<\/td><td class=\"column-2\">$912<\/td><td class=\"column-3\">$1,309<\/td>\n<\/tr>\n<tr class=\"row-16\">\n\t<td class=\"column-1\"><a href=\"https:\/\/moverdb.com\/sv\/container-shipping\/united-states\/\" data-internallinksmanager029f6b8e52c=\"87\" title=\"2026 Fraktpriser f\u00f6r sj\u00f6transport av containrar till och fr\u00e5n USA\">USA (New York)<\/a><\/td><td class=\"column-2\">$2,624<\/td><td class=\"column-3\">$1,937<\/td>\n<\/tr>\n<\/tbody>\n<\/table>\n<!-- #tablepress-199 from cache -->\n\n\n\n<h2 class=\"wp-block-heading\">Kostnader f\u00f6r containrar fr\u00e5n Sint Maarten (Philipsburg)<\/h2>\n\n\n<div class=\"wp-block-image\">\n<figure class=\"aligncenter size-large\"><img loading=\"lazy\" decoding=\"async\" width=\"1024\" height=\"539\" src=\"https:\/\/moverdb.com\/wp-content\/uploads\/Shipping-Container-Costs-from-Sint-Maarten-1024x539.png\" alt=\"Kostnader f\u00f6r containrar fr\u00e5n Sint Maarten (Philipsburg)\" class=\"wp-image-5062\" srcset=\"https:\/\/moverdb.com\/wp-content\/uploads\/Shipping-Container-Costs-from-Sint-Maarten-1024x539.png 1024w, https:\/\/moverdb.com\/wp-content\/uploads\/Shipping-Container-Costs-from-Sint-Maarten-300x158.png 300w, https:\/\/moverdb.com\/wp-content\/uploads\/Shipping-Container-Costs-from-Sint-Maarten-1536x809.png 1536w, https:\/\/moverdb.com\/wp-content\/uploads\/Shipping-Container-Costs-from-Sint-Maarten-18x9.png 18w, https:\/\/moverdb.com\/wp-content\/uploads\/Shipping-Container-Costs-from-Sint-Maarten-600x316.png 600w, https:\/\/moverdb.com\/wp-content\/uploads\/Shipping-Container-Costs-from-Sint-Maarten.png 2000w\" sizes=\"auto, (max-width: 1024px) 100vw, 1024px\" \/><\/figure>\n<\/div>\n\n\n<table id=\"tablepress-200\" class=\"tablepress tablepress-id-200\">\n<thead>\n<tr class=\"row-1\">\n\t<th class=\"column-1\">Destinationsland (hamn\/stad)<\/th><th class=\"column-2\">20FT<\/th><th class=\"column-3\">40FT<\/th>\n<\/tr>\n<\/thead>\n<tbody class=\"row-striping row-hover\">\n<tr class=\"row-2\">\n\t<td class=\"column-1\">Andorra (Andorra la Vella)<\/td><td class=\"column-2\">$346<\/td><td class=\"column-3\">$355<\/td>\n<\/tr>\n<tr class=\"row-3\">\n\t<td class=\"column-1\"><a href=\"https:\/\/moverdb.com\/sv\/container-shipping\/antigua-and-barbuda\/\" data-internallinksmanager029f6b8e52c=\"92\" title=\"2026 Priser f\u00f6r sj\u00f6transport av containrar till och fr\u00e5n Antigua och Barbuda\">Antigua och Barbuda (St John's)<\/a><\/td><td class=\"column-2\">$875<\/td><td class=\"column-3\">$1,076<\/td>\n<\/tr>\n<tr class=\"row-4\">\n\t<td class=\"column-1\">Australien (Sydney)<\/td><td class=\"column-2\">N\/A<\/td><td class=\"column-3\">$2,845<\/td>\n<\/tr>\n<tr class=\"row-5\">\n\t<td class=\"column-1\"><a href=\"https:\/\/moverdb.com\/sv\/container-shipping\/germany\/\" data-internallinksmanager029f6b8e52c=\"118\" title=\"2026 Fraktpriser f\u00f6r sj\u00f6transport av containrar till och fr\u00e5n Tyskland\">Tyskland (Hamburg)<\/a><\/td><td class=\"column-2\">$1,941<\/td><td class=\"column-3\">$2,964<\/td>\n<\/tr>\n<tr class=\"row-6\">\n\t<td class=\"column-1\">USA (New York)<\/td><td class=\"column-2\">$1,022<\/td><td class=\"column-3\">$1,108<\/td>\n<\/tr>\n<\/tbody>\n<\/table>\n<!-- #tablepress-200 from cache -->\n\n\n\n<h3 class=\"wp-block-heading\">Anm\u00e4rkningar om uppgifter:<\/h3>\n\n\n\n<ul class=\"wp-block-list\"><li>Alla $-siffror anges i amerikanska dollar (USD);<\/li><li>Priserna \u00e4r korrekta i b\u00f6rjan av 2022;<\/li><li>Kartorna i den h\u00e4r artikeln skapades med hj\u00e4lp av <a href=\"https:\/\/www.mapchart.net\" target=\"_blank\" rel=\"noreferrer noopener\">https:\/\/www.mapchart.net<\/a>. Du f\u00e5r g\u00e4rna dela med dig av kartorna s\u00e5 l\u00e4nge du anger en l\u00e4nk tillbaka till <a href=\"https:\/\/moverdb.com\/sv\/\">Mo<\/a><a href=\"https:\/\/moverdb.com\/sv\/\" target=\"_blank\" rel=\"noreferrer noopener\">v<\/a><a href=\"https:\/\/moverdb.com\/sv\/\">erDB<\/a>;<\/li><li>Priserna ovan \u00e4r endast uppskattningar och kan ha \u00e4ndrats sedan den h\u00e4r artikeln publicerades (april 2022). De \u00e4r baserade p\u00e5 den l\u00e4gsta uppskattade skattesatsen fr\u00e5n antingen <a href=\"https:\/\/www.searates.com\" target=\"_blank\" rel=\"noreferrer noopener\">https:\/\/www.searates.com<\/a> eller . <a href=\"https:\/\/www.gocomet.com\/freight-shipping-rates-index-calculator\" target=\"_blank\" rel=\"noreferrer noopener\">https:\/\/www.gocomet.com<\/a>;<\/li><li>F\u00f6r att f\u00e5 en mer exakt uppfattning om kostnaden f\u00f6r dig kan du anv\u00e4nda offertformul\u00e4ret l\u00e4ngst upp p\u00e5 den h\u00e4r sidan;<\/li><li>Se \u00e4ven v\u00e5r guide till <a href=\"https:\/\/moverdb.com\/sv\/container-transport\/\" target=\"_blank\" rel=\"noreferrer noopener\">internationell containertransport<\/a>.<\/li><\/ul>","protected":false},"excerpt":{"rendered":"<p>Sint Maarten is one of the most prosperous island countries in the Caribbean. Being colonized by the Dutch, this tiny nation serves as one of its governorships and is well-advanced to accommodate any foreigner who wishes to move there. The mini-state is for everyone who desires a quieter life in a place where summers never [&hellip;]<\/p>\n","protected":false},"author":2,"featured_media":5064,"parent":44,"menu_order":0,"comment_status":"closed","ping_status":"closed","template":"","meta":{"_genesis_hide_title":false,"_genesis_hide_breadcrumbs":false,"_genesis_hide_singular_image":false,"_genesis_hide_footer_widgets":false,"_genesis_custom_body_class":"","_genesis_custom_post_class":"","_genesis_layout":"","footnotes":""},"class_list":{"0":"post-5275","1":"page","2":"type-page","3":"status-publish","4":"has-post-thumbnail","6":"entry"},"_links":{"self":[{"href":"https:\/\/moverdb.com\/sv\/wp-json\/wp\/v2\/pages\/5275","targetHints":{"allow":["GET"]}}],"collection":[{"href":"https:\/\/moverdb.com\/sv\/wp-json\/wp\/v2\/pages"}],"about":[{"href":"https:\/\/moverdb.com\/sv\/wp-json\/wp\/v2\/types\/page"}],"author":[{"embeddable":true,"href":"https:\/\/moverdb.com\/sv\/wp-json\/wp\/v2\/users\/2"}],"replies":[{"embeddable":true,"href":"https:\/\/moverdb.com\/sv\/wp-json\/wp\/v2\/comments?post=5275"}],"version-history":[{"count":3,"href":"https:\/\/moverdb.com\/sv\/wp-json\/wp\/v2\/pages\/5275\/revisions"}],"predecessor-version":[{"id":5294,"href":"https:\/\/moverdb.com\/sv\/wp-json\/wp\/v2\/pages\/5275\/revisions\/5294"}],"up":[{"embeddable":true,"href":"https:\/\/moverdb.com\/sv\/wp-json\/wp\/v2\/pages\/44"}],"wp:featuredmedia":[{"embeddable":true,"href":"https:\/\/moverdb.com\/sv\/wp-json\/wp\/v2\/media\/5064"}],"wp:attachment":[{"href":"https:\/\/moverdb.com\/sv\/wp-json\/wp\/v2\/media?parent=5275"}],"curies":[{"name":"wp","href":"https:\/\/api.w.org\/{rel}","templated":true}]}}