{"id":5242,"date":"2022-10-24T11:48:27","date_gmt":"2022-10-24T11:48:27","guid":{"rendered":"https:\/\/moverdb.com\/?page_id=5242"},"modified":"2026-01-08T15:29:48","modified_gmt":"2026-01-08T15:29:48","slug":"botswana","status":"publish","type":"page","link":"https:\/\/moverdb.com\/sv\/moving-companies\/botswana-moving-companies\/","title":{"rendered":"B\u00e4sta internationella flyttfirmor i Botswana"},"content":{"rendered":"<p>Planerar du en flytt inom Botswana, eller till eller fr\u00e5n Botswana? Oavsett om du ska flytta ditt hem eller ditt f\u00f6retag, \u00e4r det viktigt att anlita en <a href=\"https:\/\/moverdb.com\/sv\/moving-companies\/\" data-internallinksmanager029f6b8e52c=\"79\" title=\"Topp 25 internationella flyttfirmor p\u00e5 n\u00e4tet\">flyttfirma<\/a> kan hj\u00e4lpa till att l\u00e4tta p\u00e5 b\u00f6rdan. F\u00f6r att hj\u00e4lpa dig har vi sammanst\u00e4llt en lista \u00f6ver Botswana <a href=\"https:\/\/moverdb.com\/sv\/international-removals\/\" data-internallinksmanager029f6b8e52c=\"27\" title=\"36 b\u00e4sta internationella flyttfirmor i Storbritannien\">flyttfirmor<\/a> nedan som \u00e4r medlemmar i <a href=\"https:\/\/moverdb.com\/sv\/iam\/\" data-internallinksmanager029f6b8e52c=\"23\" title=\"International Association of Movers (IAM) f\u00f6rklaras\">Internationella sammanslutningen av flyttfirmor<\/a> (IAM) och\/eller <a href=\"https:\/\/moverdb.com\/sv\/fidi-faim\/\" data-internallinksmanager029f6b8e52c=\"16\" title=\"FIDI &amp; FAIM (FIDI Accredited International Mover) f\u00f6rklaras\">FIDI<\/a> Ackrediterad internationell flyttfirma (FAIM).<\/p>\n<h2><strong>AGS Worldwide Movers<\/strong><\/h2>\n<p><em><img loading=\"lazy\" decoding=\"async\" class=\"alignnone size-full wp-image-5137\" src=\"https:\/\/moverdb.com\/wp-content\/uploads\/AGS-Wroldwide-Movers-international-moving-company.png\" alt=\"AGS Wroldwide Movers internationell flyttfirma\" width=\"1440\" height=\"680\" data-wp-pid=\"5137\" srcset=\"https:\/\/moverdb.com\/wp-content\/uploads\/AGS-Wroldwide-Movers-international-moving-company.png 1440w, https:\/\/moverdb.com\/wp-content\/uploads\/AGS-Wroldwide-Movers-international-moving-company-300x142.png 300w, https:\/\/moverdb.com\/wp-content\/uploads\/AGS-Wroldwide-Movers-international-moving-company-1024x484.png 1024w, https:\/\/moverdb.com\/wp-content\/uploads\/AGS-Wroldwide-Movers-international-moving-company-18x9.png 18w, https:\/\/moverdb.com\/wp-content\/uploads\/AGS-Wroldwide-Movers-international-moving-company-600x283.png 600w\" sizes=\"auto, (max-width: 1440px) 100vw, 1440px\" \/><\/em><\/p>\n<ul>\n<li>Lokala och nationella flyttningar<\/li>\n<li>Internationella flyttningar<\/li>\n<li>Kommersiella flyttar f\u00f6r kontor<\/li>\n<li>Flyttning av hush\u00e5ll<\/li>\n<li>Skr\u00e4ddarsydd service<\/li>\n<li>Tillhandah\u00e5ller en d\u00f6rr-till-d\u00f6rr-tj\u00e4nst<\/li>\n<li>Utbildade packare som arbetar enligt internationella standarder<\/li>\n<li>Anv\u00e4nd innovativa f\u00f6rpackningsmaterial<\/li>\n<li>Flyttning av fordon<\/li>\n<li>S\u00e4kra f\u00f6rvaringsutrymmen<\/li>\n<\/ul>\n<p>AGS Worldwide Movers \u00e4r ett internationellt f\u00f6retag som grundades 1974 och har 146 platser i 97 l\u00e4nder i Europa, Asien och Afrika, inklusive Botswana. De har ett partnern\u00e4tverk i Amerika och Oceanien f\u00f6r att tillhandah\u00e5lla tj\u00e4nster i dessa l\u00e4nder. Botswanas filial har 41 \u00e5rs tj\u00e4nstg\u00f6ring som IAM-medlem och \u00e4r ackrediterad av FIDI.<\/p>\n<p>AGS Worldwide Movers tillhandah\u00e5ller flyttj\u00e4nster i Botswana och \u00f6ver hela v\u00e4rlden och anv\u00e4nder avancerad teknik f\u00f6r att hj\u00e4lpa till med offerter, sp\u00e5rning och leveranser. De har utbildade packare som arbetar enligt internationella f\u00f6rpackningsstandarder och tekniker och anv\u00e4nder f\u00f6rpackningsmaterial av h\u00f6g kvalitet. De erbjuder \u00e4ven tj\u00e4nster f\u00f6r flyttning av fordon och s\u00e4kra f\u00f6rvaringsutrymmen.<\/p>\n<p>Webbplats: <a href=\"https:\/\/www.agsmovers.com\" target=\"_blank\" rel=\"noopener\">https:\/\/www.agsmovers.com<\/a><\/p>","protected":false},"excerpt":{"rendered":"<p>Are you planning a move within Botswana, or to or from Botswana? Whether you are moving your home or your business, engaging the services of a moving company can help lighten the load. To assist you we have compiled a list of Botswana removal companies below that are members of the International Association of Movers [&hellip;]<\/p>\n","protected":false},"author":4,"featured_media":0,"parent":190,"menu_order":0,"comment_status":"closed","ping_status":"closed","template":"","meta":{"_genesis_hide_title":false,"_genesis_hide_breadcrumbs":false,"_genesis_hide_singular_image":false,"_genesis_hide_footer_widgets":false,"_genesis_custom_body_class":"","_genesis_custom_post_class":"","_genesis_layout":"","footnotes":""},"class_list":{"0":"post-5242","1":"page","2":"type-page","3":"status-publish","5":"entry"},"_links":{"self":[{"href":"https:\/\/moverdb.com\/sv\/wp-json\/wp\/v2\/pages\/5242","targetHints":{"allow":["GET"]}}],"collection":[{"href":"https:\/\/moverdb.com\/sv\/wp-json\/wp\/v2\/pages"}],"about":[{"href":"https:\/\/moverdb.com\/sv\/wp-json\/wp\/v2\/types\/page"}],"author":[{"embeddable":true,"href":"https:\/\/moverdb.com\/sv\/wp-json\/wp\/v2\/users\/4"}],"replies":[{"embeddable":true,"href":"https:\/\/moverdb.com\/sv\/wp-json\/wp\/v2\/comments?post=5242"}],"version-history":[{"count":1,"href":"https:\/\/moverdb.com\/sv\/wp-json\/wp\/v2\/pages\/5242\/revisions"}],"predecessor-version":[{"id":5243,"href":"https:\/\/moverdb.com\/sv\/wp-json\/wp\/v2\/pages\/5242\/revisions\/5243"}],"up":[{"embeddable":true,"href":"https:\/\/moverdb.com\/sv\/wp-json\/wp\/v2\/pages\/190"}],"wp:attachment":[{"href":"https:\/\/moverdb.com\/sv\/wp-json\/wp\/v2\/media?parent=5242"}],"curies":[{"name":"wp","href":"https:\/\/api.w.org\/{rel}","templated":true}]}}