{"id":5240,"date":"2022-10-24T11:49:20","date_gmt":"2022-10-24T11:49:20","guid":{"rendered":"https:\/\/moverdb.com\/?page_id=5240"},"modified":"2026-01-08T15:23:38","modified_gmt":"2026-01-08T15:23:38","slug":"bosnien-och-hercegovina","status":"publish","type":"page","link":"https:\/\/moverdb.com\/sv\/moving-companies\/bosnia-and-herzegovina-moving-companies\/","title":{"rendered":"2 b\u00e4sta internationella flyttfirmor i Bosnien och Hercegovina"},"content":{"rendered":"<p>Att flytta kan vara en stressig tid, s\u00e4rskilt om du ocks\u00e5 flyttar till ett annat land, och det \u00e4r d\u00e5 som ett flyttf\u00f6retag kan hj\u00e4lpa till att l\u00e4tta p\u00e5 trycket. F\u00f6r att hj\u00e4lpa dig har vi sammanst\u00e4llt en lista \u00f6ver f\u00f6retag i Bosnien och Hercegovina. <a href=\"https:\/\/moverdb.com\/sv\/international-removals\/\" data-internallinksmanager029f6b8e52c=\"27\" title=\"36 b\u00e4sta internationella flyttfirmor i Storbritannien\">flyttfirmor<\/a> som \u00e4r medlemmar i <a href=\"https:\/\/moverdb.com\/sv\/iam\/\" data-internallinksmanager029f6b8e52c=\"23\" title=\"International Association of Movers (IAM) f\u00f6rklaras\">Internationella sammanslutningen av flyttfirmor<\/a> (IAM) som kan hj\u00e4lpa dig.<\/p>\n<h2><strong>1. AGS Worldwide Movers<\/strong><\/h2>\n<p><em><img loading=\"lazy\" decoding=\"async\" class=\"alignnone size-full wp-image-5137\" src=\"https:\/\/moverdb.com\/wp-content\/uploads\/AGS-Wroldwide-Movers-international-moving-company.png\" alt=\"AGS Wroldwide Movers internationell flyttfirma\" width=\"1440\" height=\"680\" data-wp-pid=\"5137\" srcset=\"https:\/\/moverdb.com\/wp-content\/uploads\/AGS-Wroldwide-Movers-international-moving-company.png 1440w, https:\/\/moverdb.com\/wp-content\/uploads\/AGS-Wroldwide-Movers-international-moving-company-300x142.png 300w, https:\/\/moverdb.com\/wp-content\/uploads\/AGS-Wroldwide-Movers-international-moving-company-1024x484.png 1024w, https:\/\/moverdb.com\/wp-content\/uploads\/AGS-Wroldwide-Movers-international-moving-company-18x9.png 18w, https:\/\/moverdb.com\/wp-content\/uploads\/AGS-Wroldwide-Movers-international-moving-company-600x283.png 600w\" sizes=\"auto, (max-width: 1440px) 100vw, 1440px\" \/><\/em><\/p>\n<ul>\n<li>Nationella flyttningar<\/li>\n<li>Internationella flyttningar<\/li>\n<li>Flyttning av bost\u00e4der<\/li>\n<li>Flyttning av kontor<\/li>\n<li>Flyttning fr\u00e5n d\u00f6rr till d\u00f6rr<\/li>\n<li>Utbildad personal som packar och transporterar dina tillh\u00f6righeter<\/li>\n<li>Innovativa f\u00f6rpackningsmaterial och f\u00f6rpackningsmetoder<\/li>\n<li>Milj\u00f6v\u00e4nlig f\u00f6rpackning<\/li>\n<li>\u00d6verf\u00f6ringar av fordon<\/li>\n<li>S\u00e4ker lagring<\/li>\n<\/ul>\n<p>AGS Worldwide Movers grundades 1974 och har expanderat till ett internationellt flyttf\u00f6retag som str\u00e4cker sig \u00f6ver Europa, Asien och Afrika med samarbetspartner i Amerika och Oceanien. De har 146 platser i 97 l\u00e4nder. De \u00e4r medlemmar i IAM och har 25 \u00e5rs erfarenhet.<\/p>\n<p>AGS Worldwide Movers anv\u00e4nder avancerade och smarta l\u00f6sningar f\u00f6r att tillhandah\u00e5lla offerter, sp\u00e5rning och leverans p\u00e5 ett effektivare s\u00e4tt. De har utbildad personal som packar dina tillh\u00f6righeter p\u00e5 ett s\u00e4kert s\u00e4tt f\u00f6r att f\u00f6rhindra att de skadas med hj\u00e4lp av innovativa f\u00f6rpackningsmaterial och tekniker. De erbjuder ocks\u00e5 transportl\u00f6sningar f\u00f6r fordon och s\u00e4ker f\u00f6rvaring vid behov.<\/p>\n<p>Webbplats: <a href=\"http:\/\/www.agsmovers.com\" target=\"_blank\" rel=\"noopener\">http:\/\/www.agsmovers.com<\/a><\/p>\n<h2><strong>2. Intermove<\/strong><\/h2>\n<p><em><img loading=\"lazy\" decoding=\"async\" class=\"alignnone size-full wp-image-5176\" src=\"https:\/\/moverdb.com\/wp-content\/uploads\/Intermove-international-moving-company.png\" alt=\"Intermove internationell flyttfirma\" width=\"1440\" height=\"680\" data-wp-pid=\"5176\" srcset=\"https:\/\/moverdb.com\/wp-content\/uploads\/Intermove-international-moving-company.png 1440w, https:\/\/moverdb.com\/wp-content\/uploads\/Intermove-international-moving-company-300x142.png 300w, https:\/\/moverdb.com\/wp-content\/uploads\/Intermove-international-moving-company-1024x484.png 1024w, https:\/\/moverdb.com\/wp-content\/uploads\/Intermove-international-moving-company-18x9.png 18w, https:\/\/moverdb.com\/wp-content\/uploads\/Intermove-international-moving-company-600x283.png 600w\" sizes=\"auto, (max-width: 1440px) 100vw, 1440px\" \/><\/em><\/p>\n<ul>\n<li>Lokala och nationella flyttningar<\/li>\n<li>Internationella flyttningar<\/li>\n<li>Hush\u00e5llsflyttar<\/li>\n<li>Flyttning av f\u00f6retag<\/li>\n<li>H\u00f6gkvalificerade packare<\/li>\n<li>Tj\u00e4nster f\u00f6r packning och uppackning<\/li>\n<li>Logistik f\u00f6r sj\u00f6transporter<\/li>\n<li>Tullklarering<\/li>\n<li>F\u00f6rs\u00e4kring<\/li>\n<li>F\u00f6rvaringsutrymmen<\/li>\n<\/ul>\n<p>Intermove \u00e4r ett flyttf\u00f6retag som grundades 1996 f\u00f6r att hj\u00e4lpa familjer och f\u00f6retag att flytta. De erbjuder sina tj\u00e4nster i Bosnien och Hercegovina samt f\u00f6r dem som vill flytta till eller fr\u00e5n landet. De \u00e4r medlemmar i IAM med 26 \u00e5rs erfarenhet.<\/p>\n<p>Intermove tillhandah\u00e5ller mycket skickliga packare som \u00e4r utbildade i internationella f\u00f6rpackningsmetoder och anv\u00e4nder h\u00f6gkvalitativa material f\u00f6r att skydda dina \u00e4godelar. De packar dina tillh\u00f6righeter och ordnar transporten av dem, inklusive eventuell tullklarering och uppackning. De erbjuder f\u00f6rs\u00e4kringar, hembes\u00f6k, omr\u00e5desorientering och m\u00f6jlighet till flexibla f\u00f6rvaringsl\u00f6sningar.<\/p>\n<p>Webbplats: <a href=\"http:\/\/www.intermovebosnia.com\" target=\"_blank\" rel=\"noopener\">http:\/\/www.intermovebosnia.com<\/a><\/p>","protected":false},"excerpt":{"rendered":"<p>Moving can be a stressful time especially if you are moving countries as well, that is where a moving or relocation company can help relieve some of the pressure. To help you we have compiled a list of Bosnia and Herzegovina removal companies that are members of the International Association of Movers (IAM) who could [&hellip;]<\/p>\n","protected":false},"author":4,"featured_media":0,"parent":190,"menu_order":0,"comment_status":"closed","ping_status":"closed","template":"","meta":{"_genesis_hide_title":false,"_genesis_hide_breadcrumbs":false,"_genesis_hide_singular_image":false,"_genesis_hide_footer_widgets":false,"_genesis_custom_body_class":"","_genesis_custom_post_class":"","_genesis_layout":"","footnotes":""},"class_list":{"0":"post-5240","1":"page","2":"type-page","3":"status-publish","5":"entry","6":"has-post-thumbnail"},"_links":{"self":[{"href":"https:\/\/moverdb.com\/sv\/wp-json\/wp\/v2\/pages\/5240","targetHints":{"allow":["GET"]}}],"collection":[{"href":"https:\/\/moverdb.com\/sv\/wp-json\/wp\/v2\/pages"}],"about":[{"href":"https:\/\/moverdb.com\/sv\/wp-json\/wp\/v2\/types\/page"}],"author":[{"embeddable":true,"href":"https:\/\/moverdb.com\/sv\/wp-json\/wp\/v2\/users\/4"}],"replies":[{"embeddable":true,"href":"https:\/\/moverdb.com\/sv\/wp-json\/wp\/v2\/comments?post=5240"}],"version-history":[{"count":1,"href":"https:\/\/moverdb.com\/sv\/wp-json\/wp\/v2\/pages\/5240\/revisions"}],"predecessor-version":[{"id":5241,"href":"https:\/\/moverdb.com\/sv\/wp-json\/wp\/v2\/pages\/5240\/revisions\/5241"}],"up":[{"embeddable":true,"href":"https:\/\/moverdb.com\/sv\/wp-json\/wp\/v2\/pages\/190"}],"wp:attachment":[{"href":"https:\/\/moverdb.com\/sv\/wp-json\/wp\/v2\/media?parent=5240"}],"curies":[{"name":"wp","href":"https:\/\/api.w.org\/{rel}","templated":true}]}}