{"id":5231,"date":"2022-10-24T11:51:35","date_gmt":"2022-10-24T11:51:35","guid":{"rendered":"https:\/\/moverdb.com\/?page_id=5231"},"modified":"2026-01-08T15:29:47","modified_gmt":"2026-01-08T15:29:47","slug":"barbados-2","status":"publish","type":"page","link":"https:\/\/moverdb.com\/sv\/moving-companies\/barbados-moving-companies\/","title":{"rendered":"B\u00e4sta internationella flyttfirmor i Barbados"},"content":{"rendered":"<p>Funderar du p\u00e5 att flytta till eller fr\u00e5n <a href=\"https:\/\/moverdb.com\/sv\/moving-to-barbados\/\" data-internallinksmanager029f6b8e52c=\"344\" title=\"Flyttar du till Barbados? 2026 Levnadskostnader &amp; tips om flyttning\">Barbados<\/a>, eller inom Barbados? D\u00e5 kan tanken p\u00e5 att packa upp ditt hem eller f\u00f6retag och organisera frakten orsaka lite stress, men en flyttfirma kan hj\u00e4lpa till. Nedan \u00e4r de <a href=\"https:\/\/moverdb.com\/sv\/international-removals\/\" data-internallinksmanager029f6b8e52c=\"27\" title=\"36 b\u00e4sta internationella flyttfirmor i Storbritannien\">flyttfirmor<\/a> som \u00e4r medlemmar i <a href=\"https:\/\/moverdb.com\/sv\/iam\/\" data-internallinksmanager029f6b8e52c=\"23\" title=\"International Association of Movers (IAM) f\u00f6rklaras\">Internationella sammanslutningen av flyttfirmor<\/a> (IAM) och\/eller <a href=\"https:\/\/moverdb.com\/sv\/fidi-faim\/\" data-internallinksmanager029f6b8e52c=\"16\" title=\"FIDI &amp; FAIM (FIDI Accredited International Mover) f\u00f6rklaras\">FIDI<\/a> ackrediterad internationell flyttfirma (FAIM) i Barbados.<\/p>\n<h2><strong>1. Michael Greaves Associates<\/strong><\/h2>\n<p><em><img loading=\"lazy\" decoding=\"async\" class=\"alignnone size-full wp-image-5186\" src=\"https:\/\/moverdb.com\/wp-content\/uploads\/Michael-Greaves-Associates-international-moving-company.png\" alt=\"Michael Greaves Associates internationell flyttfirma\" width=\"1440\" height=\"681\" data-wp-pid=\"5186\" srcset=\"https:\/\/moverdb.com\/wp-content\/uploads\/Michael-Greaves-Associates-international-moving-company.png 1440w, https:\/\/moverdb.com\/wp-content\/uploads\/Michael-Greaves-Associates-international-moving-company-300x142.png 300w, https:\/\/moverdb.com\/wp-content\/uploads\/Michael-Greaves-Associates-international-moving-company-1024x484.png 1024w, https:\/\/moverdb.com\/wp-content\/uploads\/Michael-Greaves-Associates-international-moving-company-18x9.png 18w, https:\/\/moverdb.com\/wp-content\/uploads\/Michael-Greaves-Associates-international-moving-company-600x284.png 600w\" sizes=\"auto, (max-width: 1440px) 100vw, 1440px\" \/><\/em><\/p>\n<ul>\n<li>Nationella omlokaliseringar<\/li>\n<li>Internationella flyttningar<\/li>\n<li>Flyttning av f\u00f6retag och bost\u00e4der<\/li>\n<li>Skr\u00e4ddarsydd service<\/li>\n<li>Erfarna yrkesverksamma<\/li>\n<li>Tullf\u00f6rmedling och tullklarering<\/li>\n<li>F\u00f6rs\u00e4kring av gods<\/li>\n<li>Hantering av s\u00e4llskapsdjur<\/li>\n<li>Transport av fordon och b\u00e5tar<\/li>\n<li>F\u00f6rvaringsutrymmen<\/li>\n<\/ul>\n<p>Michael Greaves Associates \u00e4r en flytt-, flytt-, frakt- och f\u00f6rmedlingstj\u00e4nst p\u00e5 Barbados som grundades 1981. De \u00e4r medlemmar i IAM och har 41 \u00e5rs erfarenhet. De tillhandah\u00e5ller flyttj\u00e4nster inom Barbados och internationellt.<\/p>\n<p>Michael Greaves Associates erbjuder en skr\u00e4ddarsydd flytttj\u00e4nst som hj\u00e4lper dig i varje skede av din flytt, fr\u00e5n planering till att du bos\u00e4tter dig i ditt nya hem. De kommer att unders\u00f6ka ditt hem eller kontor, ge en uppskattning och notera eventuella s\u00e4rskilda krav. De packar dina tillh\u00f6righeter med hj\u00e4lp av godk\u00e4nda tekniker och material. De erbjuder \u00e4ven fraktf\u00f6rs\u00e4kringar, tullf\u00f6rmedling och tullklarering samt specialtj\u00e4nster f\u00f6r transport av husdjur, fordon och b\u00e5tar.<\/p>\n<p>Webbplats: <a href=\"http:\/\/www.mgassociates.net\" target=\"_blank\" rel=\"noopener\">http:\/\/www.mgassociates.net<\/a><\/p>\n<h2>Andra nyttiga guider till Barbados<\/h2>\n<ul>\n<li> <a href=\"https:\/\/moverdb.com\/sv\/container-transport\/barbados\/\">2024 Sj\u00f6frakt Containerfraktpriser till och fr\u00e5n Barbados<\/a><\/li>\n<li> <a href=\"https:\/\/moverdb.com\/sv\/moving-to-barbados\/\">Flyttar du till Barbados? 2026 Levnadskostnader &amp; tips om flytt<\/a><\/li>\n<li> <a href=\"https:\/\/moverdb.com\/sv\/moving-to-barbados\/living-in-barbados\/\">21 hemligheter om att bo i Barbados att veta innan du flyttar<\/a><\/li>\n<\/ul>","protected":false},"excerpt":{"rendered":"<p>Are you thinking of moving to or from Barbados, or within Barbados? Then the thought of packing up your home or business and organising the shipping might be causing some stress, but a removal company could help. Below are the removal companies that are members of the International Association of Movers (IAM) and\/or FIDI Accredited [&hellip;]<\/p>\n","protected":false},"author":4,"featured_media":0,"parent":190,"menu_order":0,"comment_status":"closed","ping_status":"closed","template":"","meta":{"_genesis_hide_title":false,"_genesis_hide_breadcrumbs":false,"_genesis_hide_singular_image":false,"_genesis_hide_footer_widgets":false,"_genesis_custom_body_class":"","_genesis_custom_post_class":"","_genesis_layout":"","footnotes":""},"class_list":{"0":"post-5231","1":"page","2":"type-page","3":"status-publish","5":"entry","6":"has-post-thumbnail"},"_links":{"self":[{"href":"https:\/\/moverdb.com\/sv\/wp-json\/wp\/v2\/pages\/5231","targetHints":{"allow":["GET"]}}],"collection":[{"href":"https:\/\/moverdb.com\/sv\/wp-json\/wp\/v2\/pages"}],"about":[{"href":"https:\/\/moverdb.com\/sv\/wp-json\/wp\/v2\/types\/page"}],"author":[{"embeddable":true,"href":"https:\/\/moverdb.com\/sv\/wp-json\/wp\/v2\/users\/4"}],"replies":[{"embeddable":true,"href":"https:\/\/moverdb.com\/sv\/wp-json\/wp\/v2\/comments?post=5231"}],"version-history":[{"count":2,"href":"https:\/\/moverdb.com\/sv\/wp-json\/wp\/v2\/pages\/5231\/revisions"}],"predecessor-version":[{"id":18281,"href":"https:\/\/moverdb.com\/sv\/wp-json\/wp\/v2\/pages\/5231\/revisions\/18281"}],"up":[{"embeddable":true,"href":"https:\/\/moverdb.com\/sv\/wp-json\/wp\/v2\/pages\/190"}],"wp:attachment":[{"href":"https:\/\/moverdb.com\/sv\/wp-json\/wp\/v2\/media?parent=5231"}],"curies":[{"name":"wp","href":"https:\/\/api.w.org\/{rel}","templated":true}]}}