{"id":5228,"date":"2022-10-24T11:52:12","date_gmt":"2022-10-24T11:52:12","guid":{"rendered":"https:\/\/moverdb.com\/?page_id=5228"},"modified":"2026-01-08T15:25:04","modified_gmt":"2026-01-08T15:25:04","slug":"bangladesh-2","status":"publish","type":"page","link":"https:\/\/moverdb.com\/sv\/moving-companies\/bangladesh-moving-companies\/","title":{"rendered":"5 b\u00e4sta internationella flyttfirmor i Bangladesh"},"content":{"rendered":"<p>Om du ska flytta hemifr\u00e5n i <a href=\"https:\/\/moverdb.com\/sv\/moving-to-bangladesh\/\" data-internallinksmanager029f6b8e52c=\"419\" title=\"Flyttar du till Bangladesh? 2026 Levnadskostnader &amp; tips om flyttning\">Bangladesh<\/a> eller ska flytta till eller fr\u00e5n Bangladesh, kanske du vill anv\u00e4nda en <a href=\"https:\/\/moverdb.com\/sv\/international-removals\/\" data-internallinksmanager029f6b8e52c=\"27\" title=\"36 b\u00e4sta internationella flyttfirmor i Storbritannien\">flyttfirma<\/a> f\u00f6r att underl\u00e4tta flyttprocessen. Att flytta \u00e4r en stressig tid, s\u00e5 nedan har vi samlat en lista \u00f6ver f\u00f6retag som \u00e4r medlemmar i <a href=\"https:\/\/moverdb.com\/sv\/iam\/\" data-internallinksmanager029f6b8e52c=\"23\" title=\"International Association of Movers (IAM) f\u00f6rklaras\">Internationella sammanslutningen av flyttfirmor<\/a> (IAM) och\/eller <a href=\"https:\/\/moverdb.com\/sv\/fidi-faim\/\" data-internallinksmanager029f6b8e52c=\"16\" title=\"FIDI &amp; FAIM (FIDI Accredited International Mover) f\u00f6rklaras\">FIDI<\/a> Accredited International Mover (FAIM) som kan hj\u00e4lpa dig.<\/p>\n<div id=\"ez-toc-container\" class=\"ez-toc-v2_0_82_2 ez-toc-wrap-left counter-hierarchy ez-toc-counter ez-toc-transparent ez-toc-container-direction\">\n<div class=\"ez-toc-title-container\">\n<p class=\"ez-toc-title\" style=\"cursor:inherit\">Avsnitt<\/p>\n<span class=\"ez-toc-title-toggle\"><a href=\"#\" class=\"ez-toc-pull-right ez-toc-btn ez-toc-btn-xs ez-toc-btn-default ez-toc-toggle\" aria-label=\"V\u00e4xla till inneh\u00e5llsf\u00f6rteckning\"><span class=\"ez-toc-js-icon-con\"><span class=\"\"><span class=\"eztoc-hide\" style=\"display:none;\">V\u00e4xel<\/span><span class=\"ez-toc-icon-toggle-span\"><svg style=\"fill: #999;color:#999\" xmlns=\"http:\/\/www.w3.org\/2000\/svg\" class=\"list-377408\" width=\"20px\" height=\"20px\" viewbox=\"0 0 24 24\" fill=\"none\"><path d=\"M6 6H4v2h2V6zm14 0H8v2h12V6zM4 11h2v2H4v-2zm16 0H8v2h12v-2zM4 16h2v2H4v-2zm16 0H8v2h12v-2z\" fill=\"currentColor\"><\/path><\/svg><svg style=\"fill: #999;color:#999\" class=\"arrow-unsorted-368013\" xmlns=\"http:\/\/www.w3.org\/2000\/svg\" width=\"10px\" height=\"10px\" viewbox=\"0 0 24 24\" version=\"1.2\" baseprofile=\"tiny\"><path d=\"M18.2 9.3l-6.2-6.3-6.2 6.3c-.2.2-.3.4-.3.7s.1.5.3.7c.2.2.4.3.7.3h11c.3 0 .5-.1.7-.3.2-.2.3-.5.3-.7s-.1-.5-.3-.7zM5.8 14.7l6.2 6.3 6.2-6.3c.2-.2.3-.5.3-.7s-.1-.5-.3-.7c-.2-.2-.4-.3-.7-.3h-11c-.3 0-.5.1-.7.3-.2.2-.3.5-.3.7s.1.5.3.7z\"\/><\/svg><\/span><\/span><\/span><\/a><\/span><\/div>\n<nav><ul class='ez-toc-list ez-toc-list-level-1 eztoc-toggle-hide-by-default' ><li class='ez-toc-page-1 ez-toc-heading-level-2'><a class=\"ez-toc-link ez-toc-heading-1\" href=\"https:\/\/moverdb.com\/sv\/moving-companies\/bangladesh-moving-companies\/#1_A_I_Freight_Services\" >1. A I Frakttj\u00e4nster<\/a><\/li><li class='ez-toc-page-1 ez-toc-heading-level-2'><a class=\"ez-toc-link ez-toc-heading-2\" href=\"https:\/\/moverdb.com\/sv\/moving-companies\/bangladesh-moving-companies\/#2_Alpha_Logistics\" >2. Alpha Logistics<\/a><\/li><li class='ez-toc-page-1 ez-toc-heading-level-2'><a class=\"ez-toc-link ez-toc-heading-3\" href=\"https:\/\/moverdb.com\/sv\/moving-companies\/bangladesh-moving-companies\/#3_Apolloline_Shipping_Service\" >3. Apolloline Shipping Service<\/a><\/li><li class='ez-toc-page-1 ez-toc-heading-level-2'><a class=\"ez-toc-link ez-toc-heading-4\" href=\"https:\/\/moverdb.com\/sv\/moving-companies\/bangladesh-moving-companies\/#4_Carry_Link_Packers_Shippers\" >4. Carry Link Packers &amp; Shippers<\/a><\/li><li class='ez-toc-page-1 ez-toc-heading-level-2'><a class=\"ez-toc-link ez-toc-heading-5\" href=\"https:\/\/moverdb.com\/sv\/moving-companies\/bangladesh-moving-companies\/#5_Homebound\" >5. Hembunden<\/a><\/li><\/ul><\/nav><\/div>\n<h2><span class=\"ez-toc-section\" id=\"1_A_I_Freight_Services\"><\/span><strong>1. A I Frakttj\u00e4nster<\/strong><span class=\"ez-toc-section-end\"><\/span><\/h2>\n<p><em><img loading=\"lazy\" decoding=\"async\" class=\"alignnone size-full wp-image-5135\" src=\"https:\/\/moverdb.com\/wp-content\/uploads\/A-I-Freight-Services-international-moving-company.png\" alt=\"A I Freight Services internationell flyttfirma\" width=\"1440\" height=\"685\" data-wp-pid=\"5135\" srcset=\"https:\/\/moverdb.com\/wp-content\/uploads\/A-I-Freight-Services-international-moving-company.png 1440w, https:\/\/moverdb.com\/wp-content\/uploads\/A-I-Freight-Services-international-moving-company-300x143.png 300w, https:\/\/moverdb.com\/wp-content\/uploads\/A-I-Freight-Services-international-moving-company-1024x487.png 1024w, https:\/\/moverdb.com\/wp-content\/uploads\/A-I-Freight-Services-international-moving-company-18x9.png 18w, https:\/\/moverdb.com\/wp-content\/uploads\/A-I-Freight-Services-international-moving-company-600x285.png 600w\" sizes=\"auto, (max-width: 1440px) 100vw, 1440px\" \/><\/em><\/p>\n<ul>\n<li>Nationell logistik<\/li>\n<li>Internationell logistik<\/li>\n<li>D\u00f6rr-till-d\u00f6rr-tj\u00e4nster och flyttning av hush\u00e5ll<\/li>\n<li>Hantering av personliga tillh\u00f6righeter<\/li>\n<li>F\u00f6retagsflyttar och logistik<\/li>\n<li>V\u00e4g-, sj\u00f6- och luftfrakt<\/li>\n<li>Tullf\u00f6rmedling<\/li>\n<li>Hantering av \u00f6mt\u00e5liga och farliga varor<\/li>\n<li>Transport av s\u00e4llskapsdjur<\/li>\n<li>F\u00f6rvaringsl\u00f6sningar<\/li>\n<\/ul>\n<p>A I Freight Services h\u00e4vdar att de \u00e4r ett av de ledande logistikf\u00f6retagen i Bangladesh som erbjuder spedition, inlandstransporter och tullf\u00f6rmedling. De \u00e4r medlemmar i IAM och har 23 \u00e5rs erfarenhet. De tillgodoser f\u00f6retag med logistik och distribution samt flyttar, de erbjuder \u00e4ven flyttj\u00e4nster f\u00f6r hush\u00e5ll.<\/p>\n<p>A I Freight Services erbjuder en d\u00f6rr-till-d\u00f6rr-tj\u00e4nst f\u00f6r flyttning av hush\u00e5ll som kan flytta dig nationellt och internationellt med hj\u00e4lp av v\u00e4g-, sj\u00f6- och lufttransport. De kan ocks\u00e5 hj\u00e4lpa dig med tullklarering och f\u00f6rmedling. De kan erbjuda specialiserade logistiktj\u00e4nster, t.ex. f\u00f6rflyttning av husdjur, k\u00e4nsligt och farligt gods. De erbjuder \u00e4ven l\u00f6sningar f\u00f6r lagerf\u00f6rvaring.<\/p>\n<p>Webbplats: <a href=\"http:\/\/www.aifs-bd.com\" target=\"_blank\" rel=\"noopener\">http:\/\/www.aifs-bd.com<\/a><\/p>\n<h2><span class=\"ez-toc-section\" id=\"2_Alpha_Logistics\"><\/span><strong>2. Alpha Logistics<\/strong><span class=\"ez-toc-section-end\"><\/span><\/h2>\n<p><em><img loading=\"lazy\" decoding=\"async\" class=\"alignnone size-full wp-image-5143\" src=\"https:\/\/moverdb.com\/wp-content\/uploads\/Alpha-Logistics-international-moving-company.png\" alt=\"Alpha Logistics internationell flyttfirma\" width=\"1440\" height=\"677\" data-wp-pid=\"5143\" srcset=\"https:\/\/moverdb.com\/wp-content\/uploads\/Alpha-Logistics-international-moving-company.png 1440w, https:\/\/moverdb.com\/wp-content\/uploads\/Alpha-Logistics-international-moving-company-300x141.png 300w, https:\/\/moverdb.com\/wp-content\/uploads\/Alpha-Logistics-international-moving-company-1024x481.png 1024w, https:\/\/moverdb.com\/wp-content\/uploads\/Alpha-Logistics-international-moving-company-18x8.png 18w, https:\/\/moverdb.com\/wp-content\/uploads\/Alpha-Logistics-international-moving-company-600x282.png 600w\" sizes=\"auto, (max-width: 1440px) 100vw, 1440px\" \/><\/em><\/p>\n<ul>\n<li>Nationella s\u00e4ndningar<\/li>\n<li>Internationella f\u00f6rs\u00e4ndelser<\/li>\n<li>Flexibel service<\/li>\n<li>F\u00f6r ett brett utbud av varor.<\/li>\n<li>D\u00f6rr-till-d\u00f6rr-tj\u00e4nster<\/li>\n<li>Service fr\u00e5n d\u00f6rr till flygplats eller till brygga<\/li>\n<li>Transport p\u00e5 v\u00e4g, till sj\u00f6ss och i luften<\/li>\n<li>Anpassad klarering<\/li>\n<li>Anm\u00e4lningar och bevis p\u00e5 ankomster<\/li>\n<li>Kort- till l\u00e5ngtidsf\u00f6rvaring<\/li>\n<\/ul>\n<p>Alpha Logistics grundades 1999 och h\u00e4vdar att det \u00e4r en av de fr\u00e4msta speditions- och logistikleverant\u00f6rerna i Bangladesh. De \u00e4r medlemmar i IAM som en flytt- och <a href=\"https:\/\/moverdb.com\/sv\/relocation-agents\/\" data-internallinksmanager029f6b8e52c=\"1\" title=\"7 anledningar till varf\u00f6r du b\u00f6r anv\u00e4nda en flyttfirma?\">Flyttningsagent<\/a>. De har ett n\u00e4tverk av globala agenter som g\u00f6r det m\u00f6jligt f\u00f6r dem att leverera sina tj\u00e4nster internationellt.<\/p>\n<p>Alpha Logistics erbjuder endast en frakttj\u00e4nst d\u00e4r de tillhandah\u00e5ller d\u00f6rr-till-d\u00f6rr-tj\u00e4nster, d\u00f6rr-till-flygplats\/dock-tj\u00e4nster eller flygplats\/dock-till-d\u00f6rr-tj\u00e4nster som inkluderar tullklarering av din f\u00f6rs\u00e4ndelse. De erbjuder ocks\u00e5 ett utbud av lastbilar och sk\u00e5pbilar f\u00f6r att flytta dina varor inom Bangladesh. De erbjuder kort- till l\u00e5ngtidsf\u00f6rvaring i sina lagerlokaler.<\/p>\n<p>Webbplats: <a href=\"http:\/\/www.alphagroupbd.com\" target=\"_blank\" rel=\"noopener\">http:\/\/www.alphagroupbd.com<\/a><\/p>\n<h2><span class=\"ez-toc-section\" id=\"3_Apolloline_Shipping_Service\"><\/span><strong>3. Apolloline Shipping Service<\/strong><span class=\"ez-toc-section-end\"><\/span><\/h2>\n<p><img loading=\"lazy\" decoding=\"async\" class=\"alignnone size-full wp-image-5229\" src=\"https:\/\/moverdb.com\/wp-content\/uploads\/Apolloline-international-moving-company.png\" alt=\"Apolloline internationellt flyttf\u00f6retag\" width=\"1440\" height=\"682\" data-wp-pid=\"5229\" srcset=\"https:\/\/moverdb.com\/wp-content\/uploads\/Apolloline-international-moving-company.png 1440w, https:\/\/moverdb.com\/wp-content\/uploads\/Apolloline-international-moving-company-300x142.png 300w, https:\/\/moverdb.com\/wp-content\/uploads\/Apolloline-international-moving-company-1024x485.png 1024w, https:\/\/moverdb.com\/wp-content\/uploads\/Apolloline-international-moving-company-18x9.png 18w, https:\/\/moverdb.com\/wp-content\/uploads\/Apolloline-international-moving-company-600x284.png 600w\" sizes=\"auto, (max-width: 1440px) 100vw, 1440px\" \/><\/p>\n<ul>\n<li>Nationella flyttningar<\/li>\n<li>Internationella flyttningar<\/li>\n<li>Kontors- och hush\u00e5llsflyttar<\/li>\n<li>Transport p\u00e5 v\u00e4g, till sj\u00f6ss och i luften<\/li>\n<li>Professionellt team av packare<\/li>\n<li>F\u00f6rpackningsmaterial av h\u00f6g kvalitet<\/li>\n<li>Antikviteter och konst<\/li>\n<li>Tullklarering<\/li>\n<li><a href=\"https:\/\/moverdb.com\/sv\/car-transport-shipping\/\" data-internallinksmanager029f6b8e52c=\"2\" title=\"2026 Internationella offerter f\u00f6r biltransport och fordonsfrakt\">Transport av fordon<\/a><\/li>\n<li>F\u00f6rvaringsl\u00f6sningar<\/li>\n<\/ul>\n<p>Apolloline Shipping Service \u00e4r en internationell speditionsfirma och en <a href=\"https:\/\/moverdb.com\/sv\/moving-companies\/\" data-internallinksmanager029f6b8e52c=\"79\" title=\"Topp 25 internationella flyttfirmor p\u00e5 n\u00e4tet\">flyttfirma<\/a> med s\u00e4te i Dhaka och en filial i Chottogram. De h\u00e4vdar att de \u00e4r en ledande leverant\u00f6r i Bangladesh och de \u00e4r medlemmar i IAM med 10 \u00e5rs erfarenhet. De erbjuder kontors- och hush\u00e5llsflyttar i Bangladesh och internationellt.<\/p>\n<p>Apolloline Shipping Service erbjuder flyttj\u00e4nster som inkluderar ett professionellt team av packare som anv\u00e4nder de b\u00e4sta f\u00f6rpacknings- och flyttteknikerna och h\u00f6gkvalitativt f\u00f6rpackningsmaterial f\u00f6r att skydda dina tillh\u00f6righeter. De tillhandah\u00e5ller transportalternativ som inkluderar v\u00e4g-, sj\u00f6- och luftfrakt och de sk\u00f6ter tullklareringen. De erbjuder \u00e4ven m\u00f6jligheter till mellanlagring.<\/p>\n<p>Webbplats: <a href=\"http:\/\/www.apolloline.com\" target=\"_blank\" rel=\"noopener\">http:\/\/www.apolloline. com<\/a><\/p>\n<h2><span class=\"ez-toc-section\" id=\"4_Carry_Link_Packers_Shippers\"><\/span><strong>4. Carry Link Packers &amp; Shippers<\/strong><span class=\"ez-toc-section-end\"><\/span><\/h2>\n<p><em><img loading=\"lazy\" decoding=\"async\" class=\"alignnone size-full wp-image-5153\" src=\"https:\/\/moverdb.com\/wp-content\/uploads\/Carry-Link-Packers-and-Shippers-international-moving-company.png\" alt=\"Carry Link Packers and Shippers internationellt flyttf\u00f6retag\" width=\"1440\" height=\"677\" data-wp-pid=\"5153\" srcset=\"https:\/\/moverdb.com\/wp-content\/uploads\/Carry-Link-Packers-and-Shippers-international-moving-company.png 1440w, https:\/\/moverdb.com\/wp-content\/uploads\/Carry-Link-Packers-and-Shippers-international-moving-company-300x141.png 300w, https:\/\/moverdb.com\/wp-content\/uploads\/Carry-Link-Packers-and-Shippers-international-moving-company-1024x481.png 1024w, https:\/\/moverdb.com\/wp-content\/uploads\/Carry-Link-Packers-and-Shippers-international-moving-company-18x8.png 18w, https:\/\/moverdb.com\/wp-content\/uploads\/Carry-Link-Packers-and-Shippers-international-moving-company-600x282.png 600w\" sizes=\"auto, (max-width: 1440px) 100vw, 1440px\" \/><\/em><\/p>\n<ul>\n<li>Nationell sj\u00f6fart<\/li>\n<li><a href=\"https:\/\/moverdb.com\/sv\/container-shipping\/\" data-internallinksmanager029f6b8e52c=\"3\" title=\"Diagram \u00f6ver internationella containerfraktpriser: April 2026\">Internationell frakt<\/a><\/li>\n<li>Flyttning av hush\u00e5ll<\/li>\n<li>Aff\u00e4rsfrakttj\u00e4nster<\/li>\n<li>Tj\u00e4nster fr\u00e5n d\u00f6rr till d\u00f6rr<\/li>\n<li>Land-, luft- och sj\u00f6transporter<\/li>\n<li>Tullklarering<\/li>\n<li>F\u00f6rs\u00e4kring<\/li>\n<li>F\u00f6rvaringsutrymmen<\/li>\n<li>N\u00e4tverk av associerade agenter \u00f6ver hela v\u00e4rlden<\/li>\n<\/ul>\n<p>Carry Link Packers &amp; Shippers \u00e4r ett flytt- och transportf\u00f6retag som bildades 1999, de \u00e4r baserade i Dhaka, Bangladesh och \u00e4r medlemmar i IAM med 20 \u00e5rs erfarenhet. De erbjuder speditionstj\u00e4nster, tullklareringstj\u00e4nster och packningsst\u00f6d. De tillgodoser f\u00f6retag med fraktbehov och hush\u00e5ll med flyttbehov.<\/p>\n<p>Carry Link Packers &amp; Shippers erbjuder d\u00f6rr-till-d\u00f6rr-tj\u00e4nster och packningstj\u00e4nster till hush\u00e5ll f\u00f6r att hj\u00e4lpa dem att flytta hem nationellt och internationellt. De erbjuder flyttj\u00e4nster p\u00e5 land, till sj\u00f6ss och i luften, inklusive f\u00f6rs\u00e4kring och tullklarering. De tillhandah\u00e5ller sina internationella tj\u00e4nster genom ett n\u00e4tverk av associerade agenter \u00f6ver hela v\u00e4rlden.<\/p>\n<p>Webbplats: <a href=\"http:\/\/www.carrylink.org\" target=\"_blank\" rel=\"noopener\">http:\/\/www.carrylink.org<\/a><\/p>\n<h2><span class=\"ez-toc-section\" id=\"5_Homebound\"><\/span><strong>5. Hembunden<\/strong><span class=\"ez-toc-section-end\"><\/span><\/h2>\n<p><em><img loading=\"lazy\" decoding=\"async\" class=\"alignnone size-full wp-image-5174\" src=\"https:\/\/moverdb.com\/wp-content\/uploads\/Homebound-international-moving-company.png\" alt=\"Internationell flyttfirma f\u00f6r hemmaboende personer\" width=\"1440\" height=\"678\" data-wp-pid=\"5174\" srcset=\"https:\/\/moverdb.com\/wp-content\/uploads\/Homebound-international-moving-company.png 1440w, https:\/\/moverdb.com\/wp-content\/uploads\/Homebound-international-moving-company-300x141.png 300w, https:\/\/moverdb.com\/wp-content\/uploads\/Homebound-international-moving-company-1024x482.png 1024w, https:\/\/moverdb.com\/wp-content\/uploads\/Homebound-international-moving-company-18x8.png 18w, https:\/\/moverdb.com\/wp-content\/uploads\/Homebound-international-moving-company-600x283.png 600w\" sizes=\"auto, (max-width: 1440px) 100vw, 1440px\" \/><\/em><\/p>\n<ul>\n<li>Nationella omlokaliseringar<\/li>\n<li>Internationella flyttningar<\/li>\n<li>Flyttning av kontor<\/li>\n<li>Flyttning av bost\u00e4der<\/li>\n<li>Transport p\u00e5 v\u00e4g, till sj\u00f6ss och i luften<\/li>\n<li>Tullf\u00f6rmedling och tullklarering<\/li>\n<li>F\u00f6rpackningstj\u00e4nst med hj\u00e4lp av material i v\u00e4rldsklass<\/li>\n<li>F\u00f6rs\u00e4kring f\u00f6r transitering<\/li>\n<li>Flyttning av husdjur<\/li>\n<li>Kort- till l\u00e5ngtidsf\u00f6rvaring<\/li>\n<\/ul>\n<p>Homebound \u00e4r ett flyttf\u00f6retag som bildades 1972, de \u00e4r medlemmar i IAM och \u00e4r ackrediterade av FIDI. De h\u00e4vdar att de \u00e4r en av de ledande leverant\u00f6rerna av logistiktj\u00e4nster f\u00f6r internationella transporter i Bangladesh.  De erbjuder kontors- och bostadsflyttar och kan erbjuda flyttning av husdjur och f\u00f6rvaringsm\u00f6jligheter.<\/p>\n<p>Homebound erbjuder en flytttj\u00e4nst med en konsult som g\u00f6r en unders\u00f6kning, ger en uppskattning, samordnar din flytt och st\u00f6ttar dig hela v\u00e4gen. Deras f\u00f6rpackningstj\u00e4nster numrerar och f\u00f6rtecknar dina f\u00f6rem\u00e5l och packar dem s\u00e4kert i f\u00f6rpackningsmaterial av v\u00e4rldsklass. De erbjuder ocks\u00e5 hj\u00e4lp med att hitta en bostad.<\/p>\n<p>Webbplats: <a href=\"http:\/\/www.homeboundbd.com\" target=\"_blank\" rel=\"noopener\">http:\/\/www.homeboundbd.com<\/a> &nbsp;<\/p>","protected":false},"excerpt":{"rendered":"<p>If you are moving home in Bangladesh or about to move to or from Bangladesh, you may want to use a removal company to help ease the moving process. Moving is a stressful time so below we have gathered a list of companies who are members of the International Association of Movers (IAM) and\/or FIDI [&hellip;]<\/p>\n","protected":false},"author":4,"featured_media":0,"parent":190,"menu_order":0,"comment_status":"closed","ping_status":"closed","template":"","meta":{"_genesis_hide_title":false,"_genesis_hide_breadcrumbs":false,"_genesis_hide_singular_image":false,"_genesis_hide_footer_widgets":false,"_genesis_custom_body_class":"","_genesis_custom_post_class":"","_genesis_layout":"","footnotes":""},"class_list":{"0":"post-5228","1":"page","2":"type-page","3":"status-publish","5":"entry","6":"has-post-thumbnail"},"_links":{"self":[{"href":"https:\/\/moverdb.com\/sv\/wp-json\/wp\/v2\/pages\/5228","targetHints":{"allow":["GET"]}}],"collection":[{"href":"https:\/\/moverdb.com\/sv\/wp-json\/wp\/v2\/pages"}],"about":[{"href":"https:\/\/moverdb.com\/sv\/wp-json\/wp\/v2\/types\/page"}],"author":[{"embeddable":true,"href":"https:\/\/moverdb.com\/sv\/wp-json\/wp\/v2\/users\/4"}],"replies":[{"embeddable":true,"href":"https:\/\/moverdb.com\/sv\/wp-json\/wp\/v2\/comments?post=5228"}],"version-history":[{"count":1,"href":"https:\/\/moverdb.com\/sv\/wp-json\/wp\/v2\/pages\/5228\/revisions"}],"predecessor-version":[{"id":5230,"href":"https:\/\/moverdb.com\/sv\/wp-json\/wp\/v2\/pages\/5228\/revisions\/5230"}],"up":[{"embeddable":true,"href":"https:\/\/moverdb.com\/sv\/wp-json\/wp\/v2\/pages\/190"}],"wp:attachment":[{"href":"https:\/\/moverdb.com\/sv\/wp-json\/wp\/v2\/media?parent=5228"}],"curies":[{"name":"wp","href":"https:\/\/api.w.org\/{rel}","templated":true}]}}