{"id":5224,"date":"2022-10-24T11:53:37","date_gmt":"2022-10-24T11:53:37","guid":{"rendered":"https:\/\/moverdb.com\/?page_id=5224"},"modified":"2026-01-08T15:25:03","modified_gmt":"2026-01-08T15:25:03","slug":"azerbajdzjan","status":"publish","type":"page","link":"https:\/\/moverdb.com\/sv\/moving-companies\/azerbaijan-moving-companies\/","title":{"rendered":"5 b\u00e4sta internationella flyttfirmor i Azerbajdzjan"},"content":{"rendered":"<p>Det kan vara stressigt att flytta hemifr\u00e5n, s\u00e5 om du f\u00e5r hj\u00e4lp av n\u00e5gon att hj\u00e4lpa dig med flytten kan det hj\u00e4lpa dig att l\u00e4tta p\u00e5 trycket. Vare sig du flyttar inom Azerbajdzjan eller flyttar till eller fr\u00e5n Azerbajdzjan finns det f\u00f6retag som kan hj\u00e4lpa dig. Vi har sammanst\u00e4llt en lista \u00f6ver <a href=\"https:\/\/moverdb.com\/sv\/international-removals\/\" data-internallinksmanager029f6b8e52c=\"27\" title=\"36 b\u00e4sta internationella flyttfirmor i Storbritannien\">flyttfirmor<\/a> nedan som \u00e4r medlemmar i <a href=\"https:\/\/moverdb.com\/sv\/iam\/\" data-internallinksmanager029f6b8e52c=\"23\" title=\"International Association of Movers (IAM) f\u00f6rklaras\">Internationella sammanslutningen av flyttfirmor<\/a> (IAM) och\/eller <a href=\"https:\/\/moverdb.com\/sv\/fidi-faim\/\" data-internallinksmanager029f6b8e52c=\"16\" title=\"FIDI &amp; FAIM (FIDI Accredited International Mover) f\u00f6rklaras\">FIDI<\/a> Accredited International Mover (FAIM) som kan hj\u00e4lpa dig.<\/p>\n<div id=\"ez-toc-container\" class=\"ez-toc-v2_0_82_2 ez-toc-wrap-left counter-hierarchy ez-toc-counter ez-toc-transparent ez-toc-container-direction\">\n<div class=\"ez-toc-title-container\">\n<p class=\"ez-toc-title\" style=\"cursor:inherit\">Avsnitt<\/p>\n<span class=\"ez-toc-title-toggle\"><a href=\"#\" class=\"ez-toc-pull-right ez-toc-btn ez-toc-btn-xs ez-toc-btn-default ez-toc-toggle\" aria-label=\"V\u00e4xla till inneh\u00e5llsf\u00f6rteckning\"><span class=\"ez-toc-js-icon-con\"><span class=\"\"><span class=\"eztoc-hide\" style=\"display:none;\">V\u00e4xel<\/span><span class=\"ez-toc-icon-toggle-span\"><svg style=\"fill: #999;color:#999\" xmlns=\"http:\/\/www.w3.org\/2000\/svg\" class=\"list-377408\" width=\"20px\" height=\"20px\" viewbox=\"0 0 24 24\" fill=\"none\"><path d=\"M6 6H4v2h2V6zm14 0H8v2h12V6zM4 11h2v2H4v-2zm16 0H8v2h12v-2zM4 16h2v2H4v-2zm16 0H8v2h12v-2z\" fill=\"currentColor\"><\/path><\/svg><svg style=\"fill: #999;color:#999\" class=\"arrow-unsorted-368013\" xmlns=\"http:\/\/www.w3.org\/2000\/svg\" width=\"10px\" height=\"10px\" viewbox=\"0 0 24 24\" version=\"1.2\" baseprofile=\"tiny\"><path d=\"M18.2 9.3l-6.2-6.3-6.2 6.3c-.2.2-.3.4-.3.7s.1.5.3.7c.2.2.4.3.7.3h11c.3 0 .5-.1.7-.3.2-.2.3-.5.3-.7s-.1-.5-.3-.7zM5.8 14.7l6.2 6.3 6.2-6.3c.2-.2.3-.5.3-.7s-.1-.5-.3-.7c-.2-.2-.4-.3-.7-.3h-11c-.3 0-.5.1-.7.3-.2.2-.3.5-.3.7s.1.5.3.7z\"\/><\/svg><\/span><\/span><\/span><\/a><\/span><\/div>\n<nav><ul class='ez-toc-list ez-toc-list-level-1 eztoc-toggle-hide-by-default' ><li class='ez-toc-page-1 ez-toc-heading-level-2'><a class=\"ez-toc-link ez-toc-heading-1\" href=\"https:\/\/moverdb.com\/sv\/moving-companies\/azerbaijan-moving-companies\/#1_ACE_Forwarding\" >1. ACE vidarebefordran<\/a><\/li><li class='ez-toc-page-1 ez-toc-heading-level-2'><a class=\"ez-toc-link ez-toc-heading-2\" href=\"https:\/\/moverdb.com\/sv\/moving-companies\/azerbaijan-moving-companies\/#2_Allright_Moving_Storage\" >2. Allright Moving &amp; Storage<\/a><\/li><li class='ez-toc-page-1 ez-toc-heading-level-2'><a class=\"ez-toc-link ez-toc-heading-3\" href=\"https:\/\/moverdb.com\/sv\/moving-companies\/azerbaijan-moving-companies\/#3_Buddy-Mover\" >3. Buddy-Mover<\/a><\/li><li class='ez-toc-page-1 ez-toc-heading-level-2'><a class=\"ez-toc-link ez-toc-heading-4\" href=\"https:\/\/moverdb.com\/sv\/moving-companies\/azerbaijan-moving-companies\/#4_Gosselin\" >4. Gosselin<\/a><\/li><li class='ez-toc-page-1 ez-toc-heading-level-2'><a class=\"ez-toc-link ez-toc-heading-5\" href=\"https:\/\/moverdb.com\/sv\/moving-companies\/azerbaijan-moving-companies\/#5_Interdean_International_Relocations\" >5. Interdean International Relocations<\/a><\/li><\/ul><\/nav><\/div>\n<h2><span class=\"ez-toc-section\" id=\"1_ACE_Forwarding\"><\/span><strong>1. ACE vidarebefordran<\/strong><span class=\"ez-toc-section-end\"><\/span><\/h2>\n<p><em><img loading=\"lazy\" decoding=\"async\" class=\"alignnone size-full wp-image-5136\" src=\"https:\/\/moverdb.com\/wp-content\/uploads\/ACE-Forwarding-international-moving-company.png\" alt=\"ACE Forwarding internationell flyttfirma\" width=\"1440\" height=\"685\" data-wp-pid=\"5136\" srcset=\"https:\/\/moverdb.com\/wp-content\/uploads\/ACE-Forwarding-international-moving-company.png 1440w, https:\/\/moverdb.com\/wp-content\/uploads\/ACE-Forwarding-international-moving-company-300x143.png 300w, https:\/\/moverdb.com\/wp-content\/uploads\/ACE-Forwarding-international-moving-company-1024x487.png 1024w, https:\/\/moverdb.com\/wp-content\/uploads\/ACE-Forwarding-international-moving-company-18x9.png 18w, https:\/\/moverdb.com\/wp-content\/uploads\/ACE-Forwarding-international-moving-company-600x285.png 600w\" sizes=\"auto, (max-width: 1440px) 100vw, 1440px\" \/><\/em><\/p>\n<ul>\n<li>Internationella flyttar<\/li>\n<li>Flyttj\u00e4nster<\/li>\n<li>Hush\u00e5lls- och f\u00f6retagsflyttar<\/li>\n<li>Luft-, sj\u00f6-, j\u00e4rnv\u00e4gs- och v\u00e4gtransporter<\/li>\n<li>styckegods, samlastning och containertransporter<\/li>\n<li>Transport av konstverk<\/li>\n<li>Tullf\u00f6rmedling<\/li>\n<li>Transport av fordon och b\u00e5tar<\/li>\n<li>Transport av s\u00e4llskapsdjur<\/li>\n<li>L\u00f6sningar f\u00f6r l\u00e5ng- och korttidsf\u00f6rvaring<\/li>\n<\/ul>\n<p>ACE Forwarding \u00e4r ett multimodalt logistik- och speditionsf\u00f6retag som grundades 1996 i Azerbajdzjan och de har \u00e4ven kontor i <a href=\"https:\/\/moverdb.com\/sv\/flyttfirmor\/flyttfirmor-i-georgia\/\">Georgien<\/a>. De \u00e4r medlemmar i IAM med 25 \u00e5rs tj\u00e4nstg\u00f6ring. De erbjuder flyttj\u00e4nster till Azerbajdzjan, internationella flyttar och flyttj\u00e4nster f\u00f6r hush\u00e5ll och f\u00f6retag.<\/p>\n<p>ACE Forwarding erbjuder en unders\u00f6kning f\u00f6re flytt och offerter som \u00e4r skr\u00e4ddarsydda f\u00f6r dina behov. De erbjuder f\u00f6rpackningstj\u00e4nster med hj\u00e4lp av material som \u00e4r s\u00e4rskilt utformade f\u00f6r inneh\u00e5llet och professionell f\u00f6rpackningsteknik samt demontering och montering av m\u00f6bler. De kan ocks\u00e5 hj\u00e4lpa till med tullf\u00f6rmedling, transport av husdjur och fordon, f\u00f6rs\u00e4kringar och f\u00f6rvaring p\u00e5 kort eller l\u00e5ng sikt.<\/p>\n<p>Webbplats: <a href=\"http:\/\/www.acecaspian.com\" target=\"_blank\" rel=\"noopener\">http:\/\/www.acecaspian.com<\/a><\/p>\n<h2><span class=\"ez-toc-section\" id=\"2_Allright_Moving_Storage\"><\/span><strong>2. Allright Moving &amp; Storage<\/strong><span class=\"ez-toc-section-end\"><\/span><\/h2>\n<p><em><img loading=\"lazy\" decoding=\"async\" class=\"alignnone size-full wp-image-5141\" src=\"https:\/\/moverdb.com\/wp-content\/uploads\/Allright-Moving-and-Storage-international-moving-company.png\" alt=\"Allright Moving and Storage internationell flyttfirma\" width=\"1440\" height=\"677\" data-wp-pid=\"5141\" srcset=\"https:\/\/moverdb.com\/wp-content\/uploads\/Allright-Moving-and-Storage-international-moving-company.png 1440w, https:\/\/moverdb.com\/wp-content\/uploads\/Allright-Moving-and-Storage-international-moving-company-300x141.png 300w, https:\/\/moverdb.com\/wp-content\/uploads\/Allright-Moving-and-Storage-international-moving-company-1024x481.png 1024w, https:\/\/moverdb.com\/wp-content\/uploads\/Allright-Moving-and-Storage-international-moving-company-18x8.png 18w, https:\/\/moverdb.com\/wp-content\/uploads\/Allright-Moving-and-Storage-international-moving-company-600x282.png 600w\" sizes=\"auto, (max-width: 1440px) 100vw, 1440px\" \/><\/em><\/p>\n<ul>\n<li>Lokala och nationella flyttningar<\/li>\n<li>Internationella flyttar<\/li>\n<li>Flyttning av bost\u00e4der<\/li>\n<li>Kontors- och f\u00f6retagsflyttar<\/li>\n<li>Professionell och tillm\u00f6tesg\u00e5ende personal<\/li>\n<li>Demontering och montering av m\u00f6bler<\/li>\n<li>F\u00f6rs\u00e4kring f\u00f6r transitering<\/li>\n<li>Tullklarering<\/li>\n<li><a href=\"https:\/\/moverdb.com\/sv\/car-transport-shipping\/\" data-internallinksmanager029f6b8e52c=\"2\" title=\"2026 Internationella offerter f\u00f6r biltransport och fordonsfrakt\">Biltransporter<\/a><\/li>\n<li>F\u00f6rvaringsl\u00f6sningar<\/li>\n<\/ul>\n<p>Allright Moving &amp; Storage h\u00e4vdar att de \u00e4r ett av Azerbajdzjans ledande speditions- och flyttf\u00f6retag. De erbjuder flyttj\u00e4nster f\u00f6r hush\u00e5ll och f\u00f6retag i, fr\u00e5n eller till Azerbajdzjan. De \u00e4r medlemmar i IAM med 7 \u00e5rs erfarenhet. De har ett n\u00e4tverk av underleverant\u00f6rer och partners f\u00f6r internationella flyttar som hj\u00e4lper dem med internationella flyttar.<\/p>\n<p>Allright Moving &amp; Storage har erfarna besiktningsm\u00e4n som bed\u00f6mer dina behov och ger dig r\u00e5d. De packar dina tillh\u00f6righeter, demonterar och monterar m\u00f6bler samt tar hand om transitf\u00f6rs\u00e4kring och tullklarering. De kan ocks\u00e5 erbjuda biltransporter. De erbjuder kort- till l\u00e5ngvariga, helt s\u00e4kra och klimatkontrollerade f\u00f6rvaringsutrymmen.<\/p>\n<p>Webbplats: <a href=\"http:\/\/www.allrightmoving.com\" target=\"_blank\" rel=\"noopener\">http:\/\/www.allrightmoving.com<\/a><\/p>\n<h2><span class=\"ez-toc-section\" id=\"3_Buddy-Mover\"><\/span><strong>3. Buddy-Mover<\/strong><span class=\"ez-toc-section-end\"><\/span><\/h2>\n<p><em><img loading=\"lazy\" decoding=\"async\" class=\"alignnone size-full wp-image-5151\" src=\"https:\/\/moverdb.com\/wp-content\/uploads\/Buddy-Mover-international-moving-company.png\" alt=\"Buddy Mover internationell flyttfirma\" width=\"1440\" height=\"680\" data-wp-pid=\"5151\" srcset=\"https:\/\/moverdb.com\/wp-content\/uploads\/Buddy-Mover-international-moving-company.png 1440w, https:\/\/moverdb.com\/wp-content\/uploads\/Buddy-Mover-international-moving-company-300x142.png 300w, https:\/\/moverdb.com\/wp-content\/uploads\/Buddy-Mover-international-moving-company-1024x484.png 1024w, https:\/\/moverdb.com\/wp-content\/uploads\/Buddy-Mover-international-moving-company-18x9.png 18w, https:\/\/moverdb.com\/wp-content\/uploads\/Buddy-Mover-international-moving-company-600x283.png 600w\" sizes=\"auto, (max-width: 1440px) 100vw, 1440px\" \/><\/em><\/p>\n<ul>\n<li>Lokala och nationella flyttningar<\/li>\n<li>Internationella flyttningar<\/li>\n<li>Flyttning av bost\u00e4der<\/li>\n<li>Aff\u00e4rsr\u00f6relser<\/li>\n<li>Professionell och kvalificerad personal<\/li>\n<li>H\u00f6g standard f\u00f6r f\u00f6rpackning<\/li>\n<li>Inventarier f\u00f6r att sp\u00e5ra dina \u00e4godelar<\/li>\n<li>V\u00e4g-, luft- och sj\u00f6frakt<\/li>\n<li>F\u00f6rs\u00e4kring f\u00f6r transitering<\/li>\n<li>Kort- till l\u00e5ngtidsf\u00f6rvaring<\/li>\n<\/ul>\n<p>Buddy-Mover \u00e4r en flyttfirma baserad i Baku, Azerbajdzjan, som \u00e4r IAM-medlem med 4 \u00e5rs erfarenhet. De erbjuder lokala, nationella och internationella flyttj\u00e4nster som riktar sig till b\u00e5de privat- och f\u00f6retagskunder. De har professionell personal som \u00e4r v\u00e4lutbildade i flyttteknik och packning.<\/p>\n<p>Buddy-Mover g\u00f6r en personlig unders\u00f6kning f\u00f6re flytten f\u00f6r att bed\u00f6ma dina behov, tullkrav och fraktalternativ. Deras flyttpersonal packar dina tillh\u00f6righeter p\u00e5 ett s\u00e4kert s\u00e4tt, g\u00f6r en inventering och ordnar transport p\u00e5 v\u00e4g, i luften eller till sj\u00f6ss. De erbjuder ocks\u00e5 kort- till l\u00e5ngtidsf\u00f6rvaring i sitt valvade lager.<\/p>\n<p>Webbplats: <a href=\"http:\/\/www.buddy-mover.com\" target=\"_blank\" rel=\"noopener\">http:\/\/www.buddy-mover.com<\/a><\/p>\n<h2><span class=\"ez-toc-section\" id=\"4_Gosselin\"><\/span><strong>4. Gosselin<\/strong><span class=\"ez-toc-section-end\"><\/span><\/h2>\n<p><em><img loading=\"lazy\" decoding=\"async\" class=\"alignnone size-full wp-image-5170\" src=\"https:\/\/moverdb.com\/wp-content\/uploads\/Gosselin-Azerbaijan-international-moving-company.png\" alt=\"Gosselin Azerbajdzjan internationell flyttfirma\" width=\"1440\" height=\"681\" data-wp-pid=\"5170\" srcset=\"https:\/\/moverdb.com\/wp-content\/uploads\/Gosselin-Azerbaijan-international-moving-company.png 1440w, https:\/\/moverdb.com\/wp-content\/uploads\/Gosselin-Azerbaijan-international-moving-company-300x142.png 300w, https:\/\/moverdb.com\/wp-content\/uploads\/Gosselin-Azerbaijan-international-moving-company-1024x484.png 1024w, https:\/\/moverdb.com\/wp-content\/uploads\/Gosselin-Azerbaijan-international-moving-company-18x9.png 18w, https:\/\/moverdb.com\/wp-content\/uploads\/Gosselin-Azerbaijan-international-moving-company-600x284.png 600w\" sizes=\"auto, (max-width: 1440px) 100vw, 1440px\" \/><\/em><\/p>\n<ul>\n<li>Internationella flyttar<\/li>\n<li>Flyttning av hush\u00e5ll<\/li>\n<li>Flyttning av kontoret<\/li>\n<li>Packning, transport och uppackning<\/li>\n<li>Konst som r\u00f6r sig<\/li>\n<li>Flyttning av husdjur<\/li>\n<li>Biltransporter<\/li>\n<li>F\u00f6rvaringsl\u00f6sningar<\/li>\n<li>\u00d6verskottsbagage<\/li>\n<li>Tj\u00e4nster f\u00f6r resande utst\u00e4llningar<\/li>\n<\/ul>\n<p>Gosselin \u00e4r ett flyttf\u00f6retag som ing\u00e5r i Gosselin-koncernen, som grundades 1930 i <a href=\"https:\/\/moverdb.com\/sv\/moving-to-belgium\/\" data-internallinksmanager029f6b8e52c=\"323\" title=\"Flyttar du till Belgien? 2026 Levnadskostnader och flyttningstips\">Belgien<\/a> och har varit verksamt i Azerbajdzjan i \u00f6ver 20 \u00e5r. De tar hand om diplomater, f\u00f6retagsanst\u00e4llda och privata hush\u00e5ll som transporterar internationellt. De \u00e4r medlemmar i IAM och har 23 \u00e5rs erfarenhet.<\/p>\n<p>Gosselin erbjuder en skr\u00e4ddarsydd tj\u00e4nst som uppfyller behoven hos din familj eller ditt f\u00f6retag med professionell packning, f\u00f6rstklassigt packmaterial och uppackningstj\u00e4nst. De erbjuder f\u00f6rs\u00e4kringar, flyttning av konstverk, biltransporter och flyttning av husdjur som \u00e4r Ipata-certifierade. De kan ocks\u00e5 erbjuda f\u00f6rvaringsl\u00f6sningar och speditionstj\u00e4nster inklusive \u00f6verskottsbagage och resandeutst\u00e4llningar.<\/p>\n<p>Webbplats: <a href=\"https:\/\/gosselin-moving.com\/azerbaijan\" target=\"_blank\" rel=\"noopener\">https:\/\/gosselin-moving.com\/azerbaijan<\/a><\/p>\n<h2><span class=\"ez-toc-section\" id=\"5_Interdean_International_Relocations\"><\/span><strong>5. Interdean International Relocations<\/strong><span class=\"ez-toc-section-end\"><\/span><\/h2>\n<p><em><img loading=\"lazy\" decoding=\"async\" class=\"alignnone size-full wp-image-5175\" src=\"https:\/\/moverdb.com\/wp-content\/uploads\/Interdean-International-Relocations-international-moving-company.png\" alt=\"Interdean International Relocations internationell flyttfirma\" width=\"1440\" height=\"683\" data-wp-pid=\"5175\" srcset=\"https:\/\/moverdb.com\/wp-content\/uploads\/Interdean-International-Relocations-international-moving-company.png 1440w, https:\/\/moverdb.com\/wp-content\/uploads\/Interdean-International-Relocations-international-moving-company-300x142.png 300w, https:\/\/moverdb.com\/wp-content\/uploads\/Interdean-International-Relocations-international-moving-company-1024x486.png 1024w, https:\/\/moverdb.com\/wp-content\/uploads\/Interdean-International-Relocations-international-moving-company-18x9.png 18w, https:\/\/moverdb.com\/wp-content\/uploads\/Interdean-International-Relocations-international-moving-company-600x285.png 600w\" sizes=\"auto, (max-width: 1440px) 100vw, 1440px\" \/><\/em><\/p>\n<ul>\n<li>Internationella flyttar<\/li>\n<li>Flyttningar till hemmet<\/li>\n<li>F\u00f6retagsflyttar<\/li>\n<li>Flyttj\u00e4nster<\/li>\n<li>F\u00f6rberedelse, packning och uppackning av dina \u00e4godelar<\/li>\n<li>Alternativ f\u00f6r v\u00e4g-, sj\u00f6- och flygfrakt<\/li>\n<li>F\u00f6rs\u00e4kring f\u00f6r transitering<\/li>\n<li>St\u00f6d vid tullklarering<\/li>\n<li>Kort- till l\u00e5ngtidsf\u00f6rvaring<\/li>\n<li>Hj\u00e4lp med att hitta en bostad eller ett korttidsboende<\/li>\n<\/ul>\n<p>Interdean International Relocations \u00e4r ett internationellt flyttf\u00f6retag med s\u00e4te i Baku, Azerbajdzjan. De \u00e4r medlemmar i IAM och har 24 \u00e5rs erfarenhet samt \u00e4r ackrediterade av FIDI.<\/p>\n<p>Interdean International Relocations tillhandah\u00e5ller specialkartonger som \u00e4r utformade f\u00f6r att skydda inneh\u00e5llet p\u00e5 b\u00e4sta s\u00e4tt och skr\u00e4ddarsydda l\u00e5dor f\u00f6r v\u00e4rdefulla eller \u00f6mt\u00e5liga f\u00f6rem\u00e5l. De kommer att g\u00f6ra en fullst\u00e4ndig inventering av din egendom, packa upp den och ta bort allt f\u00f6rpackningsmaterial. De erbjuder transport med v\u00e4g-, flyg- och sj\u00f6frakt och hj\u00e4lper dig med tullklarering. De erbjuder ocks\u00e5 en m\u00e4ngd olika f\u00f6rvaringsl\u00f6sningar f\u00f6r sm\u00e5 till stora m\u00e4ngder f\u00f6r kort till l\u00e5ng tid.<\/p>\n<p>Webbplats: <a href=\"http:\/\/www.interdean.com.az\" target=\"_blank\" rel=\"noopener\">http:\/\/www.interdean.com.az<\/a><\/p>","protected":false},"excerpt":{"rendered":"<p>Moving home can be stressful so getting someone to assist you in your move can help release the pressure. Whether you are moving within Azerbaijan, or moving to or from Azerbaijan, there are companies that can assist. We have compiled a list of removal companies below that are members of the International Association of Movers [&hellip;]<\/p>\n","protected":false},"author":4,"featured_media":0,"parent":190,"menu_order":0,"comment_status":"closed","ping_status":"closed","template":"","meta":{"_genesis_hide_title":false,"_genesis_hide_breadcrumbs":false,"_genesis_hide_singular_image":false,"_genesis_hide_footer_widgets":false,"_genesis_custom_body_class":"","_genesis_custom_post_class":"","_genesis_layout":"","footnotes":""},"class_list":{"0":"post-5224","1":"page","2":"type-page","3":"status-publish","5":"entry","6":"has-post-thumbnail"},"_links":{"self":[{"href":"https:\/\/moverdb.com\/sv\/wp-json\/wp\/v2\/pages\/5224","targetHints":{"allow":["GET"]}}],"collection":[{"href":"https:\/\/moverdb.com\/sv\/wp-json\/wp\/v2\/pages"}],"about":[{"href":"https:\/\/moverdb.com\/sv\/wp-json\/wp\/v2\/types\/page"}],"author":[{"embeddable":true,"href":"https:\/\/moverdb.com\/sv\/wp-json\/wp\/v2\/users\/4"}],"replies":[{"embeddable":true,"href":"https:\/\/moverdb.com\/sv\/wp-json\/wp\/v2\/comments?post=5224"}],"version-history":[{"count":2,"href":"https:\/\/moverdb.com\/sv\/wp-json\/wp\/v2\/pages\/5224\/revisions"}],"predecessor-version":[{"id":7595,"href":"https:\/\/moverdb.com\/sv\/wp-json\/wp\/v2\/pages\/5224\/revisions\/7595"}],"up":[{"embeddable":true,"href":"https:\/\/moverdb.com\/sv\/wp-json\/wp\/v2\/pages\/190"}],"wp:attachment":[{"href":"https:\/\/moverdb.com\/sv\/wp-json\/wp\/v2\/media?parent=5224"}],"curies":[{"name":"wp","href":"https:\/\/api.w.org\/{rel}","templated":true}]}}