{"id":4641,"date":"2022-09-20T19:45:42","date_gmt":"2022-09-20T19:45:42","guid":{"rendered":"https:\/\/moverdb.com\/?page_id=4641"},"modified":"2026-01-08T15:24:10","modified_gmt":"2026-01-08T15:24:10","slug":"algeriet","status":"publish","type":"page","link":"https:\/\/moverdb.com\/sv\/moving-companies\/algeria\/","title":{"rendered":"3 b\u00e4sta internationella flyttfirmor i Algeriet"},"content":{"rendered":"<p>Om du flyttar i Algeriet, eller om du vill flytta till eller fr\u00e5n Algeriet, kan du beh\u00f6va en <a href=\"https:\/\/moverdb.com\/sv\/moving-companies\/\" data-internallinksmanager029f6b8e52c=\"79\" title=\"Topp 25 internationella flyttfirmor p\u00e5 n\u00e4tet\">flyttfirma<\/a> f\u00f6r att hj\u00e4lpa dig. Nedan finns en f\u00f6rteckning \u00f6ver de som \u00e4r medlemmar i <a href=\"https:\/\/moverdb.com\/sv\/iam\/\" data-internallinksmanager029f6b8e52c=\"23\" title=\"International Association of Movers (IAM) f\u00f6rklaras\">Internationella sammanslutningen av flyttfirmor<\/a> (IAM) och\/eller <a href=\"https:\/\/moverdb.com\/sv\/fidi-faim\/\" data-internallinksmanager029f6b8e52c=\"16\" title=\"FIDI &amp; FAIM (FIDI Accredited International Mover) f\u00f6rklaras\">FIDI<\/a> Accredited International Mover (FAIM) som f\u00f6rhoppningsvis kommer att hj\u00e4lpa dig.<\/p>\n<h2><strong>1. M\u00e5l Intermovers<\/strong><\/h2>\n<p><em><img loading=\"lazy\" decoding=\"async\" class=\"alignnone wp-image-4642 size-full\" src=\"https:\/\/moverdb.com\/wp-content\/uploads\/Aim-Intermovers-international-moving-company.png\" alt=\"Aim Intermovers internationellt flyttf\u00f6retag\" width=\"1440\" height=\"677\" data-wp-pid=\"4642\" srcset=\"https:\/\/moverdb.com\/wp-content\/uploads\/Aim-Intermovers-international-moving-company.png 1440w, https:\/\/moverdb.com\/wp-content\/uploads\/Aim-Intermovers-international-moving-company-300x141.png 300w, https:\/\/moverdb.com\/wp-content\/uploads\/Aim-Intermovers-international-moving-company-1024x481.png 1024w, https:\/\/moverdb.com\/wp-content\/uploads\/Aim-Intermovers-international-moving-company-18x8.png 18w, https:\/\/moverdb.com\/wp-content\/uploads\/Aim-Intermovers-international-moving-company-600x282.png 600w\" sizes=\"auto, (max-width: 1440px) 100vw, 1440px\" \/><\/em><\/p>\n<ul>\n<li>Erbjuder nationella flyttningar i Algeriets 48 wilaya och internationella flyttningar.<\/li>\n<li>Flyttning av kontor<\/li>\n<li>Arkiveringstj\u00e4nst<\/li>\n<li>Erbjuder v\u00e4g-, sj\u00f6- och lufttransport av \u00e4godelar.<\/li>\n<li>Professionellt team av flyttare<\/li>\n<li>Tillhandah\u00e5ller f\u00f6rpackningsmaterial och kartonger<\/li>\n<li>Demontering och f\u00f6rpackning av m\u00f6bler och d\u00e4refter \u00e5termontering.<\/li>\n<li>Hanterar varor, t.ex. konstverk, p\u00e5 ett k\u00e4nsligt s\u00e4tt.<\/li>\n<li>De tillverkar ocks\u00e5 tr\u00e4l\u00e5dor och <a href=\"https:\/\/moverdb.com\/sv\/iata\/\" data-internallinksmanager029f6b8e52c=\"22\" title=\"Internationella lufttransportf\u00f6rbundet (IATA) f\u00f6rklaras\">IATA<\/a> kartonger<\/li>\n<li>Ett tekniskt bes\u00f6k erbjuds utan att du f\u00f6rbinder dig att g\u00f6ra det.<\/li>\n<\/ul>\n<p>Aim Intermovers \u00e4r ett algeriskt flyttf\u00f6retag som erbjuder tj\u00e4nster \u00f6ver hela landet i Algeriets 48 wilaya och internationella flyttar. De har en transitavdelning som sk\u00f6ter alla arrangemang f\u00f6r din flytt, inklusive alla import- och exportkrav. De har varit medlemmar i IAM i 9 \u00e5r.<\/p>\n<p>Aim Intermovers kunder tillhandah\u00e5ller flyttj\u00e4nster till nationella och internationella f\u00f6retag, utl\u00e4ndska f\u00f6retag, oljebolag och ambassader. De erbjuder en kostnadsfri offert med ett tekniskt bes\u00f6k utan krav. De tillhandah\u00e5ller en omfattande tj\u00e4nst som inkluderar tillhandah\u00e5llande av f\u00f6rpackningsmaterial och containrar samt f\u00f6rpacknings-, demonterings- och \u00e5termonteringstj\u00e4nster.<\/p>\n<p>Webbplats: <a href=\"http:\/\/www.aimintermovers.dz\" target=\"_blank\" rel=\"noopener\">http:\/\/www.aimintermovers.dz<\/a><\/p>\n<h2><strong>2. Algeriet Pack and Move<\/strong><\/h2>\n<p><em><img loading=\"lazy\" decoding=\"async\" class=\"alignnone size-full wp-image-4643\" src=\"https:\/\/moverdb.com\/wp-content\/uploads\/Algeria-Pack-and-Move-international-moving-company.png\" alt=\"Algeriet Pack and Move internationell flyttfirma\" width=\"1440\" height=\"629\" data-wp-pid=\"4643\" srcset=\"https:\/\/moverdb.com\/wp-content\/uploads\/Algeria-Pack-and-Move-international-moving-company.png 1440w, https:\/\/moverdb.com\/wp-content\/uploads\/Algeria-Pack-and-Move-international-moving-company-300x131.png 300w, https:\/\/moverdb.com\/wp-content\/uploads\/Algeria-Pack-and-Move-international-moving-company-1024x447.png 1024w, https:\/\/moverdb.com\/wp-content\/uploads\/Algeria-Pack-and-Move-international-moving-company-18x8.png 18w, https:\/\/moverdb.com\/wp-content\/uploads\/Algeria-Pack-and-Move-international-moving-company-600x262.png 600w\" sizes=\"auto, (max-width: 1440px) 100vw, 1440px\" \/><\/em><\/p>\n<ul>\n<li>Nationella flyttningar inom Algeriet<\/li>\n<li>Internationella flyttar till och fr\u00e5n Algeriet<\/li>\n<li>F\u00f6retagen och hush\u00e5llen<\/li>\n<li>Erbjuder ett differentierat paket med flyttj\u00e4nster<\/li>\n<li>Flyttning, transport och leverans<\/li>\n<li>Packning och uppackning av m\u00f6bler<\/li>\n<li>Packning och uppackning av alla effekter<\/li>\n<li>Demontering och \u00e5termontering av m\u00f6bler<\/li>\n<li>Administration av all export och import<\/li>\n<li>ing\u00e5r i ett internationellt n\u00e4tverk av flyttfirmor<\/li>\n<\/ul>\n<p>Algeria Pack and Move, \u00e4ven k\u00e4nt som APM, v\u00e4nder sig till f\u00f6retag och hush\u00e5ll som \u00e4r algerier, utlandsboende eller diplomater. De grundades 2005 och har varit medlemmar i IAM i 15 \u00e5r. De erbjuder internationella flyttar i samarbete med ett n\u00e4tverk av partners p\u00e5 de sju kontinenterna och tillhandah\u00e5ller administrativt st\u00f6d f\u00f6r att hantera din flytt, inklusive spedition, tull, <a href=\"https:\/\/moverdb.com\/sv\/top-49-container-ports\/\" data-internallinksmanager029f6b8e52c=\"80\" title=\"Topp 49 st\u00f6rsta och mest trafikerade containerhamnar 2025\">port<\/a> och flygplatsformaliteter.<\/p>\n<p>APM erbjuder tre niv\u00e5er av flyttj\u00e4nster - niv\u00e5 1 flyttning och transport, niv\u00e5 2 omfattar \u00e4ven packning och uppackning av m\u00f6bler och niv\u00e5 3 omfattar dessutom packning och uppackning av alla tillh\u00f6righeter. De tillhandah\u00e5ller \u00e4ven f\u00f6rvaringsm\u00f6jligheter vid behov.<\/p>\n<p>Webbplats: <a href=\"http:\/\/www.algeriapm.com\" target=\"_blank\" rel=\"noopener\">http:\/\/www.algeriapm.com<\/a><\/p>\n<h2><strong>3. One Champion Removals<\/strong><\/h2>\n<p><em><img loading=\"lazy\" decoding=\"async\" class=\"alignnone size-full wp-image-4644\" src=\"https:\/\/moverdb.com\/wp-content\/uploads\/One-Champion-Removals-international-moving-company.png\" alt=\"One Champion Removals internationellt flyttf\u00f6retag\" width=\"1440\" height=\"683\" data-wp-pid=\"4644\" srcset=\"https:\/\/moverdb.com\/wp-content\/uploads\/One-Champion-Removals-international-moving-company.png 1440w, https:\/\/moverdb.com\/wp-content\/uploads\/One-Champion-Removals-international-moving-company-300x142.png 300w, https:\/\/moverdb.com\/wp-content\/uploads\/One-Champion-Removals-international-moving-company-1024x486.png 1024w, https:\/\/moverdb.com\/wp-content\/uploads\/One-Champion-Removals-international-moving-company-18x9.png 18w, https:\/\/moverdb.com\/wp-content\/uploads\/One-Champion-Removals-international-moving-company-600x285.png 600w\" sizes=\"auto, (max-width: 1440px) 100vw, 1440px\" \/><\/em><\/p>\n<ul>\n<li>Lokala och inhemska flyttj\u00e4nster<\/li>\n<li>Internationella tj\u00e4nster<\/li>\n<li>Transport p\u00e5 v\u00e4g, till sj\u00f6ss och i luften<\/li>\n<li>Packning och uppackning<\/li>\n<li>Demontering och \u00e5termontering av m\u00f6bler<\/li>\n<li>\u00d6vervakning av tullar<\/li>\n<li>Fullst\u00e4ndigt f\u00f6rs\u00e4krad, s\u00e4ker och trygg tj\u00e4nst<\/li>\n<li>Inga dolda kostnader<\/li>\n<li>Erbjuder lagringsm\u00f6jligheter<\/li>\n<li>Erbjuder \u00e4ven en flytttj\u00e4nst f\u00f6r att hj\u00e4lpa till att hitta en bostad.<\/li>\n<\/ul>\n<p>One Champion Removals \u00e4r ett Algeriet-baserat f\u00f6retag <a href=\"https:\/\/moverdb.com\/sv\/international-removals\/\" data-internallinksmanager029f6b8e52c=\"27\" title=\"36 b\u00e4sta internationella flyttfirmor i Storbritannien\">flyttfirman<\/a> som har varit medlem i IAM i tre \u00e5r. De har ett kunnigt och erfaret team som kan hj\u00e4lpa dig att flytta lokalt, nationellt och internationellt.<\/p>\n<p>One Champion Removals erbjuder flyttj\u00e4nster som kan utf\u00f6ras p\u00e5 v\u00e4g, till sj\u00f6ss och med flyg, och deras team tar hand om allt pappersarbete, t.ex. tullkrav. De tillhandah\u00e5ller en fullt f\u00f6rs\u00e4krad tj\u00e4nst som \u00e4r trygg och s\u00e4ker. De erbjuder ocks\u00e5 s\u00e4kra f\u00f6rvaringsm\u00f6jligheter f\u00f6r dina tillh\u00f6righeter och en flytttj\u00e4nst som hj\u00e4lper dig att hitta en l\u00e4mplig fastighet.<\/p>\n<p>Webbplats: <a href=\"http:\/\/www.championinternationalmoving.com\" target=\"_blank\" rel=\"noopener\">http:\/\/www.championinternationalmoving.com<\/a><\/p>","protected":false},"excerpt":{"rendered":"<p>If you are moving in Algeria, or are wanting to move to or from Algeria, you may need a moving company to assist you. Below is a list of those that are members of the International Association of Movers (IAM) and\/or FIDI Accredited International Mover (FAIM) which will hopefully help you. 1. Aim Intermovers Provides [&hellip;]<\/p>\n","protected":false},"author":4,"featured_media":0,"parent":190,"menu_order":0,"comment_status":"closed","ping_status":"closed","template":"","meta":{"_genesis_hide_title":false,"_genesis_hide_breadcrumbs":false,"_genesis_hide_singular_image":false,"_genesis_hide_footer_widgets":false,"_genesis_custom_body_class":"","_genesis_custom_post_class":"","_genesis_layout":"","footnotes":""},"class_list":{"0":"post-4641","1":"page","2":"type-page","3":"status-publish","5":"entry","6":"has-post-thumbnail"},"_links":{"self":[{"href":"https:\/\/moverdb.com\/sv\/wp-json\/wp\/v2\/pages\/4641","targetHints":{"allow":["GET"]}}],"collection":[{"href":"https:\/\/moverdb.com\/sv\/wp-json\/wp\/v2\/pages"}],"about":[{"href":"https:\/\/moverdb.com\/sv\/wp-json\/wp\/v2\/types\/page"}],"author":[{"embeddable":true,"href":"https:\/\/moverdb.com\/sv\/wp-json\/wp\/v2\/users\/4"}],"replies":[{"embeddable":true,"href":"https:\/\/moverdb.com\/sv\/wp-json\/wp\/v2\/comments?post=4641"}],"version-history":[{"count":3,"href":"https:\/\/moverdb.com\/sv\/wp-json\/wp\/v2\/pages\/4641\/revisions"}],"predecessor-version":[{"id":4653,"href":"https:\/\/moverdb.com\/sv\/wp-json\/wp\/v2\/pages\/4641\/revisions\/4653"}],"up":[{"embeddable":true,"href":"https:\/\/moverdb.com\/sv\/wp-json\/wp\/v2\/pages\/190"}],"wp:attachment":[{"href":"https:\/\/moverdb.com\/sv\/wp-json\/wp\/v2\/media?parent=4641"}],"curies":[{"name":"wp","href":"https:\/\/api.w.org\/{rel}","templated":true}]}}