{"id":454,"date":"2016-07-03T20:25:43","date_gmt":"2016-07-03T20:25:43","guid":{"rendered":"http:\/\/moverdb.com\/?page_id=454"},"modified":"2026-01-08T15:30:41","modified_gmt":"2026-01-08T15:30:41","slug":"varldstullorganisation","status":"publish","type":"page","link":"https:\/\/moverdb.com\/sv\/world-customs-organization\/","title":{"rendered":"F\u00f6rklaring av V\u00e4rldstullorganisationen (WCO)"},"content":{"rendered":"<p>V\u00e4rldstullorganisationen (WCO) \u00e4r ett oberoende mellanstatligt organ som fungerar som tullgemenskapens r\u00f6st. <\/p>\n<p>Det inr\u00e4ttades f\u00f6r att g\u00f6ra tullf\u00f6rvaltningarna i v\u00e4rlden effektivare, mer samordnade och \u00e4ndam\u00e5lsenliga.<\/p>\n<p><strong>Viktiga fakta om WCO:<\/strong><\/p>\n<ul>\n<li>  WCO har 180 medlemmar och dessa medlemmar \u00e4r tullf\u00f6rvaltningar fr\u00e5n hela v\u00e4rlden.<\/li>\n<li>  Tre fj\u00e4rdedelar av WCO:s medlemmar \u00e4r utvecklingsl\u00e4nder.<\/li>\n<li>  WCO:s medlemmar ansvarar f\u00f6r mer \u00e4n 98% av v\u00e4rldshandeln.<\/li>\n<li>  WCO startade 1952 som Tullsamarbetsr\u00e5det.<\/li>\n<li>  WCO f\u00f6rvaltas av ett r\u00e5d, som f\u00f6rlitar sig p\u00e5 ett sekretariat med \u00f6ver 100 internationella tj\u00e4nstem\u00e4n, tekniska experter och st\u00f6dpersonal.<\/li>\n<li>  WCO har sitt huvudkontor i Bryssel, <a href=\"https:\/\/moverdb.com\/sv\/moving-to-belgium\/\" data-internallinksmanager029f6b8e52c=\"323\" title=\"Flyttar du till Belgien? 2026 Levnadskostnader och flyttningstips\">Belgien<\/a>.<\/li>\n<li>  WCO behandlar inte klagom\u00e5l om tullar, t.ex. tullar - som mellanstatlig organisation \u00e4r den inte ansvarig f\u00f6r f\u00f6rvaltningen av nationell lagstiftning och anger uttryckligen att den inte har n\u00e5gon beh\u00f6righet p\u00e5 detta omr\u00e5de.<\/li>\n<li>  WCO:s officiella spr\u00e5k \u00e4r engelska och franska.<\/li>\n<li>  WCO finansieras genom \u00e5rliga bidrag fr\u00e5n medlemmarna samt frivilliga bidrag och donationer.<\/li>\n<li>  WCO har ansvarat f\u00f6r ett antal tullinstrument, t.ex. den internationella konventionen om det harmoniserade systemet f\u00f6r beskrivning och kodning av varor.<\/li>\n<\/ul>\n<p><strong>V\u00e4rldstullorganisationens profil:<\/strong><\/p>\n<p>WCO kallar sig sj\u00e4lvt f\u00f6r tullv\u00e4rldens r\u00f6st och \u00e4r den enda internationella organisationen med beh\u00f6righet i tullfr\u00e5gor. Detta g\u00f6r den till en viktig kraft n\u00e4r det g\u00e4ller att bidra till att \u00f6ka den legitima internationella handeln och att utveckla \u00e5tg\u00e4rder f\u00f6r att hantera bedr\u00e4gerier och st\u00f6lder. <\/p>\n<p>WCO:s syfte \u00e4r att st\u00e4rka banden mellan tullf\u00f6rvaltningarna och deras partner f\u00f6r att skapa en stark och \u00f6ppen tullmilj\u00f6. <\/p>\n<p>Den har ocks\u00e5 prioriterat att bidra till att skydda samh\u00e4llet och det nationella territoriet samt att s\u00e4kra och underl\u00e4tta den internationella handeln, s\u00e4rskilt med tanke p\u00e5 hoten fr\u00e5n den globala terrorismen. <\/p>\n<p>WCO anser att gr\u00e4nser delar men att tullar f\u00f6rbinder. WCO beskriver sin vision som \"dynamisk ledning av modernisering och konnektivitet i en snabbt f\u00f6r\u00e4nderlig v\u00e4rld\" och anger att dess uppdrag \u00e4r att tillhandah\u00e5lla ledarskap, v\u00e4gledning och st\u00f6d till tullf\u00f6rvaltningarna f\u00f6r att s\u00e4kra och underl\u00e4tta laglig handel, realisera int\u00e4kter, skydda samh\u00e4llet och bygga upp kapacitet.<\/p>\n<p><strong>Kriterier f\u00f6r medlemskap:<\/strong><\/p>\n<p>WCO:s medlemmar \u00e4r tullf\u00f6rvaltningar, s\u00e5 det finns inga kriterier f\u00f6r medlemskap p\u00e5 webbplatsen.<\/p>\n<p><strong>\u00c5sikter om WCO:<\/strong><\/p>\n<p>WCO \u00e4r ett v\u00e4letablerat globalt tullorgan med <a href=\"http:\/\/www.britannica.com\/topic\/World-Customs-Organization\" target=\"_blank\" rel=\"noopener\">en post i encyklopedin Britannica<\/a>. <a href=\"https:\/\/www.wto.org\/english\/thewto_e\/coher_e\/wto_wco_e.htm\" target=\"_blank\" rel=\"noopener\">V\u00e4rldshandelsorganisationen beskriver<\/a> WCO som ett organ som f\u00f6retaget regelbundet samarbetar med, s\u00e4rskilt n\u00e4r det g\u00e4ller klassificering av varor. <\/p>\n<p>WCO omn\u00e4mns p\u00e5 regeringarnas webbplatser, beskrivs som ett \"ledande organ f\u00f6r att utvidga m\u00f6jligheterna till internationell handel och s\u00e4kerhet\" och har helt klart en erk\u00e4nd internationell status. N\u00e4r det g\u00e4ller medlemmarna tenderar de som ansluter sig att tillk\u00e4nnage detta - till exempel Europeiska unionen, som meddelade att den kommer att ansluta sig till <a href=\"http:\/\/ec.europa.eu\/taxation_customs\/common\/international_affairs\/wco\/index_en.htm\" target=\"_blank\" rel=\"noopener\">WCO hade godtagit<\/a> sin ans\u00f6kan om medlemskap fr\u00e5n och med den 1 juli 2007.<\/p>\n<blockquote><p>Alla tullfr\u00e5gor, inbegripet utveckling av globala instrument, standarder och verktyg, f\u00f6renkling och harmonisering av tullf\u00f6rfaranden, fr\u00e4mjande av ekonomisk konkurrenskraft, s\u00e4kerhet och underl\u00e4ttande av den globala f\u00f6rs\u00f6rjningskedjan, f\u00f6rb\u00e4ttring av tullens genomf\u00f6rande och efterlevnad, skydd av folkh\u00e4lsa och s\u00e4kerhet, uppr\u00e4tth\u00e5llande av den internationella varunomenklaturen i det harmoniserade systemet, inkomstgarantier, h\u00e5llbar kapacitetsuppbyggnad inom tullomr\u00e5det och tekniskt bist\u00e5nd samt f\u00f6rvaltning av WTO:s avtal om tullv\u00e4rdering och ursprungsregler samt FN:s konvention om containrar fr\u00e5n 1972.<\/p><\/blockquote>\n<p>- <a href=\"http:\/\/www.basel.int\/Default.aspx?tabid=2935\" target=\"_blank\" rel=\"noopener\">Baselkonventionen<\/a><\/p>\n<p><strong>Webbplats:<\/strong> <a href=\"http:\/\/www.wcoomd.org\/\" target=\"_blank\" rel=\"noopener\">http:\/\/www.wcoomd.org\/<\/a><\/p>\n<p><strong>F\u00f6r mer information om sj\u00f6farten, se:<\/strong> <a href=\"https:\/\/moverdb.com\/sv\/container-transport\/\">Priser och kostnader f\u00f6r internationell containerfrakt 2018<\/a> och <a href=\"https:\/\/moverdb.com\/sv\/speditor\/\">Guide f\u00f6r internationella kostnader och f\u00f6retag f\u00f6r spedit\u00f6rer och NVOCC<\/a><\/p>","protected":false},"excerpt":{"rendered":"<p>The World Customs Organisation (WCO) is an independent intergovernmental body that serves as the voice of the customs community. It was set up to make customs administrations around the world more efficient, coordinated and effective. Key facts about WCO: The WCO has 180 members and these members are customs administrations from all over the world. [&hellip;]<\/p>\n","protected":false},"author":1,"featured_media":0,"parent":0,"menu_order":0,"comment_status":"closed","ping_status":"closed","template":"","meta":{"_genesis_hide_title":false,"_genesis_hide_breadcrumbs":false,"_genesis_hide_singular_image":false,"_genesis_hide_footer_widgets":false,"_genesis_custom_body_class":"","_genesis_custom_post_class":"","_genesis_layout":"","footnotes":""},"class_list":{"0":"post-454","1":"page","2":"type-page","3":"status-publish","5":"entry"},"_links":{"self":[{"href":"https:\/\/moverdb.com\/sv\/wp-json\/wp\/v2\/pages\/454","targetHints":{"allow":["GET"]}}],"collection":[{"href":"https:\/\/moverdb.com\/sv\/wp-json\/wp\/v2\/pages"}],"about":[{"href":"https:\/\/moverdb.com\/sv\/wp-json\/wp\/v2\/types\/page"}],"author":[{"embeddable":true,"href":"https:\/\/moverdb.com\/sv\/wp-json\/wp\/v2\/users\/1"}],"replies":[{"embeddable":true,"href":"https:\/\/moverdb.com\/sv\/wp-json\/wp\/v2\/comments?post=454"}],"version-history":[{"count":7,"href":"https:\/\/moverdb.com\/sv\/wp-json\/wp\/v2\/pages\/454\/revisions"}],"predecessor-version":[{"id":6253,"href":"https:\/\/moverdb.com\/sv\/wp-json\/wp\/v2\/pages\/454\/revisions\/6253"}],"wp:attachment":[{"href":"https:\/\/moverdb.com\/sv\/wp-json\/wp\/v2\/media?parent=454"}],"curies":[{"name":"wp","href":"https:\/\/api.w.org\/{rel}","templated":true}]}}