{"id":453,"date":"2016-07-03T20:16:06","date_gmt":"2016-07-03T20:16:06","guid":{"rendered":"http:\/\/moverdb.com\/?page_id=453"},"modified":"2026-01-08T15:20:54","modified_gmt":"2026-01-08T15:20:54","slug":"internationella-kammaren-forsandelser","status":"publish","type":"page","link":"https:\/\/moverdb.com\/sv\/international-chamber-shipping\/","title":{"rendered":"Internationella sj\u00f6fartskammaren (ICS) f\u00f6rklaras"},"content":{"rendered":"<p>Internationella sj\u00f6fartskammaren (ICS) \u00e4r en branschorganisation som f\u00f6retr\u00e4der fartygs\u00e4gare och fartygsoperat\u00f6rer via nationella redarf\u00f6reningar. <\/p>\n<p>Dess m\u00e5l \u00e4r att fr\u00e4mja medlemmarnas intressen i alla fr\u00e5gor som r\u00f6r drift av fartyg och sj\u00f6fartspolitik.<\/p>\n<p><strong>Viktiga fakta om Internationella sj\u00f6fartskammaren:<\/strong><\/p>\n<ul>\n<li>  ICS-medlem <a href=\"https:\/\/moverdb.com\/sv\/rederier\/\">rederier.<\/a> driver \u00f6ver 80% av v\u00e4rldens handelsfartyg.<\/li>\n<li>  ICS best\u00e5r av nationella redarf\u00f6reningar i Asien, Europa och Amerika.<\/li>\n<li>  ICS grundades 1921.<\/li>\n<li>  ICS har 36 medlemmar och 11 associerade medlemmar.<\/li>\n<li>  ICS har sitt s\u00e4te i <a href=\"https:\/\/moverdb.com\/sv\/moving-to-london\/\">London<\/a>.<\/li>\n<li>  ICS \u00e4r unikt eftersom det till skillnad fr\u00e5n andra <a href=\"https:\/\/moverdb.com\/sv\/container-shipping\/\" data-internallinksmanager029f6b8e52c=\"3\" title=\"Diagram \u00f6ver internationella containerfraktpriser: April 2026\">Internationell frakt<\/a> Den f\u00f6retr\u00e4der de globala intressena f\u00f6r alla olika branscher i branschen, fr\u00e5n passagerarfartygsoperat\u00f6rer till tankfartygsoperat\u00f6rer.<\/li>\n<li>  ICS \u00e4r ett r\u00e5dgivande organ till <a href=\"https:\/\/moverdb.com\/sv\/international-maritime-organisation\/\" data-internallinksmanager029f6b8e52c=\"24\" title=\"Internationella sj\u00f6fartsorganisationen (IMO) f\u00f6rklaras\">Internationella sj\u00f6fartsorganisationen<\/a>, FN:s organ med ansvar f\u00f6r s\u00e4kerheten f\u00f6r m\u00e4nniskoliv till sj\u00f6ss och skyddet av den marina milj\u00f6n.<\/li>\n<li>  ICS arbetar med regleringar, operativa och juridiska fr\u00e5gor som r\u00f6r sj\u00f6fartsindustrin.<\/li>\n<\/ul>\n<p><strong>ICS-profil:<\/strong><\/p>\n<p>ICS representerar sina medlemmar i olika mellanstatliga regleringsorgan som p\u00e5verkar sj\u00f6farten, bland annat Internationella sj\u00f6fartsorganisationen (IMO). <\/p>\n<p>Det \u00e4r ocks\u00e5 en informationsk\u00e4lla f\u00f6r medlemmarna och har utvecklat v\u00e4gledning och b\u00e4sta praxis f\u00f6r dem som \u00e4r verksamma inom branschen - dessa resurser erbjuds kostnadsfritt till rederier inom branschen och till medlemmarna. <\/p>\n<p>Dess uppdrag \u00e4r att str\u00e4va efter en global sj\u00f6fartsn\u00e4ring som arbetar enligt h\u00f6ga standarder, prioriterar s\u00e4ker sj\u00f6fart och skyddar milj\u00f6n. <\/p>\n<p>\u00c4ven om organisationen i grunden skapades f\u00f6r att fr\u00e4mja rederibranschen \u00e4r ett av dess m\u00e5l att samarbeta med andra organisationer, b\u00e5de statliga och icke-statliga, f\u00f6r att bidra till att g\u00f6ra rederibranschen effektivare och s\u00e4krare.<\/p>\n<p><strong>Medlemsrederier (efter storlek):<\/strong><\/p>\n<ul>\n<li> <a href=\"https:\/\/moverdb.com\/sv\/maersk\/\">Maersk Line<\/a><\/li>\n<li> <a href=\"https:\/\/moverdb.com\/sv\/medelhavsrederiet\/\">Medelhavsrederiet (MSC)<\/a><\/li>\n<\/ul>\n<p><strong>Kriterier f\u00f6r medlemskap:<\/strong><\/p>\n<p>ICS:s medlemmar \u00e4r <a href=\"https:\/\/moverdb.com\/sv\/speditor\/\">Fartygs\u00e4gare och operat\u00f6rer.<\/a> fr\u00e5n hela v\u00e4rlden som f\u00f6retr\u00e4ds av nationella redarf\u00f6reningar. Det \u00e4r f\u00f6reningarna som innehar medlemskapet, s\u00e5 enskilda \u00e4gare och operat\u00f6rer kan inte ans\u00f6ka. <\/p>\n<p>P\u00e5 grund av detta finns det inga kriterier f\u00f6r medlemskap p\u00e5 webbplatsen.<\/p>\n<p><strong>\u00c5sikter om Internationella sj\u00f6fartskammaren:<\/strong><\/p>\n<p>ICS citeras i flera branschpublikationer och kommenterar aktuella fr\u00e5gor som t.ex. minskning av koldioxidutsl\u00e4pp. Det n\u00e4mns p\u00e5 medlemmarnas webbplatser, t.ex. <a href=\"https:\/\/www.ukchamberofshipping.com\/about-us\/our-partners\/international-chamber-shipping\/\" target=\"_blank\" rel=\"noopener\">UK Chamber of Shipping (brittiska sj\u00f6fartskammaren)<\/a>. <\/p>\n<p>Dokument p\u00e5 n\u00e4tet visar att ICS kommenterar globala fr\u00e5gor, t.ex. skattekonventioner, och det finns ocks\u00e5 en <a href=\"http:\/\/www.allaboutshipping.co.uk\/category\/associations\/international-chamber-of-shipping\/\" target=\"_blank\" rel=\"noopener\">t\u00e4ckning av evenemang<\/a> som t.ex. <a href=\"http:\/\/www.imo.org\/en\/MediaCentre\/SecretaryGeneral\/SpeechesByTheSecretaryGeneral\/Pages\/ICS2012.aspx\" target=\"_blank\" rel=\"noopener\">Internationella sj\u00f6fartskammarens konferens<\/a> d\u00e4r Koji Sekimizu, generalsekreterare f\u00f6r Internationella sj\u00f6fartsorganisationen, beskrev ICS som f\u00f6ljande <em>\"En av flera icke-statliga organisationer som f\u00f6retr\u00e4der sj\u00f6fartsindustrin inom IMO och har en av de l\u00e4ngsta stamtavlorna.\"<\/em> <\/p>\n<p>Andra k\u00e4llor p\u00e5 n\u00e4tet h\u00e4nvisar till ICS som \"den mest erk\u00e4nda globala redarf\u00f6reningen\". ICS:s trov\u00e4rdighet framg\u00e5r tydligt av de publikationer som dess namn f\u00f6rekommer i, dess sammanslutningar med andra organ och den typ av fr\u00e5gor som ICS ombeds kommentera.<\/p>\n<blockquote><p>Internationella sj\u00f6fartskammaren (ICS) \u00e4r den viktigaste internationella branschorganisationen f\u00f6r handelsfartygs\u00e4gare och operat\u00f6rer och f\u00f6retr\u00e4der alla sektorer och branscher (inklusive bland annat tankfartyg, torrlastfartyg, containerfartyg, styckegodsfartyg, specialfartyg och passagerarfartyg) i de olika mellanstatliga organ som p\u00e5verkar sj\u00f6farten. ICS best\u00e5r av nationella redarf\u00f6reningar i 35 l\u00e4nder som representerar \u00f6ver 80% av v\u00e4rldens handelsflotta.<\/p><\/blockquote>\n<p><a href=\"http:\/\/www.oecd.org\/tax\/treaties\/ics-comments-discussion-draft-mtc-international-traffic.pdf\" target=\"_blank\" rel=\"noopener\">OECD<\/a><\/p>\n<p><strong>Webbplats:<\/strong> <a href=\"http:\/\/www.ics-shipping.org\/\" target=\"_blank\" rel=\"noopener\">http:\/\/www.ics-shipping.org\/<\/a><\/p>\n<p><strong>F\u00f6r mer information om sj\u00f6farten, se:<\/strong> <a href=\"https:\/\/moverdb.com\/sv\/container-transport\/\">Priser och kostnader f\u00f6r internationell containerfrakt 2018<\/a> och <a href=\"https:\/\/moverdb.com\/sv\/speditor\/\">Guide f\u00f6r internationella kostnader och f\u00f6retag f\u00f6r spedit\u00f6rer och NVOCC<\/a><\/p>","protected":false},"excerpt":{"rendered":"<p>The International Chamber of Shipping (ICS) is a trade association that represents ship owners and ship operators via national shipowners associations. Its aim is to promote the interests of its members throughout all issues of ship operation and also shipping policy. Key facts about the International Chamber of Shipping: ICS member shipping companies operate over [&hellip;]<\/p>\n","protected":false},"author":1,"featured_media":0,"parent":0,"menu_order":0,"comment_status":"closed","ping_status":"closed","template":"","meta":{"_genesis_hide_title":false,"_genesis_hide_breadcrumbs":false,"_genesis_hide_singular_image":false,"_genesis_hide_footer_widgets":false,"_genesis_custom_body_class":"","_genesis_custom_post_class":"","_genesis_layout":"","footnotes":""},"class_list":{"0":"post-453","1":"page","2":"type-page","3":"status-publish","5":"entry"},"_links":{"self":[{"href":"https:\/\/moverdb.com\/sv\/wp-json\/wp\/v2\/pages\/453","targetHints":{"allow":["GET"]}}],"collection":[{"href":"https:\/\/moverdb.com\/sv\/wp-json\/wp\/v2\/pages"}],"about":[{"href":"https:\/\/moverdb.com\/sv\/wp-json\/wp\/v2\/types\/page"}],"author":[{"embeddable":true,"href":"https:\/\/moverdb.com\/sv\/wp-json\/wp\/v2\/users\/1"}],"replies":[{"embeddable":true,"href":"https:\/\/moverdb.com\/sv\/wp-json\/wp\/v2\/comments?post=453"}],"version-history":[{"count":10,"href":"https:\/\/moverdb.com\/sv\/wp-json\/wp\/v2\/pages\/453\/revisions"}],"predecessor-version":[{"id":6245,"href":"https:\/\/moverdb.com\/sv\/wp-json\/wp\/v2\/pages\/453\/revisions\/6245"}],"wp:attachment":[{"href":"https:\/\/moverdb.com\/sv\/wp-json\/wp\/v2\/media?parent=453"}],"curies":[{"name":"wp","href":"https:\/\/api.w.org\/{rel}","templated":true}]}}