{"id":452,"date":"2016-07-03T20:39:16","date_gmt":"2016-07-03T20:39:16","guid":{"rendered":"http:\/\/moverdb.com\/?page_id=452"},"modified":"2026-01-08T15:30:42","modified_gmt":"2026-01-08T15:30:42","slug":"varlds-sjofartsrad","status":"publish","type":"page","link":"https:\/\/moverdb.com\/sv\/world-shipping-council\/","title":{"rendered":"World Shipping Council (WSC) f\u00f6rklaras"},"content":{"rendered":"<p>World Shipping Council (WSC) \u00e4r en r\u00f6st f\u00f6r linjesj\u00f6farten. Det grundades ursprungligen som en lobbygrupp f\u00f6r de st\u00f6rsta linjesj\u00f6fartsf\u00f6retagen och har blivit en r\u00e5dgivare till industrin och regeringen i s\u00e5 olika fr\u00e5gor som s\u00e4kerhet och milj\u00f6fr\u00e5gor.<\/p>\n<p><strong>Viktiga fakta om WSC<\/strong><\/p>\n<ul>\n<li>  WSC har 26 medlemmar.<\/li>\n<li>  WSC:s medlemmar driver cirka 90 procent av den globala kapaciteten f\u00f6r linjeskepp.<\/li>\n<li>  Dessa tj\u00e4nster transporterar omkring 60 procent av v\u00e4rdet av den globala sj\u00f6handeln och mer \u00e4n <a href=\"https:\/\/moverdb.com\/sv\/moving-to-the-united-states\/\" data-internallinksmanager029f6b8e52c=\"94\" title=\"Flyttar du till USA? 2026 Levnadskostnader och flyttningstips\">USA<\/a>$ 4 biljoner varor till ett v\u00e4rde av 4 biljoner \u00e5rligen.<\/li>\n<li>  WSC \u00e4r den globala representanten f\u00f6r linjesj\u00f6farten.<\/li>\n<li>  WSC skapades \u00e5r 2000 av vd:arna f\u00f6r de viktigaste stora linjerederierna. <a href=\"https:\/\/moverdb.com\/sv\/rederier\/\">rederier.<\/a>.<\/li>\n<li>  \u00c5r 2009 fick WSC r\u00e5dgivande status vid Europeiska r\u00e5det f\u00f6r milj\u00f6 och s\u00e4kerhet. <a href=\"https:\/\/moverdb.com\/sv\/international-maritime-organisation\/\" data-internallinksmanager029f6b8e52c=\"24\" title=\"Internationella sj\u00f6fartsorganisationen (IMO) f\u00f6rklaras\">Internationella sj\u00f6fartsorganisationen<\/a>.<\/li>\n<li>  WSC har sitt s\u00e4te i <a href=\"https:\/\/moverdb.com\/sv\/flytta-till-washington-dc\/\">Washington, DC<\/a>.<\/li>\n<li>  WSC:s medlemmar kommer fr\u00e5n hela v\u00e4rlden, fr\u00e5n <a href=\"https:\/\/moverdb.com\/sv\/moving-to-china\/\" data-internallinksmanager029f6b8e52c=\"357\" title=\"Flytta till Kina? 2026 Levnadskostnader och tips om omlokalisering\">Kina<\/a> till Amerika.<\/li>\n<\/ul>\n<p><strong>World Shipping Councils profil:<\/strong><\/p>\n<p>WSC \u00e4r ett branschorgan som utvecklades \u00e5r 2000 av de ledande akt\u00f6rerna inom linjesj\u00f6farten. Det har spelat en avg\u00f6rande roll i viktiga \u00f6gonblick f\u00f6r linjesj\u00f6farten, t.ex. n\u00e4r det g\u00e4ller att samarbeta med globala regeringar och organisationer f\u00f6r att hj\u00e4lpa till att utveckla lagar, f\u00f6rordningar och program som \u00e4r utformade f\u00f6r att b\u00e4ttre s\u00e4kra den internationella sj\u00f6farten i k\u00f6lvattnet av terroristattackerna 2001. <\/p>\n<p>WSC:s huvudsyfte \u00e4r att arbeta med handels-, s\u00e4kerhets- och tullfr\u00e5gor som p\u00e5verkar branschen i sig och dess inverkan p\u00e5 omv\u00e4rlden. Under de senaste \u00e5ren har det ocks\u00e5 b\u00f6rjat fokusera p\u00e5 milj\u00f6fr\u00e5gor. <\/p>\n<p>WSC betraktas som en respekterad r\u00e5dgivare f\u00f6r b\u00e5de industrin och regeringarna - WSC har till exempel beviljats r\u00e5dgivande status f\u00f6r Internationella sj\u00f6fartsorganisationen. Det spelar ocks\u00e5 en aktiv roll i politiska debatter n\u00e4r politiken har en inverkan p\u00e5 linjesj\u00f6farten.<\/p>\n<p><strong>Medlemsf\u00f6retag efter storlek:<\/strong><\/p>\n<ul>\n<li> <a href=\"https:\/\/moverdb.com\/sv\/cma-cgm\/\">CMA CGM-gruppen<\/a><\/li>\n<li> <a href=\"https:\/\/moverdb.com\/sv\/hapag-lloyd\/\">Hapag-Lloyd<\/a><\/li>\n<li> <a href=\"https:\/\/moverdb.com\/sv\/evergreen-marine\/\">Evergreen Marine<\/a><\/li>\n<li> <a href=\"https:\/\/moverdb.com\/sv\/hamburg-sud\/\">Hamburg S\u00fcd<\/a><\/li>\n<\/ul>\n<p><strong>Kriterier f\u00f6r medlemskap:<\/strong><\/p>\n<p>Det finns inga kriterier f\u00f6r medlemskap p\u00e5 webbplatsen. WSC beskriver sina medlemmar som <em>\"De har investerat hundratals miljarder dollar i fartyg, <a href=\"https:\/\/moverdb.com\/sv\/top-49-container-ports\/\" data-internallinksmanager029f6b8e52c=\"80\" title=\"Topp 49 st\u00f6rsta och mest trafikerade containerhamnar 2025\">port<\/a> terminaler, lastbilsf\u00f6retag, lagerlokaler och teknik f\u00f6r att se till att det \u00e4ven i forts\u00e4ttningen finns ett stort antal alternativ f\u00f6r s\u00e4ker, p\u00e5litlig och ekonomisk internationell godstransport.\"<\/em> <\/p>\n<p>Av detta framg\u00e5r att medlemskapet inte \u00e4r \u00f6ppet f\u00f6r vilket f\u00f6retag som helst. Bland de representativa medlemmarna finns Hyundai Merchant Marine Company och United Arab <a href=\"https:\/\/moverdb.com\/sv\/shipping-companies\/\" data-internallinksmanager029f6b8e52c=\"4\" title=\"Topp 10 internationella containerrederier\">Leveransf\u00f6retag<\/a>.<\/p>\n<p>Det finns en e-postadress som kan anv\u00e4ndas f\u00f6r dem som vill fr\u00e5ga om medlemskap: info@worldshipping.org.<\/p>\n<p><strong>\u00c5sikter om WSC:<\/strong><\/p>\n<p>WSC \u00e4r <a href=\"http:\/\/www.iims.org.uk\/world-shipping-council-advises-prepare-container-weight-verification\/\" target=\"_blank\" rel=\"noopener\">citerade i tidningsrapporter<\/a> som en k\u00e4lla till information om \u00e4ndringar i lagar och andra f\u00f6rfattningar och \u00e4r helt klart en respekterad organisation som utg\u00f6r en kommunikationskanal mellan lagstiftare och n\u00e4ringsliv. <\/p>\n<p>I dess arbete ing\u00e5r ocks\u00e5 att hj\u00e4lpa till att hantera f\u00f6rvirring om kommande lag\u00e4ndringar och att underl\u00e4tta lagstiftningens v\u00e4g fr\u00e5n skriven lag till verklighet. <\/p>\n<p>\u00c4ven om medlemsf\u00f6rteckningen finns p\u00e5 WSC:s webbplats visar en snabb kontroll av ett par av f\u00f6retagens webbplatser att de inte visar sitt medlemskap i WSC p\u00e5 ett tydligt s\u00e4tt. <\/p>\n<p>Detta beror sannolikt p\u00e5 att WSC inte \u00e4r en ackreditering som \u00e4r l\u00e4mplig f\u00f6r en kommersiell webbplats utan ett branschorgan d\u00e4r dessa f\u00f6retag har en r\u00e5dgivande roll.<\/p>\n<p><strong>Webbplats:<\/strong> <a href=\"http:\/\/www.worldshipping.org\/\" target=\"_blank\" rel=\"noopener\">http:\/\/www.worldshipping.org\/<\/a><\/p>\n<p><strong>F\u00f6r mer information om sj\u00f6farten, se:<\/strong> <a href=\"https:\/\/moverdb.com\/sv\/container-transport\/\">Priser och kostnader f\u00f6r internationell containerfrakt 2018<\/a> och <a href=\"https:\/\/moverdb.com\/sv\/speditor\/\">Guide f\u00f6r internationella kostnader och f\u00f6retag f\u00f6r spedit\u00f6rer och NVOCC<\/a><\/p>","protected":false},"excerpt":{"rendered":"<p>The World Shipping Council (WSC) provides a voice for the liner shipping industry. It was initially established as a lobbying group for the biggest liner shipping businesses and has become an advisor to industry and government on topics as varied as security and environmental issues. Key facts about the WSC The WSC has 26 members. [&hellip;]<\/p>\n","protected":false},"author":1,"featured_media":0,"parent":0,"menu_order":0,"comment_status":"closed","ping_status":"closed","template":"","meta":{"_genesis_hide_title":false,"_genesis_hide_breadcrumbs":false,"_genesis_hide_singular_image":false,"_genesis_hide_footer_widgets":false,"_genesis_custom_body_class":"","_genesis_custom_post_class":"","_genesis_layout":"","footnotes":""},"class_list":{"0":"post-452","1":"page","2":"type-page","3":"status-publish","5":"entry"},"_links":{"self":[{"href":"https:\/\/moverdb.com\/sv\/wp-json\/wp\/v2\/pages\/452","targetHints":{"allow":["GET"]}}],"collection":[{"href":"https:\/\/moverdb.com\/sv\/wp-json\/wp\/v2\/pages"}],"about":[{"href":"https:\/\/moverdb.com\/sv\/wp-json\/wp\/v2\/types\/page"}],"author":[{"embeddable":true,"href":"https:\/\/moverdb.com\/sv\/wp-json\/wp\/v2\/users\/1"}],"replies":[{"embeddable":true,"href":"https:\/\/moverdb.com\/sv\/wp-json\/wp\/v2\/comments?post=452"}],"version-history":[{"count":12,"href":"https:\/\/moverdb.com\/sv\/wp-json\/wp\/v2\/pages\/452\/revisions"}],"predecessor-version":[{"id":6254,"href":"https:\/\/moverdb.com\/sv\/wp-json\/wp\/v2\/pages\/452\/revisions\/6254"}],"wp:attachment":[{"href":"https:\/\/moverdb.com\/sv\/wp-json\/wp\/v2\/media?parent=452"}],"curies":[{"name":"wp","href":"https:\/\/api.w.org\/{rel}","templated":true}]}}