{"id":451,"date":"2016-07-04T14:16:48","date_gmt":"2016-07-04T14:16:48","guid":{"rendered":"http:\/\/moverdb.com\/?page_id=451"},"modified":"2026-01-08T14:39:55","modified_gmt":"2026-01-08T14:39:55","slug":"internationell-maritima-organisation","status":"publish","type":"page","link":"https:\/\/moverdb.com\/sv\/international-maritime-organisation\/","title":{"rendered":"Internationella sj\u00f6fartsorganisationen (IMO) f\u00f6rklaras"},"content":{"rendered":"<p>Internationella sj\u00f6fartsorganisationen (IMO) \u00e4r ett FN-organ som har sitt s\u00e4te i <a href=\"https:\/\/moverdb.com\/sv\/moving-to-the-uk\/\" data-internallinksmanager029f6b8e52c=\"93\" title=\"Flyttar du till Storbritannien? 2026 Levnadskostnader och flyttningstips\">STORBRITANNIEN<\/a>som ansvarar f\u00f6r regleringen av sj\u00f6farten. Det beskriver sig sj\u00e4lvt som den globala normgivande myndigheten f\u00f6r s\u00e4kerhet, skydd och milj\u00f6prestanda f\u00f6r <a href=\"https:\/\/moverdb.com\/sv\/container-transport\/\">Internationell frakt<\/a>.<\/p>\n<p><strong>Viktiga fakta om Internationella sj\u00f6fartsorganisationen<\/strong><\/p>\n<ul>\n<li>  IMO har 171 medlemsstater och tre associerade medlemmar.<\/li>\n<li>  IMO \u00e4r ett FN-organ som bildades 1948 och som inledde sin verksamhet tio \u00e5r senare.<\/li>\n<li>  De flesta medlemsstater som inte \u00e4r IMO-medlemmar \u00e4r inlandsstater som inte har n\u00e5got intresse eller engagemang f\u00f6r sj\u00f6fart.<\/li>\n<li>  De tre associerade medlemmarna i IMO \u00e4r F\u00e4r\u00f6arna, <a href=\"https:\/\/moverdb.com\/sv\/moving-to-hong-kong\/\" data-internallinksmanager029f6b8e52c=\"350\" title=\"Flytta till Hong Kong? 2026 Levnadskostnader och tips om flytt\">Hong Kong<\/a> och Macao.<\/li>\n<li>  Den internationella konventionen om s\u00e4kerheten f\u00f6r m\u00e4nniskoliv till sj\u00f6ss \u00e4r ett av IMO:s mest k\u00e4nda r\u00e4ttsliga instrument.<\/li>\n<li>  <a href=\"https:\/\/moverdb.com\/sv\/container-shipping\/\" data-internallinksmanager029f6b8e52c=\"3\" title=\"Diagram \u00f6ver internationella containerfraktpriser: April 2026\">Internationell frakt<\/a> transporterar mer \u00e4n 80% av den globala handeln till m\u00e4nniskor och samh\u00e4llen \u00f6ver hela v\u00e4rlden.<\/li>\n<li>  IMO:s ansvarsomr\u00e5de omfattar alla aspekter av internationell sj\u00f6fart, inklusive utformning, konstruktion, utrustning, bemanning, drift och bortskaffande av fartyg.<\/li>\n<li>  Icke-statliga internationella organisationer som har m\u00f6jlighet att ge ett v\u00e4sentligt bidrag till IMO:s arbete kan beviljas r\u00e5dgivande status av r\u00e5det med f\u00f6rsamlingens godk\u00e4nnande.<\/li>\n<\/ul>\n<p><strong>IMO-profil<\/strong><\/p>\n<p>IMO \u00e4r ett globalt organ som lyder under FN. Den best\u00e5r av en f\u00f6rsamling, ett r\u00e5d och fem huvudkommitt\u00e9er: <\/p>\n<ol>\n<li> Kommitt\u00e9n f\u00f6r sj\u00f6s\u00e4kerhet<\/li>\n<li> Kommitt\u00e9n f\u00f6r skydd av den marina milj\u00f6n<\/li>\n<li> Juridiska kommitt\u00e9n<\/li>\n<li> Kommitt\u00e9n f\u00f6r tekniskt samarbete<\/li>\n<li> Kommitt\u00e9n f\u00f6r underl\u00e4ttande av arbetet<\/li>\n<\/ol>\n<p>IMO har ansvarat f\u00f6r m\u00e5nga r\u00e4ttsliga instrument som syftar till att f\u00f6rb\u00e4ttra sj\u00f6s\u00e4kerheten, f\u00f6rb\u00e4ttra handeln mellan sj\u00f6fartsstaterna och skydda havsmilj\u00f6n. <\/p>\n<p>IMO tittar inte bara p\u00e5 sj\u00f6fartssektorn i dess nuvarande form, utan arbetar ocks\u00e5 f\u00f6r att s\u00e4kra dess framtid som en s\u00e4ker, milj\u00f6v\u00e4nlig och energieffektiv sektor. <\/p>\n<p>Det finns mycket lite som IMO inte t\u00e4cker in, bland annat den m\u00e4nskliga faktorn i sj\u00f6fartsindustrin, sj\u00f6fartsskydd och tekniskt samarbete, som \u00e4r utformat f\u00f6r att hj\u00e4lpa regeringar som saknar den tekniska kunskap och de resurser som kr\u00e4vs f\u00f6r att driva en sj\u00f6fartsindustri framg\u00e5ngsrikt.<\/p>\n<p><strong>Kriterier f\u00f6r medlemskap <\/strong><\/p>\n<p>Medlemskap sker p\u00e5 grundval av stater. F\u00f6r att bli medlem i IMO ratificerar en stat ett multilateralt f\u00f6rdrag som kallas konventionen om Internationella sj\u00f6fartsorganisationen.<\/p>\n<p><strong>\u00c5sikter om IMO:<\/strong><\/p>\n<p>IMO \u00e4r ett globalt <a href=\"http:\/\/www.unsceb.org\/content\/imo\" target=\"_blank\" rel=\"noopener\">v\u00e4lrenommerad organisation<\/a> med erk\u00e4nd status. Det \u00e4r mycket synligt och \u00e4r en stark kraft inom sj\u00f6fartsindustrin. P\u00e5 n\u00e4tet \u00e4r informationen om IMO inriktad p\u00e5 dess roll n\u00e4r det g\u00e4ller att fr\u00e4mja samarbete mellan regeringar, sammankalla internationella konferenser om sj\u00f6fartsfr\u00e5gor och utarbeta internationella konventioner eller avtal i detta \u00e4mne. <\/p>\n<p>Dess roll f\u00f6r s\u00e4kerheten betonas ocks\u00e5 p\u00e5 de st\u00e4llen d\u00e4r den n\u00e4mns. Eftersom medlemskapet i IMO \u00e4r statsbundet n\u00e4mns IMO inte p\u00e5 enskilda f\u00f6retags webbplatser, men det f\u00f6rekommer ofta i <a href=\"http:\/\/www.britannica.com\/topic\/International-Maritime-Organization\" target=\"_blank\" rel=\"noopener\">uppslagsverk p\u00e5 n\u00e4tet<\/a> och webbplatser som beskriver FN:s struktur.<\/p>\n<p><strong>Webbplats:<\/strong> <a href=\"http:\/\/www.imo.org\/en\/Pages\/Default.aspx\" target=\"_blank\" rel=\"noopener\">http:\/\/www.imo.org\/<\/a><\/p>\n<p><strong>F\u00f6r mer information om sj\u00f6farten, se:<\/strong> <a href=\"https:\/\/moverdb.com\/sv\/container-transport\/\">Priser och kostnader f\u00f6r internationell containerfrakt 2018<\/a> och <a href=\"https:\/\/moverdb.com\/sv\/speditor\/\">Guide f\u00f6r internationella kostnader och f\u00f6retag f\u00f6r spedit\u00f6rer och NVOCC<\/a><\/p>","protected":false},"excerpt":{"rendered":"<p>The International Maritime Organisation (IMO) is a UN agency, based in the UK, which is responsible for regulating shipping. It describes itself as the global standard-setting authority for the safety, security and environmental performance of international shipping. Key facts about the International Maritime Organisation The IMO has 171 Member States and three Associate Members. The [&hellip;]<\/p>\n","protected":false},"author":1,"featured_media":0,"parent":0,"menu_order":0,"comment_status":"closed","ping_status":"closed","template":"","meta":{"_genesis_hide_title":false,"_genesis_hide_breadcrumbs":false,"_genesis_hide_singular_image":false,"_genesis_hide_footer_widgets":false,"_genesis_custom_body_class":"","_genesis_custom_post_class":"","_genesis_layout":"","footnotes":""},"class_list":{"0":"post-451","1":"page","2":"type-page","3":"status-publish","5":"entry"},"_links":{"self":[{"href":"https:\/\/moverdb.com\/sv\/wp-json\/wp\/v2\/pages\/451","targetHints":{"allow":["GET"]}}],"collection":[{"href":"https:\/\/moverdb.com\/sv\/wp-json\/wp\/v2\/pages"}],"about":[{"href":"https:\/\/moverdb.com\/sv\/wp-json\/wp\/v2\/types\/page"}],"author":[{"embeddable":true,"href":"https:\/\/moverdb.com\/sv\/wp-json\/wp\/v2\/users\/1"}],"replies":[{"embeddable":true,"href":"https:\/\/moverdb.com\/sv\/wp-json\/wp\/v2\/comments?post=451"}],"version-history":[{"count":6,"href":"https:\/\/moverdb.com\/sv\/wp-json\/wp\/v2\/pages\/451\/revisions"}],"predecessor-version":[{"id":13163,"href":"https:\/\/moverdb.com\/sv\/wp-json\/wp\/v2\/pages\/451\/revisions\/13163"}],"wp:attachment":[{"href":"https:\/\/moverdb.com\/sv\/wp-json\/wp\/v2\/media?parent=451"}],"curies":[{"name":"wp","href":"https:\/\/api.w.org\/{rel}","templated":true}]}}