{"id":450,"date":"2016-06-21T21:08:23","date_gmt":"2016-06-21T21:08:23","guid":{"rendered":"http:\/\/moverdb.com\/?page_id=450"},"modified":"2026-01-08T15:20:26","modified_gmt":"2026-01-08T15:20:26","slug":"ngrs","status":"publish","type":"page","link":"https:\/\/moverdb.com\/sv\/ngrs\/","title":{"rendered":"National Guild of Removers and Storers (NGRS) f\u00f6rklarat"},"content":{"rendered":"<p>National Guild of Removers and Storers (NGRS) har inr\u00e4ttats f\u00f6r att tillhandah\u00e5lla en viss reglering av flytt- och lagringsbranschen i USA. <a href=\"https:\/\/moverdb.com\/sv\/moving-to-the-uk\/\" data-internallinksmanager029f6b8e52c=\"93\" title=\"Flyttar du till Storbritannien? 2026 Levnadskostnader och flyttningstips\">STORBRITANNIEN<\/a>. <\/p>\n<p>Den har en uppf\u00f6randekod och \u00e4r en del av <a href=\"https:\/\/moverdb.com\/sv\/rios\/\">Ombudsmannen f\u00f6r flyttningsbranschen<\/a>som g\u00f6r det m\u00f6jligt f\u00f6r konsumenter att klaga p\u00e5 d\u00e5liga erfarenheter.<\/p>\n<p><strong>Viktiga fakta om NGRS:<\/strong><\/p>\n<ul>\n<li>  Gillets <em>\"\u00c5rligt certifikat f\u00f6r excellens<\/em> delas ut till de medlemmar som genomg\u00e5ende f\u00e5r utm\u00e4rkta omd\u00f6men i sina enk\u00e4tunders\u00f6kningar.<\/li>\n<li>  NGRS har lanserat ett system som g\u00f6r det m\u00f6jligt f\u00f6r medlemmarna att erbjuda kunderna r\u00e4ntefria krediter som ett s\u00e4tt att betala f\u00f6r en flytt.<\/li>\n<li>  I sina tv\u00e5 senaste unders\u00f6kningar om branschorganisationer (1996 och 2003) har Which? Magazine bed\u00f6mde National Guild Of Removers &amp; Storers som en av de b\u00e4sta branschorganisationerna i Storbritannien n\u00e4r det g\u00e4ller konsumentskydd.<\/li>\n<li>  NGRS betj\u00e4nar endast medlemmar i Storbritannien.<\/li>\n<li>  Uppf\u00f6ljningen av medlemmarnas prestationer sker genom fr\u00e5gekort som \u00f6verl\u00e4mnas till kunden p\u00e5 flyttdagen. Dessa skickas direkt till NGRS, inte till flyttfirman, och \u00e4r utformade f\u00f6r att st\u00e4ndigt och oberoende \u00f6vervaka medlemmarnas serviceniv\u00e5er. Enligt de senast offentliggjorda siffrorna (fram till slutet av april 2016) var \u00f6ver 98% av de inkomna enk\u00e4terna fr\u00e5n n\u00f6jda kunder.<\/li>\n<li>  Medlemmarna m\u00e5ste prenumerera p\u00e5 <a href=\"https:\/\/moverdb.com\/sv\/rios\/\" data-internallinksmanager029f6b8e52c=\"75\" title=\"Ombudsmannen f\u00f6r flyttbranschen (RIOS) f\u00f6rklaras\">Ombudsmannen f\u00f6r flyttningsbranschen<\/a> - Alla beslut som kan bli resultatet av detta \u00e4r bindande f\u00f6r dem.<\/li>\n<\/ul>\n<p><strong>National Guild of Removers and Storers profil:<\/strong><\/p>\n<p>Konsumentskyddet \u00e4r huvudsyftet med NGRS - gillet f\u00f6rs\u00f6ker f\u00f6rb\u00e4ttra kvalitetsstandarderna i branschen, skydda \u00e4godelar under transporten och bidra till att f\u00f6rb\u00e4ttra kundernas upplevelse. Medlemmarna m\u00e5ste genomf\u00f6ra f\u00f6ljande:<\/p>\n<ul>\n<li> Obligatoriskt medlemskap i ombudsmannasystemet f\u00f6r flyttningsbranschen<\/li>\n<li> Obligatoriskt ombudsmannasystem Godk\u00e4nt inspektionsprogram<\/li>\n<li> Godk\u00e4nd uppf\u00f6randekod f\u00f6r ombudsmannens system<\/li>\n<li> Godk\u00e4nt program f\u00f6r kvalitets\u00f6vervakning inom ombudsmannasystemet<\/li>\n<li> Godk\u00e4nt f\u00f6rfarande f\u00f6r klagom\u00e5l fr\u00e5n ombudsmannen<\/li>\n<\/ul>\n<p>Tillsammans \u00e4r de avsedda att fastst\u00e4lla standarder, \u00f6vervaka dem som arbetar inom branschen och ge kunderna en oberoende klagom\u00e5lsprocess att v\u00e4nda sig till om de skulle beh\u00f6va det. <\/p>\n<p>Uppf\u00f6randekoden inneh\u00e5ller en rad best\u00e4mmelser, bland annat att ge tilltr\u00e4de till en inspektion en g\u00e5ng om \u00e5ret, tillhandah\u00e5lla skriftliga kostnadsber\u00e4kningar, hantera klagom\u00e5l snabbt och tillhandah\u00e5lla bevis p\u00e5 relevant f\u00f6rs\u00e4kring.<\/p>\n<p><strong>Kriterier f\u00f6r medlemskap:<\/strong><\/p>\n<p>Inga kriterier f\u00f6r medlemskap anges p\u00e5 webbplatsen. I st\u00e4llet finns det kontaktuppgifter: Telefon: 01494 350 143 E-post: info@ngrs.co.uk.<\/p>\n<p><strong>Exempel p\u00e5 medlemsf\u00f6retag<\/strong><\/p>\n<ul>\n<li> <a href=\"https:\/\/moverdb.com\/sv\/movecorp\/\">Movecorp<\/a><\/li>\n<\/ul>\n<p><strong>\u00c5sikter om NGRS:<\/strong><\/p>\n<p>NGRS finns p\u00e5 flera olika st\u00e4llen <a href=\"https:\/\/moverdb.com\/sv\/internationella-flyttar\/\">Flyttfirmor i Storbritannien<\/a>d\u00e4r det n\u00e4mns i samband med att man fr\u00e4mjar kvalitet och service och ger kunderna sinnesro. <\/p>\n<p>Det p\u00e5pekas att NGRS regelbundet inspekterar sina medlemmar och att det obligatoriska deltagandet i ombudsmannens system f\u00f6r flyttningsombudsmannen \u00e4r n\u00e5got som ger ytterligare ett skydd f\u00f6r kunderna.<\/p>\n<p>Det verkar finnas vissa problem mellan Jane Finch (VD f\u00f6r Professional Movers Association) och NGRS med anledning av anklagelser fr\u00e5n Finch om att NGRS skulle ha en tvist med ett stort antal av sina medlemmar. NGRS har <a href=\"http:\/\/www.tradestorage.co.uk\/setrecord.htm\" target=\"_blank\" rel=\"noopener\">beskrev detta som<\/a> <em>\"propaganda mot gillet\". <\/em><\/p>\n<p>Det finns dock vissa <a href=\"http:\/\/www.swindonadvertiser.co.uk\/news\/11601604.Luckes_Removals_firm_must__cough_up___50_000_for_website_error\/\" target=\"_blank\" rel=\"noopener\">pressmeddelanden<\/a> som tycks visa att flyttfirmor \u00e4r i konflikt med Guild, till exempel f\u00f6r att de har NGRS logotyp p\u00e5 sin webbplats efter att ha l\u00e4mnat branschorganisationen.<\/p>\n<p>Ett klagom\u00e5l till <a href=\"https:\/\/www.ipso.co.uk\/rulings-and-resolution-statements\/\" target=\"_blank\" rel=\"noopener\">Organisationen f\u00f6r oberoende pressstandarder (Independent Press Standards Organisation)<\/a> NGRS:s klagom\u00e5l mot Daily Mirror finns dokumenterat, men det har inte uppr\u00e4tth\u00e5llits. <\/p>\n<blockquote><p>National Guild of Removers and Storers har \u00e5tagit sig att fr\u00e4mja kvalitet och service i en helt oreglerad bransch, vilket inkluderar oberoende inspektion av medlemmarna, medlemskap i ombudsmannaprogrammet f\u00f6r flyttbranschen, en uppf\u00f6randekod f\u00f6r hur medlemmarna hanterar kunderna och kontinuerlig \u00f6vervakning av medlemmarnas prestationer.<\/p><\/blockquote>\n<p>- <a href=\"http:\/\/www.minimoves.co.uk\/\" target=\"_blank\" rel=\"noopener\">MiniMoves<\/a><\/p>\n<p><strong>Webbplats:<\/strong> <a href=\"http:\/\/www.ngrs.co.uk\/\" target=\"_blank\" rel=\"noopener\">http:\/\/www.ngrs.co.uk\/<\/a><\/p>","protected":false},"excerpt":{"rendered":"<p>The National Guild of Removers and Storers (NGRS) has been established to provide some regulation for the moving and storage industry in the UK. It has a Code of Practice and is part of the Removals Industry Ombudsman Scheme, which allows consumers to make complaints about poor experiences. Key facts about NGRS: The Guild&#8217;s &#8216;Annual [&hellip;]<\/p>\n","protected":false},"author":1,"featured_media":0,"parent":0,"menu_order":0,"comment_status":"closed","ping_status":"closed","template":"","meta":{"_genesis_hide_title":false,"_genesis_hide_breadcrumbs":false,"_genesis_hide_singular_image":false,"_genesis_hide_footer_widgets":false,"_genesis_custom_body_class":"","_genesis_custom_post_class":"","_genesis_layout":"","footnotes":""},"class_list":{"0":"post-450","1":"page","2":"type-page","3":"status-publish","5":"entry"},"_links":{"self":[{"href":"https:\/\/moverdb.com\/sv\/wp-json\/wp\/v2\/pages\/450","targetHints":{"allow":["GET"]}}],"collection":[{"href":"https:\/\/moverdb.com\/sv\/wp-json\/wp\/v2\/pages"}],"about":[{"href":"https:\/\/moverdb.com\/sv\/wp-json\/wp\/v2\/types\/page"}],"author":[{"embeddable":true,"href":"https:\/\/moverdb.com\/sv\/wp-json\/wp\/v2\/users\/1"}],"replies":[{"embeddable":true,"href":"https:\/\/moverdb.com\/sv\/wp-json\/wp\/v2\/comments?post=450"}],"version-history":[{"count":9,"href":"https:\/\/moverdb.com\/sv\/wp-json\/wp\/v2\/pages\/450\/revisions"}],"predecessor-version":[{"id":6224,"href":"https:\/\/moverdb.com\/sv\/wp-json\/wp\/v2\/pages\/450\/revisions\/6224"}],"wp:attachment":[{"href":"https:\/\/moverdb.com\/sv\/wp-json\/wp\/v2\/media?parent=450"}],"curies":[{"name":"wp","href":"https:\/\/api.w.org\/{rel}","templated":true}]}}