{"id":449,"date":"2016-07-04T14:35:22","date_gmt":"2016-07-04T14:35:22","guid":{"rendered":"http:\/\/moverdb.com\/?page_id=449"},"modified":"2026-01-08T14:48:17","modified_gmt":"2026-01-08T14:48:17","slug":"eurovan-movers","status":"publish","type":"page","link":"https:\/\/moverdb.com\/sv\/eurovan-movers\/","title":{"rendered":"Eurovan International Movers Network (EM) f\u00f6rklaras"},"content":{"rendered":"<p>Eurovan International Movers Network (EM) \u00e4r ett n\u00e4tverk av oberoende lokala flyttfirmor som \u00e4r baserade i <a href=\"https:\/\/moverdb.com\/sv\/moving-to-germany\/\" data-internallinksmanager029f6b8e52c=\"321\" title=\"Flyttar du till Tyskland? 2026 Levnadskostnader och flyttningstips\">Tyskland<\/a>. N\u00e4tet \u00e4r utformat f\u00f6r att tillgodose behovet av att kunna tillhandah\u00e5lla enhetliga serviceniv\u00e5er f\u00f6r internationella flyttningar som kan g\u00e5 genom flera l\u00e4nder.<\/p>\n<p><strong>Viktiga fakta om Eurovan International Movers Network:<\/strong><\/p>\n<ul>\n<li>  Om en flyttning sker helt och h\u00e5llet inom Europa \u00f6vervakar, samordnar och kontrollerar EM:s huvudkontor alla flyttningar mellan olika l\u00e4nder.<\/li>\n<li>  EM erbjuder en rad olika tj\u00e4nster via sitt n\u00e4tverk, bland annat samordning och drift, lagring och f\u00f6rvaring, packning och uppackning samt ursprungs- och destinationstj\u00e4nster.<\/li>\n<li>  EM har sju v\u00e4rldsomsp\u00e4nnande partner som t\u00e4cker Afrika, Asien, Nordamerika och Sydamerika.<\/li>\n<li>  EM har cirka 35 europeiska partner, varav \u00e5tta i Europa. <a href=\"https:\/\/moverdb.com\/sv\/internationella-flyttar\/\">STORBRITANNIEN<\/a>.<\/li>\n<li>  N\u00e4r EM:s huvudkontor \u00f6vervakar en flytt kan EM p\u00e5 s\u00e5 s\u00e4tt minska antalet tomma k\u00f6rstr\u00e4ckor och hitta s\u00e4tt att spara pengar.<\/li>\n<li>  EM:s r\u00e4ckvidd \u00e4r global.<\/li>\n<\/ul>\n<p><strong>Eurovan Movers profil:<\/strong><\/p>\n<p>EM \u00e4r en organisation som arbetar p\u00e5 grundval av \"partners\" snarare \u00e4n medlemmar. \u00c4ven om det inte finns n\u00e5gra kriterier f\u00f6r medlemskap \u00e4r det tydligt att processen f\u00f6r att bli partner \u00e4r ganska komplicerad och kr\u00e4ver en god \u00f6verensst\u00e4mmelse mellan EM och den potentiella partnern, liksom f\u00f6rm\u00e5gan att bidra med nya id\u00e9er. <\/p>\n<p>De flesta destinationer i b\u00e5de kategorin europeiska partner och v\u00e4rldspartner har endast ett f\u00f6retag i listan - f\u00f6rutom Tyskland, som \u00e4r det enda landet i v\u00e4rlden som har en <a href=\"https:\/\/moverdb.com\/sv\/moving-to-the-uk\/\" data-internallinksmanager029f6b8e52c=\"93\" title=\"Flyttar du till Storbritannien? 2026 Levnadskostnader och flyttningstips\">STORBRITANNIEN<\/a>, <a href=\"https:\/\/moverdb.com\/sv\/moving-to-switzerland\/\" data-internallinksmanager029f6b8e52c=\"327\" title=\"Flyttar du till Schweiz? 2026 Levnadskostnader och flyttningstips\">Schweiz<\/a> och <a href=\"https:\/\/moverdb.com\/sv\/moving-to-italy\/\" data-internallinksmanager029f6b8e52c=\"346\" title=\"Flytta till Italien? 2026 Levnadskostnader &amp; tips om flytt\">Italien<\/a>, som har 4+. <\/p>\n<p>Tanken med EM \u00e4r att erbjuda kunderna en mer sammanh\u00e5llen strategi f\u00f6r en internationell flytt genom att sammanf\u00f6ra oberoende lokala flyttfirmor. EM samordnar sj\u00e4lv processen n\u00e4r flytten sker inom EU. <\/p>\n<p>Det som utm\u00e4rker EM \u00e4r att de har en centraliserad ledning men arbetar med lokala flyttfirmor, vilket g\u00f6r att de beh\u00e5ller lokala kunskaper och kontakter, samtidigt som de kan erbjuda central kontroll.<\/p>\n<p><strong>Kriterier f\u00f6r medlemskap:<\/strong><\/p>\n<p>Inga kriterier f\u00f6r medlemskap anges p\u00e5 webbplatsen - i st\u00e4llet st\u00e5r det s\u00e5 h\u00e4r p\u00e5 webbplatsen:<\/p>\n<blockquote><p>Det kr\u00e4vs mer \u00e4n att ha utf\u00f6rt en eller tv\u00e5 flyttningar f\u00f6r att bli partner.<\/p>\n<p>Om du tror att du kan dra nytta av de synergieffekter som ett n\u00e4tverk kan ge, och om du tror att n\u00e5gra av dina fr\u00e4scha och okonventionella id\u00e9er borde sl\u00e5s samman med erfarenheten fr\u00e5n mer \u00e4n 30 \u00e5rs flyttverksamhet, har du nu hittat r\u00e4tt k\u00e4lla. <\/p>\n<p>Kontakta Tobia Crisostomo om du vill veta mer om nyckelteknologier och andra f\u00f6rdelar som alla Eurovans partner har tillg\u00e5ng till. Han svarar g\u00e4rna p\u00e5 dina fr\u00e5gor om f\u00f6rdelarna med att bli Eurovan-partner och hj\u00e4lper dig att komma ig\u00e5ng med att \u00f6ka synligheten och flexibiliteten i flyttbranschen.<\/p><\/blockquote>\n<p>EUROVAN - N\u00e4tverket f\u00f6r internationella flyttfirmor<br \/>\nTobia Crisostomo<br \/>\nNeckarauer Stra\u00dfe 35\/41<br \/>\nD-68199 Mannheim, Tyskland<br \/>\nTel.: +49(0)621-3 97 40 93<br \/>\nFax: +49(0)621-3 97 40 94<br \/>\nE-post: crisostomo@eurovan.com<\/p>\n<p><strong>Exempel p\u00e5 medlemsf\u00f6retag<\/strong><\/p>\n<ul>\n<li> <a href=\"https:\/\/moverdb.com\/sv\/movecorp\/\">Movecorp<\/a><\/li>\n<\/ul>\n<p><strong>\u00c5sikter om Eurovan International Movers Network<\/strong><\/p>\n<p>Eurovan Movers f\u00f6rekommer inte s\u00e5 ofta p\u00e5 n\u00e4tet - vilket inte \u00e4r f\u00f6rv\u00e5nande med tanke p\u00e5 det begr\u00e4nsade antalet \"partners\" - men det finns <a href=\"http:\/\/www.centralmoves.co.uk\/removal-solutions\/uk-removals\/\" target=\"_blank\" rel=\"noopener\">\u00e4r ett par<\/a> av f\u00f6retag som <a href=\"http:\/\/pegasusmoving.fi\/cr3ativsponsor\/eurovan-the-european-movers-network\" target=\"_blank\" rel=\"noopener\">n\u00e4mna det<\/a>. <\/p>\n<p>Det finns <a href=\"http:\/\/www.complaintsboard.com\/complaints\/eurovan-movers-c292449.html\" target=\"_blank\" rel=\"noopener\">ett antal<\/a> <a href=\"http:\/\/panamainternationalmovers.blogspot.co.uk\" target=\"_blank\" rel=\"noopener\">d\u00e5liga recensioner<\/a> f\u00f6r <a href=\"https:\/\/moverdb.com\/sv\/moving-to-panama\/\" data-internallinksmanager029f6b8e52c=\"432\" title=\"Ska du flytta till Panama? 2026 Levnadskostnader och tips om flytt\">Panama<\/a> gruppens partner - ansvarig f\u00f6r en negativ upplevelse, stulna f\u00f6rem\u00e5l och skadade f\u00f6rem\u00e5l. <\/p>\n<p>Det finns nu ingen partner fr\u00e5n Panama p\u00e5 Eurovan Movers webbplats, s\u00e5 det kan vara s\u00e5 att partnerskapet uppl\u00f6stes efter klagom\u00e5len. <a href=\"https:\/\/moverdb.com\/sv\/organisationer-sammanslutningar\/\">Eurovan \u00e4r upptagen som en av f\u00f6ljande<\/a> av \"de viktigaste internationella organisationerna, f\u00f6reningarna, systemen, gillen, r\u00e5den etc. f\u00f6r flyttning och sj\u00f6fart\" tillsammans med organisationer som t.ex. <a href=\"https:\/\/moverdb.com\/sv\/british-association-of-removers\/\" data-internallinksmanager029f6b8e52c=\"9\" title=\"British Association of Removers (BAR) f\u00f6rklaras\">British Association of Removers (brittisk sammanslutning av flyttfirmor)<\/a>.<\/p>\n<p><strong>Webbplats:<\/strong> <a href=\"http:\/\/www.eurovan.com\/\" target=\"_blank\" rel=\"noopener\">http:\/\/www.eurovan.com\/<\/a><\/p>","protected":false},"excerpt":{"rendered":"<p>Eurovan International Movers Network (EM) is a network of independent local movers based in Germany. The network is designed to respond to the need to be able to provide consistent levels of service for international moves that may cross several countries. Key facts about Eurovan International Movers Network: Where a move is taking place entirely [&hellip;]<\/p>\n","protected":false},"author":1,"featured_media":0,"parent":0,"menu_order":0,"comment_status":"closed","ping_status":"closed","template":"","meta":{"_genesis_hide_title":false,"_genesis_hide_breadcrumbs":false,"_genesis_hide_singular_image":false,"_genesis_hide_footer_widgets":false,"_genesis_custom_body_class":"","_genesis_custom_post_class":"","_genesis_layout":"","footnotes":""},"class_list":{"0":"post-449","1":"page","2":"type-page","3":"status-publish","5":"entry"},"_links":{"self":[{"href":"https:\/\/moverdb.com\/sv\/wp-json\/wp\/v2\/pages\/449","targetHints":{"allow":["GET"]}}],"collection":[{"href":"https:\/\/moverdb.com\/sv\/wp-json\/wp\/v2\/pages"}],"about":[{"href":"https:\/\/moverdb.com\/sv\/wp-json\/wp\/v2\/types\/page"}],"author":[{"embeddable":true,"href":"https:\/\/moverdb.com\/sv\/wp-json\/wp\/v2\/users\/1"}],"replies":[{"embeddable":true,"href":"https:\/\/moverdb.com\/sv\/wp-json\/wp\/v2\/comments?post=449"}],"version-history":[{"count":7,"href":"https:\/\/moverdb.com\/sv\/wp-json\/wp\/v2\/pages\/449\/revisions"}],"predecessor-version":[{"id":6205,"href":"https:\/\/moverdb.com\/sv\/wp-json\/wp\/v2\/pages\/449\/revisions\/6205"}],"wp:attachment":[{"href":"https:\/\/moverdb.com\/sv\/wp-json\/wp\/v2\/media?parent=449"}],"curies":[{"name":"wp","href":"https:\/\/api.w.org\/{rel}","templated":true}]}}