{"id":448,"date":"2016-07-04T14:52:09","date_gmt":"2016-07-04T14:52:09","guid":{"rendered":"http:\/\/moverdb.com\/?page_id=448"},"modified":"2026-01-08T13:18:20","modified_gmt":"2026-01-08T13:18:20","slug":"frakt-transport-sammanslutning","status":"publish","type":"page","link":"https:\/\/moverdb.com\/sv\/freight-transport-association\/","title":{"rendered":"F\u00f6rklaring av Freight Transport Association (FTA)"},"content":{"rendered":"<p>Freight Transport Association (FTA) bildades f\u00f6r att f\u00f6retr\u00e4da intressena hos <a href=\"https:\/\/moverdb.com\/sv\/rederier\/\">logistikf\u00f6retag<\/a>oavsett om de transporterar varor till sj\u00f6ss, i luften, p\u00e5 v\u00e4g eller p\u00e5 j\u00e4rnv\u00e4g. Den har varit inblandad i uppm\u00e4rksammade kampanjer om fr\u00e5gor som br\u00e4nsleskatt och licensering.<\/p>\n<p><strong>Viktiga fakta om frihandelsavtalet:<\/strong><\/p>\n<ul>\n<li>  FTA:s r\u00f6tter g\u00e5r tillbaka till 1889.<\/li>\n<li>  FTA:s medlemmar driver mer \u00e4n 200 000 lastbilar - n\u00e4stan h\u00e4lften av alla lastbilar. <a href=\"https:\/\/moverdb.com\/sv\/moving-to-the-uk\/\" data-internallinksmanager029f6b8e52c=\"93\" title=\"Flyttar du till Storbritannien? 2026 Levnadskostnader och flyttningstips\">STORBRITANNIEN<\/a> flotta.<\/li>\n<li>  Medlemmarna levererar mer \u00e4n 90% gods som transporteras p\u00e5 j\u00e4rnv\u00e4g.<\/li>\n<li>  FTA-medlemmarna st\u00e5r f\u00f6r 70% av Storbritanniens synliga export till sj\u00f6ss och i luften.<\/li>\n<li>  FTA har \u00f6ver 15 000 medlemmar och \u00e4r Storbritanniens st\u00f6rsta branschorganisation f\u00f6r godstransporter.<\/li>\n<li>  FTA:s 360 anst\u00e4llda hanterar \u00f6ver 50 000 fr\u00e5gor fr\u00e5n medlemmarna varje \u00e5r.<\/li>\n<li>  FTA:s medlemskap \u00e4r begr\u00e4nsat till <a href=\"https:\/\/moverdb.com\/sv\/internationella-flyttar\/\">F\u00f6retag i Storbritannien<\/a>.<\/li>\n<\/ul>\n<p><strong>Freight Transport Association Profile:<\/strong><\/p>\n<p>FTA definierar sitt uppdrag som \"s\u00e4ker, h\u00e5llbar och effektiv logistik\". FTA har ett antal olika roller, bland annat att f\u00f6retr\u00e4da medlemmarna p\u00e5 lokal, nationell och europeisk niv\u00e5 och att bedriva kampanjer f\u00f6r att \u00f6ka medvetenheten om logistikbranschen. <\/p>\n<p>FTA ser ocks\u00e5 till att medlemmarna h\u00e5ller sig uppdaterade om de senaste kraven p\u00e5 efterlevnad f\u00f6r sina f\u00f6retag och tillhandah\u00e5ller ett brett urval av utbildningsprogram som \u00e4r utformade f\u00f6r att bidra till att h\u00f6ja standarden och f\u00f6rb\u00e4ttra arbetsvillkoren. <\/p>\n<p>Dessutom \u00e4r FTA en k\u00e4lla till information om den sektor som den representerar och producerar rapporter om \u00e4mnen som hur logistikbranschen fungerar och vilka utmaningar den st\u00e5r inf\u00f6r. <\/p>\n<p>Medlemsf\u00f6rm\u00e5nerna omfattar information och v\u00e4gledningar om efterlevnad, en tj\u00e4nst f\u00f6r att h\u00e4mta fordon som betalas n\u00e4r du g\u00e5r och en leverant\u00f6rskatalog p\u00e5 n\u00e4tet.<\/p>\n<p>Medlemskapskategorierna omfattar:<\/p>\n<ul>\n<li> Medlemskap f\u00f6r fordonsoperat\u00f6rer<\/li>\n<li> Medlemskap f\u00f6r icke-f\u00f6rare av fordon<\/li>\n<li> Medlemskap f\u00f6r passagerare<\/li>\n<li> Lokala myndigheters medlemskap<\/li>\n<li> Myndighetens sammans\u00e4ttning<\/li>\n<li> Medlemskap i en filial<\/li>\n<\/ul>\n<p><strong>Kriterier f\u00f6r medlemskap:<\/strong><\/p>\n<p>FTA erbjuder de olika typer av medlemskap som anges nedan. Det finns inga kriterier f\u00f6r vem som kan bli medlem, men f\u00f6retagen m\u00e5ste omfattas av definitionen av n\u00e5gon av nedanst\u00e5ende verksamheter och godk\u00e4nna villkoren i stadgarna f\u00f6r Freight Transport Association Ltd. <\/p>\n<p>F\u00f6r varje medlemskategori kr\u00e4vs ytterligare information f\u00f6r att st\u00f6dja ans\u00f6kan, enligt nedan.<\/p>\n<ul>\n<li> Medlemskap som fordonsoperat\u00f6r - antal fordon som anv\u00e4nds och verksamhetens art.<\/li>\n<li> Medlemskap f\u00f6r icke-vagnf\u00f6rare - verksamhetens art.<\/li>\n<li> Passagerarmedlemmar - \u00e5rlig oms\u00e4ttning, verksamhetens art, antal fordon som anv\u00e4nds.<\/li>\n<li> Lokala myndigheters medlemskap - antal fordon som anv\u00e4nds och befolkning i den region som betj\u00e4nas av den lokala myndigheten.<\/li>\n<li> Medlemskap i den lagstadgade myndigheten - antal fordon som anv\u00e4nds och befolkning i den region som myndigheten betj\u00e4nar.<\/li>\n<li> Branchmedlemskap - antal fordon som anv\u00e4nds, verksamhetens art.<\/li>\n<\/ul>\n<p><strong>Exempel p\u00e5 medlemsf\u00f6retag<\/strong><\/p>\n<ul>\n<li> <a href=\"https:\/\/moverdb.com\/sv\/shore-porters-society\/\">Shore Porters Society<\/a><\/li>\n<li> <a href=\"https:\/\/moverdb.com\/sv\/movecorp\/\">Movecorp<\/a><\/li>\n<\/ul>\n<p><strong>\u00c5sikter om frihandelsavtalet:<\/strong><\/p>\n<p>FTA har st\u00f6d av stora namn fr\u00e5n branschen - t.ex. PWC som ger sitt namn till den \u00e5rliga <a href=\"http:\/\/www.pwc.co.uk\/industries\/transport-logistics\/fta-logistics-report-2014.html\" target=\"_blank\" rel=\"noopener\">Logistikrapporten fr\u00e5n Freight Transport Association<\/a> och beskriver FTA som \"en av Storbritanniens st\u00f6rsta handelsorganisationer\".<\/p>\n<p>FTA n\u00e4mns som en partner till <a href=\"http:\/\/www.csrf.ac.uk\/partner\/freight-transport-association\/\" target=\"_blank\" rel=\"noopener\">Centrum f\u00f6r h\u00e5llbar godstransport p\u00e5 v\u00e4g<\/a> och samarbeten uppst\u00e5r i relaterade fr\u00e5gor, t.ex. utveckling av en partiell <a href=\"http:\/\/www.osapartnershipgroup.co.uk\/campaign2-fta.html\" target=\"_blank\" rel=\"noopener\">Intyg om yrkeskompetens<\/a> med Obstructive Sleep Apnoeia Group. FTA n\u00e4mns p\u00e5 f\u00f6ljande sidor <a href=\"http:\/\/www.lombard.co.uk\/our-expertise\/commercial-transportation\/industry-associations\/fta\" target=\"_blank\" rel=\"noopener\">webbplatser f\u00f6r ett antal<\/a> och citeras ofta n\u00e4r det g\u00e4ller fr\u00e5gor som r\u00f6r logistikbranschen.<\/p>\n<p><strong>Webbplats:<\/strong> <a href=\"http:\/\/www.fta.co.uk\/\" target=\"_blank\" rel=\"noopener\">http:\/\/www.fta.co.uk\/<\/a><\/p>\n<p><strong>F\u00f6r mer information om sj\u00f6farten, se:<\/strong> <a href=\"https:\/\/moverdb.com\/sv\/container-transport\/\">Priser och kostnader f\u00f6r internationell containerfrakt 2018<\/a> och <a href=\"https:\/\/moverdb.com\/sv\/speditor\/\">Guide f\u00f6r internationella kostnader och f\u00f6retag f\u00f6r spedit\u00f6rer och NVOCC<\/a><\/p>","protected":false},"excerpt":{"rendered":"<p>The Freight Transport Association (FTA) was set up to represent the interests of logistics companies, whether they are moving goods by sea, air, road or rail. It has been involved in high profile campaigns on issues such as fuel duty and licensing. Key facts about the FTA: The FTA can trace its roots back to [&hellip;]<\/p>\n","protected":false},"author":1,"featured_media":0,"parent":0,"menu_order":0,"comment_status":"closed","ping_status":"closed","template":"","meta":{"_genesis_hide_title":false,"_genesis_hide_breadcrumbs":false,"_genesis_hide_singular_image":false,"_genesis_hide_footer_widgets":false,"_genesis_custom_body_class":"","_genesis_custom_post_class":"","_genesis_layout":"","footnotes":""},"class_list":{"0":"post-448","1":"page","2":"type-page","3":"status-publish","5":"entry"},"_links":{"self":[{"href":"https:\/\/moverdb.com\/sv\/wp-json\/wp\/v2\/pages\/448","targetHints":{"allow":["GET"]}}],"collection":[{"href":"https:\/\/moverdb.com\/sv\/wp-json\/wp\/v2\/pages"}],"about":[{"href":"https:\/\/moverdb.com\/sv\/wp-json\/wp\/v2\/types\/page"}],"author":[{"embeddable":true,"href":"https:\/\/moverdb.com\/sv\/wp-json\/wp\/v2\/users\/1"}],"replies":[{"embeddable":true,"href":"https:\/\/moverdb.com\/sv\/wp-json\/wp\/v2\/comments?post=448"}],"version-history":[{"count":11,"href":"https:\/\/moverdb.com\/sv\/wp-json\/wp\/v2\/pages\/448\/revisions"}],"predecessor-version":[{"id":6213,"href":"https:\/\/moverdb.com\/sv\/wp-json\/wp\/v2\/pages\/448\/revisions\/6213"}],"wp:attachment":[{"href":"https:\/\/moverdb.com\/sv\/wp-json\/wp\/v2\/media?parent=448"}],"curies":[{"name":"wp","href":"https:\/\/api.w.org\/{rel}","templated":true}]}}