{"id":447,"date":"2016-07-05T14:22:52","date_gmt":"2016-07-05T14:22:52","guid":{"rendered":"http:\/\/moverdb.com\/?page_id=447"},"modified":"2026-01-08T14:48:21","modified_gmt":"2026-01-08T14:48:21","slug":"fedemac","status":"publish","type":"page","link":"https:\/\/moverdb.com\/sv\/fedemac\/","title":{"rendered":"Federation of European Movers Association (FEDEMAC) f\u00f6rklaras"},"content":{"rendered":"<p>Federation of European Movers Association (FEDEMAC) \u00e4r ett europeiskt organ som har inr\u00e4ttats f\u00f6r att fr\u00e4mja flyttbranschen p\u00e5 europeisk niv\u00e5. Dess medlemmar best\u00e5r huvudsakligen av nationella flyttf\u00f6reningar.<\/p>\n<p><strong>Viktiga fakta om FEDEMAC<\/strong><\/p>\n<ul>\n<li>  FEDEMAC best\u00e5r av nationella flyttf\u00f6reningar i Europa.<\/li>\n<li>  FEDEMAC f\u00f6retr\u00e4der intressena f\u00f6r cirka 3 000 yrkesverksamma <a href=\"https:\/\/moverdb.com\/sv\/moving-companies\/\" data-internallinksmanager029f6b8e52c=\"79\" title=\"Topp 25 internationella flyttfirmor p\u00e5 n\u00e4tet\">flyttfirmor<\/a>.<\/li>\n<li>  Medlemmarna finns i 26 europeiska l\u00e4nder, varav 24 \u00e4r EU-medlemsl\u00e4nder. <a href=\"https:\/\/moverdb.com\/sv\/moving-to-switzerland\/\" data-internallinksmanager029f6b8e52c=\"327\" title=\"Flyttar du till Schweiz? 2026 Levnadskostnader och flyttningstips\">Schweiz<\/a> och <a href=\"https:\/\/moverdb.com\/sv\/moving-to-norway\/\" data-internallinksmanager029f6b8e52c=\"325\" title=\"Flyttar du till Norge? 2026 Levnadskostnader och flyttningstips\">Norge<\/a> \u00e4r ocks\u00e5 f\u00f6retr\u00e4dda av FEDEMAC.<\/li>\n<li>  FEDEMAC f\u00f6rvaltas av en generalf\u00f6rsamling som sammantr\u00e4der en g\u00e5ng om \u00e5ret och best\u00e5r av f\u00f6retr\u00e4dare f\u00f6r FEDEMAC:s medlemmar (medlemsf\u00f6reningar och direktanslutna medlemsf\u00f6retag).<\/li>\n<li>  En stor del av FEDEMAC:s arbete g\u00e5r ut p\u00e5 att fr\u00e4mja medlemmarnas intressen i Europaparlamentet och kommissionen.<\/li>\n<\/ul>\n<p><strong>Federation of European Movers Association profil:<\/strong><\/p>\n<p>FEDEMAC:s syfte \u00e4r att representera flyttbranschen i Europa, dess intressen, behov och syfte. Den har ocks\u00e5 utformats f\u00f6r att hj\u00e4lpa till att samordna medlemmarnas verksamhet f\u00f6r att skapa st\u00f6rsta m\u00f6jliga effekt i Europa. <\/p>\n<p>En stor del av arbetet handlar om att framf\u00f6ra medlemmarnas intressen till EU-parlamentet och kommissionen, samt att uppr\u00e4tth\u00e5lla kontakter mellan nationella flyttf\u00f6reningar och andra branschorganisationer. <\/p>\n<p>FEDEMAC:s medlemmar \u00e4r huvudsakligen nationella flyttf\u00f6reningar (t.ex. <a href=\"https:\/\/moverdb.com\/sv\/internationella-flyttar\/\" target=\"_blank\" rel=\"noopener\">i Storbritannien<\/a>, medlemmen \u00e4r den <a href=\"https:\/\/moverdb.com\/sv\/british-association-of-removers\/\" target=\"_blank\" rel=\"noopener\">British Association of Removers (brittisk sammanslutning av flyttfirmor)<\/a>), men det \u00e4r ocks\u00e5 m\u00f6jligt f\u00f6r enskilda kvalificerade flyttf\u00f6retag att bli direktanslutna till FEDEMAC n\u00e4r det inte finns n\u00e5gon f\u00f6rening eller n\u00e4r en f\u00f6rening finns men inte \u00e4r intresserad av FEDEMAC-medlemskap. <\/p>\n<p>En del av FEDEMAC:s roll \u00e4r att h\u00e5lla medlemmarna uppdaterade om EU-politiken och erbjuder en rad resurser via sin webbplats f\u00f6r att g\u00f6ra detta, liksom ett antal publikationer f\u00f6r medlemmarna, en katalog och en \u00e5rlig konferens.<\/p>\n<p><strong>Kriterier f\u00f6r medlemskap:<\/strong><\/p>\n<p>Medlemskap sker via en nationell f\u00f6rening - de som \u00e4r medlemmar i <a href=\"https:\/\/moverdb.com\/sv\/moving-to-the-uk\/\" data-internallinksmanager029f6b8e52c=\"93\" title=\"Flyttar du till Storbritannien? 2026 Levnadskostnader och flyttningstips\">STORBRITANNIEN<\/a> som vill vara en del av FEDEMAC m\u00e5ste g\u00e5 med i British Association of Movers.<br \/>\nI de flesta l\u00e4nder sker medlemskap genom en nationell flyttf\u00f6rening.<\/p>\n<p><strong>Exempel p\u00e5 medlemsf\u00f6retag<\/strong><\/p>\n<ul>\n<li> <a href=\"https:\/\/moverdb.com\/sv\/matthew-james\/\">Matthew James globala omlokaliseringar<\/a><\/li>\n<li> <a href=\"https:\/\/moverdb.com\/sv\/movecorp\/\">Movecorp<\/a><\/li>\n<li> <a href=\"https:\/\/moverdb.com\/sv\/pearson\/\">Pearson Home Moving<\/a><\/li>\n<li> <a href=\"https:\/\/moverdb.com\/sv\/simpsons-removals\/\">Simpsons flyttar och lagring<\/a><\/li>\n<li> <a href=\"https:\/\/moverdb.com\/sv\/abels-removals\/\">Abels flyttj\u00e4nster<\/a><\/li>\n<li> <a href=\"https:\/\/moverdb.com\/sv\/eagle-relocations\/\">Flyttningar i Eagle<\/a><\/li>\n<li> <a href=\"https:\/\/moverdb.com\/sv\/btr-international\/\">BTR International<\/a><\/li>\n<li> <a href=\"https:\/\/moverdb.com\/sv\/fn-removals\/\">F&amp;N Worldwide Removals<\/a><\/li>\n<li> <a href=\"https:\/\/moverdb.com\/sv\/bolliger\/\">Bolliger<\/a><\/li>\n<li> <a href=\"https:\/\/moverdb.com\/sv\/gil-stauffer\/\">Gil Stauffer<\/a><\/li>\n<li> <a href=\"https:\/\/moverdb.com\/sv\/teletrans\/\">Teletrans<\/a><\/li>\n<\/ul>\n<p><strong>\u00c5sikter om FEDEMAC<\/strong><\/p>\n<p>FEDEMAC \u00e4r uppenbarligen mycket uppskattad av de som <a href=\"http:\/\/www.abels.co.uk\/articles\/fedemac-federation-of-european-movers-associations-what-does-this-mean\/\" target=\"_blank\" rel=\"noopener\">som n\u00e4mner det<\/a> och anses spela en viktig roll som f\u00f6retr\u00e4dare f\u00f6r de europeiska motion\u00e4rernas intressen. Vissa flyttfirmor anger att de \u00e4r enskilda medlemmar, snarare \u00e4n medlemmar via British Association of Movers. Andra anger att de \u00e4r ackrediterade av FEDEMAC, vilket \u00e4r n\u00e5got som organisationen inte g\u00f6r.<\/p>\n<p><strong>Webbplats:<\/strong> <a href=\"https:\/\/www.fedemac.eu\" target=\"_blank\" rel=\"noopener\">https:\/\/www.fedemac.eu<\/a><\/p>","protected":false},"excerpt":{"rendered":"<p>The Federation of European Movers Association (FEDEMAC) is a European body that has been established to promote the moving industry on a European level. Its membership is predominantly made up of national moving associations. Key facts about FEDEMAC FEDEMAC membership is made up of National Moving Associations located in Europe. FEDEMAC represents the interests of [&hellip;]<\/p>\n","protected":false},"author":1,"featured_media":0,"parent":0,"menu_order":0,"comment_status":"closed","ping_status":"closed","template":"","meta":{"_genesis_hide_title":false,"_genesis_hide_breadcrumbs":false,"_genesis_hide_singular_image":false,"_genesis_hide_footer_widgets":false,"_genesis_custom_body_class":"","_genesis_custom_post_class":"","_genesis_layout":"","footnotes":""},"class_list":{"0":"post-447","1":"page","2":"type-page","3":"status-publish","5":"entry"},"_links":{"self":[{"href":"https:\/\/moverdb.com\/sv\/wp-json\/wp\/v2\/pages\/447","targetHints":{"allow":["GET"]}}],"collection":[{"href":"https:\/\/moverdb.com\/sv\/wp-json\/wp\/v2\/pages"}],"about":[{"href":"https:\/\/moverdb.com\/sv\/wp-json\/wp\/v2\/types\/page"}],"author":[{"embeddable":true,"href":"https:\/\/moverdb.com\/sv\/wp-json\/wp\/v2\/users\/1"}],"replies":[{"embeddable":true,"href":"https:\/\/moverdb.com\/sv\/wp-json\/wp\/v2\/comments?post=447"}],"version-history":[{"count":21,"href":"https:\/\/moverdb.com\/sv\/wp-json\/wp\/v2\/pages\/447\/revisions"}],"predecessor-version":[{"id":6209,"href":"https:\/\/moverdb.com\/sv\/wp-json\/wp\/v2\/pages\/447\/revisions\/6209"}],"wp:attachment":[{"href":"https:\/\/moverdb.com\/sv\/wp-json\/wp\/v2\/media?parent=447"}],"curies":[{"name":"wp","href":"https:\/\/api.w.org\/{rel}","templated":true}]}}