{"id":445,"date":"2016-06-21T20:35:30","date_gmt":"2016-06-21T20:35:30","guid":{"rendered":"http:\/\/moverdb.com\/?page_id=445"},"modified":"2026-01-08T14:47:36","modified_gmt":"2026-01-08T14:47:36","slug":"forening-for-yrkesverksamma-flyttare","status":"publish","type":"page","link":"https:\/\/moverdb.com\/sv\/association-relocation-professionals\/","title":{"rendered":"F\u00f6rklaring av Association of Relocation Professionals (ARP)"},"content":{"rendered":"<p>Association of Relocation Professionals (ARP) \u00e4r ett yrkesorgan f\u00f6r flyttningsbranschen i <a href=\"https:\/\/moverdb.com\/sv\/moving-to-the-uk\/\" data-internallinksmanager029f6b8e52c=\"93\" title=\"Flyttar du till Storbritannien? 2026 Levnadskostnader och flyttningstips\">STORBRITANNIEN<\/a>. Dess uppdrag \u00e4r inte bara att representera sina medlemmar utan ocks\u00e5 att hj\u00e4lpa dem att marknadsf\u00f6ra sig sj\u00e4lva och v\u00e4xa.<\/p>\n<p><strong>Viktiga fakta om ARP:<\/strong><\/p>\n<ul>\n<li>  ARP \u00e4r en organisation som f\u00f6retr\u00e4der yrkesverksamma inom omlokalisering i Storbritannien.<\/li>\n<li>  Association of Relocation Professionals bildades 1986.<\/li>\n<li>  ARP:s medlemmar har en fullst\u00e4ndig f\u00f6rs\u00e4kring f\u00f6r yrkesm\u00e4ssigt skadest\u00e5nd, offentligt ansvar och arbetsgivaransvar f\u00f6r att skydda kunder och leverant\u00f6rer.<\/li>\n<li>  ARP har en upps\u00e4ttning uppf\u00f6randeregler som medlemmarna m\u00e5ste f\u00f6lja, som bland annat omfattar regler f\u00f6r hur klienternas pengar hanteras och hur man undviker att ge felaktiga uppgifter.<\/li>\n<li>  Alla medlemmar som erbjuder flyttj\u00e4nster m\u00e5ste visa att de har anslutit sig till ett system f\u00f6r ers\u00e4ttning av skadest\u00e5nd f\u00f6r fastigheter och att de har undertecknat HMRC:s register f\u00f6r bek\u00e4mpning av penningtv\u00e4tt om de \u00e4r involverade i k\u00f6p av fastigheter.<\/li>\n<li>  ARP \u00e4r en av grundarna och sponsrar European Academy of Relocation Professionals (EARP), den f\u00f6rsta organisationen som erbjuder europeiska utbildningskvalifikationer inom relocation.<\/li>\n<\/ul>\n<p><strong>Profil f\u00f6r Association of Relocation Professionals:<\/strong><\/p>\n<p>ARP beskrivs som det professionella organet f\u00f6r flyttf\u00f6retag i Storbritannien och representerar en rad medlemmar, fr\u00e5n specialister p\u00e5 f\u00f6retagsflyttning till fastighetsf\u00f6rmedlare och andra som tillhandah\u00e5ller specialiserade flyttj\u00e4nster. <\/p>\n<p>ARP tillhandah\u00e5ller ackrediterad utbildning f\u00f6r sina medlemmar - som en del av European Academy of Relocation Professionals (EARP) erbjuder ARP kvalifikationen Managing International Mobility (MIM) och European Relocation Qualification (ERQ). <\/p>\n<p>ARP producerar en medlemsf\u00f6rteckning som skickas till 6 000 HR-chefer, direkt\u00f6rer och HRO:s i hela Storbritannien, f\u00f6r att hj\u00e4lpa till att marknadsf\u00f6ra medlemmarna och hj\u00e4lpa dem att marknadsf\u00f6ra sig sj\u00e4lva b\u00e4ttre. <\/p>\n<p>ARP \u00e4r utformad som ett \u00e5tagande f\u00f6r b\u00e4sta praxis, kundtillfredsst\u00e4llelse och professionalism och som ett forum f\u00f6r utbyte av id\u00e9er f\u00f6r att hj\u00e4lpa till att h\u00e5lla branschen i r\u00f6relse.<\/p>\n<p><strong>Kriterier f\u00f6r medlemskap:<\/strong><\/p>\n<p><u>Associerat medlemskap<\/u><\/p>\n<p>Associerat medlemskap i ARP g\u00e4ller f\u00f6r dem som inte uppfyller kraven f\u00f6r fullv\u00e4rdigt medlemskap och \u00e4r \u00f6ppet f\u00f6r f\u00f6retag vars aff\u00e4rsverksamhet \u00e4r relaterad till och vars inkomster h\u00e4rr\u00f6r fr\u00e5n privatpersoner eller juridiska personer f\u00f6r tillhandah\u00e5llande av flyttningsrelaterade tj\u00e4nster.<\/p>\n<p>A <a href=\"https:\/\/moverdb.com\/sv\/flyttfirmor\/\">flyttf\u00f6retag<\/a> anses vara varje organisation som erbjuder en rad tj\u00e4nster som syftar till att underl\u00e4tta r\u00f6rligheten f\u00f6r enskilda personer, eller grupper av enskilda personer och deras familjer.<\/p>\n<p>S\u00e5dana tj\u00e4nster kan tillhandah\u00e5llas i avg\u00e5ngs- eller destinationsomr\u00e5det eller i b\u00e5da omr\u00e5dena. Associate Membership of ARP \u00e4r t\u00e4nkt som en spr\u00e5ngbr\u00e4da till fullv\u00e4rdigt medlemskap och du kommer att f\u00e5 all hj\u00e4lp att uppn\u00e5 detta.<\/p>\n<p><u>Medlemskap som affilierad medlem<\/u><\/p>\n<p>F\u00f6r f\u00f6retag som tillhandah\u00e5ller tj\u00e4nster som anv\u00e4nds av flyttpersonal, men vars prim\u00e4ra verksamhet har en bredare kundbas.<\/p>\n<p><u>Fullv\u00e4rdigt medlemskap<\/u><\/p>\n<p>F\u00f6r f\u00f6retag som har varit verksamma i mer \u00e4n tv\u00e5 \u00e5r.<\/p>\n<p>Associerade medlemmar m\u00e5ste l\u00e4mna in referenser som sedan kontrolleras och \u00f6verl\u00e4mnas till ARP:s medlemskommitt\u00e9 f\u00f6r slutlig granskning. Associerade medlemmar m\u00e5ste genomg\u00e5 utbildning p\u00e5 niv\u00e5 ett i EARP:s kursplan innan de kan ans\u00f6ka om fullv\u00e4rdigt medlemskap.<\/p>\n<p>Fullv\u00e4rdiga medlemmar m\u00e5ste ha varit verksamma i mer \u00e4n tv\u00e5 \u00e5r och l\u00e4mna in en ans\u00f6kan med referenser fr\u00e5n tre kunder.<\/p>\n<p><strong>Exempel p\u00e5 medlemsf\u00f6retag<\/strong><\/p>\n<ul>\n<li> <a href=\"https:\/\/moverdb.com\/sv\/sterling-relocation\/\">Sterling flyttning<\/a><\/li>\n<li> <a href=\"https:\/\/moverdb.com\/sv\/dt-rorlig\/\">DT Moving<\/a><\/li>\n<li> <a href=\"https:\/\/moverdb.com\/sv\/btr-international\/\">BTR International<\/a><\/li>\n<\/ul>\n<p><strong>\u00c5sikter om ARP:<\/strong><\/p>\n<p>ARP finns med p\u00e5 m\u00e5nga brittiska webbplatser och beskrivs som det professionella organet f\u00f6r utl\u00e4ndska flyttfirmor i Storbritannien. <\/p>\n<p>Att vara medlem i ARP uppfattas som ett bevis p\u00e5 att ett flyttf\u00f6retag uppfyller och \u00f6vertr\u00e4ffar erk\u00e4nda branschstandarder. Enligt <a href=\"http:\/\/www.bloomberg.com\/profiles\/companies\/1519530Z:LN-association-of-relocation-professionals\/\" target=\"_blank\" rel=\"noopener\">Bloomberg<\/a> ARP:s huvudsakliga verksamhet. <em>\"\u00e4r att fr\u00e4mja och skydda flyttningsagenters verksamhet och yrke.\"<\/em> Ett antal av dem som citerar ARP p\u00e5 sina webbplatser p\u00e5pekar att ARP s\u00e4tter standarder f\u00f6r branschen n\u00e4r det g\u00e4ller b\u00e4sta praxis, kundservice och professionalism.<\/p>\n<blockquote><p>Genom att uppmuntra b\u00e4sta praxis inom branschen och h\u00e5lla medlemmarna uppdaterade om de senaste lag\u00e4ndringarna, fr\u00e5n penningtv\u00e4tt till flerfamiljshus, \u00e4r v\u00e5rt medlemskap ett \u00e5tagande till dig att vi ligger i framkant, och har gjort det i \u00f6ver 25 \u00e5r, inom flyttbranschen.<\/p><\/blockquote>\n<p>- <a href=\"http:\/\/scottsrelocation.co.uk\/association-of-relocation-professionals\" target=\"_blank\" rel=\"noopener\">Scotts flyttning<\/a><\/p>\n<blockquote><p>Som medlem i Association of Relocation Professionals (ARP) kan Source-kunder vara s\u00e4kra p\u00e5 att de tj\u00e4nster som tillhandah\u00e5lls uppfyller och \u00f6vertr\u00e4ffar erk\u00e4nda branschstandarder.<\/p><\/blockquote>\n<p>-  <a href=\"http:\/\/www.source-relocation.co.uk\/index.aspx\" target=\"_blank\" rel=\"noopener\">Flyttning av k\u00e4llan<\/a><\/p>\n<blockquote><p>R\u00e5det best\u00e5r av representanter fr\u00e5n alla sektorer inom branschen och styr f\u00f6reningens arbete fr\u00e5n grunden och ser till att f\u00f6reningen f\u00f6rblir i fokus f\u00f6r f\u00f6r\u00e4ndringar inom flyttning.<\/p>\n<p>ARP:s medlemmar har en fullst\u00e4ndig f\u00f6rs\u00e4kring f\u00f6r yrkesm\u00e4ssigt skadest\u00e5nd, offentligt ansvar och arbetsgivaransvar f\u00f6r att skydda kunder och leverant\u00f6rer.<\/p>\n<p>Medlemskap i ARP \u00e4r ett bevis p\u00e5 att du \u00e4r engagerad i b\u00e4sta praxis, kundn\u00f6jdhet och professionalism.<\/p><\/blockquote>\n<p>- <a href=\"http:\/\/www.relocatecambridge.co.uk\/index.php\/arp\/\" target=\"_blank\" rel=\"noopener\">Flytta Cambridge<\/a><\/p>\n<p><strong>Webbplats:<\/strong> <a href=\"http:\/\/www.arp-relocation.com\/\" target=\"_blank\" rel=\"noopener\">http:\/\/www.arp-relocation.com\/<\/a><\/p>","protected":false},"excerpt":{"rendered":"<p>The Association of Relocation Professionals (ARP) is a professional body for the relocation industry in the UK. Its mission is not just to represent its members but to help them market themselves and grow too. Key facts about the ARP: The ARP is the body for relocation professionals in the UK. The Association of Relocation [&hellip;]<\/p>\n","protected":false},"author":1,"featured_media":0,"parent":0,"menu_order":0,"comment_status":"closed","ping_status":"closed","template":"","meta":{"_genesis_hide_title":false,"_genesis_hide_breadcrumbs":false,"_genesis_hide_singular_image":false,"_genesis_hide_footer_widgets":false,"_genesis_custom_body_class":"","_genesis_custom_post_class":"","_genesis_layout":"","footnotes":""},"class_list":{"0":"post-445","1":"page","2":"type-page","3":"status-publish","5":"entry"},"_links":{"self":[{"href":"https:\/\/moverdb.com\/sv\/wp-json\/wp\/v2\/pages\/445","targetHints":{"allow":["GET"]}}],"collection":[{"href":"https:\/\/moverdb.com\/sv\/wp-json\/wp\/v2\/pages"}],"about":[{"href":"https:\/\/moverdb.com\/sv\/wp-json\/wp\/v2\/types\/page"}],"author":[{"embeddable":true,"href":"https:\/\/moverdb.com\/sv\/wp-json\/wp\/v2\/users\/1"}],"replies":[{"embeddable":true,"href":"https:\/\/moverdb.com\/sv\/wp-json\/wp\/v2\/comments?post=445"}],"version-history":[{"count":7,"href":"https:\/\/moverdb.com\/sv\/wp-json\/wp\/v2\/pages\/445\/revisions"}],"predecessor-version":[{"id":6177,"href":"https:\/\/moverdb.com\/sv\/wp-json\/wp\/v2\/pages\/445\/revisions\/6177"}],"wp:attachment":[{"href":"https:\/\/moverdb.com\/sv\/wp-json\/wp\/v2\/media?parent=445"}],"curies":[{"name":"wp","href":"https:\/\/api.w.org\/{rel}","templated":true}]}}