{"id":444,"date":"2016-06-18T20:35:52","date_gmt":"2016-06-18T20:35:52","guid":{"rendered":"http:\/\/moverdb.com\/?page_id=444"},"modified":"2026-01-08T14:48:15","modified_gmt":"2026-01-08T14:48:15","slug":"eura","status":"publish","type":"page","link":"https:\/\/moverdb.com\/sv\/eura\/","title":{"rendered":"European Relocation Association (EuRA) f\u00f6rklaras"},"content":{"rendered":"<p>European Relocation Association (EuRA) fr\u00e4mjar f\u00f6rdelarna med professionellt hanterade flytt- och mobilitetstj\u00e4nster f\u00f6r f\u00f6retag med globalt r\u00f6rliga anst\u00e4llda. Dess m\u00e5l \u00e4r bland annat att etablera sig som den fr\u00e4msta organisationen f\u00f6r omlokalisering i Europa och att fastst\u00e4lla riktm\u00e4rken f\u00f6r innovation och b\u00e4sta praxis.<\/p>\n<p><strong>Viktiga fakta om EuRA:<\/strong><\/p>\n<ol>\n<li>  EuRA:s medlemmar \u00e4r leverant\u00f6rer av flyttj\u00e4nster och leverant\u00f6rer som erbjuder n\u00e4rst\u00e5ende tj\u00e4nster som m\u00f6beluthyrning och frakt av hush\u00e5llsvaror.<\/li>\n<li>  EuRA Global Quality Seal \u00e4r v\u00e4rldens f\u00f6rsta ackrediteringsprogram f\u00f6r flyttningsleverant\u00f6rer.<\/li>\n<li>  EuRA bildades 1998.<\/li>\n<li>  EuRA:s syfte \u00e4r fr\u00e4mst utbildningsm\u00e4ssigt - att f\u00f6rse b\u00e5de EuRA:s medlemmar och allm\u00e4nheten med information om f\u00f6retags r\u00f6rlighet och de fr\u00e5gor som r\u00f6r den.<\/li>\n<li>  EuRA har mer \u00e4n 350+ medlemmar.<\/li>\n<li>  EuRA:s medlemmar finns i mer \u00e4n 50 l\u00e4nder.<\/li>\n<\/ol>\n<p><strong>Profil fr\u00e5n European Relocation Association:<\/strong><\/p>\n<p>EuRA fyller ett antal funktioner f\u00f6r sina medlemmar, bland annat genom att erbjuda utbildning och r\u00e5dgivning samt st\u00f6d till yrkesverksamma inom omlokalisering. F\u00f6reningen bedriver ocks\u00e5 lobbyverksamhet f\u00f6r medlemmarnas r\u00e4kning och driver p\u00e5 f\u00f6r f\u00f6r\u00e4ndringar och utveckling som kan hj\u00e4lpa flyttningsbranschen att v\u00e4xa. <\/p>\n<p>Det \u00e4r ocks\u00e5 en informationsk\u00e4lla som regelbundet publicerar b\u00e5de externt och internt, och det har ocks\u00e5 inr\u00e4ttat sig som en tankesmedja f\u00f6r framtida planering och utveckling av industrin. <\/p>\n<p>Att tillhandah\u00e5lla riktm\u00e4rken f\u00f6r b\u00e4sta praxis \u00e4r ett av EuRA:s viktigaste m\u00e5l och det \u00e4r s\u00e5 som EuRA Quality Global Seal har utvecklats, ett ackrediteringsprogram f\u00f6r dem som arbetar med flyttverksamhet. <\/p>\n<p>Quality Global Seal \u00e4r ett revisionssystem som \u00e4r utformat f\u00f6r att s\u00e4kerst\u00e4lla att de som b\u00e4r det uppfyller vissa standarder f\u00f6r tillhandah\u00e5llande av tj\u00e4nster och processhantering. Det \u00e4r \u00f6ppet f\u00f6r fullv\u00e4rdiga, associerade och v\u00e4rldsomsp\u00e4nnande EuRA-medlemmar. <\/p>\n<p>EuRA lanserades ursprungligen som ett svar p\u00e5 den \u00f6kande efterfr\u00e5gan p\u00e5 ett gr\u00e4ns\u00f6verskridande branschorgan i Europa och har nu en enorm r\u00e4ckvidd.<\/p>\n<p><strong>Kriterier f\u00f6r medlemskap <\/strong><\/p>\n<p><u>Fullv\u00e4rdigt medlemskap<\/u><\/p>\n<p>Fullst\u00e4ndigt medlemskap i European Relocation Association \u00e4r \u00f6ppet f\u00f6r f\u00f6retag vars kommersiella verksamhet \u00e4r relaterad till, och vars inkomster h\u00e4rr\u00f6r fr\u00e5n, privatpersoner eller juridiska personer f\u00f6r tillhandah\u00e5llande av flyttj\u00e4nster.<\/p>\n<p>Ett flyttf\u00f6retag anses vara en organisation som erbjuder en rad tj\u00e4nster som syftar till att underl\u00e4tta r\u00f6rligheten f\u00f6r enskilda personer eller grupper av enskilda personer och deras familjer. S\u00e5dana tj\u00e4nster kan tillhandah\u00e5llas i avrese- eller destinationsomr\u00e5det eller i b\u00e5da omr\u00e5dena.<\/p>\n<p>Kriterier:<\/p>\n<ul>\n<li> Att ha handlat som en <a href=\"https:\/\/moverdb.com\/sv\/relocation-agents\/\" data-internallinksmanager029f6b8e52c=\"1\" title=\"7 anledningar till varf\u00f6r du b\u00f6r anv\u00e4nda en flyttfirma?\">Flyttningsagent<\/a> i minst tv\u00e5 \u00e5r, och ett bevis p\u00e5 att f\u00f6retaget \u00e4r registrerat m\u00e5ste l\u00e4mnas in.<\/li>\n<li> Att fylla i ett fr\u00e5geformul\u00e4r med namn och adress till tre kunder som man har utf\u00f6rt arbete \u00e5t under de senaste 12 m\u00e5naderna. Dessa kunder kommer att kontaktas av EuRA f\u00f6r att f\u00e5 referenser.<\/li>\n<li> Att tillhandah\u00e5lla kopior av allt tryckt material och all annan information som kan vara till hj\u00e4lp f\u00f6r medlemskommitt\u00e9n n\u00e4r den behandlar din ans\u00f6kan.<\/li>\n<li> F\u00f6r att styrka att du\/det egna f\u00f6retaget \u00e4r tillr\u00e4ckligt f\u00f6rs\u00e4krad (i ditt hemland).<\/li>\n<li> Ange kortfattad information om karri\u00e4rerna f\u00f6r alla direkt\u00f6rer eller del\u00e4gare i f\u00f6retaget.<\/li>\n<li> Att vara tillg\u00e4nglig f\u00f6r intervju (i ditt hemland).<\/li>\n<\/ul>\n<p><u>Associerat medlemskap<\/u><\/p>\n<p>Associerat medlemskap i European Relocation Association \u00e4r \u00f6ppet f\u00f6r f\u00f6retag som har varit verksamma i mindre \u00e4n tv\u00e5 \u00e5r. Associerat medlemskap i European Relocation Association g\u00e4ller f\u00f6r dem som inte uppfyller kraven f\u00f6r fullv\u00e4rdigt medlemskap och \u00e4r \u00f6ppet f\u00f6r f\u00f6retag vars aff\u00e4rsverksamhet \u00e4r relaterad till och vars inkomster h\u00e4rr\u00f6r fr\u00e5n privatpersoner eller juridiska personer f\u00f6r tillhandah\u00e5llande av flyttj\u00e4nster.<\/p>\n<p>Kriterier:<\/p>\n<ul>\n<li> Att bedriva eller ha f\u00f6r avsikt att bedriva verksamhet som flyttningsagent. V\u00e4nligen underteckna den bifogade kopian och skicka tillbaka den tillsammans med din ans\u00f6kan.<\/li>\n<li> Att fylla i ett fr\u00e5geformul\u00e4r med namn och adress till tv\u00e5 referenspersoner (antingen befintliga fullv\u00e4rdiga medlemmar i EuRA, SNPRM, ARA, ABRA eller lokalt erk\u00e4nda yrkesverksamma eller en kombination av dessa) d\u00e4r s\u00e5 anges.<\/li>\n<li> Att tillhandah\u00e5lla kopior av allt tryckt material och all annan information som kan vara till hj\u00e4lp f\u00f6r medlemskommitt\u00e9n n\u00e4r den behandlar din ans\u00f6kan.<\/li>\n<li> F\u00f6r att styrka att du\/det egna f\u00f6retaget \u00e4r tillr\u00e4ckligt f\u00f6rs\u00e4krad (i ditt hemland).<\/li>\n<li> Att ge en kortfattad information om karri\u00e4rerna f\u00f6r alla direkt\u00f6rer eller del\u00e4gare i f\u00f6retaget.<\/li>\n<\/ul>\n<p><u>Medlemskap som affilierad medlem<\/u><\/p>\n<p>Affiliate-medlemskap i EuRA \u00e4r \u00f6ppet f\u00f6r f\u00f6retag vars kommersiella verksamhet \u00e4r kopplad till och anv\u00e4nds av leverant\u00f6rer av flyttj\u00e4nster.<\/p>\n<p>Kriterier:<\/p>\n<ul>\n<li> Att bli nominerad som affilierad medlem av en fullv\u00e4rdig medlem i European Relocation Association.<\/li>\n<li> Om en s\u00f6kande inte k\u00e4nner n\u00e5gon medlem i f\u00f6reningen kan han eller hon \u00e4nd\u00e5 ans\u00f6ka om medlemskap. I detta fall ska du l\u00e4mna namn och adress till tv\u00e5 referenspersoner. Ans\u00f6kan kommer sedan att behandlas av f\u00f6reningens r\u00e5d.<\/li>\n<\/ul>\n<p><u>Medlemskap \u00f6ver hela v\u00e4rlden<\/u><\/p>\n<p>V\u00e4rldsomfattande medlemskap i EuRA \u00e4r \u00f6ppet f\u00f6r f\u00f6retag som tillhandah\u00e5ller flyttj\u00e4nster i alla omr\u00e5den utanf\u00f6r Kontinentaleuropa.<\/p>\n<p>Medlemskap i European Relocation Association \u00e4r \u00f6ppet f\u00f6r f\u00f6retag vars kommersiella verksamhet \u00e4r relaterad till och vars inkomster kommer fr\u00e5n privatpersoner eller f\u00f6retag f\u00f6r tillhandah\u00e5llande av flyttj\u00e4nster.<\/p>\n<p>Ett flyttf\u00f6retag anses vara en organisation som erbjuder en rad tj\u00e4nster som syftar till att underl\u00e4tta r\u00f6rligheten f\u00f6r enskilda personer eller grupper av enskilda personer och deras familjer. S\u00e5dana tj\u00e4nster kan tillhandah\u00e5llas i avrese- eller destinationsomr\u00e5det eller i b\u00e5da omr\u00e5dena.<\/p>\n<p>Kriterier:<\/p>\n<ul>\n<li> F\u00f6r att ha bedrivit handel i minst tv\u00e5 \u00e5r m\u00e5ste bevis p\u00e5 att du har fullgjort ett uppdrag l\u00e4mnas in, dvs. bevis p\u00e5 registrering.<\/li>\n<li> Att fylla i ett fr\u00e5geformul\u00e4r med namn och adress till tv\u00e5 referenspersoner (kunder f\u00f6r vilka arbete har utf\u00f6rts under de senaste 12 m\u00e5naderna) och en EuRA-medlem. Dessa referenspersoner kommer att kontaktas av EuRA.<\/li>\n<li> Att tillhandah\u00e5lla kopior av allt tryckt material och all annan information som kan vara till hj\u00e4lp f\u00f6r medlemskommitt\u00e9n n\u00e4r den behandlar din ans\u00f6kan.<\/li>\n<li> F\u00f6r att styrka att du\/det egna f\u00f6retaget \u00e4r tillr\u00e4ckligt f\u00f6rs\u00e4krad (i ditt hemland).<\/li>\n<li> Ange kortfattad information om karri\u00e4rerna f\u00f6r alla direkt\u00f6rer eller del\u00e4gare i f\u00f6retaget.<\/li>\n<li> Att vara tillg\u00e4nglig f\u00f6r intervju (i ditt hemland).<\/li>\n<\/ul>\n<p><strong>Exempel p\u00e5 medlemsf\u00f6retag<\/strong><\/p>\n<ul>\n<li> <a href=\"https:\/\/moverdb.com\/sv\/santa-fe-relocation\/\">Flyttj\u00e4nster i Santa Fe<\/a> <\/li>\n<li> <a href=\"https:\/\/moverdb.com\/sv\/luftar\/\">Aires<\/a><\/li>\n<li> <a href=\"https:\/\/moverdb.com\/sv\/sterling-relocation\/\">Sterling flyttning<\/a><\/li>\n<li> <a href=\"https:\/\/moverdb.com\/sv\/robinsons\/\">Robinsons flyttning<\/a><\/li>\n<li> <a href=\"https:\/\/moverdb.com\/sv\/dt-rorlig\/\">DT Moving<\/a><\/li>\n<li> <a href=\"https:\/\/moverdb.com\/sv\/bournes\/\">Bournes<\/a><\/li>\n<li> <a href=\"https:\/\/moverdb.com\/sv\/btr-international\/\">BTR International<\/a><\/li>\n<li> <a href=\"https:\/\/moverdb.com\/sv\/packimpex\/\">Packimpex<\/a><\/li>\n<\/ul>\n<p><strong>\u00c5sikter om EuRA<\/strong><\/p>\n<p>EuRA n\u00e4mns p\u00e5 en rad olika f\u00f6retags webbplatser (t.ex. flyttfirmor och servicel\u00e4genheter) och ofta i samband med att man visar hur f\u00f6retaget kan bidra med ytterligare f\u00f6rdelar till flyttprocessen. <\/p>\n<p>F\u00f6reningens globala r\u00e4ckvidd \u00e4r n\u00e5got som ofta lyfts fram, liksom det faktum att den har varit med och fastst\u00e4llt kvalitetsstandarder f\u00f6r branschen. N\u00e4r den n\u00e4mns p\u00e5 webbplatser beskrivs den som ett \"branschorgan\" med en utbildningsdel och en uppf\u00f6randekod som alla medlemmar m\u00e5ste f\u00f6lja.<\/p>\n<blockquote><p>EURA \u00e4r en utm\u00e4rkt partner f\u00f6r att hj\u00e4lpa oss att n\u00e5 v\u00e5rt m\u00e5l att utbilda marknaden och visa hur servicel\u00e4genheter kan ge verkliga f\u00f6rdelar i flyttprocessen.<\/p><\/blockquote>\n<p>- <a href=\"http:\/\/www.chevalresidences.com\/partners-eura.html\" target=\"_blank\" rel=\"noopener\">Cheval Residences<\/a><\/p>\n<blockquote><p>\nEuRA:s roll och grundl\u00e4ggande m\u00e5l \u00e4r bland annat att f\u00f6rb\u00e4ttra och uppr\u00e4tth\u00e5lla kvalitetsstandarder f\u00f6r branschen, fr\u00e4mja branschen och m\u00f6jligg\u00f6ra fortl\u00f6pande yrkesutbildning bland medlemmarna. Allt detta kommer att gynna den mobila arbetstagaren och dennes familj, och n\u00e4r detta sker kommer vi som grupp att gynnas.<\/p><\/blockquote>\n<p>- <a href=\"http:\/\/www.globalbusinessnews.net\/\" target=\"_blank\" rel=\"noopener\">Globala aff\u00e4rsnyheter<\/a><\/p>\n<blockquote><p>\nEuRA \u00e4r ett branschorgan f\u00f6r yrkesverksamma inom flyttbranschen i b\u00e5de Europa och v\u00e4rlden \u00f6ver. Leverant\u00f6rer av flyttj\u00e4nster m\u00e5ste f\u00f6lja EuRA:s uppf\u00f6randeregler. <\/p><\/blockquote>\n<p>-  <a href=\"http:\/\/info.bournesmoves.com\/relocation-solutions\/blog\/relocation-moves\/bournes-removals-uk-join-eura\" target=\"_blank\" rel=\"noopener\">Bournes omval<\/a><\/p>\n<p><strong>Webbplats:<\/strong> <a href=\"http:\/\/www.eura-relocation.com\/\" target=\"_blank\" rel=\"noopener\">http:\/\/www.eura-relocation.com\/<\/a><\/p>","protected":false},"excerpt":{"rendered":"<p>The European Relocation Association (EuRA) promotes the benefits of professionally managed relocation and mobility services to companies with globally mobile employees. Its aims include establishing itself as the premier relocation organisation in Europe and setting benchmarks for innovation and best practice. Key facts about EuRA: EuRA members include Relocation Service Providers, as well as those [&hellip;]<\/p>\n","protected":false},"author":1,"featured_media":0,"parent":0,"menu_order":0,"comment_status":"closed","ping_status":"closed","template":"","meta":{"_genesis_hide_title":false,"_genesis_hide_breadcrumbs":false,"_genesis_hide_singular_image":false,"_genesis_hide_footer_widgets":false,"_genesis_custom_body_class":"","_genesis_custom_post_class":"","_genesis_layout":"","footnotes":""},"class_list":{"0":"post-444","1":"page","2":"type-page","3":"status-publish","5":"entry"},"_links":{"self":[{"href":"https:\/\/moverdb.com\/sv\/wp-json\/wp\/v2\/pages\/444","targetHints":{"allow":["GET"]}}],"collection":[{"href":"https:\/\/moverdb.com\/sv\/wp-json\/wp\/v2\/pages"}],"about":[{"href":"https:\/\/moverdb.com\/sv\/wp-json\/wp\/v2\/types\/page"}],"author":[{"embeddable":true,"href":"https:\/\/moverdb.com\/sv\/wp-json\/wp\/v2\/users\/1"}],"replies":[{"embeddable":true,"href":"https:\/\/moverdb.com\/sv\/wp-json\/wp\/v2\/comments?post=444"}],"version-history":[{"count":17,"href":"https:\/\/moverdb.com\/sv\/wp-json\/wp\/v2\/pages\/444\/revisions"}],"predecessor-version":[{"id":6204,"href":"https:\/\/moverdb.com\/sv\/wp-json\/wp\/v2\/pages\/444\/revisions\/6204"}],"wp:attachment":[{"href":"https:\/\/moverdb.com\/sv\/wp-json\/wp\/v2\/media?parent=444"}],"curies":[{"name":"wp","href":"https:\/\/api.w.org\/{rel}","templated":true}]}}