{"id":443,"date":"2016-06-18T21:12:56","date_gmt":"2016-06-18T21:12:56","guid":{"rendered":"http:\/\/moverdb.com\/?page_id=443"},"modified":"2026-01-08T13:18:29","modified_gmt":"2026-01-08T13:18:29","slug":"harmony-relocation-network","status":"publish","type":"page","link":"https:\/\/moverdb.com\/sv\/harmony-relocation-network\/","title":{"rendered":"F\u00f6rklaring av Harmony Relocation Network (HRN)"},"content":{"rendered":"<p>Harmony Relocation Network (HRN) \u00e4r en grupp partnerf\u00f6retag som skapades f\u00f6r att bygga upp ett paneuropeiskt n\u00e4tverk f\u00f6r global omlokalisering. Integrationen av infrastruktur, teknik, kvalitet och h\u00e5llbarhet \u00e4r utformad f\u00f6r att ge en tj\u00e4nst av konstant h\u00f6g kvalitet.<\/p>\n<p><strong>Viktiga fakta om HRH:<\/strong><\/p>\n<ol>\n<li>  Medlemmarna best\u00e5r av 140 medlemmar i 60 l\u00e4nder.<\/li>\n<li>  HRN betj\u00e4nar 180 l\u00e4nder p\u00e5 sex kontinenter.<\/li>\n<li>  HRN startades 1992 och de 140 medlemmarna \u00e4r alla del\u00e4gare i f\u00f6retaget.<\/li>\n<li>  HRN grundades av tyska och nederl\u00e4ndska f\u00f6retag innan det expanderade till <a href=\"https:\/\/moverdb.com\/sv\/moving-to-australia\/living-in-australia\/\" data-internallinksmanager029f6b8e52c=\"240\" title=\"21 hemligheter om att bo i Australien som du b\u00f6r k\u00e4nna till innan du flyttar\">Australien<\/a> och Asien och d\u00e4refter Mellan\u00f6stern, Latinamerika och Afrika.<\/li>\n<li>  Mellan 2002 och 2015 var HRN en del av UniGroup Worldwide UTS med en <a href=\"https:\/\/moverdb.com\/sv\/moving-to-the-united-states\/\" data-internallinksmanager029f6b8e52c=\"94\" title=\"Flyttar du till USA? 2026 Levnadskostnader och flyttningstips\">USA<\/a> Van Line.<\/li>\n<li>  HRN \u00e4r det st\u00f6rsta globala n\u00e4tverket av flyttfirmor med gemensamt varum\u00e4rke.<\/li>\n<\/ol>\n<p><strong>Harmony Relocation Network profil:<\/strong><\/p>\n<p>Id\u00e9n bakom HRN \u00e4r att kombinera det b\u00e4sta av det lokala arvet med en global skala och erbjuda f\u00f6retag och privatpersoner en flytttj\u00e4nst som k\u00e4nns lokal men som har global r\u00e4ckvidd. <\/p>\n<p>De tj\u00e4nster som erbjuds \u00e4r bland annat flyttledningstj\u00e4nster, flyttverksamhet och destinationstj\u00e4nster. HRN har utvecklat sitt eget n\u00e4tverks webbaserade IT-system som \u00e4r utformat f\u00f6r att h\u00e5lla kunderna informerade och se till att processen \u00e4r s\u00e5 omfattande och enhetlig som m\u00f6jligt - det omfattar rapportering och sp\u00e5rning. <\/p>\n<p>Integrationen av ekonomisk, milj\u00f6m\u00e4ssig och social h\u00e5llbarhet \u00e4r viktig f\u00f6r HRN, som anger detta som en av sina grundpelare f\u00f6r att balansera m\u00e4nniskor, teknik och milj\u00f6.<\/p>\n<p><strong>Kriterier f\u00f6r medlemskap <\/strong><\/p>\n<p>Det finns inga kriterier f\u00f6r medlemskap p\u00e5 webbplatsen - det finns bara en kontaktsida.<\/p>\n<p><strong>Exempel p\u00e5 medlemsf\u00f6retag<\/strong><\/p>\n<ul>\n<li> <a href=\"https:\/\/moverdb.com\/sv\/bournes\/\">Bournes<\/a><\/li>\n<li> <a href=\"https:\/\/moverdb.com\/sv\/cadogan-tate\/\">Cadogan Tate<\/a><\/li>\n<li> <a href=\"https:\/\/moverdb.com\/sv\/gerson-relocation\/\">Gerson flyttning<\/a><\/li>\n<li> <a href=\"https:\/\/moverdb.com\/sv\/pearson\/\">Pearson Home Moving<\/a><\/li>\n<\/ul>\n<p><strong>\u00c5sikter om HRN<\/strong><\/p>\n<p>HRN finns med p\u00e5 ett stort antal webbplatser f\u00f6r flyttare d\u00e4r det n\u00e4mns som en organisation med f\u00f6ljande egenskaper <em>\"Ett nytt namn men bepr\u00f6vad erfarenhet.\"<\/em> Starka familjev\u00e4rderingar och ett globalt samarbete \u00e4r alltid en sj\u00e4lvklarhet. <\/p>\n<p>Den allm\u00e4nna uppfattningen tycks vara att om kunden flyttar till ett flyttf\u00f6retag som ing\u00e5r i HRN f\u00e5r han eller hon tillg\u00e5ng till hela n\u00e4tverkets f\u00f6rdelar. Det p\u00e5pekas att medlemmarna m\u00e5ste h\u00e5lla sig till ett globalt avtal om serviceniv\u00e5er och att resultatet av detta \u00e4r konsekvens. <em>\"\u00c4ven om seder och bruk och kultur kan variera fr\u00e5n land till land, \u00e4r den h\u00f6ga kvaliteten p\u00e5 den service du kan f\u00f6rv\u00e4nta dig det inte. \u00d6ver hela v\u00e4rlden - samma f\u00f6rfaranden, service och h\u00f6g kvalitet.\"<\/em> <\/p>\n<p>Dessutom fokuserar flera av dem som n\u00e4mner medlemskapet p\u00e5 sina webbplatser p\u00e5 n\u00e4tverkets storlek och att det \u00e4r ett av de st\u00f6rsta i sitt slag i v\u00e4rlden.<\/p>\n<blockquote><p>Harmony \u00e4r ett globalt n\u00e4tverk av lokalt \u00e4gda flyttfirmor som uppr\u00e4tth\u00e5ller starka familjev\u00e4rden genom generationer av arv.<\/p><\/blockquote>\n<p>- <a href=\"http:\/\/www.abels.co.uk\/harmony-relocation-network\/\" target=\"_blank\" rel=\"noopener\">Abels<\/a><\/p>\n<blockquote><p>Harmony kombinerar det b\u00e4sta av lokala arv med en global skala, och g\u00f6r allt vi kan f\u00f6r att h\u00e5lla v\u00e5ra l\u00f6ften. Vi tar verkligen betydelsen av m\u00e4nniskor och det lokala till hj\u00e4rtat.<\/p><\/blockquote>\n<p>- <a href=\"https:\/\/theresforum.com\/partners\/harmony\/\" target=\"_blank\" rel=\"noopener\">RES-forum<\/a><\/p>\n<blockquote><p>N\u00e4tverket erbjuder ett brett utbud av tj\u00e4nster f\u00f6re uppdrag, transport och destination f\u00f6r att hj\u00e4lpa privatpersoner eller HR-chefer och uppdragstagare att guida dem genom hela resan, fr\u00e5n b\u00f6rjan till slut.<\/p><\/blockquote>\n<p>- <a href=\"http:\/\/bournesmoves.com\/relocation\/harmony-relocation-network.htm\" target=\"_blank\" rel=\"noopener\">Bournes<\/a> <\/p>\n<p><a href=\"http:\/\/www.harmonyrelo.com\/\" target=\"_blank\" rel=\"noopener\">http:\/\/www.harmonyrelo.com\/<\/a><\/p>","protected":false},"excerpt":{"rendered":"<p>The Harmony Relocation Network (HRN) is a group of partner companies that was created to build a pan-European network for global relocation. Integration of infrastructure, technology, quality and sustainability is designed to produce a consistently high quality service. Key facts about HRH: The membership is made up of 140 members in 60 countries. The HRN [&hellip;]<\/p>\n","protected":false},"author":1,"featured_media":0,"parent":0,"menu_order":0,"comment_status":"closed","ping_status":"closed","template":"","meta":{"_genesis_hide_title":false,"_genesis_hide_breadcrumbs":false,"_genesis_hide_singular_image":false,"_genesis_hide_footer_widgets":false,"_genesis_custom_body_class":"","_genesis_custom_post_class":"","_genesis_layout":"","footnotes":""},"class_list":{"0":"post-443","1":"page","2":"type-page","3":"status-publish","5":"entry"},"_links":{"self":[{"href":"https:\/\/moverdb.com\/sv\/wp-json\/wp\/v2\/pages\/443","targetHints":{"allow":["GET"]}}],"collection":[{"href":"https:\/\/moverdb.com\/sv\/wp-json\/wp\/v2\/pages"}],"about":[{"href":"https:\/\/moverdb.com\/sv\/wp-json\/wp\/v2\/types\/page"}],"author":[{"embeddable":true,"href":"https:\/\/moverdb.com\/sv\/wp-json\/wp\/v2\/users\/1"}],"replies":[{"embeddable":true,"href":"https:\/\/moverdb.com\/sv\/wp-json\/wp\/v2\/comments?post=443"}],"version-history":[{"count":6,"href":"https:\/\/moverdb.com\/sv\/wp-json\/wp\/v2\/pages\/443\/revisions"}],"predecessor-version":[{"id":6219,"href":"https:\/\/moverdb.com\/sv\/wp-json\/wp\/v2\/pages\/443\/revisions\/6219"}],"wp:attachment":[{"href":"https:\/\/moverdb.com\/sv\/wp-json\/wp\/v2\/media?parent=443"}],"curies":[{"name":"wp","href":"https:\/\/api.w.org\/{rel}","templated":true}]}}